{"id":7245,"date":"2024-12-11T09:32:19","date_gmt":"2024-12-11T08:32:19","guid":{"rendered":"https:\/\/semmelweis.hu\/csot\/?page_id=7245"},"modified":"2024-12-11T09:59:24","modified_gmt":"2024-12-11T08:59:24","slug":"affektiv-temperamentumok","status":"publish","type":"page","link":"https:\/\/semmelweis.hu\/csot\/affektiv-temperamentumok\/","title":{"rendered":"Affekt\u00edv temperamentumok"},"content":{"rendered":"<p><span data-contrast=\"auto\">Az egyes temperamentumok jellemz\u0151 saj\u00e1toss\u00e1gainak meghat\u00e1roz\u00e1s\u00e1n\u00e1l teh\u00e1t az \u00e9rzelmi reaktivit\u00e1s (p\u00e9ld\u00e1ul depresszi\u00f3s, labilis, ingerl\u00e9keny, boldog), kognit\u00edv (peszszimista vagy optimista), pszichomotoros (kev\u00e9s vagy sok energia) \u00e9s cirkadi\u00e1n (legjellemz\u0151bben az alv\u00e1s) jellemz\u0151k mellett hangs\u00falyt fektettek az evol\u00faci\u00f3s szem<\/span><span data-contrast=\"auto\">pontb\u00f3l adapt\u00edv von\u00e1sokra is.<\/span><span data-ccp-props=\"{}\">\u00a0<\/span><\/p>\n<p>A depressz\u00edv temperamentum\u00fa ember szab\u00e1lyk\u00f6vet\u0151, a napi rutinhoz ragaszkodik, f\u00e9l\u00e9nk \u00e9s visszah\u00faz\u00f3d\u00f3, emiatt \u00e9rz\u00e9kenyek a kritik\u00e1ra, hajlamosak az \u00f6nv\u00e1dl\u00e1sra. Sz\u00edvesebben dolgozik beosztottk\u00e9nt, mint f\u0151n\u00f6kk\u00e9nt. <br \/>\n<span data-contrast=\"auto\">Ugyanakkor \u00f6nfel\u00e1ldoz\u00f3, \u00e9s \u00e9rz\u00e9keny az emberi szenved\u00e9sre. <\/span>Evol\u00faci\u00f3s szempontb\u00f3l n\u0151kn\u00e9l a h\u00e1zast\u00e1rsi k\u00f6t\u0151d\u00e9s, f\u00e9rfiakn\u00e1l pedig a munkaorient\u00e1ci\u00f3 emelhet\u0151 ki pozit\u00edv jellemz\u0151k\u00e9nt.\u00a0<\/p>\n<p>A ciklotim temperamentum\u00fa ember romantikus, kreat\u00edv m\u0171v\u00e9szl\u00e9lek. J\u00f3 az \u00e9rz\u00e9kel\u00e9se, intenz\u00edvek az \u00e9rzelmeik, de labilisak. \u00d6n\u00e9rt\u00e9kel\u00e9se, szocializ\u00e1ci\u00f3ja, energi\u00e1ja nem stabil, egyszerre tehets\u00e9ges \u00e9s dilett\u00e1ns. Mindennapjaikat meghat\u00e1rozz\u00e1k a gyors hangulatv\u00e1ltoz\u00e1sok (szomork\u00e1s hangulatb\u00f3l impulz\u00edvba csapnak \u00e1t). Ez az egy temperamentum, amely fiatal korban a legjellemz\u0151bb, \u00e9s az \u00e9letkor el\u0151rehaladt\u00e1val el\u0151fordul\u00e1sa cs\u00f6kken.<\/p>\n<p>A hipert\u00edm temperamentumra jellemz\u0151 a legt\u00f6bb pozit\u00edv von\u00e1s: t\u00e1rsas\u00e1gszeret\u0151, tr\u00e9fakedvel\u0151 \u00e9s optimista. Magabiztos, kev\u00e9s az alv\u00e1sig\u00e9nye. Sz\u00edvesen dolgoznak f\u0151n\u00f6kk\u00e9nt, mert c\u00e9ltudatosak. Gyakran mer\u00e9szek, kock\u00e1zat v\u00e1llal\u00f3k. K\u00f6nnyen \u00e9s j\u00f3l adapt\u00e1l\u00f3dnak a munkahelyi stresszorokhoz, bele\u00e9rtve az ember-ember k\u00f6z\u00f6tti stresszhelyzeteket is, hiszen a kiv\u00e1l\u00f3s\u00e1g vez\u00e9rli \u0151ket.<br \/>\nHajlamosak azonban tolakod\u00f3v\u00e1 v\u00e1lni.<\/p>\n<p>Az ingerl\u00e9keny temperamentumr\u00f3l akkor besz\u00e9l\u00fcnk, amikor a depressz\u00edv \u00e9s a hipert\u00edm von\u00e1sok egy id\u0151ben jelentkeznek. Az ilyen ember szkeptikus \u00e9s kritikus. Gyakran panaszkodik \u00e9s el\u00e9gedetlen, hajlamos a d\u00fchre \u00e9s az er\u0151szakra, szexu\u00e1lisan f\u00e9lt\u00e9keny. Bels\u0151 fesz\u00fclts\u00e9g\u00e9t j\u00f3 ir\u00e1nyban is levezetheti, ilyenkor energikus, probl\u00e9mamegold\u00f3. Az igazs\u00e1gtalans\u00e1gokra \u00e9rz\u00e9keny, ellene fell\u00e9p. A helyes megold\u00e1sokat k\u00f6nnyen megl\u00e1tja.<\/p>\n<p>A szorong\u00f3 temperamentum\u00fa egy\u00e9nek gyakran f\u00e9lnek a szerencs\u00e9tlens\u00e9gekt\u0151l. Sokszor alaptalanul agg\u00f3dnak olyan dolgokon, aminek a megold\u00e1s\u00e1ra szem\u00e9ly szerint nincsen behat\u00e1suk, lehet\u0151s\u00e9g\u00fck. Mindennapjaikat meghat\u00e1rozza a relax\u00e1ci\u00f3ra val\u00f3 k\u00e9ptelens\u00e9g \u00e9s a fokozott \u00e9bers\u00e9g. A szorong\u00f3 temperamentum evol\u00faci\u00f3s szinten az ut\u00f3dok fennmarad\u00e1s\u00e1t szolg\u00e1lja, a szorong\u00f3 temperamentum\u00fa egy\u00e9nek \u00e1ltal\u00e1ban gondos sz\u00fcl\u0151k.<\/p>\n<p><span data-ccp-props=\"{}\">\u00a0<\/span><\/p>\n","protected":false},"excerpt":{"rendered":"<p>Az egyes temperamentumok jellemz\u0151 saj\u00e1toss\u00e1gainak meghat\u00e1roz\u00e1s\u00e1n\u00e1l teh\u00e1t az \u00e9rzelmi reaktivit\u00e1s (p\u00e9ld\u00e1ul depresszi\u00f3s, labilis, ingerl\u00e9keny, boldog), kognit\u00edv (peszszimista vagy optimista), pszichomotoros (kev\u00e9s vagy sok energia) \u00e9s cirkadi\u00e1n (legjellemz\u0151bben az alv\u00e1s) jellemz\u0151k mellett hangs\u00falyt fektettek az evol\u00faci\u00f3s szempontb\u00f3l adapt\u00edv von\u00e1sokra is.\u00a0 A depressz\u00edv temperamentum\u00fa ember szab\u00e1lyk\u00f6vet\u0151, a napi rutinhoz ragaszkodik, f\u00e9l\u00e9nk \u00e9s visszah\u00faz\u00f3d\u00f3, emiatt \u00e9rz\u00e9kenyek a kritik\u00e1ra, &hellip;<\/p>\n","protected":false},"author":101661,"featured_media":0,"parent":0,"menu_order":0,"comment_status":"closed","ping_status":"closed","template":"","meta":{"_acf_changed":false,"footnotes":""},"categories":[],"tags":[],"class_list":["post-7245","page","type-page","status-publish","hentry"],"acf":[],"publishpress_future_action":{"enabled":false,"date":"1970-01-01 01:00:00","action":"","terms":[],"taxonomy":"","browser_timezone_offset":0},"_links":{"self":[{"href":"https:\/\/semmelweis.hu\/csot\/wp-json\/wp\/v2\/pages\/7245","targetHints":{"allow":["GET"]}}],"collection":[{"href":"https:\/\/semmelweis.hu\/csot\/wp-json\/wp\/v2\/pages"}],"about":[{"href":"https:\/\/semmelweis.hu\/csot\/wp-json\/wp\/v2\/types\/page"}],"author":[{"embeddable":true,"href":"https:\/\/semmelweis.hu\/csot\/wp-json\/wp\/v2\/users\/101661"}],"replies":[{"embeddable":true,"href":"https:\/\/semmelweis.hu\/csot\/wp-json\/wp\/v2\/comments?post=7245"}],"version-history":[{"count":3,"href":"https:\/\/semmelweis.hu\/csot\/wp-json\/wp\/v2\/pages\/7245\/revisions"}],"predecessor-version":[{"id":7248,"href":"https:\/\/semmelweis.hu\/csot\/wp-json\/wp\/v2\/pages\/7245\/revisions\/7248"}],"wp:attachment":[{"href":"https:\/\/semmelweis.hu\/csot\/wp-json\/wp\/v2\/media?parent=7245"}],"wp:term":[{"taxonomy":"category","embeddable":true,"href":"https:\/\/semmelweis.hu\/csot\/wp-json\/wp\/v2\/categories?post=7245"},{"taxonomy":"post_tag","embeddable":true,"href":"https:\/\/semmelweis.hu\/csot\/wp-json\/wp\/v2\/tags?post=7245"}],"curies":[{"name":"wp","href":"https:\/\/api.w.org\/{rel}","templated":true}]}}