{"id":7207,"date":"2024-11-25T11:48:56","date_gmt":"2024-11-25T10:48:56","guid":{"rendered":"https:\/\/semmelweis.hu\/csot\/?page_id=7207"},"modified":"2024-11-25T11:59:24","modified_gmt":"2024-11-25T10:59:24","slug":"nyilt-nap","status":"publish","type":"page","link":"https:\/\/semmelweis.hu\/csot\/nyilt-nap\/","title":{"rendered":"Ny\u00edlt nap"},"content":{"rendered":"<p>Let\u00f6lthet\u0151 diasor:<\/p>\n<p><a href=\"https:\/\/semmelweis.hu\/csot\/files\/2024\/11\/Nyiltnap2024.pdf\">Ny\u00edlt nap 2024<\/a><\/p>\n","protected":false},"excerpt":{"rendered":"<p>Let\u00f6lthet\u0151 diasor:<br \/>\n<a href=\"https:\/\/semmelweis.hu\/csot\/files\/2024\/11\/Nyiltnap2024.pdf\">Ny\u00edlt nap 2024<\/a><\/p>\n","protected":false},"author":101661,"featured_media":0,"parent":0,"menu_order":0,"comment_status":"closed","ping_status":"closed","template":"","meta":{"_acf_changed":false,"footnotes":""},"categories":[],"tags":[],"class_list":["post-7207","page","type-page","status-publish","hentry"],"acf":[],"publishpress_future_action":{"enabled":false,"date":"1970-01-01 01:00:00","action":"","terms":[],"taxonomy":"","browser_timezone_offset":0},"_links":{"self":[{"href":"https:\/\/semmelweis.hu\/csot\/wp-json\/wp\/v2\/pages\/7207","targetHints":{"allow":["GET"]}}],"collection":[{"href":"https:\/\/semmelweis.hu\/csot\/wp-json\/wp\/v2\/pages"}],"about":[{"href":"https:\/\/semmelweis.hu\/csot\/wp-json\/wp\/v2\/types\/page"}],"author":[{"embeddable":true,"href":"https:\/\/semmelweis.hu\/csot\/wp-json\/wp\/v2\/users\/101661"}],"replies":[{"embeddable":true,"href":"https:\/\/semmelweis.hu\/csot\/wp-json\/wp\/v2\/comments?post=7207"}],"version-history":[{"count":6,"href":"https:\/\/semmelweis.hu\/csot\/wp-json\/wp\/v2\/pages\/7207\/revisions"}],"predecessor-version":[{"id":7214,"href":"https:\/\/semmelweis.hu\/csot\/wp-json\/wp\/v2\/pages\/7207\/revisions\/7214"}],"wp:attachment":[{"href":"https:\/\/semmelweis.hu\/csot\/wp-json\/wp\/v2\/media?parent=7207"}],"wp:term":[{"taxonomy":"category","embeddable":true,"href":"https:\/\/semmelweis.hu\/csot\/wp-json\/wp\/v2\/categories?post=7207"},{"taxonomy":"post_tag","embeddable":true,"href":"https:\/\/semmelweis.hu\/csot\/wp-json\/wp\/v2\/tags?post=7207"}],"curies":[{"name":"wp","href":"https:\/\/api.w.org\/{rel}","templated":true}]}}