{"id":7167,"date":"2024-11-10T13:47:56","date_gmt":"2024-11-10T12:47:56","guid":{"rendered":"https:\/\/semmelweis.hu\/csot\/?page_id=7167"},"modified":"2024-12-13T17:25:55","modified_gmt":"2024-12-13T16:25:55","slug":"temps-mammografia","status":"publish","type":"page","link":"https:\/\/semmelweis.hu\/csot\/temps-mammografia\/","title":{"rendered":"TEMPS-A k\u00e9rd\u0151\u00edv, mammogr\u00e1fia &#8211; \u00f6szt\u00f6nz\u0151k \u00e9s neh\u00e9zs\u00e9gek felm\u00e9r\u00e9s"},"content":{"rendered":"<p>Kedves P\u00e1ciens\u00fcnk!<\/p>\n<p>Bod\u00f3 Elizabet vagyok, a Semmelweis Egyetem \u00c1ltal\u00e1nos Orvostudom\u00e1nyi Kar hallgat\u00f3ja. Seg\u00edts\u00e9g\u00e9t szeretn\u00e9m k\u00e9rni, a szakdolgozatomhoz kapcsol\u00f3d\u00f3 kutat\u00e1somhoz.<\/p>\n<p>Ez a kutat\u00e1s a kor\u00e1bban az \u00f6n \u00e1ltal m\u00e1r kit\u00f6lt\u00f6tt mammogr\u00e1fi\u00e1s sz\u0171r\u00e9ssel kapcsolatos vizsg\u00e1lat folytat\u00e1sa. A kor\u00e1bbi v\u00e1laszait ez\u00faton is k\u00f6sz\u00f6nj\u00fck.<\/p>\n<p>A kutat\u00e1s folytat\u00e1s\u00e1nak c\u00e9lja annak vizsg\u00e1lata, hogy egyes szem\u00e9lyis\u00e9gt\u00edpusok eset\u00e9n elt\u00e9r\u0151 neh\u00e9zs\u00e9geket, motiv\u00e1ci\u00f3kat tapasztalnak-e a p\u00e1ciensek.<\/p>\n<p>El\u0151re is k\u00f6sz\u00f6nj\u00fck az egy\u00fcttm\u0171k\u00f6d\u00e9s\u00e9t!<\/p>\n<p>Amennyiben k\u00edv\u00e1ncsi az eredm\u00e9nyeire, adja meg email c\u00edm\u00e9t, \u00e9s elk\u00fcldj\u00fck \u00f6nnek, hogy milyen t\u00edpus\u00fa szem\u00e9lyis\u00e9g (nem k\u00f6telez\u0151).<\/p>\n<p>Az adatv\u00e9delmi t\u00e1j\u00e9koztat\u00f3t itt <a href=\"https:\/\/semmelweis.hu\/csot\/kutatas\/tudomanyos-kutatas-adatvedelmi-tajekoztato\/\">olvashat\u00f3<\/a>.<\/p>\n<p>Bod\u00f3 Elizabet, orvostanhallgat\u00f3<\/p>\n<p>Dr. V\u00f6r\u00f6s Kriszti\u00e1n, h\u00e1ziorvos<\/p>\n<style>\n.wpcf7-form {<span style=\"width: 0px;overflow: hidden;line-height: 0\" data-mce-type=\"bookmark\" class=\"mce_SELRES_start\">\ufeff<\/span>\nmax-width:100% !important;\n}\n<\/style>\n\n<div class=\"wpcf7 no-js\" id=\"wpcf7-f7166-o1\" lang=\"hu-HU\" dir=\"ltr\" data-wpcf7-id=\"7166\">\n<div class=\"screen-reader-response\"><p role=\"status\" aria-live=\"polite\" aria-atomic=\"true\"><\/p> <ul><\/ul><\/div>\n<form action=\"\/csot\/wp-json\/wp\/v2\/pages\/7167#wpcf7-f7166-o1\" method=\"post\" class=\"wpcf7-form init\" aria-label=\"Kapcsolatfelv\u00e9teli \u0171rlap\" novalidate=\"novalidate\" data-status=\"init\">\n<div style=\"display: none;\">\n<input type=\"hidden\" name=\"_wpcf7\" value=\"7166\" \/>\n<input type=\"hidden\" name=\"_wpcf7_version\" value=\"6.0.5\" \/>\n<input type=\"hidden\" name=\"_wpcf7_locale\" value=\"hu_HU\" \/>\n<input type=\"hidden\" name=\"_wpcf7_unit_tag\" value=\"wpcf7-f7166-o1\" \/>\n<input type=\"hidden\" name=\"_wpcf7_container_post\" value=\"0\" \/>\n<input type=\"hidden\" name=\"_wpcf7_posted_data_hash\" value=\"\" \/>\n<input type=\"hidden\" name=\"_wpcf7_recaptcha_response\" value=\"\" \/>\n<\/div>\n<input class=\"wpcf7-form-control wpcf7-hidden\" value=\"\" type=\"hidden\" name=\"pr\" \/>\n<p>K\u00e9rem k\u00fcldj\u00e9k meg szem\u00e9lyis\u00e9gt\u00edpusom eredm\u00e9ny\u00e9t az email c\u00edmemre (nem k\u00f6telez\u0151 megadni, csak ha \u00e9rdekli): <span class=\"wpcf7-form-control-wrap\" data-name=\"email\"><input size=\"40\" maxlength=\"400\" class=\"wpcf7-form-control wpcf7-email wpcf7-text wpcf7-validates-as-email\" aria-invalid=\"false\" value=\"\" type=\"email\" name=\"email\" \/><\/span>\n<\/p>\n<p>1. Szomor\u00fa, boldogtalan ember vagyok. <span class=\"wpcf7-form-control-wrap\" data-name=\"szomoru\"><span class=\"wpcf7-form-control wpcf7-radio\"><span class=\"wpcf7-list-item first\"><input type=\"radio\" name=\"szomoru\" value=\"Igen\" \/><span class=\"wpcf7-list-item-label\">Igen<\/span><\/span><span class=\"wpcf7-list-item last\"><input type=\"radio\" name=\"szomoru\" value=\"Nem\" \/><span class=\"wpcf7-list-item-label\">Nem<\/span><\/span><\/span><\/span><br \/>\n2. M\u00e1sok szerint k\u00e9ptelen vagyok a dolgok pozit\u00edv oldal\u00e1t l\u00e1tni. <span class=\"wpcf7-form-control-wrap\" data-name=\"keptelen_pozitiv\"><span class=\"wpcf7-form-control wpcf7-radio\"><span class=\"wpcf7-list-item first\"><input type=\"radio\" name=\"keptelen_pozitiv\" value=\"Igen\" \/><span class=\"wpcf7-list-item-label\">Igen<\/span><\/span><span class=\"wpcf7-list-item last\"><input type=\"radio\" name=\"keptelen_pozitiv\" value=\"Nem\" \/><span class=\"wpcf7-list-item-label\">Nem<\/span><\/span><\/span><\/span><br \/>\n3. \u00dagy \u00e9rzem, sokszor fordulnak rosszra a dolgok. <span class=\"wpcf7-form-control-wrap\" data-name=\"rosszra_fordulnak\"><span class=\"wpcf7-form-control wpcf7-radio\"><span class=\"wpcf7-list-item first\"><input type=\"radio\" name=\"rosszra_fordulnak\" value=\"Igen\" \/><span class=\"wpcf7-list-item-label\">Igen<\/span><\/span><span class=\"wpcf7-list-item last\"><input type=\"radio\" name=\"rosszra_fordulnak\" value=\"Nem\" \/><span class=\"wpcf7-list-item-label\">Nem<\/span><\/span><\/span><\/span><br \/>\n4. K\u00f6nnyen feladom. <span class=\"wpcf7-form-control-wrap\" data-name=\"konnyen_feladom\"><span class=\"wpcf7-form-control wpcf7-radio\"><span class=\"wpcf7-list-item first\"><input type=\"radio\" name=\"konnyen_feladom\" value=\"Igen\" \/><span class=\"wpcf7-list-item-label\">Igen<\/span><\/span><span class=\"wpcf7-list-item last\"><input type=\"radio\" name=\"konnyen_feladom\" value=\"Nem\" \/><span class=\"wpcf7-list-item-label\">Nem<\/span><\/span><\/span><\/span><br \/>\n5. Mi\u00f3ta az eszemet tudom, mindig elhib\u00e1zottnak tartottam az \u00e9letemet. <span class=\"wpcf7-form-control-wrap\" data-name=\"elhibazott_elet\"><span class=\"wpcf7-form-control wpcf7-radio\"><span class=\"wpcf7-list-item first\"><input type=\"radio\" name=\"elhibazott_elet\" value=\"Igen\" \/><span class=\"wpcf7-list-item-label\">Igen<\/span><\/span><span class=\"wpcf7-list-item last\"><input type=\"radio\" name=\"elhibazott_elet\" value=\"Nem\" \/><span class=\"wpcf7-list-item-label\">Nem<\/span><\/span><\/span><\/span><br \/>\n6. \u00dagy t\u0171nik, nincs annyi energi\u00e1m, mint m\u00e1soknak. <span class=\"wpcf7-form-control-wrap\" data-name=\"nincsannyi_energiam\"><span class=\"wpcf7-form-control wpcf7-radio\"><span class=\"wpcf7-list-item first\"><input type=\"radio\" name=\"nincsannyi_energiam\" value=\"Igen\" \/><span class=\"wpcf7-list-item-label\">Igen<\/span><\/span><span class=\"wpcf7-list-item last\"><input type=\"radio\" name=\"nincsannyi_energiam\" value=\"Nem\" \/><span class=\"wpcf7-list-item-label\">Nem<\/span><\/span><\/span><\/span><br \/>\n7. Gyakran hajtok fejet m\u00e1sok akarata el\u0151tt. <span class=\"wpcf7-form-control-wrap\" data-name=\"fejet_hajtok\"><span class=\"wpcf7-form-control wpcf7-radio\"><span class=\"wpcf7-list-item first\"><input type=\"radio\" name=\"fejet_hajtok\" value=\"Igen\" \/><span class=\"wpcf7-list-item-label\">Igen<\/span><\/span><span class=\"wpcf7-list-item last\"><input type=\"radio\" name=\"fejet_hajtok\" value=\"Nem\" \/><span class=\"wpcf7-list-item-label\">Nem<\/span><\/span><\/span><\/span><br \/>\n8. Szorgalmas ember vagyok. <span class=\"wpcf7-form-control-wrap\" data-name=\"szorgalmas\"><span class=\"wpcf7-form-control wpcf7-radio\"><span class=\"wpcf7-list-item first\"><input type=\"radio\" name=\"szorgalmas\" value=\"Igen\" \/><span class=\"wpcf7-list-item-label\">Igen<\/span><\/span><span class=\"wpcf7-list-item last\"><input type=\"radio\" name=\"szorgalmas\" value=\"Nem\" \/><span class=\"wpcf7-list-item-label\">Nem<\/span><\/span><\/span><\/span><br \/>\n9. Ink\u00e1bb beosztottk\u00e9nt dolgozom, minthogy f\u0151n\u00f6k legyek. <span class=\"wpcf7-form-control-wrap\" data-name=\"beosztott\"><span class=\"wpcf7-form-control wpcf7-radio\"><span class=\"wpcf7-list-item first\"><input type=\"radio\" name=\"beosztott\" value=\"Igen\" \/><span class=\"wpcf7-list-item-label\">Igen<\/span><\/span><span class=\"wpcf7-list-item last\"><input type=\"radio\" name=\"beosztott\" value=\"Nem\" \/><span class=\"wpcf7-list-item-label\">Nem<\/span><\/span><\/span><\/span><br \/>\n10. Hangulatom \u00e9s aktivit\u00e1som hirtelen szokott v\u00e1ltozni. <span class=\"wpcf7-form-control-wrap\" data-name=\"hangulat_aktivitas_valtozo\"><span class=\"wpcf7-form-control wpcf7-radio\"><span class=\"wpcf7-list-item first\"><input type=\"radio\" name=\"hangulat_aktivitas_valtozo\" value=\"Igen\" \/><span class=\"wpcf7-list-item-label\">Igen<\/span><\/span><span class=\"wpcf7-list-item last\"><input type=\"radio\" name=\"hangulat_aktivitas_valtozo\" value=\"Nem\" \/><span class=\"wpcf7-list-item-label\">Nem<\/span><\/span><\/span><\/span><br \/>\n11. Hol \u00fagy \u00e9rzem, hogy gyorsan v\u00e1g az eszem, hol meg azt, hogy teljesen tompa vagyok. <span class=\"wpcf7-form-control-wrap\" data-name=\"eles_tompa\"><span class=\"wpcf7-form-control wpcf7-radio\"><span class=\"wpcf7-list-item first\"><input type=\"radio\" name=\"eles_tompa\" value=\"Igen\" \/><span class=\"wpcf7-list-item-label\">Igen<\/span><\/span><span class=\"wpcf7-list-item last\"><input type=\"radio\" name=\"eles_tompa\" value=\"Nem\" \/><span class=\"wpcf7-list-item-label\">Nem<\/span><\/span><\/span><\/span><br \/>\n12. El\u0151fordul, hogy valakit nagyon megszeretek, de azt\u00e1n gyorsan elvesztem az \u00e9rdekl\u0151d\u00e9sem ir\u00e1nta. <span class=\"wpcf7-form-control-wrap\" data-name=\"gyorsan_megszeret\"><span class=\"wpcf7-form-control wpcf7-radio\"><span class=\"wpcf7-list-item first\"><input type=\"radio\" name=\"gyorsan_megszeret\" value=\"Igen\" \/><span class=\"wpcf7-list-item-label\">Igen<\/span><\/span><span class=\"wpcf7-list-item last\"><input type=\"radio\" name=\"gyorsan_megszeret\" value=\"Nem\" \/><span class=\"wpcf7-list-item-label\">Nem<\/span><\/span><\/span><\/span><br \/>\n13. Gyakran el\u0151fordul, hogy belev\u00e1gok valamibe, azt\u00e1n megunom, miel\u0151tt befejezn\u00e9m. <span class=\"wpcf7-form-control-wrap\" data-name=\"belevag_megun\"><span class=\"wpcf7-form-control wpcf7-radio\"><span class=\"wpcf7-list-item first\"><input type=\"radio\" name=\"belevag_megun\" value=\"Igen\" \/><span class=\"wpcf7-list-item-label\">Igen<\/span><\/span><span class=\"wpcf7-list-item last\"><input type=\"radio\" name=\"belevag_megun\" value=\"Nem\" \/><span class=\"wpcf7-list-item-label\">Nem<\/span><\/span><\/span><\/span><br \/>\n14. Hangulatom minden ok n\u00e9lk\u00fcl gyakran v\u00e1ltozik. <span class=\"wpcf7-form-control-wrap\" data-name=\"hangulatom_valtozik\"><span class=\"wpcf7-form-control wpcf7-radio\"><span class=\"wpcf7-list-item first\"><input type=\"radio\" name=\"hangulatom_valtozik\" value=\"Igen\" \/><span class=\"wpcf7-list-item-label\">Igen<\/span><\/span><span class=\"wpcf7-list-item last\"><input type=\"radio\" name=\"hangulatom_valtozik\" value=\"Nem\" \/><span class=\"wpcf7-list-item-label\">Nem<\/span><\/span><\/span><\/span><br \/>\n15. \u00c1lland\u00f3an ingadozom az \u00e9l\u00e9nks\u00e9g \u00e9s a meglassults\u00e1g k\u00f6z\u00f6tt. <span class=\"wpcf7-form-control-wrap\" data-name=\"elenk_meglassult\"><span class=\"wpcf7-form-control wpcf7-radio\"><span class=\"wpcf7-list-item first\"><input type=\"radio\" name=\"elenk_meglassult\" value=\"Igen\" \/><span class=\"wpcf7-list-item-label\">Igen<\/span><\/span><span class=\"wpcf7-list-item last\"><input type=\"radio\" name=\"elenk_meglassult\" value=\"Nem\" \/><span class=\"wpcf7-list-item-label\">Nem<\/span><\/span><\/span><\/span><br \/>\n16. M\u00e1sok szerint gyakran v\u00e1lok pesszimist\u00e1v\u00e1, megfeledkezve a kor\u00e1bbi j\u00f3 id\u0151szakokr\u00f3l. <span class=\"wpcf7-form-control-wrap\" data-name=\"pesszimista\"><span class=\"wpcf7-form-control wpcf7-radio\"><span class=\"wpcf7-list-item first\"><input type=\"radio\" name=\"pesszimista\" value=\"Igen\" \/><span class=\"wpcf7-list-item-label\">Igen<\/span><\/span><span class=\"wpcf7-list-item last\"><input type=\"radio\" name=\"pesszimista\" value=\"Nem\" \/><span class=\"wpcf7-list-item-label\">Nem<\/span><\/span><\/span><\/span><br \/>\n17. Hol t\u00fal magabiztos vagyok, hol teljesen elvesztem az \u00f6nbizalmam. <span class=\"wpcf7-form-control-wrap\" data-name=\"magabiztossag\"><span class=\"wpcf7-form-control wpcf7-radio\"><span class=\"wpcf7-list-item first\"><input type=\"radio\" name=\"magabiztossag\" value=\"Igen\" \/><span class=\"wpcf7-list-item-label\">Igen<\/span><\/span><span class=\"wpcf7-list-item last\"><input type=\"radio\" name=\"magabiztossag\" value=\"Nem\" \/><span class=\"wpcf7-list-item-label\">Nem<\/span><\/span><\/span><\/span><br \/>\n18. Egyszer felszabadultan viselkedem t\u00e1rsas\u00e1gban, m\u00e1skor visszah\u00faz\u00f3d\u00f3v\u00e1 v\u00e1lok. <span class=\"wpcf7-form-control-wrap\" data-name=\"felszabadult_visszahuzodo\"><span class=\"wpcf7-form-control wpcf7-radio\"><span class=\"wpcf7-list-item first\"><input type=\"radio\" name=\"felszabadult_visszahuzodo\" value=\"Igen\" \/><span class=\"wpcf7-list-item-label\">Igen<\/span><\/span><span class=\"wpcf7-list-item last\"><input type=\"radio\" name=\"felszabadult_visszahuzodo\" value=\"Nem\" \/><span class=\"wpcf7-list-item-label\">Nem<\/span><\/span><\/span><\/span><br \/>\n19. Egyszer \u00e9lettelinek, m\u00e1skor \u00e9lettelennek l\u00e1tom a dolgokat. <span class=\"wpcf7-form-control-wrap\" data-name=\"eletteli_elettelen\"><span class=\"wpcf7-form-control wpcf7-radio\"><span class=\"wpcf7-list-item first\"><input type=\"radio\" name=\"eletteli_elettelen\" value=\"Igen\" \/><span class=\"wpcf7-list-item-label\">Igen<\/span><\/span><span class=\"wpcf7-list-item last\"><input type=\"radio\" name=\"eletteli_elettelen\" value=\"Nem\" \/><span class=\"wpcf7-list-item-label\">Nem<\/span><\/span><\/span><\/span><br \/>\n20. \u00c1ltal\u00e1ban bizakod\u00f3 \u00e9s vid\u00e1m vagyok. <span class=\"wpcf7-form-control-wrap\" data-name=\"bizakodo\"><span class=\"wpcf7-form-control wpcf7-radio\"><span class=\"wpcf7-list-item first\"><input type=\"radio\" name=\"bizakodo\" value=\"Igen\" \/><span class=\"wpcf7-list-item-label\">Igen<\/span><\/span><span class=\"wpcf7-list-item last\"><input type=\"radio\" name=\"bizakodo\" value=\"Nem\" \/><span class=\"wpcf7-list-item-label\">Nem<\/span><\/span><\/span><\/span><br \/>\n21. Az \u00e9let \u00e9lvezetes \u00e9s \u00e9n minden j\u00f3 dologban benne vagyok. <span class=\"wpcf7-form-control-wrap\" data-name=\"elet_elvezetes\"><span class=\"wpcf7-form-control wpcf7-radio\"><span class=\"wpcf7-list-item first\"><input type=\"radio\" name=\"elet_elvezetes\" value=\"Igen\" \/><span class=\"wpcf7-list-item-label\">Igen<\/span><\/span><span class=\"wpcf7-list-item last\"><input type=\"radio\" name=\"elet_elvezetes\" value=\"Nem\" \/><span class=\"wpcf7-list-item-label\">Nem<\/span><\/span><\/span><\/span><br \/>\n22. Olyan ember vagyok, aki hisz abban, hogy v\u00e9g\u00fcl minden j\u00f3ra fordul. <span class=\"wpcf7-form-control-wrap\" data-name=\"vegul_mindenjo\"><span class=\"wpcf7-form-control wpcf7-radio\"><span class=\"wpcf7-list-item first\"><input type=\"radio\" name=\"vegul_mindenjo\" value=\"Igen\" \/><span class=\"wpcf7-list-item-label\">Igen<\/span><\/span><span class=\"wpcf7-list-item last\"><input type=\"radio\" name=\"vegul_mindenjo\" value=\"Nem\" \/><span class=\"wpcf7-list-item-label\">Nem<\/span><\/span><\/span><\/span><br \/>\n23. Mindig akt\u00edv vagyok. <span class=\"wpcf7-form-control-wrap\" data-name=\"aktiv\"><span class=\"wpcf7-form-control wpcf7-radio\"><span class=\"wpcf7-list-item first\"><input type=\"radio\" name=\"aktiv\" value=\"Igen\" \/><span class=\"wpcf7-list-item-label\">Igen<\/span><\/span><span class=\"wpcf7-list-item last\"><input type=\"radio\" name=\"aktiv\" value=\"Nem\" \/><span class=\"wpcf7-list-item-label\">Nem<\/span><\/span><\/span><\/span><br \/>\n24. Sok feladatot el tudok l\u00e1tni an\u00e9lk\u00fcl, hogy elf\u00e1radn\u00e9k. <span class=\"wpcf7-form-control-wrap\" data-name=\"anelkul_elfaradna\"><span class=\"wpcf7-form-control wpcf7-radio\"><span class=\"wpcf7-list-item first\"><input type=\"radio\" name=\"anelkul_elfaradna\" value=\"Igen\" \/><span class=\"wpcf7-list-item-label\">Igen<\/span><\/span><span class=\"wpcf7-list-item last\"><input type=\"radio\" name=\"anelkul_elfaradna\" value=\"Nem\" \/><span class=\"wpcf7-list-item-label\">Nem<\/span><\/span><\/span><\/span><br \/>\n25. Ha egyszer elhat\u00e1rozom, hogy v\u00e9ghez viszek valamit, semmi nem \u00e1ll\u00edthat meg. <span class=\"wpcf7-form-control-wrap\" data-name=\"semmisem_allithatmeg\"><span class=\"wpcf7-form-control wpcf7-radio\"><span class=\"wpcf7-list-item first\"><input type=\"radio\" name=\"semmisem_allithatmeg\" value=\"Igen\" \/><span class=\"wpcf7-list-item-label\">Igen<\/span><\/span><span class=\"wpcf7-list-item last\"><input type=\"radio\" name=\"semmisem_allithatmeg\" value=\"Nem\" \/><span class=\"wpcf7-list-item-label\">Nem<\/span><\/span><\/span><\/span><br \/>\n26. Olyan ember vagyok, aki szereti, ha \u0151 a f\u0151n\u00f6k. <span class=\"wpcf7-form-control-wrap\" data-name=\"fonok\"><span class=\"wpcf7-form-control wpcf7-radio\"><span class=\"wpcf7-list-item first\"><input type=\"radio\" name=\"fonok\" value=\"Igen\" \/><span class=\"wpcf7-list-item-label\">Igen<\/span><\/span><span class=\"wpcf7-list-item last\"><input type=\"radio\" name=\"fonok\" value=\"Nem\" \/><span class=\"wpcf7-list-item-label\">Nem<\/span><\/span><\/span><\/span><br \/>\n27. Heves vit\u00e1ba tudok keveredni azzal, akivel valamiben nem \u00e9rtek egyet. <span class=\"wpcf7-form-control-wrap\" data-name=\"heves_vita\"><span class=\"wpcf7-form-control wpcf7-radio\"><span class=\"wpcf7-list-item first\"><input type=\"radio\" name=\"heves_vita\" value=\"Igen\" \/><span class=\"wpcf7-list-item-label\">Igen<\/span><\/span><span class=\"wpcf7-list-item last\"><input type=\"radio\" name=\"heves_vita\" value=\"Nem\" \/><span class=\"wpcf7-list-item-label\">Nem<\/span><\/span><\/span><\/span><br \/>\n28. Term\u00e9szetemn\u00e9l fogva el\u00e9gedetlen ember vagyok. <span class=\"wpcf7-form-control-wrap\" data-name=\"elegedetlen\"><span class=\"wpcf7-form-control wpcf7-radio\"><span class=\"wpcf7-list-item first\"><input type=\"radio\" name=\"elegedetlen\" value=\"Igen\" \/><span class=\"wpcf7-list-item-label\">Igen<\/span><\/span><span class=\"wpcf7-list-item last\"><input type=\"radio\" name=\"elegedetlen\" value=\"Nem\" \/><span class=\"wpcf7-list-item-label\">Nem<\/span><\/span><\/span><\/span><br \/>\n29. Sokat panaszkodom. <span class=\"wpcf7-form-control-wrap\" data-name=\"panaszkodo\"><span class=\"wpcf7-form-control wpcf7-radio\"><span class=\"wpcf7-list-item first\"><input type=\"radio\" name=\"panaszkodo\" value=\"Igen\" \/><span class=\"wpcf7-list-item-label\">Igen<\/span><\/span><span class=\"wpcf7-list-item last\"><input type=\"radio\" name=\"panaszkodo\" value=\"Nem\" \/><span class=\"wpcf7-list-item-label\">Nem<\/span><\/span><\/span><\/span><br \/>\n30. Igencsak kritikus vagyok m\u00e1sokkal szemben. <span class=\"wpcf7-form-control-wrap\" data-name=\"kritikus\"><span class=\"wpcf7-form-control wpcf7-radio\"><span class=\"wpcf7-list-item first\"><input type=\"radio\" name=\"kritikus\" value=\"Igen\" \/><span class=\"wpcf7-list-item-label\">Igen<\/span><\/span><span class=\"wpcf7-list-item last\"><input type=\"radio\" name=\"kritikus\" value=\"Nem\" \/><span class=\"wpcf7-list-item-label\">Nem<\/span><\/span><\/span><\/span><br \/>\n31. Gyakran fesz\u00fclt vagyok. <span class=\"wpcf7-form-control-wrap\" data-name=\"feszult\"><span class=\"wpcf7-form-control wpcf7-radio\"><span class=\"wpcf7-list-item first\"><input type=\"radio\" name=\"feszult\" value=\"Igen\" \/><span class=\"wpcf7-list-item-label\">Igen<\/span><\/span><span class=\"wpcf7-list-item last\"><input type=\"radio\" name=\"feszult\" value=\"Nem\" \/><span class=\"wpcf7-list-item-label\">Nem<\/span><\/span><\/span><\/span><br \/>\n32. Gyakran az ellen fordulok, aki az utamba \u00e1ll. <span class=\"wpcf7-form-control-wrap\" data-name=\"utamba_all\"><span class=\"wpcf7-form-control wpcf7-radio\"><span class=\"wpcf7-list-item first\"><input type=\"radio\" name=\"utamba_all\" value=\"Igen\" \/><span class=\"wpcf7-list-item-label\">Igen<\/span><\/span><span class=\"wpcf7-list-item last\"><input type=\"radio\" name=\"utamba_all\" value=\"Nem\" \/><span class=\"wpcf7-list-item-label\">Nem<\/span><\/span><\/span><\/span><br \/>\n33. Azt mondj\u00e1k, nagyon lobban\u00e9kony vagyok. <span class=\"wpcf7-form-control-wrap\" data-name=\"lobbanekony\"><span class=\"wpcf7-form-control wpcf7-radio\"><span class=\"wpcf7-list-item first\"><input type=\"radio\" name=\"lobbanekony\" value=\"Igen\" \/><span class=\"wpcf7-list-item-label\">Igen<\/span><\/span><span class=\"wpcf7-list-item last\"><input type=\"radio\" name=\"lobbanekony\" value=\"Nem\" \/><span class=\"wpcf7-list-item-label\">Nem<\/span><\/span><\/span><\/span><br \/>\n34. N\u00e9ha nagyon meg tudok s\u00e9rteni m\u00e1sokat. <span class=\"wpcf7-form-control-wrap\" data-name=\"serto\"><span class=\"wpcf7-form-control wpcf7-radio\"><span class=\"wpcf7-list-item first\"><input type=\"radio\" name=\"serto\" value=\"Igen\" \/><span class=\"wpcf7-list-item-label\">Igen<\/span><\/span><span class=\"wpcf7-list-item last\"><input type=\"radio\" name=\"serto\" value=\"Nem\" \/><span class=\"wpcf7-list-item-label\">Nem<\/span><\/span><\/span><\/span><br \/>\n35. Ak\u00e1r forradalm\u00e1r is lehetn\u00e9k. <span class=\"wpcf7-form-control-wrap\" data-name=\"forradlamar\"><span class=\"wpcf7-form-control wpcf7-radio\"><span class=\"wpcf7-list-item first\"><input type=\"radio\" name=\"forradlamar\" value=\"Igen\" \/><span class=\"wpcf7-list-item-label\">Igen<\/span><\/span><span class=\"wpcf7-list-item last\"><input type=\"radio\" name=\"forradlamar\" value=\"Nem\" \/><span class=\"wpcf7-list-item-label\">Nem<\/span><\/span><\/span><\/span><br \/>\n36. Gyakran \u00e9rzem \u00fagy, hogy mindent elfelejtek. <span class=\"wpcf7-form-control-wrap\" data-name=\"feledekeny\"><span class=\"wpcf7-form-control wpcf7-radio\"><span class=\"wpcf7-list-item first\"><input type=\"radio\" name=\"feledekeny\" value=\"Igen\" \/><span class=\"wpcf7-list-item-label\">Igen<\/span><\/span><span class=\"wpcf7-list-item last\"><input type=\"radio\" name=\"feledekeny\" value=\"Nem\" \/><span class=\"wpcf7-list-item-label\">Nem<\/span><\/span><\/span><\/span><br \/>\n37. K\u00e9ptelen vagyok laz\u00edtani. <span class=\"wpcf7-form-control-wrap\" data-name=\"keptelen_lazitani\"><span class=\"wpcf7-form-control wpcf7-radio\"><span class=\"wpcf7-list-item first\"><input type=\"radio\" name=\"keptelen_lazitani\" value=\"Igen\" \/><span class=\"wpcf7-list-item-label\">Igen<\/span><\/span><span class=\"wpcf7-list-item last\"><input type=\"radio\" name=\"keptelen_lazitani\" value=\"Nem\" \/><span class=\"wpcf7-list-item-label\">Nem<\/span><\/span><\/span><\/span><br \/>\n38. Ha valaki k\u00e9s\u0151bb \u00e9r haza, att\u00f3l tartok, hogy balesetet szenvedett. <span class=\"wpcf7-form-control-wrap\" data-name=\"baleset\"><span class=\"wpcf7-form-control wpcf7-radio\"><span class=\"wpcf7-list-item first\"><input type=\"radio\" name=\"baleset\" value=\"Igen\" \/><span class=\"wpcf7-list-item-label\">Igen<\/span><\/span><span class=\"wpcf7-list-item last\"><input type=\"radio\" name=\"baleset\" value=\"Nem\" \/><span class=\"wpcf7-list-item-label\">Nem<\/span><\/span><\/span><\/span><br \/>\n39. Gyakran szorongok amiatt, hogy esetleg a csal\u00e1dtagjaim k\u00f6z\u00fcl valaki s\u00falyosan megbetegszik. <span class=\"wpcf7-form-control-wrap\" data-name=\"megbetegedes\"><span class=\"wpcf7-form-control wpcf7-radio\"><span class=\"wpcf7-list-item first\"><input type=\"radio\" name=\"megbetegedes\" value=\"Igen\" \/><span class=\"wpcf7-list-item-label\">Igen<\/span><\/span><span class=\"wpcf7-list-item last\"><input type=\"radio\" name=\"megbetegedes\" value=\"Nem\" \/><span class=\"wpcf7-list-item-label\">Nem<\/span><\/span><\/span><\/span><br \/>\n40. Gyakran gondolok arra, hogy valaki rossz h\u00edreket hozhat a csal\u00e1dtagjaimr\u00f3l. <span class=\"wpcf7-form-control-wrap\" data-name=\"rossz_hir\"><span class=\"wpcf7-form-control wpcf7-radio\"><span class=\"wpcf7-list-item first\"><input type=\"radio\" name=\"rossz_hir\" value=\"Igen\" \/><span class=\"wpcf7-list-item-label\">Igen<\/span><\/span><span class=\"wpcf7-list-item last\"><input type=\"radio\" name=\"rossz_hir\" value=\"Nem\" \/><span class=\"wpcf7-list-item-label\">Nem<\/span><\/span><\/span><\/span>\n<\/p>\n<p><input class=\"wpcf7-form-control wpcf7-submit has-spinner\" type=\"submit\" value=\"Bek\u00fcld\u00e9s\" \/>\n<\/p><div class=\"wpcf7-response-output\" aria-hidden=\"true\"><\/div>\n<\/form>\n<\/div>\n\n","protected":false},"excerpt":{"rendered":"<p>Kedves P\u00e1ciens\u00fcnk! Bod\u00f3 Elizabet vagyok, a Semmelweis Egyetem \u00c1ltal\u00e1nos Orvostudom\u00e1nyi Kar hallgat\u00f3ja. Seg\u00edts\u00e9g\u00e9t szeretn\u00e9m k\u00e9rni, a szakdolgozatomhoz kapcsol\u00f3d\u00f3 kutat\u00e1somhoz. Ez a kutat\u00e1s a kor\u00e1bban az \u00f6n \u00e1ltal m\u00e1r kit\u00f6lt\u00f6tt mammogr\u00e1fi\u00e1s sz\u0171r\u00e9ssel kapcsolatos vizsg\u00e1lat folytat\u00e1sa. A kor\u00e1bbi v\u00e1laszait ez\u00faton is k\u00f6sz\u00f6nj\u00fck. A kutat\u00e1s folytat\u00e1s\u00e1nak c\u00e9lja annak vizsg\u00e1lata, hogy egyes szem\u00e9lyis\u00e9gt\u00edpusok eset\u00e9n elt\u00e9r\u0151 neh\u00e9zs\u00e9geket, motiv\u00e1ci\u00f3kat tapasztalnak-e a &hellip;<\/p>\n","protected":false},"author":101661,"featured_media":0,"parent":0,"menu_order":0,"comment_status":"closed","ping_status":"closed","template":"","meta":{"_acf_changed":false,"footnotes":""},"categories":[],"tags":[],"class_list":["post-7167","page","type-page","status-publish","hentry"],"acf":[],"publishpress_future_action":{"enabled":false,"date":"1970-01-01 01:00:00","action":"","terms":[],"taxonomy":"","browser_timezone_offset":0},"_links":{"self":[{"href":"https:\/\/semmelweis.hu\/csot\/wp-json\/wp\/v2\/pages\/7167","targetHints":{"allow":["GET"]}}],"collection":[{"href":"https:\/\/semmelweis.hu\/csot\/wp-json\/wp\/v2\/pages"}],"about":[{"href":"https:\/\/semmelweis.hu\/csot\/wp-json\/wp\/v2\/types\/page"}],"author":[{"embeddable":true,"href":"https:\/\/semmelweis.hu\/csot\/wp-json\/wp\/v2\/users\/101661"}],"replies":[{"embeddable":true,"href":"https:\/\/semmelweis.hu\/csot\/wp-json\/wp\/v2\/comments?post=7167"}],"version-history":[{"count":10,"href":"https:\/\/semmelweis.hu\/csot\/wp-json\/wp\/v2\/pages\/7167\/revisions"}],"predecessor-version":[{"id":7268,"href":"https:\/\/semmelweis.hu\/csot\/wp-json\/wp\/v2\/pages\/7167\/revisions\/7268"}],"wp:attachment":[{"href":"https:\/\/semmelweis.hu\/csot\/wp-json\/wp\/v2\/media?parent=7167"}],"wp:term":[{"taxonomy":"category","embeddable":true,"href":"https:\/\/semmelweis.hu\/csot\/wp-json\/wp\/v2\/categories?post=7167"},{"taxonomy":"post_tag","embeddable":true,"href":"https:\/\/semmelweis.hu\/csot\/wp-json\/wp\/v2\/tags?post=7167"}],"curies":[{"name":"wp","href":"https:\/\/api.w.org\/{rel}","templated":true}]}}