{"id":7048,"date":"2024-09-24T11:53:07","date_gmt":"2024-09-24T09:53:07","guid":{"rendered":"https:\/\/semmelweis.hu\/csot\/?page_id=7048"},"modified":"2024-09-24T11:53:07","modified_gmt":"2024-09-24T09:53:07","slug":"egyeb","status":"publish","type":"page","link":"https:\/\/semmelweis.hu\/csot\/rezidenskepzes\/egyeb\/","title":{"rendered":"Egy\u00e9b"},"content":{"rendered":"<p>Posztgradu\u00e1lis k\u00e9pz\u00e9s, egy\u00e9b t\u00e9m\u00e1k<\/p>\n","protected":false},"excerpt":{"rendered":"<p>Posztgradu\u00e1lis k\u00e9pz\u00e9s, egy\u00e9b t\u00e9m\u00e1k<\/p>\n","protected":false},"author":101661,"featured_media":0,"parent":106,"menu_order":6,"comment_status":"closed","ping_status":"closed","template":"","meta":{"_acf_changed":false,"footnotes":""},"categories":[],"tags":[],"class_list":["post-7048","page","type-page","status-publish","hentry"],"acf":[],"publishpress_future_action":{"enabled":false,"date":"1970-01-01 01:00:00","action":"","terms":[],"taxonomy":"","browser_timezone_offset":0},"_links":{"self":[{"href":"https:\/\/semmelweis.hu\/csot\/wp-json\/wp\/v2\/pages\/7048","targetHints":{"allow":["GET"]}}],"collection":[{"href":"https:\/\/semmelweis.hu\/csot\/wp-json\/wp\/v2\/pages"}],"about":[{"href":"https:\/\/semmelweis.hu\/csot\/wp-json\/wp\/v2\/types\/page"}],"author":[{"embeddable":true,"href":"https:\/\/semmelweis.hu\/csot\/wp-json\/wp\/v2\/users\/101661"}],"replies":[{"embeddable":true,"href":"https:\/\/semmelweis.hu\/csot\/wp-json\/wp\/v2\/comments?post=7048"}],"version-history":[{"count":1,"href":"https:\/\/semmelweis.hu\/csot\/wp-json\/wp\/v2\/pages\/7048\/revisions"}],"predecessor-version":[{"id":7049,"href":"https:\/\/semmelweis.hu\/csot\/wp-json\/wp\/v2\/pages\/7048\/revisions\/7049"}],"up":[{"embeddable":true,"href":"https:\/\/semmelweis.hu\/csot\/wp-json\/wp\/v2\/pages\/106"}],"wp:attachment":[{"href":"https:\/\/semmelweis.hu\/csot\/wp-json\/wp\/v2\/media?parent=7048"}],"wp:term":[{"taxonomy":"category","embeddable":true,"href":"https:\/\/semmelweis.hu\/csot\/wp-json\/wp\/v2\/categories?post=7048"},{"taxonomy":"post_tag","embeddable":true,"href":"https:\/\/semmelweis.hu\/csot\/wp-json\/wp\/v2\/tags?post=7048"}],"curies":[{"name":"wp","href":"https:\/\/api.w.org\/{rel}","templated":true}]}}