{"id":6675,"date":"2023-12-12T14:54:12","date_gmt":"2023-12-12T13:54:12","guid":{"rendered":"https:\/\/semmelweis.hu\/csot\/?page_id=6675"},"modified":"2023-12-12T14:54:12","modified_gmt":"2023-12-12T13:54:12","slug":"vizsga","status":"publish","type":"page","link":"https:\/\/semmelweis.hu\/csot\/vizsga\/","title":{"rendered":"Vizsga"},"content":{"rendered":"<p>A t\u00e1rgy k\u00f6vetelm\u00e9nyrendszere meg fog \u00fajulni.<\/p>\n<p>Szeretn\u00e9nk felm\u00e9rni a hallgat\u00f3i v\u00e9lem\u00e9nyeket a vizsg\u00e1val kapcsolatban. K\u00e9rem, v\u00e1laszoljanak az al\u00e1bbi k\u00e9rd\u00e9sekre:<\/p>\n\n<div class=\"wpcf7 no-js\" id=\"wpcf7-f6676-o1\" lang=\"hu-HU\" dir=\"ltr\" data-wpcf7-id=\"6676\">\n<div class=\"screen-reader-response\"><p role=\"status\" aria-live=\"polite\" aria-atomic=\"true\"><\/p> <ul><\/ul><\/div>\n<form action=\"\/csot\/wp-json\/wp\/v2\/pages\/6675#wpcf7-f6676-o1\" method=\"post\" class=\"wpcf7-form init\" aria-label=\"Kapcsolatfelv\u00e9teli \u0171rlap\" novalidate=\"novalidate\" data-status=\"init\">\n<div style=\"display: none;\">\n<input type=\"hidden\" name=\"_wpcf7\" value=\"6676\" \/>\n<input type=\"hidden\" name=\"_wpcf7_version\" value=\"6.0.5\" \/>\n<input type=\"hidden\" name=\"_wpcf7_locale\" value=\"hu_HU\" \/>\n<input type=\"hidden\" name=\"_wpcf7_unit_tag\" value=\"wpcf7-f6676-o1\" \/>\n<input type=\"hidden\" name=\"_wpcf7_container_post\" value=\"0\" \/>\n<input type=\"hidden\" name=\"_wpcf7_posted_data_hash\" value=\"\" \/>\n<input type=\"hidden\" name=\"_wpcf7_recaptcha_response\" value=\"\" \/>\n<\/div>\n<p>Milyen t\u00edpus\u00fa vizsg\u00e1t szeretne?<br \/>\n<span class=\"wpcf7-form-control-wrap\" data-name=\"tipus\"><span class=\"wpcf7-form-control wpcf7-radio\"><span class=\"wpcf7-list-item first\"><label><input type=\"radio\" name=\"tipus\" value=\"Essz\u00e9\u00edr\u00e1s\" \/><span class=\"wpcf7-list-item-label\">Essz\u00e9\u00edr\u00e1s<\/span><\/label><\/span><span class=\"wpcf7-list-item\"><label><input type=\"radio\" name=\"tipus\" value=\"Tesztvizsga\" \/><span class=\"wpcf7-list-item-label\">Tesztvizsga<\/span><\/label><\/span><span class=\"wpcf7-list-item last\"><label><input type=\"radio\" name=\"tipus\" value=\"Mindegy \/ Nem \u00e9rdelel\" \/><span class=\"wpcf7-list-item-label\">Mindegy \/ Nem \u00e9rdelel<\/span><\/label><\/span><\/span><\/span>\n<\/p>\n<p>Megjegyz\u00e9s, \u00f6tlet, v\u00e9lem\u00e9ny a vizsg\u00e1val kapcsolatban<br \/>\n<span class=\"wpcf7-form-control-wrap\" data-name=\"megjegyzes\"><textarea cols=\"40\" rows=\"10\" maxlength=\"2000\" class=\"wpcf7-form-control wpcf7-textarea\" aria-invalid=\"false\" name=\"megjegyzes\"><\/textarea><\/span>\n<\/p>\n<table>\n\t<tr>\n\t\t<td colspan=\"2\">\n\t\t\t<p><strong>A1c \u00c9RT\u00c9KEK (pl: 2018.03.04. 6,9%)<\/strong>\n\t\t\t<\/p>\n\t\t<\/td>\n\t<\/tr>\n\t<tr>\n\t\t<td width=\"35%\">\n\t\t\t<p><span class=\"wpcf7-form-control-wrap\" data-name=\"A1C1\"><input class=\"wpcf7-form-control wpcf7-date wpcf7-validates-as-date\" aria-invalid=\"false\" value=\"\" type=\"date\" name=\"A1C1\" \/><\/span>\n\t\t\t<\/p>\n\t\t<\/td>\n\t\t<td width=\"65%\">\n\t\t\t<p><span class=\"wpcf7-form-control-wrap\" data-name=\"A1C11\"><input size=\"40\" maxlength=\"400\" class=\"wpcf7-form-control wpcf7-text\" aria-invalid=\"false\" value=\"\" type=\"text\" name=\"A1C11\" \/><\/span>\n\t\t\t<\/p>\n\t\t<\/td>\n\t<\/tr>\n<\/table>\n<p><input class=\"wpcf7-form-control wpcf7-submit has-spinner\" type=\"submit\" value=\"Bek\u00fcld\u00e9s\" \/>\n<\/p><div class=\"wpcf7-response-output\" aria-hidden=\"true\"><\/div>\n<\/form>\n<\/div>\n\n","protected":false},"excerpt":{"rendered":"<p>A t\u00e1rgy k\u00f6vetelm\u00e9nyrendszere meg fog \u00fajulni.<br \/>\nSzeretn\u00e9nk felm\u00e9rni a hallgat\u00f3i v\u00e9lem\u00e9nyeket a vizsg\u00e1val kapcsolatban. K\u00e9rem, v\u00e1laszoljanak az al\u00e1bbi k\u00e9rd\u00e9sekre:<\/p>\n","protected":false},"author":101661,"featured_media":0,"parent":0,"menu_order":0,"comment_status":"closed","ping_status":"closed","template":"","meta":{"_acf_changed":false,"footnotes":""},"categories":[],"tags":[],"class_list":["post-6675","page","type-page","status-publish","hentry"],"acf":[],"publishpress_future_action":{"enabled":false,"date":"1970-01-01 01:00:00","action":"","terms":[],"taxonomy":"","browser_timezone_offset":0},"_links":{"self":[{"href":"https:\/\/semmelweis.hu\/csot\/wp-json\/wp\/v2\/pages\/6675","targetHints":{"allow":["GET"]}}],"collection":[{"href":"https:\/\/semmelweis.hu\/csot\/wp-json\/wp\/v2\/pages"}],"about":[{"href":"https:\/\/semmelweis.hu\/csot\/wp-json\/wp\/v2\/types\/page"}],"author":[{"embeddable":true,"href":"https:\/\/semmelweis.hu\/csot\/wp-json\/wp\/v2\/users\/101661"}],"replies":[{"embeddable":true,"href":"https:\/\/semmelweis.hu\/csot\/wp-json\/wp\/v2\/comments?post=6675"}],"version-history":[{"count":1,"href":"https:\/\/semmelweis.hu\/csot\/wp-json\/wp\/v2\/pages\/6675\/revisions"}],"predecessor-version":[{"id":6677,"href":"https:\/\/semmelweis.hu\/csot\/wp-json\/wp\/v2\/pages\/6675\/revisions\/6677"}],"wp:attachment":[{"href":"https:\/\/semmelweis.hu\/csot\/wp-json\/wp\/v2\/media?parent=6675"}],"wp:term":[{"taxonomy":"category","embeddable":true,"href":"https:\/\/semmelweis.hu\/csot\/wp-json\/wp\/v2\/categories?post=6675"},{"taxonomy":"post_tag","embeddable":true,"href":"https:\/\/semmelweis.hu\/csot\/wp-json\/wp\/v2\/tags?post=6675"}],"curies":[{"name":"wp","href":"https:\/\/api.w.org\/{rel}","templated":true}]}}