{"id":6608,"date":"2023-10-06T19:28:13","date_gmt":"2023-10-06T17:28:13","guid":{"rendered":"https:\/\/semmelweis.hu\/csot\/?page_id=6608"},"modified":"2023-11-21T17:33:37","modified_gmt":"2023-11-21T16:33:37","slug":"a-haziorvosok-szemelyisegtipusa-es-a-beteg-diagnozisa-kozotti-kapcsolat","status":"publish","type":"page","link":"https:\/\/semmelweis.hu\/csot\/a-haziorvosok-szemelyisegtipusa-es-a-beteg-diagnozisa-kozotti-kapcsolat\/","title":{"rendered":"A h\u00e1ziorvosok szem\u00e9lyis\u00e9gt\u00edpusa \u00e9s a beteg diagn\u00f3zisa k\u00f6z\u00f6tti kapcsolat"},"content":{"rendered":"<p>Az al\u00e1bbi hivatkoz\u00e1sra kattint\u00e1ssal \u00e9s a k\u00e9rd\u0151\u00edv kit\u00f6lt\u00e9s\u00e9vel \u00d6n beleegyezik a &#8220;A h\u00e1ziorvosok szem\u00e9lyis\u00e9gt\u00edpusa \u00e9s a beteg diagn\u00f3zisa k\u00f6z\u00f6tti kapcsolat&#8221; vizsg\u00e1latban val\u00f3 r\u00e9szv\u00e9telbe. A kutat\u00f3csoport a k\u00e9rd\u0151\u00edven r\u00f6gz\u00edtett v\u00e1laszait a vizsg\u00e1lat c\u00e9lj\u00e1ra gy\u0171jti \u00f6ssze.<\/p>\n<p><strong>T\u00e1j\u00e9koztatott beleegyez\u00e9s<\/strong><br \/>\nBeleegyezik-e abba, hogy r\u00e9szt vegyen ebben a vizsg\u00e1latban, amelynek sor\u00e1n inform\u00e1ci\u00f3kat gy\u0171jt\u00fcnk a szem\u00e9lyis\u00e9g-t\u00edpus\u00e1r\u00f3l, \u00e9s betegforgalmi adatair\u00f3l? Ha az al\u00e1bbi hivatkoz\u00e1sra kattint, akkor beleegyezik a r\u00e9szv\u00e9telbe.<br \/>\nAmennyiben nem egyezik bele, \u00fagy a vizsg\u00e1lat befejez\u0151dik.<\/p>\n<p>A k\u00e9rd\u0151\u00edv kit\u00f6lt\u00e9se k\u00f6r\u00fclbel\u00fcl 5-10 percet vesz ig\u00e9nybe.<br \/>\nSeg\u00edts\u00e9ge sokat jelent sz\u00e1munkra. M\u00e9g egyszer k\u00f6sz\u00f6nj\u00fck, hogy id\u0151t szak\u00edtott a k\u00e9rd\u0151\u00edv kit\u00f6lt\u00e9s\u00e9re.<br \/>\nHa b\u00e1rmilyen k\u00e9rd\u00e9se vagy \u00e9szrev\u00e9tele van, k\u00e9rj\u00fck, vegye fel a kapcsolatot a vizsg\u00e1latot v\u00e9gz\u0151 kutat\u00f3csoporttal!<br \/>\nEmail: <a href=\"mailto:lako-futo.zoltan@semmelweis.hu\">lako-futo.zoltan@semmelweis.hu<\/a><\/p>\n<p>A k\u00e9rd\u0151\u00edv kit\u00f6lt\u00e9s\u00e9hez kattintson az al\u00e1bbi sorra:<\/p>\n<p><a href=\"https:\/\/semmelweis.hu\/wp-content\/machform\/view.php?id=456095\">A h\u00e1ziorvosok szem\u00e9lyis\u00e9gt\u00edpusa \u00e9s a beteg diagn\u00f3zisa k\u00f6z\u00f6tti kapcsolat<\/a><\/p>\n","protected":false},"excerpt":{"rendered":"<p>Az al\u00e1bbi hivatkoz\u00e1sra kattint\u00e1ssal \u00e9s a k\u00e9rd\u0151\u00edv kit\u00f6lt\u00e9s\u00e9vel \u00d6n beleegyezik a &#8220;A h\u00e1ziorvosok szem\u00e9lyis\u00e9gt\u00edpusa \u00e9s a beteg diagn\u00f3zisa k\u00f6z\u00f6tti kapcsolat&#8221; vizsg\u00e1latban val\u00f3 r\u00e9szv\u00e9telbe. A kutat\u00f3csoport a k\u00e9rd\u0151\u00edven r\u00f6gz\u00edtett v\u00e1laszait a vizsg\u00e1lat c\u00e9lj\u00e1ra gy\u0171jti \u00f6ssze. T\u00e1j\u00e9koztatott beleegyez\u00e9s Beleegyezik-e abba, hogy r\u00e9szt vegyen ebben a vizsg\u00e1latban, amelynek sor\u00e1n inform\u00e1ci\u00f3kat gy\u0171jt\u00fcnk a szem\u00e9lyis\u00e9g-t\u00edpus\u00e1r\u00f3l, \u00e9s betegforgalmi adatair\u00f3l? Ha az &hellip;<\/p>\n","protected":false},"author":101661,"featured_media":0,"parent":0,"menu_order":0,"comment_status":"closed","ping_status":"closed","template":"","meta":{"_acf_changed":false,"footnotes":""},"categories":[],"tags":[],"class_list":["post-6608","page","type-page","status-publish","hentry"],"acf":[],"publishpress_future_action":{"enabled":false,"date":"1970-01-01 01:00:00","action":"","terms":[],"taxonomy":"","browser_timezone_offset":0},"_links":{"self":[{"href":"https:\/\/semmelweis.hu\/csot\/wp-json\/wp\/v2\/pages\/6608","targetHints":{"allow":["GET"]}}],"collection":[{"href":"https:\/\/semmelweis.hu\/csot\/wp-json\/wp\/v2\/pages"}],"about":[{"href":"https:\/\/semmelweis.hu\/csot\/wp-json\/wp\/v2\/types\/page"}],"author":[{"embeddable":true,"href":"https:\/\/semmelweis.hu\/csot\/wp-json\/wp\/v2\/users\/101661"}],"replies":[{"embeddable":true,"href":"https:\/\/semmelweis.hu\/csot\/wp-json\/wp\/v2\/comments?post=6608"}],"version-history":[{"count":4,"href":"https:\/\/semmelweis.hu\/csot\/wp-json\/wp\/v2\/pages\/6608\/revisions"}],"predecessor-version":[{"id":6648,"href":"https:\/\/semmelweis.hu\/csot\/wp-json\/wp\/v2\/pages\/6608\/revisions\/6648"}],"wp:attachment":[{"href":"https:\/\/semmelweis.hu\/csot\/wp-json\/wp\/v2\/media?parent=6608"}],"wp:term":[{"taxonomy":"category","embeddable":true,"href":"https:\/\/semmelweis.hu\/csot\/wp-json\/wp\/v2\/categories?post=6608"},{"taxonomy":"post_tag","embeddable":true,"href":"https:\/\/semmelweis.hu\/csot\/wp-json\/wp\/v2\/tags?post=6608"}],"curies":[{"name":"wp","href":"https:\/\/api.w.org\/{rel}","templated":true}]}}