{"id":6601,"date":"2023-10-01T19:13:27","date_gmt":"2023-10-01T17:13:27","guid":{"rendered":"https:\/\/semmelweis.hu\/csot\/?page_id=6601"},"modified":"2023-10-01T19:13:27","modified_gmt":"2023-10-01T17:13:27","slug":"kutatas-bno-bfq-3","status":"publish","type":"page","link":"https:\/\/semmelweis.hu\/csot\/kutatas-bno-bfq-3\/","title":{"rendered":"Kutat\u00e1s (BNO &#8211; BFQ) 3"},"content":{"rendered":"<p>Az al\u00e1bbi k\u00e9rd\u00e9sek a Big Five Questionnaire k\u00e9rd\u00e9sei.<\/p>\n<p class=\"wpcf7-contact-form-not-found\"><strong>Hiba:<\/strong> Kapcsolatfelv\u00e9teli \u0171rlap nem tal\u00e1lhat\u00f3.<\/p>\n","protected":false},"excerpt":{"rendered":"<p>Az al\u00e1bbi k\u00e9rd\u00e9sek a Big Five Questionnaire k\u00e9rd\u00e9sei.<\/p>\n","protected":false},"author":101661,"featured_media":0,"parent":0,"menu_order":0,"comment_status":"closed","ping_status":"closed","template":"","meta":{"_acf_changed":false,"footnotes":""},"categories":[],"tags":[],"class_list":["post-6601","page","type-page","status-publish","hentry"],"acf":[],"publishpress_future_action":{"enabled":false,"date":"1970-01-01 01:00:00","action":"","terms":[],"taxonomy":"","browser_timezone_offset":0},"_links":{"self":[{"href":"https:\/\/semmelweis.hu\/csot\/wp-json\/wp\/v2\/pages\/6601","targetHints":{"allow":["GET"]}}],"collection":[{"href":"https:\/\/semmelweis.hu\/csot\/wp-json\/wp\/v2\/pages"}],"about":[{"href":"https:\/\/semmelweis.hu\/csot\/wp-json\/wp\/v2\/types\/page"}],"author":[{"embeddable":true,"href":"https:\/\/semmelweis.hu\/csot\/wp-json\/wp\/v2\/users\/101661"}],"replies":[{"embeddable":true,"href":"https:\/\/semmelweis.hu\/csot\/wp-json\/wp\/v2\/comments?post=6601"}],"version-history":[{"count":1,"href":"https:\/\/semmelweis.hu\/csot\/wp-json\/wp\/v2\/pages\/6601\/revisions"}],"predecessor-version":[{"id":6602,"href":"https:\/\/semmelweis.hu\/csot\/wp-json\/wp\/v2\/pages\/6601\/revisions\/6602"}],"wp:attachment":[{"href":"https:\/\/semmelweis.hu\/csot\/wp-json\/wp\/v2\/media?parent=6601"}],"wp:term":[{"taxonomy":"category","embeddable":true,"href":"https:\/\/semmelweis.hu\/csot\/wp-json\/wp\/v2\/categories?post=6601"},{"taxonomy":"post_tag","embeddable":true,"href":"https:\/\/semmelweis.hu\/csot\/wp-json\/wp\/v2\/tags?post=6601"}],"curies":[{"name":"wp","href":"https:\/\/api.w.org\/{rel}","templated":true}]}}