{"id":6558,"date":"2023-09-14T13:43:02","date_gmt":"2023-09-14T11:43:02","guid":{"rendered":"https:\/\/semmelweis.hu\/csot\/?page_id=6558"},"modified":"2026-01-20T14:48:38","modified_gmt":"2026-01-20T13:48:38","slug":"tudomanyos-kutatas-adatvedelmi-tajekoztato","status":"publish","type":"page","link":"https:\/\/semmelweis.hu\/csot\/kutatas\/tudomanyos-kutatas-adatvedelmi-tajekoztato\/","title":{"rendered":"Tudom\u00e1nyos kutat\u00e1s &#8211; adatv\u00e9delmi t\u00e1j\u00e9koztat\u00f3"},"content":{"rendered":"<div>\n<p align=\"center\"><strong> Adatkezel\u00e9si t\u00e1j\u00e9koztat\u00f3 az adatkezel\u00e9sek \u00e1ltal \u00e9rintett szem\u00e9lyek r\u00e9sz\u00e9re a Semmelweis Egyetem Csal\u00e1dorvosi Tansz\u00e9k szervezeti egys\u00e9ge \u00e1ltal v\u00e9gzett szem\u00e9lyes adatkezel\u00e9sekr\u0151l<\/strong><\/p>\n<p align=\"center\"><strong>Tudom\u00e1nyos kutat\u00e1ssal kapcsolatos adatkezel\u00e9s<\/strong><\/p>\n<p><strong>1. AZ ADATKEZEL\u0150 ADATAI<\/strong><\/p>\n<p><strong>1.1. Adatkezel\u0151 megnevez\u00e9se: <\/strong><\/p>\n<p>Semmelweis Egyetem, sz\u00e9khely: 1085 Budapest, \u00dcll\u0151i \u00fat 26. Postac\u00edm: 1428 Budapest pf.: 2. Telefonsz\u00e1m: 06-1-459-1500, honlap: <a href=\"https:\/\/semmelweis.hu\">https:\/\/semmelweis.hu<\/a><\/p>\n<p><strong>1.2. Adatkezel\u0151 vezet\u0151j\u00e9nek neve, el\u00e9rhet\u0151s\u00e9ge<\/strong><\/p>\n<p>Prof. Dr. Merkely B\u00e9la rektor, sz\u00e9khely: Semmelweis Egyetem 1085 Budapest, \u00dcll\u0151i \u00fat 26. Postac\u00edm: 1428 Budapest pf.: 2. Telefonsz\u00e1m: 06-1-459-1500, Honlap: <a href=\"http:\/\/semmelweis.hu\/\">http:\/\/semmelweis.hu\/<\/a><\/p>\n<p><strong>1.3. Adatv\u00e9delmi tisztvisel\u0151 neve, el\u00e9rhet\u0151s\u00e9ge<\/strong><\/p>\n<p>Dr. Tr\u00f3cs\u00e1nyi S\u00e1ra, sz\u00e9khely: 1085 Budapest, \u00dcll\u0151i \u00fat 26. Postac\u00edm: 1428 Budapest Pf.: 2. Telefonsz\u00e1m: Tel.: 06-1\/224-1547 https:\/\/semmelweis.hu\/jogigfoig\/adatvedelem-betegjog\/ E-mail:<a href=\"mailto:adatvedelem@semmelweis.hu\"> adatvedelem@semmelweis.hu<\/a><\/p>\n<p><strong>2. AZ ADATKEZEL\u00c9SSEL KAPCSOLATOS INFORM\u00c1CI\u00d3K EL\u00c9RHET\u0150S\u00c9GE<\/strong><\/p>\n<p>2.1. Az adatkezel\u0151 <strong>fels\u0151oktat\u00e1si-, tov\u00e1bbk\u00e9pz\u00e9si-, munk\u00e1ltat\u00f3i-, eg\u00e9szs\u00e9g\u00fcgyi szolg\u00e1ltat\u00e1si-, eg\u00e9szs\u00e9g\u00fcgyi tudom\u00e1nyos kutat\u00e1si <\/strong> -, <strong>p\u00e9nz\u00fcgyi tev\u00e9kenys\u00e9g\u00e9vel<\/strong> \u00f6sszef\u00fcgg\u0151 adatkezel\u00e9sekkel kapcsolatos inform\u00e1ci\u00f3k el\u00e9rhet\u0151s\u00e9ge: <a href=\"https:\/\/semmelweis.hu\/csot\/adatkezelesi-tajekoztato\/\">https:\/\/semmelweis.hu\/csot\/adatkezelesi-tajekoztato\/<\/a><\/p>\n<p><strong>3. AZ ADATKEZEL\u00c9SSEL KAPCSOLATOSAN MEGISMERHET\u0150V\u00c9 TETT INFORM\u00c1CI\u00d3K TARTALMA <\/strong><\/p>\n<\/div>\n<div>\n<p>3.1. adatkezel\u00e9s \u00e9s a nyilv\u00e1ntart\u00e1si rendszer megnevez\u00e9se: tudom\u00e1nyos kutat\u00e1s adatainak kezel\u00e9se<\/p>\n<p>3.2. adatkezel\u0151i tev\u00e9kenys\u00e9g min\u0151s\u00e9ge: adatkezel\u0151<\/p>\n<p>3.3. adatkezel\u00e9s helye \u00e9s a hozz\u00e1f\u00e9r\u00e9sre jogosult szem\u00e9lyek beoszt\u00e1sa: 1085 Budapest, St\u00e1hly u. 7-9., Csal\u00e1dorvosi Tansz\u00e9k tudom\u00e1nyos kutat\u00f3i<\/p>\n<p>3.4. az \u00e9rintettek kateg\u00f3riai \u00e9s az adatok forr\u00e1sa: a tudom\u00e1nyos kutat\u00e1sokba \u00f6nk\u00e9ntes alapon bevont alanyok<\/p>\n<p>3.5. a kezelt szem\u00e9lyes adatok \u00e9s kezelt k\u00fcl\u00f6nleges szem\u00e9lyes adatok kateg\u00f3ri\u00e1i: a kutat\u00e1s sor\u00e1n adott v\u00e1laszok, egy\u00e9b adatok<\/p>\n<p>3.6. adatkezel\u00e9s c\u00e9lja: kapcsolattart\u00e1s, t\u00e1j\u00e9koztat\u00e1s<\/p>\n<p>3.7. adatok kezel\u00e9s\u00e9nek jogalapja a GDPR 6. cikke szerint, \u00e9s amennyiben az adatkezel\u00e9s jogalapja jogszab\u00e1ly, annak pontos megnevez\u00e9se: a)az \u00e9rintett hozz\u00e1j\u00e1rul\u00e1sa,<\/p>\n<p>3.8. k\u00fcl\u00f6nleges adatok kezel\u00e9s\u00e9nek jogalapja a GDPR 9. cikke szerint, \u00e9s amennyiben az adatkezel\u00e9s jogalapja jogszab\u00e1ly, annak megnevez\u00e9se: \u2013<\/p>\n<p>3.9. adatkezel\u00e9s m\u00f3dszere: g\u00e9pi, automatiz\u00e1lt, kutat\u00f3k \u00e1ltali feldolgoz\u00e1s<\/p>\n<p>3.10. elektronikus adatkezel\u00e9s eset\u00e9n az adatkezel\u0151 rendszer megnevez\u00e9se: kutat\u00f3i adatb\u00e1zis<\/p>\n<p>3.11. adatkezel\u00e9si m\u0171veletek: felhaszn\u00e1l\u00e1s tudom\u00e1nyos kutat\u00e1shoz<\/p>\n<p>3.12. az adatok \u00e1ltal\u00e1nos kezel\u00e9si ideje \u00e9s adatok tervezett t\u00f6rl\u00e9si id\u0151pontja: visszavon\u00e1sig, 25 \u00e9v<\/p>\n<p>3.13. adatbiztons\u00e1g \u00e9rdek\u00e9ben alkalmazott \u00e1ltal\u00e1nos fizikai \u00e9s logikai v\u00e9delmi int\u00e9zked\u00e9sek: Inform\u00e1ci\u00f3biztons\u00e1gi Szab\u00e1lyzatban, Informatikai \u00dczemeltet\u00e9si \u00e9s H\u00e1l\u00f3zati Szab\u00e1lyzatban valamint a Vagyonv\u00e9delmi \u00e9s rend\u00e9szeti szab\u00e1lyzatban foglaltak szerint<\/p>\n<p>3.14. adatv\u00e9delmi incidens lehets\u00e9ges kock\u00e1zata: titoktart\u00e1si s\u00e9r\u00fcl\u00e9se<\/p>\n<p>3.15. rendszeres adatszolg\u00e1ltat\u00e1s c\u00edmzettje, adattov\u00e1bb\u00edt\u00e1s jogalapja, adatok k\u00f6re: Rendszeres adatszolg\u00e1ltat\u00e1s nem t\u00f6rt\u00e9nik.<\/p>\n<p>3.16. adatfeldolgoz\u00f3 neve \u00e9s c\u00edme, az \u00e9rintettek kateg\u00f3ri\u00e1i, az adatfeldolgoz\u00e1ssal \u00e9rintett adatok kateg\u00f3ri\u00e1i, valamint az adatfeldolgoz\u00f3 \u00e1ltal v\u00e9gzett adatfeldolgoz\u00e1si tev\u00e9kenys\u00e9g: Adatfeldolgoz\u00f3 ig\u00e9nybev\u00e9tel\u00e9re nem ker\u00fcl sor.<\/p>\n<\/div>\n<div>\n<p><strong>4. AZ \u00c9RINTETTEK T\u00c1J\u00c9KOZTAT\u00c1SA ALAPVET\u0150 JOGAIKR\u00d3L \u00c9S A JOG\u00c9RV\u00c9NYES\u00cdT\u00c9S LEHET\u0150S\u00c9GEIR\u0150L <\/strong><\/p>\n<\/div>\n<div>\n<p><strong>4.1. AZ \u00c9RINTETT JOGAI<\/strong><\/p>\n<p><strong>4.1.1. T\u00e1j\u00e9koztat\u00e1shoz val\u00f3 jog<\/strong><\/p>\n<p>Az \u00e9rintetteknek joga van a t\u00f6m\u00f6r, \u00e1tl\u00e1that\u00f3, \u00e9rthet\u0151 \u00e9s k\u00f6nnyen hozz\u00e1f\u00e9rhet\u0151 form\u00e1ban megfogalmazott t\u00e1j\u00e9koztat\u00e1shoz. Az \u00e9rintett ilyen ir\u00e1ny\u00fa k\u00e9relm\u00e9nek \u00edr\u00e1sban, vagy m\u00e1s alkalmas m\u00f3don, az \u00e9rintett szem\u00e9lyazonoss\u00e1g\u00e1nak igazol\u00e1s\u00e1t k\u00f6vet\u0151en, az Adatkezel\u0151 indokolatlan k\u00e9sedelem n\u00e9lk\u00fcl, de legfeljebb 1 h\u00f3napon bel\u00fcl k\u00f6teles eleget tenni. Az ilyen jelleg\u0171 adatszolg\u00e1ltat\u00e1st az Adatkezel\u0151 d\u00edjmentesen teljes\u00edti, kiv\u00e9ve, ha a k\u00e9relem megalapozatlan, t\u00falz\u00f3 vagy ism\u00e9tl\u0151d\u0151.<\/p>\n<p><strong>4.1.2. Az adatokhoz val\u00f3 hozz\u00e1f\u00e9r\u00e9si joga<\/strong><\/p>\n<p>Az \u00e9rintett jogosult arra, hogy a szem\u00e9lyes adatokhoz \u00e9s a k\u00f6vetkez\u0151 inform\u00e1ci\u00f3khoz hozz\u00e1f\u00e9r\u00e9st kapjon: szem\u00e9lyes adatok m\u00e1solat\u00e1nak egy p\u00e9ld\u00e1nya (tov\u00e1bbi p\u00e9ld\u00e1nyok d\u00edj ellen\u00e9ben)<\/p>\n<p><strong>4.1.3. Helyesb\u00edt\u00e9shez val\u00f3 jog<\/strong><\/p>\n<p>Az \u00e9rintett jogosult pontatlan adatainak indokolatlan k\u00e9sedelem n\u00e9lk\u00fcli helyesb\u00edt\u00e9s\u00e9re, kieg\u00e9sz\u00edt\u00e9s\u00e9re.<\/p>\n<p><strong>4.1.4. T\u00f6rl\u00e9shez val\u00f3 jog (az elfeledtet\u00e9shez val\u00f3 jog)<\/strong><\/p>\n<p>Az \u00e9rintett k\u00e9relm\u00e9re az Adatkezel\u0151 k\u00f6teles az \u00e9rintettre vonatkoz\u00f3 szem\u00e9lyes adatokat indokolatlan k\u00e9sedelem n\u00e9lk\u00fcl t\u00f6r\u00f6lni, ha az al\u00e1bbi esetek valamelyike fenn\u00e1ll:<\/p>\n<p>\u00b7 a c\u00e9l ki\u00fcresedett, m\u00e1r nincs sz\u00fcks\u00e9g az adatra<\/p>\n<p>\u00b7 \u00e9rintett visszavonja a hozz\u00e1j\u00e1rul\u00e1s\u00e1t, \u00edgy az adatkezel\u00e9snek megsz\u0171nik a jogalapja<\/p>\n<p>\u00b7 \u00e9rintett tiltakozik az adatkezel\u00e9s ellen<\/p>\n<p>\u00b7 jogellenes adatkezel\u00e9s<\/p>\n<p>\u00b7 jogi k\u00f6telezetts\u00e9g teljes\u00edt\u00e9se c\u00e9lj\u00e1b\u00f3l<\/p>\n<p>Hozz\u00e1j\u00e1rul\u00e1son alapul\u00f3 adatkezel\u00e9s eset\u00e9n joga van a hozz\u00e1j\u00e1rul\u00e1sa b\u00e1rmely id\u0151pontban t\u00f6rt\u00e9n\u0151 visszavon\u00e1s\u00e1hoz, amely nem \u00e9rinti a visszavon\u00e1s el\u0151tt a hozz\u00e1j\u00e1rul\u00e1s alapj\u00e1n v\u00e9grehajtott adatkezel\u00e9s jogszer\u0171s\u00e9g\u00e9t.<\/p>\n<p>Az \u00e9rintett elfeledtet\u00e9shez val\u00f3 joga keret\u00e9ben, ha az Adatkezel\u0151 nyilv\u00e1noss\u00e1gra hozott szem\u00e9lyes adatot t\u00f6r\u00f6lni k\u00f6teles \u2013 az el\u00e9rhet\u0151 technol\u00f3gia \u00e9s megval\u00f3s\u00edt\u00e1s k\u00f6lts\u00e9geinek figyelembev\u00e9tel\u00e9vel \u2013 \u00e9szszer\u0171en elv\u00e1rhat\u00f3 l\u00e9p\u00e9seket tesz annak \u00e9rdek\u00e9ben, hogy t\u00e1j\u00e9koztasson m\u00e1s adatkezel\u0151ket a sz\u00f3ban forg\u00f3 linkek, m\u00e1solatok, m\u00e1sodp\u00e9ld\u00e1nyok t\u00f6rl\u00e9se kapcs\u00e1n. Ez al\u00f3l kiv\u00e9telt k\u00e9pez, ha az adatkezel\u00e9s sz\u00fcks\u00e9ges<\/p>\n<p>\u00b7 v\u00e9lem\u00e9nynyilv\u00e1n\u00edt\u00e1s szabads\u00e1g\u00e1hoz<\/p>\n<p>\u00b7 jogi k\u00f6telezetts\u00e9g teljes\u00edt\u00e9s\u00e9hez, vagy k\u00f6zhatalmi jogos\u00edtv\u00e1ny gyakorl\u00e1s\u00e1hoz<\/p>\n<p>\u00b7 k\u00f6z\u00e9rdekb\u0151l a n\u00e9peg\u00e9szs\u00e9g\u00fcgy ter\u00fclet\u00e9n<\/p>\n<p>\u00b7 k\u00f6z\u00e9rdek\u0171 archiv\u00e1l\u00e1s, tudom\u00e1nyos \u00e9s t\u00f6rt\u00e9nelmi kutat\u00e1si c\u00e9lb\u00f3l<\/p>\n<p>\u00b7 jogi ig\u00e9nyek \u00e9rv\u00e9nyes\u00edt\u00e9s\u00e9hez<\/p>\n<p><strong>4.1.5. Az adatkezel\u00e9s korl\u00e1toz\u00e1s\u00e1hoz val\u00f3 jog<\/strong><\/p>\n<p>Az Adatkezel\u0151 az \u00e9rintett k\u00e9r\u00e9s\u00e9re korl\u00e1tozza az adatkezel\u00e9st, ha<\/p>\n<p>\u00b7 az \u00e9rintett vitatja a szem\u00e9lyes adatok pontoss\u00e1g\u00e1t<\/p>\n<p>\u00b7 az adatkezel\u00e9s jogellenes \u00e9s az \u00e9rintett ellenzi az adatok t\u00f6rl\u00e9s\u00e9t<\/p>\n<p>\u00b7 az Adatkezel\u0151nek m\u00e1r nincs sz\u00fcks\u00e9ge a szem\u00e9lyes adatokra, de az \u00e9rintett ig\u00e9nyli azokat jogi ig\u00e9nyek el\u0151terjeszt\u00e9s\u00e9hez, \u00e9rv\u00e9nyes\u00edt\u00e9s\u00e9hez vagy v\u00e9delm\u00e9hez<\/p>\n<p>\u00b7 az \u00e9rintett tiltakozott az adatkezel\u00e9s ellen, \u00e9s az adatkezel\u0151n\u00e9l m\u00e9g tart a vizsg\u00e1lat.<\/p>\n<p><strong>4.1.6. Az adathordozhat\u00f3s\u00e1ghoz val\u00f3 jog<\/strong><\/p>\n<p>Az \u00e9rintett jogosult az \u00e1ltala az Adatkezel\u0151 rendelkez\u00e9s\u00e9re bocs\u00e1tott adatokat megkapni<\/p>\n<p>\u00b7 tagolt, sz\u00e9les k\u00f6rben haszn\u00e1lt, g\u00e9ppel olvashat\u00f3 form\u00e1tumban<\/p>\n<p>\u00b7 jogosult m\u00e1s adatkezel\u0151h\u00f6z tov\u00e1bb\u00edtani k\u00e9rheti az adatok k\u00f6zvetlen tov\u00e1bb\u00edt\u00e1s\u00e1t a m\u00e1sik adatkezel\u0151h\u00f6z<\/p>\n<p><strong>4.1.7. Az adatkezel\u00e9s elleni tiltakoz\u00e1shoz val\u00f3 jog <\/strong><\/p>\n<p>Az \u00e9rintett tiltakozhat az adatai kezel\u00e9se ellen<\/p>\n<p>\u00b7 k\u00f6z\u00e9rdek\u0171\/k\u00f6zhatalmi \u00e9s az \u00e9rdekm\u00e9rlegel\u00e9sen alapul\u00f3 jogalap eset\u00e9ben<\/p>\n<p>\u00b7 k\u00f6zvetlen \u00fczletszerz\u00e9si c\u00e9l eset\u00e9n<\/p>\n<p>\u00b7 k\u00f6zvetlen \u00fczletszerz\u00e9si c\u00e9l\u00fa profilalkot\u00e1s<\/p>\n<p>Az \u00e9rintett tiltakoz\u00e1sa eset\u00e9n az adatkezel\u00e9st azonnal meg kell sz\u00fcntetni, kiv\u00e9ve k\u00e9nyszer\u00edt\u0151 erej\u0171 jogos indok \u00e9s a jogi ig\u00e9nyek \u00e9rv\u00e9nyes\u00edt\u00e9se eset\u00e9n.<\/p>\n<p>Automatiz\u00e1lt d\u00f6nt\u00e9shozatallal \u00e9s a profilalkot\u00e1ssal kapcsolatos jogok<\/p>\n<p>Az \u00e9rintettnek joga van arra, hogy ne terjedjen ki r\u00e1 a kiz\u00e1r\u00f3lag automatiz\u00e1lt adatkezel\u00e9s, ide\u00e9rtve a profilalkot\u00e1st is.<\/p>\n<p>Ez al\u00f3l kiv\u00e9telt jelent<\/p>\n<p>\u00b7 szerz\u0151d\u00e9s megk\u00f6t\u00e9se vagy teljes\u00edt\u00e9se \u00e9rdek\u00e9ben jogszab\u00e1ly lehet\u0151v\u00e9 teszi<\/p>\n<p>\u00b7 az \u00e9rintett ehhez kifejezetten hozz\u00e1j\u00e1rul<\/p>\n<p>Az \u00e9rintett jogosult<\/p>\n<p>\u00b7 emberi beavatkoz\u00e1st k\u00e9rni<\/p>\n<p>\u00b7 \u00e1ll\u00e1spontj\u00e1t kifejezni<\/p>\n<p>\u00b7 a kifog\u00e1st beny\u00fajtani.<\/p>\n<\/div>\n<div>\n<p><strong>4.2. JOGORVOSLATI LEHET\u0150S\u00c9GEK<\/strong><\/p>\n<\/div>\n<div>\n<p><strong> 4.2.1. Az adatv\u00e9delmi tisztvisel\u0151h\u00f6z val\u00f3 fordul\u00e1s joga <\/strong><\/p>\n<p>Az \u00e9rintetett jogosult s\u00e9relme eset\u00e9n az az adatkezel\u0151 adatv\u00e9delmi tisztvisel\u0151j\u00e9nek a seg\u00edts\u00e9g\u00e9t k\u00e9rni az adatkezel\u0151 el\u0151tti jog\u00e9rv\u00e9nyes\u00edt\u00e9s\u00e9hez. Az adatv\u00e9delmi tisztvisel\u0151 seg\u00edti az \u00e9rintett jog\u00e1nak gyakorl\u00e1s\u00e1t, kivizsg\u00e1lja az \u00e9rintett panasz\u00e1t \u00e9s kezdem\u00e9nyezi az adatkezel\u0151n\u00e9l a panasz orvosl\u00e1s\u00e1hoz sz\u00fcks\u00e9ges int\u00e9zked\u00e9sek megt\u00e9tel\u00e9t.<\/p>\n<p><strong>4.2.2. Fel\u00fcgyeleti hat\u00f3s\u00e1gn\u00e1l t\u00f6rt\u00e9n\u0151 panaszt\u00e9telhez val\u00f3 jog<\/strong><\/p>\n<p>Fel\u00fcgyeleti hat\u00f3s\u00e1g: Nemzeti Adatv\u00e9delmi \u00e9s Inform\u00e1ci\u00f3szabads\u00e1g Hat\u00f3s\u00e1g (tov\u00e1bbiakban: NAIH illetve Hat\u00f3s\u00e1g), c\u00edme: 1055 Budapest, Falk Miksa utca 9-11., levelez\u00e9si c\u00edme 1363 Budapest, Pf. 9.<\/p>\n<p><strong>4.2.3. A b\u00edr\u00f3s\u00e1gi jogorvoslathoz val\u00f3 jog<\/strong><\/p>\n<p>Amennyiben a Hat\u00f3s\u00e1g nem hoz d\u00f6nt\u00e9st a panasszal kapcsolatban, vagy 3 h\u00f3napon bel\u00fcl nem ad azzal kapcsolatban t\u00e1j\u00e9koztat\u00e1st, \u00fagy az \u00e9rintettnek lehet\u0151s\u00e9ge van b\u00edr\u00f3s\u00e1ghoz fordulni.<\/p>\n<p>Adatkezel\u0151vel\/adatfeldolgoz\u00f3val szembeni b\u00edr\u00f3s\u00e1gi jogorvoslathoz val\u00f3 jog.<\/p>\n<p>A hat\u00f3s\u00e1gi elj\u00e1r\u00e1st\u00f3l \u00e9s m\u00e1s elj\u00e1r\u00e1sokt\u00f3l f\u00fcggetlen\u00fcl b\u00edr\u00f3s\u00e1ghoz fordulhat az \u00e9rintett az adatkezel\u0151 \u00e9s az adatfeldolgoz\u00f3 ellen az adatkezel\u0151\/- feldolgoz\u00f3 tev\u00e9kenys\u00e9ge helye szerinti b\u00edr\u00f3s\u00e1g el\u0151tt. A pert az \u00e9rintett tart\u00f3zkod\u00e1si helye szerinti tag\u00e1llam szerinti b\u00edr\u00f3s\u00e1gon is meg lehet ind\u00edtani. Adatkezel\u0151re \u00e1ltal\u00e1nosan illet\u00e9kes rendes b\u00edr\u00f3s\u00e1g: F\u0151v\u00e1rosi K\u00f6zigazgat\u00e1si \u00e9s Munka\u00fcgyi B\u00edr\u00f3s\u00e1g, F\u0151v\u00e1rosi T\u00f6rv\u00e9nysz\u00e9k (1055 Budapest, Mark\u00f3 u. 27.)<\/p>\n<p><strong>4.2.4. K\u00e1rt\u00e9r\u00edt\u00e9shez val\u00f3 jog<\/strong><\/p>\n<p>Vagyoni \u00e9s nem vagyoni k\u00e1rok\u00e9rt az Adatkezel\u0151 felel\u0151s. T\u00f6bb adatkezel\u0151\/-feldolgoz\u00f3 egyetemlegesen felel az okozott k\u00e1r\u00e9rt, egym\u00e1s k\u00f6z\u00f6tt pedig felel\u0151ss\u00e9g\u00fck m\u00e9rt\u00e9k\u00e9ben sz\u00e1molnak el. Az adatfeldolgoz\u00f3 azonban csak akkor felel a bek\u00f6vetkezett k\u00e1r\u00e9rt, ha elt\u00e9rt az utas\u00edt\u00e1sokt\u00f3l vagy v\u00e9tett az adatfeldolgoz\u00f3kra vonatkoz\u00f3 szab\u00e1lyok ellen.<\/p>\n<p><strong>4.2.5. K\u00f6zigazgat\u00e1si b\u00edrs\u00e1g<\/strong><\/p>\n<p>A NAIH az eset k\u00f6r\u00fclm\u00e9nyei alapj\u00e1n a GDPR 83. cikk\u00e9ben foglalt keretek k\u00f6z\u00f6tt \u00e1llap\u00edtja meg az \u00f6sszeg\u00e9t<\/p>\n<\/div>\n","protected":false},"excerpt":{"rendered":"<p>Adatkezel\u00e9si t\u00e1j\u00e9koztat\u00f3 az adatkezel\u00e9sek \u00e1ltal \u00e9rintett szem\u00e9lyek r\u00e9sz\u00e9re a Semmelweis Egyetem Csal\u00e1dorvosi Tansz\u00e9k szervezeti egys\u00e9ge \u00e1ltal v\u00e9gzett szem\u00e9lyes adatkezel\u00e9sekr\u0151l Tudom\u00e1nyos kutat\u00e1ssal kapcsolatos adatkezel\u00e9s 1. AZ ADATKEZEL\u0150 ADATAI 1.1. Adatkezel\u0151 megnevez\u00e9se: Semmelweis Egyetem, sz\u00e9khely: 1085 Budapest, \u00dcll\u0151i \u00fat 26. Postac\u00edm: 1428 Budapest pf.: 2. Telefonsz\u00e1m: 06-1-459-1500, honlap: <a href=\"https:\/\/semmelweis.hu\">https:\/\/semmelweis.hu<\/a> 1.2. Adatkezel\u0151 vezet\u0151j\u00e9nek neve, el\u00e9rhet\u0151s\u00e9ge Prof. Dr. Merkely B\u00e9la &hellip;<\/p>\n","protected":false},"author":101661,"featured_media":0,"parent":5381,"menu_order":0,"comment_status":"closed","ping_status":"closed","template":"","meta":{"_acf_changed":false,"footnotes":""},"categories":[],"tags":[],"class_list":["post-6558","page","type-page","status-publish","hentry"],"acf":[],"publishpress_future_action":{"enabled":false,"date":"1970-01-01 01:00:00","action":"","terms":[],"taxonomy":"","browser_timezone_offset":0},"_links":{"self":[{"href":"https:\/\/semmelweis.hu\/csot\/wp-json\/wp\/v2\/pages\/6558","targetHints":{"allow":["GET"]}}],"collection":[{"href":"https:\/\/semmelweis.hu\/csot\/wp-json\/wp\/v2\/pages"}],"about":[{"href":"https:\/\/semmelweis.hu\/csot\/wp-json\/wp\/v2\/types\/page"}],"author":[{"embeddable":true,"href":"https:\/\/semmelweis.hu\/csot\/wp-json\/wp\/v2\/users\/101661"}],"replies":[{"embeddable":true,"href":"https:\/\/semmelweis.hu\/csot\/wp-json\/wp\/v2\/comments?post=6558"}],"version-history":[{"count":2,"href":"https:\/\/semmelweis.hu\/csot\/wp-json\/wp\/v2\/pages\/6558\/revisions"}],"predecessor-version":[{"id":8150,"href":"https:\/\/semmelweis.hu\/csot\/wp-json\/wp\/v2\/pages\/6558\/revisions\/8150"}],"up":[{"embeddable":true,"href":"https:\/\/semmelweis.hu\/csot\/wp-json\/wp\/v2\/pages\/5381"}],"wp:attachment":[{"href":"https:\/\/semmelweis.hu\/csot\/wp-json\/wp\/v2\/media?parent=6558"}],"wp:term":[{"taxonomy":"category","embeddable":true,"href":"https:\/\/semmelweis.hu\/csot\/wp-json\/wp\/v2\/categories?post=6558"},{"taxonomy":"post_tag","embeddable":true,"href":"https:\/\/semmelweis.hu\/csot\/wp-json\/wp\/v2\/tags?post=6558"}],"curies":[{"name":"wp","href":"https:\/\/api.w.org\/{rel}","templated":true}]}}