{"id":6339,"date":"2022-12-15T12:12:18","date_gmt":"2022-12-15T11:12:18","guid":{"rendered":"https:\/\/semmelweis.hu\/csot\/?page_id=6339"},"modified":"2026-01-07T15:41:34","modified_gmt":"2026-01-07T14:41:34","slug":"kepzesek","status":"publish","type":"page","link":"https:\/\/semmelweis.hu\/csot\/oktatas\/integrativ-medicina\/kepzesek\/","title":{"rendered":"K\u00e9pz\u00e9sek"},"content":{"rendered":"<p><strong>AKTU\u00c1LIS K\u00c9PZ\u00c9S<\/strong><\/p>\n<p><strong>Semmelweis Egyetem Hagyom\u00e1nyos K\u00ednai Orvosk\u00e9pz\u00e9s<\/strong><\/p>\n<p>\u00d6r\u00f6mmel adjuk h\u00edr\u00fcl, hogy a Semmelweis Egyetem Szen\u00e1tusa elfogadta<\/p>\n<p>\u00a0\u00e9s az Oktat\u00e1si Hivatal (TTOVYHO k\u00f3ddal) nyilv\u00e1ntart\u00e1sba vette<\/p>\n<p>a <strong>Semmelweis Egyetem Csal\u00e1dorvosi Tansz\u00e9k<\/strong> <strong>Integrat\u00edv Medicina Tansz\u00e9ki Csoport<\/strong> \u00e1ltal beny\u00fajtott<\/p>\n<p><strong>Hagyom\u00e1nyos K\u00ednai Orvos Szakir\u00e1ny\u00fa Tov\u00e1bbk\u00e9pz\u00e9st.<\/strong><\/p>\n<p><strong>A k\u00e9pz\u00e9s 2026. febru\u00e1r 15-\u00e9n indul.<\/strong><\/p>\n<p>A k\u00e9pz\u00e9s \u00e1ltal\u00e1nos orvosi, vagy fogorvosi diplom\u00e1val rendelkez\u0151 orvosok sz\u00e1m\u00e1ra ker\u00fcl meghirdet\u00e9sre, \u00e9s elv\u00e9gz\u00e9se feljogos\u00edtja a v\u00e9gzettet, hogy a 40\/1997. (III. 5.) Korm. rendelet \u00e9s a 11\/1997-es NM rendelet \u00e9rtelm\u00e9ben hagyom\u00e1nyos k\u00ednai orvosk\u00e9nt gy\u00f3gy\u00edt\u00f3 tev\u00e9kenys\u00e9get folytasson Magyarorsz\u00e1gon.<\/p>\n<p><strong><u>Az oktat\u00e1s form\u00e1ja:<\/u><\/strong><\/p>\n<p>A k\u00e9pz\u00e9s h\u00e1rom szemeszteren kereszt\u00fcl vegyes k\u00e9pz\u00e9si rendszerben zajlik. Az els\u0151 k\u00e9t szemeszterben az elm\u00e9leti anyagot modulok form\u00e1j\u00e1ban, saj\u00e1t temp\u00f3ban, online saj\u00e1t\u00edtj\u00e1k el a hallgat\u00f3k, minden modul v\u00e9g\u00e9n \u00edr\u00e1sbeli vizsg\u00e1t t\u00e9ve, mely felt\u00e9tele a tov\u00e1bbl\u00e9p\u00e9snek. Az \u00f6n\u00e1ll\u00f3 tanul\u00e1st rendszeres konzult\u00e1ci\u00f3s lehet\u0151s\u00e9gek teszik biztons\u00e1goss\u00e1 \u00e9s interakt\u00edvv\u00e1. Az \u00edr\u00e1sbeli modulokat szemeszterenk\u00e9nt 40 \u00f3r\u00e1s, intenz\u00edv klinikai k\u00e9pz\u00e9s z\u00e1rja, melynek sor\u00e1n k\u00ednai egyetemi oktat\u00f3kkal is egy\u00fctt dolgoznak a hallgat\u00f3k, hogy elm\u00e9leti tud\u00e1suk tiszta forr\u00e1sb\u00f3l ker\u00fclj\u00f6n meger\u0151s\u00edt\u00e9sre a klinikumban. A harmadik szemeszterben a modul\u00e1ris online k\u00e9pz\u00e9s mellett havonta egy klinikai h\u00e9tv\u00e9g\u00e9n tal\u00e1lkoznak az oktat\u00f3k \u00e9s a hallgat\u00f3k.<\/p>\n<p><strong><u>Sz\u00e1monk\u00e9r\u00e9s m\u00f3dja:<\/u><\/strong><\/p>\n<p>Az elm\u00e9leti k\u00e9pz\u00e9s moduljait online vizsga z\u00e1rja.<\/p>\n<p>A klinikai jelenl\u00e9ti oktat\u00e1st gyakorlati vizsga z\u00e1rja.<\/p>\n<p>A z\u00e1r\u00f3vizsg\u00e1ra bocs\u00e1t\u00e1s el\u0151felt\u00e9tele a k\u00e9pz\u00e9s sor\u00e1n diagnosztiz\u00e1lt \u00e9s a hagyom\u00e1nyos k\u00ednai orvosl\u00e1s eszk\u00f6zt\u00e1r\u00e1val kezelt k\u00e9t beteg eset\u00e9nek \u00f6sszefoglal\u00e1sa \u00e9s bemutat\u00e1sa (szakdolgozat).<\/p>\n<p><strong><u>A k\u00e9pz\u00e9s k\u00f6lts\u00e9ge:<\/u><\/strong><\/p>\n<p><strong>Szemeszterenk\u00e9nt 560.000 Ft.,<\/strong> mely r\u00e9szletekben is fizethet\u0151.<\/p>\n<p><strong><u>A jelentkez\u00e9s m\u00f3dja:<\/u><\/strong><\/p>\n<ul>\n<li>Az OFTEX port\u00e1lon kereszt\u00fcl: a tanfolyam azonos\u00edt\u00f3ja: <strong>SE-SZTOK\/2026.I.\/00109. <\/strong>Egyetem:<strong> SE-SZTOK, <\/strong>szervez\u0151:<strong> SE-CSOT-IM.<\/strong><\/li>\n<li>elektronikus lev\u00e9l \u00fatj\u00e1n: <a href=\"mailto:intmedcsot@semmelweis.hu\">intmedcsot@semmelweis.hu<\/a> email c\u00edmen vagy az <a href=\"mailto:eory.ajandek@semmelweis.hu\">eory.ajandek@semmelweis.hu<\/a> email c\u00edmen.<\/li>\n<\/ul>\n<table>\n<tbody>\n<tr>\n<td width=\"614\">\n<p>K\u00e9pz\u00e9st ismertet\u0151 online besz\u00e9lget\u00e9s: <strong>2026. janu\u00e1r 14. szerda 19 \u00f3ra<\/strong>. <br \/>\n<strong>Bel\u00e9p\u00e9si link\u00e9rt jelentkezzen emailen: eory.ajandek@semmelweis.hu<\/strong><\/p>\n<\/td>\n<\/tr>\n<\/tbody>\n<\/table>\n<p><a href=\"https:\/\/integrativmedicina.semmelweis.hu\/Assets\/Documents\/HKO_tematika.pdf\"><strong>A k\u00e9pz\u00e9s tematik\u00e1ja<\/strong><\/a><\/p>\n<p>&nbsp;<\/p>\n<p><strong>KOR\u00c1BBI K\u00c9PZ\u00c9SEK<\/strong><\/p>\n<p><a href=\"https:\/\/semmelweis.hu\/csot\/2024\/03\/10\/aurikuloterapia-akkreditalt-kepzes-orvosok-es-termeszetgyogyaszok-reszere\/\">Aurikuloter\u00e1pia k\u00e9pz\u00e9s &#8211; 2024. j\u00fanius<\/a><\/p>\n<p><a href=\"https:\/\/semmelweis.hu\/csot\/2022\/12\/15\/a-fajdalom-es-meddoseg-kezelesenek-kulonleges-technikai\/\">F\u00e1jdalom \u00e9s medd\u0151s\u00e9g kezel\u00e9s\u00e9nek k\u00fcl\u00f6nleges technik\u00e1i<\/a><\/p>\n<p><a href=\"https:\/\/semmelweis.hu\/csot\/2023\/02\/04\/%e4%bd%bf%e7%94%a8%e7%89%b9%e6%ae%8a%e6%8a%80%e6%9c%af%e6%b2%bb%e7%96%97%e7%96%bc%e7%97%9b%e5%92%8c%e4%b8%8d%e5%ad%95%e7%97%87-%e9%92%88%e5%88%ba\/\">\u4f7f\u7528\u7279\u6b8a\u6280\u672f\u6cbb\u7597\u75bc\u75db\u548c\u4e0d\u5b55\u75c7\u00a0(\u9488\u523a)<\/a><\/p>\n","protected":false},"excerpt":{"rendered":"<p>AKTU\u00c1LIS K\u00c9PZ\u00c9S Semmelweis Egyetem Hagyom\u00e1nyos K\u00ednai Orvosk\u00e9pz\u00e9s \u00d6r\u00f6mmel adjuk h\u00edr\u00fcl, hogy a Semmelweis Egyetem Szen\u00e1tusa elfogadta \u00a0\u00e9s az Oktat\u00e1si Hivatal (TTOVYHO k\u00f3ddal) nyilv\u00e1ntart\u00e1sba vette a Semmelweis Egyetem Csal\u00e1dorvosi Tansz\u00e9k Integrat\u00edv Medicina Tansz\u00e9ki Csoport \u00e1ltal beny\u00fajtott Hagyom\u00e1nyos K\u00ednai Orvos Szakir\u00e1ny\u00fa Tov\u00e1bbk\u00e9pz\u00e9st. A k\u00e9pz\u00e9s 2026. febru\u00e1r 15-\u00e9n indul. A k\u00e9pz\u00e9s \u00e1ltal\u00e1nos orvosi, vagy fogorvosi diplom\u00e1val rendelkez\u0151 orvosok &hellip;<\/p>\n","protected":false},"author":101661,"featured_media":0,"parent":4992,"menu_order":0,"comment_status":"closed","ping_status":"closed","template":"template-fullwidth.php","meta":{"_acf_changed":false,"footnotes":""},"categories":[],"tags":[],"class_list":["post-6339","page","type-page","status-publish","hentry"],"acf":[],"publishpress_future_action":{"enabled":false,"date":"1970-01-01 01:00:00","action":"","terms":[],"taxonomy":"","browser_timezone_offset":0},"_links":{"self":[{"href":"https:\/\/semmelweis.hu\/csot\/wp-json\/wp\/v2\/pages\/6339","targetHints":{"allow":["GET"]}}],"collection":[{"href":"https:\/\/semmelweis.hu\/csot\/wp-json\/wp\/v2\/pages"}],"about":[{"href":"https:\/\/semmelweis.hu\/csot\/wp-json\/wp\/v2\/types\/page"}],"author":[{"embeddable":true,"href":"https:\/\/semmelweis.hu\/csot\/wp-json\/wp\/v2\/users\/101661"}],"replies":[{"embeddable":true,"href":"https:\/\/semmelweis.hu\/csot\/wp-json\/wp\/v2\/comments?post=6339"}],"version-history":[{"count":7,"href":"https:\/\/semmelweis.hu\/csot\/wp-json\/wp\/v2\/pages\/6339\/revisions"}],"predecessor-version":[{"id":8110,"href":"https:\/\/semmelweis.hu\/csot\/wp-json\/wp\/v2\/pages\/6339\/revisions\/8110"}],"up":[{"embeddable":true,"href":"https:\/\/semmelweis.hu\/csot\/wp-json\/wp\/v2\/pages\/4992"}],"wp:attachment":[{"href":"https:\/\/semmelweis.hu\/csot\/wp-json\/wp\/v2\/media?parent=6339"}],"wp:term":[{"taxonomy":"category","embeddable":true,"href":"https:\/\/semmelweis.hu\/csot\/wp-json\/wp\/v2\/categories?post=6339"},{"taxonomy":"post_tag","embeddable":true,"href":"https:\/\/semmelweis.hu\/csot\/wp-json\/wp\/v2\/tags?post=6339"}],"curies":[{"name":"wp","href":"https:\/\/api.w.org\/{rel}","templated":true}]}}