{"id":6167,"date":"2022-09-24T13:26:59","date_gmt":"2022-09-24T11:26:59","guid":{"rendered":"https:\/\/semmelweis.hu\/csot\/?page_id=6167"},"modified":"2022-11-08T11:52:41","modified_gmt":"2022-11-08T10:52:41","slug":"idopontfoglalasi-naptar-i2jbs8zgeyaz","status":"publish","type":"page","link":"https:\/\/semmelweis.hu\/csot\/idopontfoglalasi-naptar-i2jbs8zgeyaz\/","title":{"rendered":"Id\u0151pontfoglal\u00e1si napt\u00e1r"},"content":{"rendered":"<p><strong>[CP_APP_HOUR_BOOKING_LIST from=&#8221;today&#8221; to=&#8221;today +30 days&#8221; fields=&#8221;DATE,TIME,app_service_1,email&#8221; calendar=&#8221;1&#8243;]<\/strong><\/p>\n","protected":false},"excerpt":{"rendered":"<p>[CP_APP_HOUR_BOOKING_LIST from=&#8221;today&#8221; to=&#8221;today +30 days&#8221; fields=&#8221;DATE,TIME,app_service_1,email&#8221; calendar=&#8221;1&#8243;]<\/p>\n","protected":false},"author":101661,"featured_media":0,"parent":0,"menu_order":0,"comment_status":"closed","ping_status":"closed","template":"","meta":{"_acf_changed":false,"footnotes":""},"categories":[],"tags":[],"class_list":["post-6167","page","type-page","status-publish","hentry"],"acf":[],"publishpress_future_action":{"enabled":false,"date":"1970-01-01 01:00:00","action":"","terms":[],"taxonomy":"","browser_timezone_offset":0},"_links":{"self":[{"href":"https:\/\/semmelweis.hu\/csot\/wp-json\/wp\/v2\/pages\/6167","targetHints":{"allow":["GET"]}}],"collection":[{"href":"https:\/\/semmelweis.hu\/csot\/wp-json\/wp\/v2\/pages"}],"about":[{"href":"https:\/\/semmelweis.hu\/csot\/wp-json\/wp\/v2\/types\/page"}],"author":[{"embeddable":true,"href":"https:\/\/semmelweis.hu\/csot\/wp-json\/wp\/v2\/users\/101661"}],"replies":[{"embeddable":true,"href":"https:\/\/semmelweis.hu\/csot\/wp-json\/wp\/v2\/comments?post=6167"}],"version-history":[{"count":11,"href":"https:\/\/semmelweis.hu\/csot\/wp-json\/wp\/v2\/pages\/6167\/revisions"}],"predecessor-version":[{"id":6296,"href":"https:\/\/semmelweis.hu\/csot\/wp-json\/wp\/v2\/pages\/6167\/revisions\/6296"}],"wp:attachment":[{"href":"https:\/\/semmelweis.hu\/csot\/wp-json\/wp\/v2\/media?parent=6167"}],"wp:term":[{"taxonomy":"category","embeddable":true,"href":"https:\/\/semmelweis.hu\/csot\/wp-json\/wp\/v2\/categories?post=6167"},{"taxonomy":"post_tag","embeddable":true,"href":"https:\/\/semmelweis.hu\/csot\/wp-json\/wp\/v2\/tags?post=6167"}],"curies":[{"name":"wp","href":"https:\/\/api.w.org\/{rel}","templated":true}]}}