{"id":6158,"date":"2022-09-24T12:46:24","date_gmt":"2022-09-24T10:46:24","guid":{"rendered":"https:\/\/semmelweis.hu\/csot\/?page_id=6158"},"modified":"2026-01-20T14:49:46","modified_gmt":"2026-01-20T13:49:46","slug":"sikeres-idopontfoglalas","status":"publish","type":"page","link":"https:\/\/semmelweis.hu\/csot\/sikeres-idopontfoglalas\/","title":{"rendered":"Sikeres id\u0151pontfoglal\u00e1s"},"content":{"rendered":"<p>Tisztelt P\u00e1ciens!<\/p>\n<p>Az id\u0151pontfoglal\u00e1sa sikeres volt, emailben meg fogja kapni a r\u00e9szleteket.<\/p>\n<p>Amennyiben m\u00e9gsem tud elj\u00f6nni a foglalt id\u0151pontra, k\u00e9rem emailben mondja le foglal\u00e1s\u00e1t az al\u00e1bb c\u00edmen:<br \/>\n<a href=\"mailto:titkarsag.csot@semmelweis.hu\">titkarsag.csot@semmelweis.hu<\/a><\/p>\n<p>V\u00e1rjuk rendel\u00e9s\u00fcnk\u00f6n.<\/p>\n","protected":false},"excerpt":{"rendered":"<p>Tisztelt P\u00e1ciens!<br \/>\nAz id\u0151pontfoglal\u00e1sa sikeres volt, emailben meg fogja kapni a r\u00e9szleteket.<br \/>\nAmennyiben m\u00e9gsem tud elj\u00f6nni a foglalt id\u0151pontra, k\u00e9rem emailben mondja le foglal\u00e1s\u00e1t az al\u00e1bb c\u00edmen:<br \/>\n<a href=\"mailto:titkarsag.csot@semmelweis.hu\">titkarsag.csot@semmelweis.hu<\/a><br \/>\nV\u00e1rjuk rendel\u00e9s\u00fcnk\u00f6n.<\/p>\n","protected":false},"author":101661,"featured_media":0,"parent":0,"menu_order":0,"comment_status":"closed","ping_status":"closed","template":"","meta":{"_acf_changed":false,"footnotes":""},"categories":[],"tags":[],"class_list":["post-6158","page","type-page","status-publish","hentry"],"acf":[],"publishpress_future_action":{"enabled":false,"date":"1970-01-01 01:00:00","action":"","terms":[],"taxonomy":"","browser_timezone_offset":0},"_links":{"self":[{"href":"https:\/\/semmelweis.hu\/csot\/wp-json\/wp\/v2\/pages\/6158","targetHints":{"allow":["GET"]}}],"collection":[{"href":"https:\/\/semmelweis.hu\/csot\/wp-json\/wp\/v2\/pages"}],"about":[{"href":"https:\/\/semmelweis.hu\/csot\/wp-json\/wp\/v2\/types\/page"}],"author":[{"embeddable":true,"href":"https:\/\/semmelweis.hu\/csot\/wp-json\/wp\/v2\/users\/101661"}],"replies":[{"embeddable":true,"href":"https:\/\/semmelweis.hu\/csot\/wp-json\/wp\/v2\/comments?post=6158"}],"version-history":[{"count":4,"href":"https:\/\/semmelweis.hu\/csot\/wp-json\/wp\/v2\/pages\/6158\/revisions"}],"predecessor-version":[{"id":8152,"href":"https:\/\/semmelweis.hu\/csot\/wp-json\/wp\/v2\/pages\/6158\/revisions\/8152"}],"wp:attachment":[{"href":"https:\/\/semmelweis.hu\/csot\/wp-json\/wp\/v2\/media?parent=6158"}],"wp:term":[{"taxonomy":"category","embeddable":true,"href":"https:\/\/semmelweis.hu\/csot\/wp-json\/wp\/v2\/categories?post=6158"},{"taxonomy":"post_tag","embeddable":true,"href":"https:\/\/semmelweis.hu\/csot\/wp-json\/wp\/v2\/tags?post=6158"}],"curies":[{"name":"wp","href":"https:\/\/api.w.org\/{rel}","templated":true}]}}