{"id":6156,"date":"2022-09-24T12:42:12","date_gmt":"2022-09-24T10:42:12","guid":{"rendered":"https:\/\/semmelweis.hu\/csot\/?page_id=6156"},"modified":"2025-02-24T14:17:36","modified_gmt":"2025-02-24T13:17:36","slug":"betegellatas","status":"publish","type":"page","link":"https:\/\/semmelweis.hu\/csot\/betegellatas\/","title":{"rendered":"Betegell\u00e1t\u00e1s"},"content":{"rendered":"<p>A Csal\u00e1dorvosi Tansz\u00e9ken megny\u00edlt az orsz\u00e1g els\u0151, teljesk\u00f6r\u0171 ell\u00e1t\u00e1st ny\u00fajt\u00f3 oktat\u00f3 csal\u00e1dorvosi praxisk\u00f6z\u00f6ss\u00e9ge.<\/p>\n<p>Az oktat\u00f3 praxisok c\u00edme: Szent R\u00f3kus Klinikai T\u00f6mb 1097 Budapest, St\u00e1hly u. 7-9. V. emelet.<\/p>\n<p><span style=\"color: #ff0000\">A rendel\u00e9s \u00e1tmenetileg a R\u00f3kus K\u00f3rh\u00e1z m\u00e1sodik emelet\u00e9re k\u00f6lt\u00f6z\u00f6tt \u00e1t, el\u0151rel\u00e1that\u00f3lag m\u00e1rcius v\u00e9g\u00e9ig. Bej\u00e1rat a Gyulai P\u00e1l utca fel\u0151l.<\/span><\/p>\n<h3>Rendel\u00e9si id\u0151<\/h3>\n<p>H\u00e9tf\u0151t\u0151l p\u00e9ntekig: 9-13 \u00f3ra<\/p>\n<h3>A rendel\u00e9s dolgoz\u00f3i<\/h3>\n<ul>\n<li>Dr. Krolopp Anna<\/li>\n<li>Dr. Batta D\u00f3ra<\/li>\n<li>Kosik Marianna<\/li>\n<\/ul>\n<h3>Id\u0151pont<\/h3>\n<p>A rendel\u00e9s id\u0151pontfoglal\u00e1ssal vehet\u0151 ig\u00e9nybe.<\/p>\n<ul>\n<li>Oldalunkon: <a href=\"https:\/\/semmelweis.hu\/csot\/betegellatas\/elojegyzes\/\">A k\u00f6lt\u00f6z\u00e9s miatt nem \u00e9rhet\u0151 el.<\/a><\/li>\n<li>Telefonon: <a href=\"tel:06-30-016-4574\">06-30-016-4574<\/a><\/li>\n<\/ul>\n<h3>Szolg\u00e1ltat\u00e1sok<\/h3>\n<ul>\n<li>teljes k\u00f6r\u0171 csal\u00e1dorvosi ell\u00e1t\u00e1s, online el\u0151jegyz\u00e9s<\/li>\n<li>az alapell\u00e1t\u00e1shoz kapcsol\u00f3d\u00f3, kivizsg\u00e1l\u00e1shoz, kezel\u00e9shez sz\u00fcks\u00e9ges szakell\u00e1t\u00e1sok biztos\u00edt\u00e1sa a Semmelweis polg\u00e1rok r\u00e9sz\u00e9re a Semmelweis Egyetem ambulanci\u00e1in<\/li>\n<li>professzion\u00e1lis eg\u00e9szs\u00e9gi \u00e1llapot felm\u00e9r\u00e9s<\/li>\n<li>egy\u00e9nre szabott prevenci\u00f3s rendel\u00e9s<\/li>\n<li>\u00e9letm\u00f3d tan\u00e1csad\u00e1s (f\u00f3kuszban az eg\u00e9szs\u00e9ges t\u00e1pl\u00e1lkoz\u00e1s \u00e9s a biztons\u00e1gos testmozg\u00e1s \u2013 a tests\u00falykontroll el\u0151seg\u00edt\u00e9se (Inbody test\u00f6sszet\u00e9tel m\u00e9r\u00e9s) az obezit\u00e1s, mint n\u00e9pbetegs\u00e9g visszaszor\u00edt\u00e1sa \u00e9rdek\u00e9ben; ezzel \u00f6sszhangban kardiovaszkul\u00e1ris rizik\u00f3cs\u00f6kkent\u00e9st c\u00e9lz\u00f3 intervenci\u00f3k)\n<ul>\n<li>rizik\u00f3cs\u00f6kkent\u00e9st c\u00e9lz\u00f3 egy\u00e9ni tan\u00e1csad\u00e1sok<\/li>\n<li>csoportos foglalkoz\u00e1sok\n<ul>\n<li>\u00e9letm\u00f3dv\u00e1lt\u00e1st t\u00e1mogat\u00f3 tematikus klubok<\/li>\n<li>tests\u00falycs\u00f6kkent\u0151 program (t\u00e1pl\u00e1lkoz\u00e1si tan\u00e1csad\u00e1ssal, l\u00e9gz\u0151gyakorlatokkal, torn\u00e1val \u00e9s f\u00fclakupunkt\u00far\u00e1s tests\u00falycs\u00f6kkent\u00e9ssel)<\/li>\n<li>funkcion\u00e1lis edz\u00e9s, gy\u00f3gytorna stb.<\/li>\n<li>doh\u00e1nyz\u00e1s leszok\u00e1s t\u00e1mogat\u00e1s<\/li>\n<\/ul>\n<\/li>\n<\/ul>\n<\/li>\n<li>dietetikai tan\u00e1csad\u00e1s (kr\u00f3nikus betegs\u00e9ggel rendelkez\u0151k r\u00e9sz\u00e9re)<\/li>\n<li>\u00e9rsz\u0171k\u00fclet vizsg\u00e1lat (Boso ABI System 100 boka-kar index m\u00e9r\u0151)<a href=\"https:\/\/www.googleadservices.com\/pagead\/aclk?sa=L&amp;ai=DChcSEwiTp4Sv0Lf6AhUKn9UKHSYQC0wYABADGgJ3cw&amp;ohost=www.google.com&amp;cid=CAESa-D2WGWkyI92L0xd1iCm_i3oAhZoNZ21q5J-zjPfc0jLzB_3dvsZ6dOC3ybMn_WA4haEqKQMRwwo0n1L3MhBw6xMSNzmiCQP_SZRRYf6uq5E21m5rqrRc6lNDsV_jnixtsK7yiX3ZAdbKZmj&amp;sig=AOD64_0nXOcsHgwhzXFrvJpQopTrdXdJgg&amp;q&amp;adurl&amp;ved=2ahUKEwiTovyu0Lf6AhXnh_0HHXyIABkQ0Qx6BAgEEAE\">Boso ABI System 100 boka-kar index m\u00e9r\u0151) <\/a><\/li>\n<li>ment\u00e1lis eg\u00e9szs\u00e9g program\n<ul>\n<li>egy\u00e9ni tan\u00e1csad\u00e1s<\/li>\n<li>csoportos foglalkoz\u00e1s\n<ul>\n<li>Progressz\u00edv relax\u00e1ci\u00f3<\/li>\n<li>Mindfullness<\/li>\n<li>Williams \u00c9letk\u00e9szs\u00e9gek Tr\u00e9ning<\/li>\n<\/ul>\n<\/li>\n<\/ul>\n<\/li>\n<li>j\u00f6v\u0151beni tervk\u00e9nt szerepel a gyermek csal\u00e1dorvosi praxis megnyit\u00e1sa is<\/li>\n<\/ul>\n<h3>K\u00fcldet\u00e9s\u00fcnk<\/h3>\n<ul>\n<li>A Semmelweis Egyetem polg\u00e1rainak testi-lelki eg\u00e9szs\u00e9gmeg\u0151rz\u00e9se<\/li>\n<li>A gondoskod\u00f3 Csal\u00e1dbar\u00e1t Egyetem Program keret\u00e9ben professzion\u00e1lis keretek k\u00f6z\u00f6tt csal\u00e1dorvosi ell\u00e1t\u00e1s biztos\u00edt\u00e1sa a polg\u00e1roknak \u00e9s a vel\u00fck egy h\u00e1ztart\u00e1sban \u00e9l\u0151k (14 \u00e9ves kor felett) r\u00e9sz\u00e9re;<\/li>\n<li>Oktat\u00e1si sz\u00ednt\u00e9rk\u00e9nt akt\u00edv szerepet v\u00e1llalnak abban, hogy az alapell\u00e1t\u00e1s fejleszt\u00e9s\u00e9vel, n\u00e9pszer\u0171s\u00edt\u00e9s\u00e9vel a Semmelweis hallgat\u00f3k k\u00f6r\u00e9ben vonz\u00f3v\u00e1 tegy\u00e9k a csal\u00e1dorvosi szakm\u00e1t, ez\u00e1ltal az \u00e1gazat hum\u00e1ner\u0151forr\u00e1s-hi\u00e1nya cs\u00f6kkenthet\u0151, ut\u00e1np\u00f3tl\u00e1s nevel\u00e9s indulhasson el a Semmelweis Egyetemen;<\/li>\n<li>A Semmelweis Praxisk\u00f6z\u00f6ss\u00e9gi modell program szorosan kapcsol\u00f3dna a nemzeti alapell\u00e1t\u00e1si reformokhoz;<\/li>\n<li>K\u00e9tir\u00e1ny\u00fa oktat\u00e1s val\u00f3sulna meg, a praxisk\u00f6z\u00f6ss\u00e9g eg\u00e9szs\u00e9g\u00fcgyi dolgoz\u00f3i (kiterjesztett hat\u00e1sk\u00f6r\u0171 \u00e1pol\u00f3, h\u00e1ziorvosi asszisztens, pszichol\u00f3gus, dietetikus, gy\u00f3gytorn\u00e1sz, term\u00e9szetgy\u00f3gy\u00e1sz) munk\u00e1j\u00e1nak bemutat\u00e1sa fontos szerepet j\u00e1tszana a hallgat\u00f3k oktat\u00e1s\u00e1ban.<\/li>\n<\/ul>\n<h3>Szolg\u00e1ltat\u00f3 int\u00e9zetek<\/h3>\n<ul>\n<li>Csal\u00e1dorvosi Tansz\u00e9k<\/li>\n<li>Integrat\u00edv Medicina Tansz\u00e9ki Csoport,<\/li>\n<li>Magatart\u00e1studom\u00e1nyi Int\u00e9zet,<\/li>\n<li>N\u00e9peg\u00e9szs\u00e9gtani Int\u00e9zet,<\/li>\n<li>Semmelweis Eg\u00e9szs\u00e9gfejleszt\u00e9si K\u00f6zpont<\/li>\n<\/ul>\n<h3>K\u00f6zrem\u0171k\u00f6d\u0151 int\u00e9zetek<\/h3>\n<ul>\n<li>Dietetikai \u00e9s T\u00e1pl\u00e1lkoz\u00e1studom\u00e1nyi Tansz\u00e9k,<\/li>\n<li>Fizioter\u00e1piai Tansz\u00e9k, Klinikai Pszichol\u00f3giai Tansz\u00e9k<\/li>\n<\/ul>\n<h3>F\u0151 feladatok<\/h3>\n<p>Csal\u00e1dorvosi ell\u00e1t\u00e1s, kivizsg\u00e1l\u00e1shoz sz\u00fcks\u00e9ges egy\u00e9b eg\u00e9szs\u00e9g\u00fcgyi szolg\u00e1ltat\u00e1sok el\u00e9r\u00e9se a Semmelweis Egyetemen, gradu\u00e1lis \u00e9s posztgradu\u00e1lis oktat\u00e1s, ut\u00e1np\u00f3tl\u00e1s nevel\u00e9s, kutat\u00e1s, j\u00f3gyakorlat kialak\u00edt\u00e1sa az alapell\u00e1t\u00e1s orsz\u00e1gos szint\u0171 fejleszt\u00e9s\u00e9hez<\/p>\n","protected":false},"excerpt":{"rendered":"<p>A Csal\u00e1dorvosi Tansz\u00e9ken megny\u00edlt az orsz\u00e1g els\u0151, teljesk\u00f6r\u0171 ell\u00e1t\u00e1st ny\u00fajt\u00f3 oktat\u00f3 csal\u00e1dorvosi praxisk\u00f6z\u00f6ss\u00e9ge. Az oktat\u00f3 praxisok c\u00edme: Szent R\u00f3kus Klinikai T\u00f6mb 1097 Budapest, St\u00e1hly u. 7-9. V. emelet. A rendel\u00e9s \u00e1tmenetileg a R\u00f3kus K\u00f3rh\u00e1z m\u00e1sodik emelet\u00e9re k\u00f6lt\u00f6z\u00f6tt \u00e1t, el\u0151rel\u00e1that\u00f3lag m\u00e1rcius v\u00e9g\u00e9ig. Bej\u00e1rat a Gyulai P\u00e1l utca fel\u0151l. Rendel\u00e9si id\u0151 H\u00e9tf\u0151t\u0151l p\u00e9ntekig: 9-13 \u00f3ra A rendel\u00e9s &hellip;<\/p>\n","protected":false},"author":101661,"featured_media":0,"parent":0,"menu_order":0,"comment_status":"closed","ping_status":"closed","template":"","meta":{"_acf_changed":false,"footnotes":""},"categories":[],"tags":[],"class_list":["post-6156","page","type-page","status-publish","hentry"],"acf":[],"publishpress_future_action":{"enabled":false,"date":"1970-01-01 01:00:00","action":"","terms":[],"taxonomy":"","browser_timezone_offset":0},"_links":{"self":[{"href":"https:\/\/semmelweis.hu\/csot\/wp-json\/wp\/v2\/pages\/6156","targetHints":{"allow":["GET"]}}],"collection":[{"href":"https:\/\/semmelweis.hu\/csot\/wp-json\/wp\/v2\/pages"}],"about":[{"href":"https:\/\/semmelweis.hu\/csot\/wp-json\/wp\/v2\/types\/page"}],"author":[{"embeddable":true,"href":"https:\/\/semmelweis.hu\/csot\/wp-json\/wp\/v2\/users\/101661"}],"replies":[{"embeddable":true,"href":"https:\/\/semmelweis.hu\/csot\/wp-json\/wp\/v2\/comments?post=6156"}],"version-history":[{"count":10,"href":"https:\/\/semmelweis.hu\/csot\/wp-json\/wp\/v2\/pages\/6156\/revisions"}],"predecessor-version":[{"id":7409,"href":"https:\/\/semmelweis.hu\/csot\/wp-json\/wp\/v2\/pages\/6156\/revisions\/7409"}],"wp:attachment":[{"href":"https:\/\/semmelweis.hu\/csot\/wp-json\/wp\/v2\/media?parent=6156"}],"wp:term":[{"taxonomy":"category","embeddable":true,"href":"https:\/\/semmelweis.hu\/csot\/wp-json\/wp\/v2\/categories?post=6156"},{"taxonomy":"post_tag","embeddable":true,"href":"https:\/\/semmelweis.hu\/csot\/wp-json\/wp\/v2\/tags?post=6156"}],"curies":[{"name":"wp","href":"https:\/\/api.w.org\/{rel}","templated":true}]}}