{"id":6134,"date":"2022-09-19T19:26:33","date_gmt":"2022-09-19T17:26:33","guid":{"rendered":"https:\/\/semmelweis.hu\/csot\/?page_id=6134"},"modified":"2023-10-01T18:32:57","modified_gmt":"2023-10-01T16:32:57","slug":"elojegyzes","status":"publish","type":"page","link":"https:\/\/semmelweis.hu\/csot\/betegellatas\/elojegyzes\/","title":{"rendered":"El\u0151jegyz\u00e9s"},"content":{"rendered":"<p>A betegell\u00e1t\u00e1s a tansz\u00e9k \u00e1tmeneti lez\u00e1r\u00e1sa \u00e9s k\u00f6lt\u00f6z\u00e9se miatt egyenl\u0151re nem \u00e9rhet\u0151 el.<\/p>\n","protected":false},"excerpt":{"rendered":"<p>A betegell\u00e1t\u00e1s a tansz\u00e9k \u00e1tmeneti lez\u00e1r\u00e1sa \u00e9s k\u00f6lt\u00f6z\u00e9se miatt egyenl\u0151re nem \u00e9rhet\u0151 el.<\/p>\n","protected":false},"author":101661,"featured_media":0,"parent":6156,"menu_order":0,"comment_status":"closed","ping_status":"closed","template":"","meta":{"_acf_changed":false,"footnotes":""},"categories":[],"tags":[],"class_list":["post-6134","page","type-page","status-publish","hentry"],"acf":[],"publishpress_future_action":{"enabled":false,"date":"1970-01-01 01:00:00","action":"","terms":[],"taxonomy":"","browser_timezone_offset":0},"_links":{"self":[{"href":"https:\/\/semmelweis.hu\/csot\/wp-json\/wp\/v2\/pages\/6134","targetHints":{"allow":["GET"]}}],"collection":[{"href":"https:\/\/semmelweis.hu\/csot\/wp-json\/wp\/v2\/pages"}],"about":[{"href":"https:\/\/semmelweis.hu\/csot\/wp-json\/wp\/v2\/types\/page"}],"author":[{"embeddable":true,"href":"https:\/\/semmelweis.hu\/csot\/wp-json\/wp\/v2\/users\/101661"}],"replies":[{"embeddable":true,"href":"https:\/\/semmelweis.hu\/csot\/wp-json\/wp\/v2\/comments?post=6134"}],"version-history":[{"count":10,"href":"https:\/\/semmelweis.hu\/csot\/wp-json\/wp\/v2\/pages\/6134\/revisions"}],"predecessor-version":[{"id":6592,"href":"https:\/\/semmelweis.hu\/csot\/wp-json\/wp\/v2\/pages\/6134\/revisions\/6592"}],"up":[{"embeddable":true,"href":"https:\/\/semmelweis.hu\/csot\/wp-json\/wp\/v2\/pages\/6156"}],"wp:attachment":[{"href":"https:\/\/semmelweis.hu\/csot\/wp-json\/wp\/v2\/media?parent=6134"}],"wp:term":[{"taxonomy":"category","embeddable":true,"href":"https:\/\/semmelweis.hu\/csot\/wp-json\/wp\/v2\/categories?post=6134"},{"taxonomy":"post_tag","embeddable":true,"href":"https:\/\/semmelweis.hu\/csot\/wp-json\/wp\/v2\/tags?post=6134"}],"curies":[{"name":"wp","href":"https:\/\/api.w.org\/{rel}","templated":true}]}}