{"id":6028,"date":"2022-06-15T09:23:48","date_gmt":"2022-06-15T07:23:48","guid":{"rendered":"https:\/\/semmelweis.hu\/csot\/?page_id=6028"},"modified":"2026-01-20T14:50:16","modified_gmt":"2026-01-20T13:50:16","slug":"hangulatzavarok-affektiv-temperamentum-vizsgalata-kronikus-betegsegekben-kutatocsoport","status":"publish","type":"page","link":"https:\/\/semmelweis.hu\/csot\/kutatas\/kutatocsoportok\/hangulatzavarok-affektiv-temperamentum-vizsgalata-kronikus-betegsegekben-kutatocsoport\/","title":{"rendered":"Hangulatzavarok, affekt\u00edv temperamentum vizsg\u00e1lata kr\u00f3nikus betegs\u00e9gekben  kutat\u00f3csoport"},"content":{"rendered":"<p>Kutat\u00f3csoport vezet\u0151: Dr. Torzsa P\u00e9ter Ph.D., egyetemi tan\u00e1r<br \/>\ne-mail: torzsa.peter@semmelweis.hu<\/p>\n<p>V\u00e9gzett Ph.D. hallgat\u00f3: Dr. E\u0151ry Aj\u00e1nd\u00e9k Ph.D.<br \/>\nPh.D. hallgat\u00f3: Dr. Hargittay Csenge<br \/>\nDr. Csatl\u00f3s Dalma<\/p>\n<p>Tudom\u00e1nyos di\u00e1kk\u00f6r\u00f6s: Hrenk\u00f3 \u00c1ron IV. \u00e9ves orvostanhallgat\u00f3<br \/>\nL\u0151rincz Csilla IV. \u00e9ves orvostanhallgat\u00f3<br \/>\nTorzsa Gergely M\u00e1rton IV. \u00e9ves orvostanhallgat\u00f3<\/p>\n<p><strong>Kutat\u00e1si t\u00e9m\u00e1k<\/strong><br \/>\n1. Szorong\u00e1s, depresszi\u00f3 \u00e9s az affekt\u00edv temperamentum-t\u00edpusok el\u0151fordul\u00e1sa 2-es t\u00edpus\u00fa cukorbetegekn\u00e9l. Milyen szem\u00e9lyis\u00e9g jellemz\u0151k befoly\u00e1solj\u00e1k a cukorbetegek egy\u00fcttm\u0171k\u00f6d\u00e9si k\u00e9szs\u00e9g\u00e9t, a sz\u00f6v\u0151dm\u00e9nyek kialakul\u00e1s\u00e1t?<br \/>\nMind a cukorbetegs\u00e9g, mind a depresszi\u00f3 a sz\u00edv-\u00e9rrendszeri betegs\u00e9geknek \u00f6n\u00e1ll\u00f3 rizik\u00f3faktora. A sz\u00edv-\u00e9rrendszeri mortalit\u00e1s magas ar\u00e1nya, az akut t\u00f6rt\u00e9n\u00e9seket k\u00f6vet\u0151<br \/>\nmaradand\u00f3 eg\u00e9szs\u00e9gk\u00e1rosod\u00e1s, \u00e9letmin\u0151s\u00e9g-roml\u00e1s \u00e9s a j\u00e1rul\u00e9kos k\u00f6lts\u00e9gn\u00f6veked\u00e9s indokolja a hajlamos\u00edt\u00f3 t\u00e9nyez\u0151k felder\u00edt\u00e9s\u00e9t \u00e9s kezel\u00e9s\u00e9t. Az ut\u00f3bbi id\u0151ben folytatott intenz\u00edv kutat\u00e1s felvetette \u00f6t k\u00fcl\u00f6nb\u00f6z\u0151 affekt\u00edv temperamentum (depressz\u00edv, hipert\u00edm, ciklot\u00edm, ingerl\u00e9keny \u00e9s szorong\u00f3) depresszi\u00f3ra vonatkoz\u00f3 predikt\u00edv \u00e9rt\u00e9k\u00e9t. A k\u00fcl\u00f6nb\u00f6z\u0151 temperamentumok megl\u00e9te Magyarorsz\u00e1gon is valid\u00e1lt \u00f6nkit\u00f6lt\u0151s k\u00e9rd\u0151\u00edvvel (TEMPS-A) objekt\u00edven felm\u00e9rhet\u0151, a h\u00e1ziorvosi praxisban is k\u00f6nnyen alkalmazhat\u00f3.<br \/>\nA csal\u00e1dorvosoknak kiemelked\u0151 szerepe van a cukorbetegek gondoz\u00e1s\u00e1ban. Hossz\u00fat\u00e1v\u00fa k\u00f6vet\u00e9ses vizsg\u00e1latunk c\u00e9lja, hogy j\u00f3l defini\u00e1lt 2-es t\u00edpus\u00fa popul\u00e1ci\u00f3n, csal\u00e1dorvosi praxisokban a TEMPS-A k\u00e9rd\u0151\u00edvvel meghat\u00e1rozzuk az egyes affekt\u00edv temperamentumok szerep\u00e9t \u00e9s kapcsolat\u00e1t a cukorbetegs\u00e9ggel t\u00e1rsul\u00f3 pszichi\u00e1triai betegs\u00e9gekkel.<br \/>\nVizsg\u00e1latunkban arra is keress\u00fck a v\u00e1laszt, hogy a k\u00fcl\u00f6nb\u00f6z\u0151 szem\u00e9lyis\u00e9gjegyek befoly\u00e1solj\u00e1k-e a p\u00e1ciensek egy\u00fcttm\u0171k\u00f6d\u00e9si k\u00e9szs\u00e9g\u00e9t, HbA1C \u00e9rt\u00e9k\u00e9t \u00e9s a sz\u00f6v\u0151dm\u00e9nyek kialakul\u00e1s\u00e1t.<br \/>\nR\u00f6gz\u00edt\u00e9sre ker\u00fcl az \u00f6ngyilkoss\u00e1gra pozit\u00edv csal\u00e1di anamn\u00e9zis is \u00e9s elemezz\u00fck ennek \u00f6sszef\u00fcgg\u00e9s\u00e9t a cukorbetegek hangulatzavar\u00e1val.<\/p>\n<p>A beteg\u00e9let\u00fat seg\u00edts\u00e9g\u00e9vel a p\u00e1ciensek ter\u00e1pi\u00e1s adherenci\u00e1j\u00e1t is k\u00f6vetni tudjuk.<\/p>\n<p>2. Az art\u00e9ri\u00e1s \u00e9rfalmerevs\u00e9g, a depresszi\u00f3, szorong\u00e1s, az affekt\u00edv temperamentumok \u00e9s sz\u00e9rum biomarkerek kapcsolata alv\u00e1si apnoe szindr\u00f3m\u00e1ban szenved\u0151, CPAP kezel\u00e9sben r\u00e9szes\u00fcl\u0151 betegekn\u00e9l: keresztmetszeti \u00e9s prospekt\u00edv vizsg\u00e1lat. A vaszkul\u00e1ris k\u00e1rosod\u00e1sok pszichoszomatikus h\u00e1tter\u00e9nek vizsg\u00e1lata hossz\u00fa m\u00faltra tekint vissza. A depresszi\u00f3, szorong\u00e1s \u00e9s a sz\u00edv-\u00e9rrendszeri betegs\u00e9gek k\u00f6z\u00f6tti negat\u00edv kapcsolat nyilv\u00e1nval\u00f3nak t\u0171nik, ugyanakkor ezek nem stabil pszichopathol\u00f3giai jellemz\u0151k, \u00e9letm\u00f3d v\u00e1ltoztat\u00e1sra, gy\u00f3gyszeres kezel\u00e9s hat\u00e1s\u00e1ra lefoly\u00e1suk hull\u00e1mz\u00f3 lehet. Bizonyos szem\u00e9lyis\u00e9gjegyek, utalunk itt els\u0151sorban az \u00e1ltalunk legt\u00f6bbet vizsg\u00e1lt affekt\u00edv<br \/>\ntemperamentumokra, serd\u00fcl\u0151kort k\u00f6vet\u0151en stabilit\u00e1st mutatnak, \u00edgy a k\u00f6zt\u00fck \u00e9s a sz\u00edv-\u00e9rrendszeri k\u00e1rosod\u00e1sok k\u00f6z\u00f6tt tal\u00e1lt kapcsolat prevenci\u00f3s szempontb\u00f3l nagyon hasznos lehet.<br \/>\nKutat\u00f3csoportunk c\u00e9lja k\u00fcl\u00f6nb\u00f6z\u0151 pszichometriai param\u00e9terek, szem\u00e9lyis\u00e9gjellemz\u0151k \u00e9s a vaszkul\u00e1ris k\u00e1rosod\u00e1sok (art\u00e9ri\u00e1s \u00e9rfalmerevs\u00e9g, centr\u00e1lis hemodinamikai param\u00e9terek, coronaria atherosclerosis) k\u00f6z\u00f6tti kapcsolatok felt\u00e1r\u00e1sa \u00e9s az ezt medi\u00e1l\u00f3 jel\u00e1tviv\u0151 folyamatok (pl. brain-derived neurotrophic factor) vizsg\u00e1lata, t\u00f6bb egyetemi int\u00e9zettel val\u00f3 kollabor\u00e1ci\u00f3ban.<\/p>\n<p><strong>D\u00edjazott tudom\u00e1nyos di\u00e1kk\u00f6r\u00f6seink:<\/strong><br \/>\n1. Hokstok Orsolya, S\u00e1gi Judit I. helyezett 2012, CSAKOSZ d\u00edj, XXXI.<br \/>\nOTDK-ra<\/p>\n<p><strong>Deleg\u00e1lt hallgat\u00f3k<\/strong><\/p>\n<p>2. Igari Erzs\u00e9bet I. helyezett 2012, CSAKOSZ d\u00edj, XXXI.<br \/>\nOTDK-ra<\/p>\n<p><strong>Deleg\u00e1lt hallgat\u00f3<\/strong><\/p>\n<p>3. P\u00e1lfy Adrienn II. helyezett 2012<br \/>\n4. Pozsonyi Etelka III. helyezett 2013<br \/>\n5. S\u00e1gi Judit nincs helyez\u00e9s 2013<br \/>\n6. Maga P\u00e9tern\u00e9 Sz\u0171cs Alexandra II. helyezett 2015<br \/>\n7. Maga P\u00e9tern\u00e9 Sz\u0171cs Alexandra I. helyezett 2016 CSAKOSZ d\u00edj, XXXIII.<br \/>\nOTDK-ra deleg\u00e1lt hallgat\u00f3<br \/>\n8. Sipkovics Zs\u00f3fia nincs helyez\u00e9s 2020<\/p>\n<p><strong>Kutat\u00f3csoportunk legjelent\u0151sebb publik\u00e1ci\u00f3i<\/strong><br \/>\nEory, A., Rozsa, S., Gonda, X., Dome, P., Torzsa, P., Simavorian, T., Fountoulakis, K.N., Pompili, M., Serafini, G., Akiskal, K.K., Akiskal, H.S., Rihmer, Z., Kalabay, L.: The association of affective temperaments with smoking initiation and maintenance in adult primary care patients. J Affect Disord. 172:397-402. doi: 10.1016\/j.jad.2014.10.036. (2015)<\/p>\n<p>E\u0151ry, A., Gonda, X., Lang, Zs., Torzsa, P., Kalman, J., Kalabay, L., Rihmer, Z.: Personality and cardiovascular risk: Association between hypertension and affective temperaments \u2013 a cross-sectional observational study in primary care settings European Journal of General Practice 20:247-252. (2014)<\/p>\n<p>E\u0151ry, A., R\u00f3zsa, S., Torzsa, P., Kalabay, L., Gonda, X., Rihmer, Z.: Affective temperaments contribute to cardiac complications in hypertension independently of depression. Psychotherapy and Psychosomatics. 83:197-189. (2014)<\/p>\n<p>Csatl\u00f3s, D., Ferenci, T., Kalabay, L., L\u00e1szl\u00f3, A., Hargittay, Cs., M\u00e1rkus, B., Szak\u00e1cs, Z., Torzsa, P.: A csal\u00e1dorvosok alv\u00e1si apno\u00e9val kapcsolatos ismeretei \u00e9s attit\u0171djei. Megval\u00f3sul-e az OSAS sz\u0171r\u00e9se a j\u00e1rm\u0171vezet\u0151k eg\u00e9szs\u00e9gi alkalmass\u00e1g\u00e1nak vizsg\u00e1lata sor\u00e1n? Ideggy\u00f3gy\u00e1szati Szemle 70:105-115. (2017)<\/p>\n<p>Csatl\u00f3s, D., Szak\u00e1cs, Z., \u00c1d\u00e1m, \u00c1., Annus, J.,4, L\u00e1szl\u00f3, A., Kalabay, L., Torzsa, P.: Hogyan kivitelezhet\u0151 az Obstrukt\u00edv Alv\u00e1si Apnoe Szindr\u00f3ma sz\u0171r\u00e9se az alapell\u00e1t\u00e1sban? H\u00e1ziorvos Tov\u00e1bbk\u00e9pz\u0151 Szemle. 3:191-195. (2016)<\/p>\n<p>Dombov\u00e1ri, M., Bern\u00e1t, I., Simon, M., Csatl\u00f3s, D., Hargittay, Cs., Torzsa, P.: Hossz\u00fa t\u00e1v\u00fa CPAP compliance a Magyar Honv\u00e9ds\u00e9g Eg\u00e9szs\u00e9g\u00fcgyi K\u00f6zpont Alv\u00e1slaborat\u00f3rium\u00e1ban gondozott betegek k\u00f6r\u00e9ben. Lege Artis Medicinae 29:161-167. (2019)<\/p>\n<p>Hargittay, Csenge; Gonda, X\u00e9nia ; M\u00e1rkus, Bernadett ; Sipkovits, Zs\u00f3fia ; V\u00f6r\u00f6s, Kriszti\u00e1n; Kalabay, L\u00e1szl\u00f3 ; Rihmer, Zolt\u00e1n ; Torzsa, P\u00e9ter. A szorong\u00e1s \u00e9s a diabetes k\u00f6zti kapcsolat (The relationship between anxiety and diabetes.) ORVOSI HETILAP 162 : 31 pp. 1226-1232. , 7 p. (2021)<\/p>\n<p>Hargittay, Csenge; Gonda, X\u00e9nia ; M\u00e1rkus, Bernadett ; V\u00f6r\u00f6s, Kriszti\u00e1n ; Tab\u00e1k, Gy. \u00c1d\u00e1m; Kalabay, L\u00e1szl\u00f3 ; Rihmer, Zolt\u00e1n ; Torzsa, P\u00e9ter. Az antidepressz\u00edvumok \u00e9s a cukorbetegs\u00e9g k\u00f6zti kapcsolat. LEGE ARTIS MEDICINAE 30 : 4-5 pp. 181-189. , 9 p. (2020)<\/p>\n<p>Hargittay, Csenge; M\u00e1rkus, Bernadett ; V\u00f6r\u00f6s, Kriszti\u00e1n ; Tab\u00e1k, Gy. \u00c1d\u00e1m. A diabetes \u00e9s a depresszi\u00f3 egy\u00fcttes el\u0151fordul\u00e1sa, lehets\u00e9ges k\u00e9tir\u00e1ny\u00fa kapcsolata \u00e9s sz\u0171r\u00e9s\u00fck jelent\u0151s\u00e9ge [Co-occurrence of diabetes and depression, their potential bidirectional association and the significance of their screening]. ORVOSI HETILAP 160 : 21 pp. 807-814. , 8 p. (2019)<\/p>\n<p>Hargittay, Cs., V\u00f6r\u00f6s, K., E\u0151ry, A., M\u00e1rkus, B., Szab\u00f3, G., Rihmer, Z., Gonda, X., Torzsa, P. A cukorbetegs\u00e9g sz\u00f6v\u0151dm\u00e9nyeinek \u00f6sszef\u00fcgg\u00e9se a depresszi\u00f3s \u00e9s szorong\u00e1sos t\u00fcnetekkel. (2023). Orvosi Hetilap, 164(3), 79-87.<\/p>\n<p>Hargittay, Cs., E\u0151ry, A., M\u00e1rkus, B., Mohos, A., Ferenci, T., V\u00f6r\u00f6s, K., Rihmer, Z., Gonda, X., Torzsa, P. (2022). Severity of depressive but not anxiety symptoms impacts glucose metabolism among patients with type 2 diabetes in primary care. Frontiers in Medicine, 9, Paper: 944047, 10 p.<\/p>\n","protected":false},"excerpt":{"rendered":"<p>Kutat\u00f3csoport vezet\u0151: Dr. Torzsa P\u00e9ter Ph.D., egyetemi tan\u00e1r e-mail: torzsa.peter@semmelweis.hu V\u00e9gzett Ph.D. hallgat\u00f3: Dr. E\u0151ry Aj\u00e1nd\u00e9k Ph.D. Ph.D. hallgat\u00f3: Dr. Hargittay Csenge Dr. Csatl\u00f3s Dalma Tudom\u00e1nyos di\u00e1kk\u00f6r\u00f6s: Hrenk\u00f3 \u00c1ron IV. \u00e9ves orvostanhallgat\u00f3 L\u0151rincz Csilla IV. \u00e9ves orvostanhallgat\u00f3 Torzsa Gergely M\u00e1rton IV. \u00e9ves orvostanhallgat\u00f3 Kutat\u00e1si t\u00e9m\u00e1k 1. Szorong\u00e1s, depresszi\u00f3 \u00e9s az affekt\u00edv temperamentum-t\u00edpusok el\u0151fordul\u00e1sa 2-es t\u00edpus\u00fa &hellip;<\/p>\n","protected":false},"author":101661,"featured_media":0,"parent":5872,"menu_order":0,"comment_status":"closed","ping_status":"closed","template":"","meta":{"_acf_changed":false,"footnotes":""},"categories":[],"tags":[],"class_list":["post-6028","page","type-page","status-publish","hentry"],"acf":[],"publishpress_future_action":{"enabled":false,"date":"1970-01-01 01:00:00","action":"","terms":[],"taxonomy":"","browser_timezone_offset":0},"_links":{"self":[{"href":"https:\/\/semmelweis.hu\/csot\/wp-json\/wp\/v2\/pages\/6028","targetHints":{"allow":["GET"]}}],"collection":[{"href":"https:\/\/semmelweis.hu\/csot\/wp-json\/wp\/v2\/pages"}],"about":[{"href":"https:\/\/semmelweis.hu\/csot\/wp-json\/wp\/v2\/types\/page"}],"author":[{"embeddable":true,"href":"https:\/\/semmelweis.hu\/csot\/wp-json\/wp\/v2\/users\/101661"}],"replies":[{"embeddable":true,"href":"https:\/\/semmelweis.hu\/csot\/wp-json\/wp\/v2\/comments?post=6028"}],"version-history":[{"count":3,"href":"https:\/\/semmelweis.hu\/csot\/wp-json\/wp\/v2\/pages\/6028\/revisions"}],"predecessor-version":[{"id":8153,"href":"https:\/\/semmelweis.hu\/csot\/wp-json\/wp\/v2\/pages\/6028\/revisions\/8153"}],"up":[{"embeddable":true,"href":"https:\/\/semmelweis.hu\/csot\/wp-json\/wp\/v2\/pages\/5872"}],"wp:attachment":[{"href":"https:\/\/semmelweis.hu\/csot\/wp-json\/wp\/v2\/media?parent=6028"}],"wp:term":[{"taxonomy":"category","embeddable":true,"href":"https:\/\/semmelweis.hu\/csot\/wp-json\/wp\/v2\/categories?post=6028"},{"taxonomy":"post_tag","embeddable":true,"href":"https:\/\/semmelweis.hu\/csot\/wp-json\/wp\/v2\/tags?post=6028"}],"curies":[{"name":"wp","href":"https:\/\/api.w.org\/{rel}","templated":true}]}}