{"id":5876,"date":"2022-03-03T11:39:41","date_gmt":"2022-03-03T10:39:41","guid":{"rendered":"https:\/\/semmelweis.hu\/csot\/?page_id=5876"},"modified":"2022-05-06T10:33:01","modified_gmt":"2022-05-06T08:33:01","slug":"diabetesz-es-szovodmenyei-kutatocsoport","status":"publish","type":"page","link":"https:\/\/semmelweis.hu\/csot\/kutatas\/kutatocsoportok\/diabetesz-es-szovodmenyei-kutatocsoport\/","title":{"rendered":"Diab\u00e9tesz \u00e9s sz\u00f6v\u0151dm\u00e9nyei kutat\u00f3csoport"},"content":{"rendered":"<p><strong>Vezet\u0151<br \/>\n<\/strong>Dr. V\u00f6r\u00f6s Kriszti\u00e1n<\/p>\n<p><strong>Tagok<br \/>\n<\/strong>Dr. Hargittay Csenge<br \/>\nDr. M\u00e1rkus Bernadett<br \/>\nDr. Sz\u00e9lv\u00e1ri \u00c1gnes<\/p>\n<h3>Le\u00edr\u00e1s<\/h3>\n<p>Magyarorsz\u00e1gon Eur\u00f3p\u00e1ban az els\u0151, vil\u00e1gviszonylatban a negyedik legink\u00e1bb elh\u00edzott nemzet. Haz\u00e1nkban a cukorbetegs\u00e9g \u00e9s el\u0151\u00e1llapotai egymilli\u00f3n\u00e1l is t\u00f6bb beteget \u00e9rinthetnek. A kialakul\u00f3 sz\u00f6v\u0151dm\u00e9nyek s\u00falyos terhet jelentenek a betegek \u00e9s a t\u00e1rsadalom sz\u00e1m\u00e1ra is. A befoly\u00e1solhat\u00f3 kock\u00e1zati t\u00e9nyez\u0151k ter\u00e9n les\u00fajt\u00f3 a hazai helyzet.<\/p>\n<p>Az affekt\u00edv temperamentumok a szem\u00e9lyis\u00e9g genetikailag meghat\u00e1rozott, viszonylag \u00e1lland\u00f3 jellemz\u0151i az embereknek.Bizonyos affekt\u00edv temperamentumok gyakoribbak egyes kr\u00f3nikus betegs\u00e9gekben, \u00f6sszef\u00fcggnek a hipert\u00f3nia sz\u00f6v\u0151dm\u00e9nyeinek megjelen\u00e9s\u00e9vel, illetve egyes befoly\u00e1solhat\u00f3 kock\u00e1zati t\u00e9nyez\u0151k (doh\u00e1nyz\u00e1s) fenn\u00e1ll\u00e1s\u00e1val is. Diabeteses betegek k\u00f6r\u00e9ben egyes temperamentumok a rosszabb anyagcserehelyzettel mutattak \u00f6sszef\u00fcgg\u00e9st. Tiszt\u00e1zni k\u00edv\u00e1njuk, hogy az affekt\u00edv temperamentumok hogyan befoly\u00e1solj\u00e1k a betegek attit\u0171dj\u00e9t a diabetes ell\u00e1t\u00e1sban..<\/p>\n<p>A diabetes eredm\u00e9nyes kezel\u00e9s\u00e9hez n\u00e9lk\u00fcl\u00f6zhetetlen a beteg akt\u00edv r\u00e9szv\u00e9tele a betegs\u00e9g gondoz\u00e1sban. A Diabetes Self-Management Questionnaire (DSMQ) pontos adatokat szolg\u00e1ltat a beteg \u00f6ngondoz\u00e1s\u00e1r\u00f3l. A vizsg\u00e1latok sor\u00e1n a \u00f6ngondoz\u00e1s szerep\u00e9t vizsg\u00e1ljuk a cukorbetegs\u00e9g kezel\u00e9s\u00e9ben.<\/p>\n<p><b>A sz\u00f6v\u0151dm\u00e9nyek sz\u0171r\u00e9se<\/b><\/p>\n<p>A tansz\u00e9k k\u00fcls\u0151 diabetol\u00f3gus oktat\u00f3ival egy\u00fcttm\u0171k\u00f6d\u00e9sben a diabeteses betegek sz\u0171r\u00e9s\u00e9t v\u00e9gezz\u00fck senzomotoros \u00e9s autonom neurop\u00e1tia, valamint retinopathia ir\u00e1ny\u00e1ban, kalibr\u00e1lt hangvilla vizsg\u00e1lat, Ewing tesztek v\u00e9gz\u00e9s\u00e9vel, illetve szemfen\u00e9k vizsg\u00e1lattal.\u00a0<\/p>\n<p><b>Als\u00f3 v\u00e9gtagi \u00e9rsz\u0171k\u00fclet sz\u0171r\u00e9se, gyakoris\u00e1ga, rizik\u00f3t\u00e9nyez\u0151i, kezel\u00e9sre diabeteses \u00e9s nagy rizik\u00f3j\u00fa nem diabeteses betegekben<\/b><\/p>\n<p>Magyarorsz\u00e1gon a v\u00e9gtag-amput\u00e1ci\u00f3k sz\u00e1\u00adma nemzetk\u00f6zi \u00f6sszehasonl\u00edt\u00e1sban, mintegy h\u00e1romszor magasabb el\u0151fordul\u00e1st mutat, a cukorbetegek am\u00adput\u00e1ci\u00f3s gyakoris\u00e1ga tizen\u00f6tsz\u00f6r\u00f6se a nem cukorbeteg popul\u00e1ci\u00f3nak. Az als\u00f3 v\u00e9gtagi \u00e9rsz\u0171k\u00fclet korai felismer\u00e9se seg\u00edthet megel\u0151zni az amput\u00e1ci\u00f3kat. Munkacsoportunk 2017 sor\u00e1n 1200, t\u00f6bbs\u00e9g\u00e9ben beteg sz\u0171r\u00e9s\u00e9t v\u00e9gezte el valid\u00e1lt Boso k\u00e9sz\u00fcl\u00e9kkel. A h\u00e1ziorvosok \u00e1ltal magas kock\u00e1zat\u00fanak min\u0151s\u00edtett \u00e9s a sz\u0171r\u00e9sre bek\u00fcld\u00f6tt betegek mellett a szakrendel\u00e9sen \u00e9s h\u00e1ziorvosok \u00e1ltal gondozott diabeteses betegek vizsg\u00e1lat\u00e1t v\u00e9gezz\u00fck. A k\u00e9t csoport adatainak \u00f6sszevet\u00e9s\u00e9vel k\u00edv\u00e1njuk tiszt\u00e1zni a betegs\u00e9g gyakoris\u00e1g\u00e1t, elt\u00e9r\u0151 rizik\u00f3t\u00e9nyez\u0151it, kezel\u00e9s\u00e9nek jellemz\u0151it. A M\u00f6nckeberg sclerosis h\u00e1tter\u00e9ben a neuropathia \u00e9s az anyagcsere min\u0151s\u00e9ge is szerepet j\u00e1tszik.Tiszt\u00e1zni k\u00edv\u00e1njuk a diabeteses neurop\u00e1tia \u00e9s a PAD egy\u00fcttes el\u0151fordul\u00e1s\u00e1nak gyakoris\u00e1g\u00e1t, a neuropathia kapcsolat\u00e1t a M\u00f6nckeberg sclerosis megjelen\u00e9s\u00e9vel.<\/p>\n<h3>Egy\u00fcttm\u0171k\u00f6d\u00e9s<\/h3>\n<p>P\u00e9csi Tudom\u00e1nyegyetem, Csal\u00e1dorvosi Tansz\u00e9k<\/p>\n<h3>A t\u00e9m\u00e1ban megjelent k\u00f6zlem\u00e9nyek<\/h3>\n<p>M\u00e1rkus B, Hargittay Cs, Iller B, Rinfel J, Bencsik P, Ol\u00e1h I, Kalabay L, V\u00f6r\u00f6s K. Validation of the revised Diabetes Self-Management Questionnaire (DSMQ-R) in the primary care setting. BMC Primary Care 23:1; 2 , 9 p. (2022)<\/p>\n<p>V\u00f6r\u00f6s, K., M\u00e1rkus, B., Hargittay, C., Sisak, O., &amp; Kalabay, L. (2018). Perceived cardiovascular risk and attitude towards lifestyle change. <i>Family practice<\/i>, <i>35<\/i>(6), 712\u2013717.<\/p>\n<p>&nbsp;<\/p>\n<h3>El\u0151ad\u00e1sok<\/h3>\n<p>M\u00e1rkus B, Hargittay Cs, Iller B, Rinfel J, Bencsik P, Ol\u00e1h I, Torzsa P, Kalabay L, V\u00f6r\u00f6s K. Translation and validation of the Diabetes Self-Management Questionnaire (DSMQ).\u00a0In: WONCA, World Organization of National Colleges, Academies and Academic Associations of General Practitioners\/Family Physicians. European Conference of Family Doctors : Book of Abstracts. Brussels, Belgium : World Organization of Family Doctors (WONCA) (2020) pp. 494-495., 2 p.<\/p>\n<p>V\u00f6r\u00f6s K, M\u00e1rkus B, Hargittay Cs, Iller B, Ol\u00e1h I, Rinfel J, Kalabay L. A Diabetes Self-Management Questionnaire leford\u00edt\u00e1sa \u00e9s valid\u00e1l\u00e1sa. Csal\u00e1dorvos Kutat\u00f3k Orsz\u00e1gos Szervezete (CSAKOSZ) XIX. Kongresszusa, Gy\u0151r, 2020. febru\u00e1r 27.<\/p>\n<p>M\u00e1rkus B, Hargittay Cs, Iller B, Rinfel J, Bencsik P, Ol\u00e1h I, Torzsa P, Kalabay L, V\u00f6r\u00f6s K. A Diabetes Self-Management Questionnaire leford\u00edt\u00e1sa \u00e9s valid\u00e1l\u00e1sa. DIABETOLOGIA HUNGARICA 28 : Suppl. 1 pp. 78-79. , 2 p. (2020)<\/p>\n<p>Dr. V\u00f6r\u00f6s Kriszti\u00e1n, Dr. M\u00e1rkus Bernadett, Dr. Hargittay Csenge, Dr. Sisak Orsolya, Dr. Sz\u00e9lv\u00e1ri \u00c1gnes, Dr. Kalabay L\u00e1szl\u00f3. Kr\u00f3nikus betegs\u00e9ggel, antropometriai param\u00e9terekkel, \u00e9letm\u00f3ddal kapcsolatos t\u00e9ved\u00e9sek jelent\u0151s\u00e9ge. CSAKOSZ Kongresszus, Hajd\u00faszoboszl\u00f3 2019.02.28.<\/p>\n<p>Ol\u00e1h I, Iller B, Ill\u00e9s K, V\u00f6r\u00f6s K. A diabeteses l\u00e1b sz\u0171r\u00e9se h\u00e1ziorvosok \u00e9s a szakrendel\u0151 \u00f6sszefog\u00e1s\u00e1val. Csal\u00e1dorvos Kutat\u00f3k Orsz\u00e1gos Szervezete (CSAKOSZ) XVIII. Kongresszusa, Hajd\u00faszoboszl\u00f3, 2019. febru\u00e1r 28.-m\u00e1rcius 2.<\/p>\n<p>M\u00e1rkus B, V\u00f6r\u00f6s K, Torzsa P, Hargittay Cs, Sz\u00e9lv\u00e1ri \u00c1, Bencsik P, Kalabay L. Assessment of self-care behaviors of diabetic patients in primary care settings. 86th Meeting of the European General Practice Research Network. Lille, France, 2018. m\u00e1jus 10-13. (Poszter)<\/p>\n<p>Ol\u00e1h I, Ill\u00e9s K, Iller B, Fejes Zs, V\u00f6r\u00f6s K. T\u00f6rekv\u00e9s az als\u00f3 v\u00e9gtagi amput\u00e1ci\u00f3k elker\u00fcl\u00e9s\u00e9re ker\u00fclet\u00fcnkben. Magyar Diabetes T\u00e1rsas\u00e1g XXVI. Kongresszusa, Szeged, 2018. \u00e1prilis 19-22.<\/p>\n<p>V\u00f6r\u00f6s K, M\u00e1rkus B, Hargittay Cs, Kalabay L. P\u00e1ciensek kardiovaszkul\u00e1ris vesz\u00e9ly\u00e9rzet\u00e9nek hat\u00e1sa \u00e9letm\u00f3d-v\u00e1ltoztat\u00e1sukra. Csal\u00e1dorvos Kutat\u00f3k Orsz\u00e1gos Szervezete (CSAKOSZ) XVII. Kongresszus, Hark\u00e1ny, 2018. febru\u00e1r 22-24.<\/p>\n<p>M\u00e1rkus B, V\u00f6r\u00f6s K, Torzsa P, Hargittay Cs, Sz\u00e9lv\u00e1ri \u00c1, Bencsik P, Kalabay L. Diabeteszes betegek \u00f6ngondoz\u00e1s\u00e1nak k\u00e9rd\u0151\u00edves felm\u00e9r\u00e9se DSMQ k\u00e9rd\u0151\u00edv seg\u00edts\u00e9g\u00e9vel. CSAKOSZ Konferencia. Hark\u00e1ny, Magyarorsz\u00e1g: 2018.02.22 -2018.02.24.<\/p>\n<p>Ol\u00e1h I, V\u00f6r\u00f6s K. A diab\u00e9teszes l\u00e1b kialakul\u00e1s\u00e1nak megel\u0151z\u00e9se a h\u00e1ziorvosi praxisban. Magyar Diabetes T\u00e1rsas\u00e1g XXV. Jubileumi Kongresszusa, P\u00e9cs, 2017. \u00e1prilis 20-23.<\/p>\n<p>V\u00f6r\u00f6s Kriszti\u00e1n. A doh\u00e1nyosok v\u00e9leked\u00e9se kardiovaszkul\u00e1ris rizik\u00f3jukr\u00f3l \u00e9s hajland\u00f3s\u00e1guk az \u00e9letm\u00f3d-v\u00e1ltoztat\u00e1sra. CSAKOSZ XVI. KONGRESSZUSA, Szeged, 2017.02.23.<\/p>\n<p>Ol\u00e1h I, V\u00f6r\u00f6s K. A diabeteses l\u00e1b kialakul\u00e1s\u00e1nak megel\u0151z\u00e9se a h\u00e1ziorvosi praxisban. A Magyar Sebkezel\u0151 T\u00e1rsas\u00e1g XIX. Kongresszusa. Budapest, 2016. okt\u00f3ber 20-21.<\/p>\n<p>&nbsp;<\/p>\n<h3>TDK, szakdolgozat<\/h3>\n<p>A doh\u00e1nyosok ismeretei a doh\u00e1nyz\u00e1s \u00e1rtalmair\u00f3l \u00e9s kardiovaszkul\u00e1ris kock\u00e1zatukr\u00f3l. Sisak Orsolya M\u00e1ria, 2011, Szakdolgozat<\/p>\n<p>A h\u00e1ziorvoshoz fordul\u00f3 betegek al\u00e1becs\u00fclik kardiovaszkul\u00e1ris kock\u00e1zatukat. A v\u00e9lt \u00e9s val\u00f3s rizik\u00f3 \u00f6sszehasonl\u00edt\u00f3 \u00e9rt\u00e9kel\u00e9se, Sisak Orsolya M\u00e1ria, 2011, TDK dolgozat<\/p>\n","protected":false},"excerpt":{"rendered":"<p>Vezet\u0151 Dr. V\u00f6r\u00f6s Kriszti\u00e1n Tagok Dr. Hargittay Csenge Dr. M\u00e1rkus Bernadett Dr. Sz\u00e9lv\u00e1ri \u00c1gnes Le\u00edr\u00e1s Magyarorsz\u00e1gon Eur\u00f3p\u00e1ban az els\u0151, vil\u00e1gviszonylatban a negyedik legink\u00e1bb elh\u00edzott nemzet. Haz\u00e1nkban a cukorbetegs\u00e9g \u00e9s el\u0151\u00e1llapotai egymilli\u00f3n\u00e1l is t\u00f6bb beteget \u00e9rinthetnek. A kialakul\u00f3 sz\u00f6v\u0151dm\u00e9nyek s\u00falyos terhet jelentenek a betegek \u00e9s a t\u00e1rsadalom sz\u00e1m\u00e1ra is. A befoly\u00e1solhat\u00f3 kock\u00e1zati t\u00e9nyez\u0151k ter\u00e9n les\u00fajt\u00f3 a &hellip;<\/p>\n","protected":false},"author":101661,"featured_media":0,"parent":5872,"menu_order":0,"comment_status":"closed","ping_status":"closed","template":"","meta":{"_acf_changed":false,"footnotes":""},"categories":[],"tags":[],"class_list":["post-5876","page","type-page","status-publish","hentry"],"acf":[],"publishpress_future_action":{"enabled":false,"date":"1970-01-01 01:00:00","action":"","terms":[],"taxonomy":"","browser_timezone_offset":0},"_links":{"self":[{"href":"https:\/\/semmelweis.hu\/csot\/wp-json\/wp\/v2\/pages\/5876","targetHints":{"allow":["GET"]}}],"collection":[{"href":"https:\/\/semmelweis.hu\/csot\/wp-json\/wp\/v2\/pages"}],"about":[{"href":"https:\/\/semmelweis.hu\/csot\/wp-json\/wp\/v2\/types\/page"}],"author":[{"embeddable":true,"href":"https:\/\/semmelweis.hu\/csot\/wp-json\/wp\/v2\/users\/101661"}],"replies":[{"embeddable":true,"href":"https:\/\/semmelweis.hu\/csot\/wp-json\/wp\/v2\/comments?post=5876"}],"version-history":[{"count":5,"href":"https:\/\/semmelweis.hu\/csot\/wp-json\/wp\/v2\/pages\/5876\/revisions"}],"predecessor-version":[{"id":5989,"href":"https:\/\/semmelweis.hu\/csot\/wp-json\/wp\/v2\/pages\/5876\/revisions\/5989"}],"up":[{"embeddable":true,"href":"https:\/\/semmelweis.hu\/csot\/wp-json\/wp\/v2\/pages\/5872"}],"wp:attachment":[{"href":"https:\/\/semmelweis.hu\/csot\/wp-json\/wp\/v2\/media?parent=5876"}],"wp:term":[{"taxonomy":"category","embeddable":true,"href":"https:\/\/semmelweis.hu\/csot\/wp-json\/wp\/v2\/categories?post=5876"},{"taxonomy":"post_tag","embeddable":true,"href":"https:\/\/semmelweis.hu\/csot\/wp-json\/wp\/v2\/tags?post=5876"}],"curies":[{"name":"wp","href":"https:\/\/api.w.org\/{rel}","templated":true}]}}