{"id":5872,"date":"2022-03-03T11:28:20","date_gmt":"2022-03-03T10:28:20","guid":{"rendered":"https:\/\/semmelweis.hu\/csot\/?page_id=5872"},"modified":"2022-06-15T09:25:10","modified_gmt":"2022-06-15T07:25:10","slug":"kutatocsoportok","status":"publish","type":"page","link":"https:\/\/semmelweis.hu\/csot\/kutatas\/kutatocsoportok\/","title":{"rendered":"Kutat\u00f3csoportok"},"content":{"rendered":"<p>A Csal\u00e1dorvosi Tansz\u00e9ken az al\u00e1bbi kutat\u00f3csoportok m\u0171k\u00f6dnek:<\/p>\n<ol>\n<li><a href=\"https:\/\/semmelweis.hu\/csot\/kutatas\/kutatocsoportok\/a-haziorvoslas-aktualitasai-kutatocsoport\/\">A h\u00e1ziorvosl\u00e1s aktualit\u00e1sai kutat\u00f3csoport<\/a><\/li>\n<li><a href=\"https:\/\/semmelweis.hu\/csot\/kutatas\/kutatocsoportok\/diabetesz-es-szovodmenyei-kutatocsoport\/\">Diab\u00e9tesz \u00e9s sz\u00f6v\u0151dm\u00e9nyei kutat\u00f3csoport<\/a><\/li>\n<li><a href=\"https:\/\/semmelweis.hu\/csot\/kutatas\/kutatocsoportok\/hangulatzavarok-affektiv-temperamentum-vizsgalata-kronikus-betegsegekben-kutatocsoport\/\">Hangulatzavarok, affekt\u00edv temperamentum vizsg\u00e1lata kr\u00f3nikus betegs\u00e9gekben<\/a><\/li>\n<li><a href=\"https:\/\/semmelweis.hu\/csot\/kutatas\/kutatocsoportok\/vaszkularis-prevencio-kutatocsoport\/\">Vaszkul\u00e1ris prevenci\u00f3 kutat\u00f3csoport<\/a><\/li>\n<li><a href=\"https:\/\/semmelweis.hu\/csot\/kutatas\/kutatocsoportok\/integrativ-medicina-kutatocsoport\/\">Integrat\u00edv medic\u00edna kutat\u00e1si csoport<\/a><\/li>\n<\/ol>\n","protected":false},"excerpt":{"rendered":"<p>A Csal\u00e1dorvosi Tansz\u00e9ken az al\u00e1bbi kutat\u00f3csoportok m\u0171k\u00f6dnek:<\/p>\n<p><a href=\"https:\/\/semmelweis.hu\/csot\/kutatas\/kutatocsoportok\/a-haziorvoslas-aktualitasai-kutatocsoport\/\">A h\u00e1ziorvosl\u00e1s aktualit\u00e1sai kutat\u00f3csoport<\/a><br \/>\n<a href=\"https:\/\/semmelweis.hu\/csot\/kutatas\/kutatocsoportok\/diabetesz-es-szovodmenyei-kutatocsoport\/\">Diab\u00e9tesz \u00e9s sz\u00f6v\u0151dm\u00e9nyei kutat\u00f3csoport<\/a><br \/>\n<a href=\"https:\/\/semmelweis.hu\/csot\/kutatas\/kutatocsoportok\/hangulatzavarok-affektiv-temperamentum-vizsgalata-kronikus-betegsegekben-kutatocsoport\/\">Hangulatzavarok, affekt\u00edv temperamentum vizsg\u00e1lata kr\u00f3nikus betegs\u00e9gekben<\/a><br \/>\n<a href=\"https:\/\/semmelweis.hu\/csot\/kutatas\/kutatocsoportok\/vaszkularis-prevencio-kutatocsoport\/\">Vaszkul\u00e1ris prevenci\u00f3 kutat\u00f3csoport<\/a><br \/>\n<a href=\"https:\/\/semmelweis.hu\/csot\/kutatas\/kutatocsoportok\/integrativ-medicina-kutatocsoport\/\">Integrat\u00edv medic\u00edna kutat\u00e1si csoport<\/a><\/p>\n","protected":false},"author":101661,"featured_media":0,"parent":5381,"menu_order":0,"comment_status":"closed","ping_status":"closed","template":"","meta":{"_acf_changed":false,"footnotes":""},"categories":[],"tags":[],"class_list":["post-5872","page","type-page","status-publish","hentry"],"acf":[],"publishpress_future_action":{"enabled":false,"date":"1970-01-01 01:00:00","action":"","terms":[],"taxonomy":"","browser_timezone_offset":0},"_links":{"self":[{"href":"https:\/\/semmelweis.hu\/csot\/wp-json\/wp\/v2\/pages\/5872","targetHints":{"allow":["GET"]}}],"collection":[{"href":"https:\/\/semmelweis.hu\/csot\/wp-json\/wp\/v2\/pages"}],"about":[{"href":"https:\/\/semmelweis.hu\/csot\/wp-json\/wp\/v2\/types\/page"}],"author":[{"embeddable":true,"href":"https:\/\/semmelweis.hu\/csot\/wp-json\/wp\/v2\/users\/101661"}],"replies":[{"embeddable":true,"href":"https:\/\/semmelweis.hu\/csot\/wp-json\/wp\/v2\/comments?post=5872"}],"version-history":[{"count":9,"href":"https:\/\/semmelweis.hu\/csot\/wp-json\/wp\/v2\/pages\/5872\/revisions"}],"predecessor-version":[{"id":6030,"href":"https:\/\/semmelweis.hu\/csot\/wp-json\/wp\/v2\/pages\/5872\/revisions\/6030"}],"up":[{"embeddable":true,"href":"https:\/\/semmelweis.hu\/csot\/wp-json\/wp\/v2\/pages\/5381"}],"wp:attachment":[{"href":"https:\/\/semmelweis.hu\/csot\/wp-json\/wp\/v2\/media?parent=5872"}],"wp:term":[{"taxonomy":"category","embeddable":true,"href":"https:\/\/semmelweis.hu\/csot\/wp-json\/wp\/v2\/categories?post=5872"},{"taxonomy":"post_tag","embeddable":true,"href":"https:\/\/semmelweis.hu\/csot\/wp-json\/wp\/v2\/tags?post=5872"}],"curies":[{"name":"wp","href":"https:\/\/api.w.org\/{rel}","templated":true}]}}