{"id":5763,"date":"2022-01-13T15:15:00","date_gmt":"2022-01-13T14:15:00","guid":{"rendered":"https:\/\/semmelweis.hu\/csot\/?page_id=5763"},"modified":"2025-06-26T12:58:28","modified_gmt":"2025-06-26T10:58:28","slug":"dsmq","status":"publish","type":"page","link":"https:\/\/semmelweis.hu\/csot\/dsmq\/","title":{"rendered":"DSMQ k\u00e9rd\u0151\u00edv"},"content":{"rendered":"<h1>DSMQ (Diabetes Self-Management Questionnaire)<br \/>\nCukorbetegek \u00d6ngondoz\u00e1si K\u00e9rd\u0151\u00edve<\/h1>\n<p>A cukorbetegs\u00e9g sikeres kezel\u00e9sben a p\u00e1ciensek \u00f6ngondoz\u00e1s\u00e1nak min\u0151s\u00e9ge jelent\u0151s szerepet j\u00e1tszik, ennek ismerete \u00e9s sz\u00fcks\u00e9g eset\u00e9n optimaliz\u00e1l\u00e1sa az eg\u00e9szs\u00e9g\u00fcgyi dolgoz\u00f3k sz\u00e1m\u00e1ra n\u00e9lk\u00fcl\u00f6zhetetlen. Az \u00f6ngondoz\u00e1st felm\u00e9r\u0151 k\u00e9rd\u0151\u00edvek azonban gyakran nem megfelel\u0151sen valid\u00e1ltak, vagy nem korrel\u00e1lnak a HbA1c-vel. Schmidt \u00e9s mtsai Diabetes Self-Management Questionnaire (DSMQ k\u00e9rd\u0151\u00edv) megalkot\u00e1s\u00e1val megfelel\u0151en valid\u00e1lt, a HbA1c-vel korrel\u00e1l\u00f3 eszk\u00f6z megalkot\u00e1s\u00e1ra t\u00f6rekedtek. A k\u00e9rd\u0151\u00edvbe olyan t\u00e9nyez\u0151ket emeltek be, melyek j\u00f3l korrel\u00e1ltak a HbA1c-vel.<\/p>\n<p>A magyar nyelv\u0171 ford\u00edt\u00e1sa a k\u00e9rd\u0151\u00edvnek validnak bizonyult az alapell\u00e1t\u00e1sban kezelt betegek k\u00f6r\u00e9ben.<\/p>\n<p>A k\u00e9rd\u0151\u00edv eredeti form\u00e1j\u00e1ban (DSMQ-HU) 16 k\u00e9rd\u00e9sb\u0151l \u00e1ll. A b\u0151v\u00edtett verzi\u00f3 n\u00e9gy tov\u00e1bbi k\u00e9rd\u00e9s mellett r\u00e9szletesebben (+ 7 k\u00e9rd\u00e9s) t\u00e9r ki az inzulinkezel\u00e9ssel kapcsolatos k\u00e9rd\u00e9sekre (DSMQ-R, 21+7 k\u00e9rd\u00e9s). Amennyiben az inzulinkezel\u00e9ssel kapcsolatos k\u00e9rd\u00e9sek hangs\u00falyosan mer\u00fclnek fel, \u00fagy c\u00e9lszer\u0171 a DSMQ-R haszn\u00e1lata, egy\u00e9b esetekben a r\u00f6videbb DSMQ haszn\u00e1lata c\u00e9lszer\u0171bb.<\/p>\n<p><strong>Dokumentumok<\/strong><\/p>\n<p>Az adatbevitelt, sz\u00e1mol\u00e1s k\u00f6nny\u00edt\u0151 Excel t\u00e1bl\u00e1t emailben k\u00fcld\u00f6tt k\u00e9r\u00e9sre v\u00e1laszul sz\u00edvesen k\u00fcld\u00fcnk. <a href=\"mailto:voros.krisztian@semmelweis.hu\">voros.krisztian@semmelweis.hu<\/a><\/p>\n<p><a href=\"https:\/\/hqlo.biomedcentral.com\/articles\/10.1186\/1477-7525-11-138\">Schmitt et al. TheDiabetesSelf-Management Questionnaire (DSMQ): development and evaluation of an instrument to assess diabetes self-care activities associated with glycaemic control<\/a><\/p>\n<p><a href=\"https:\/\/bmcprimcare.biomedcentral.com\/articles\/10.1186\/s12875-021-01615-5\">M\u00e1rkus B. et al. Validation of the revised Diabetes Self-Management Questionnaire (DSMQ-R) in the primary care setting<\/a><\/p>\n<p><a href=\"https:\/\/semmelweis.hu\/csot\/files\/2022\/01\/DWMQ-HU.docx\" target=\"_blank\" rel=\"noopener\">DWMQ-HU (Word dokumentum)<\/a><br \/>\n<a href=\"https:\/\/semmelweis.hu\/csot\/files\/2022\/01\/DWMQ-HU.pdf\" target=\"_blank\" rel=\"noopener\">DWMQ-HU (Pdf dokumentum)<\/a><br \/>\n<a href=\"https:\/\/semmelweis.hu\/csot\/files\/2022\/01\/DWMQ-R-HU.docx\" target=\"_blank\" rel=\"noopener\">DWMQ-R-HU (Word dokumentum)<\/a><br \/>\n<a href=\"https:\/\/semmelweis.hu\/csot\/files\/2022\/01\/DWMQ-R-HU.pdf\" target=\"_blank\" rel=\"noopener\">DWMQ-R-HU (Pdf dokumentum)<\/a><br \/>\n<a href=\"https:\/\/semmelweis.hu\/csot\/files\/2022\/01\/DSMQ-scoring-guide.pdf\" target=\"_blank\" rel=\"noopener\">DSMQ-scoring guide (Eredeti angol nyelven)<\/a><\/p>\n","protected":false},"excerpt":{"rendered":"<p>DSMQ (Diabetes Self-Management Questionnaire) Cukorbetegek \u00d6ngondoz\u00e1si K\u00e9rd\u0151\u00edve A cukorbetegs\u00e9g sikeres kezel\u00e9sben a p\u00e1ciensek \u00f6ngondoz\u00e1s\u00e1nak min\u0151s\u00e9ge jelent\u0151s szerepet j\u00e1tszik, ennek ismerete \u00e9s sz\u00fcks\u00e9g eset\u00e9n optimaliz\u00e1l\u00e1sa az eg\u00e9szs\u00e9g\u00fcgyi dolgoz\u00f3k sz\u00e1m\u00e1ra n\u00e9lk\u00fcl\u00f6zhetetlen. Az \u00f6ngondoz\u00e1st felm\u00e9r\u0151 k\u00e9rd\u0151\u00edvek azonban gyakran nem megfelel\u0151sen valid\u00e1ltak, vagy nem korrel\u00e1lnak a HbA1c-vel. Schmidt \u00e9s mtsai Diabetes Self-Management Questionnaire (DSMQ k\u00e9rd\u0151\u00edv) megalkot\u00e1s\u00e1val megfelel\u0151en valid\u00e1lt, a &hellip;<\/p>\n","protected":false},"author":101661,"featured_media":0,"parent":0,"menu_order":0,"comment_status":"closed","ping_status":"closed","template":"","meta":{"_acf_changed":false,"footnotes":""},"categories":[],"tags":[],"class_list":["post-5763","page","type-page","status-publish","hentry"],"acf":[],"publishpress_future_action":{"enabled":false,"date":"1970-01-01 01:00:00","action":"","terms":[],"taxonomy":"","browser_timezone_offset":0},"_links":{"self":[{"href":"https:\/\/semmelweis.hu\/csot\/wp-json\/wp\/v2\/pages\/5763","targetHints":{"allow":["GET"]}}],"collection":[{"href":"https:\/\/semmelweis.hu\/csot\/wp-json\/wp\/v2\/pages"}],"about":[{"href":"https:\/\/semmelweis.hu\/csot\/wp-json\/wp\/v2\/types\/page"}],"author":[{"embeddable":true,"href":"https:\/\/semmelweis.hu\/csot\/wp-json\/wp\/v2\/users\/101661"}],"replies":[{"embeddable":true,"href":"https:\/\/semmelweis.hu\/csot\/wp-json\/wp\/v2\/comments?post=5763"}],"version-history":[{"count":8,"href":"https:\/\/semmelweis.hu\/csot\/wp-json\/wp\/v2\/pages\/5763\/revisions"}],"predecessor-version":[{"id":7802,"href":"https:\/\/semmelweis.hu\/csot\/wp-json\/wp\/v2\/pages\/5763\/revisions\/7802"}],"wp:attachment":[{"href":"https:\/\/semmelweis.hu\/csot\/wp-json\/wp\/v2\/media?parent=5763"}],"wp:term":[{"taxonomy":"category","embeddable":true,"href":"https:\/\/semmelweis.hu\/csot\/wp-json\/wp\/v2\/categories?post=5763"},{"taxonomy":"post_tag","embeddable":true,"href":"https:\/\/semmelweis.hu\/csot\/wp-json\/wp\/v2\/tags?post=5763"}],"curies":[{"name":"wp","href":"https:\/\/api.w.org\/{rel}","templated":true}]}}