{"id":5753,"date":"2022-01-13T11:43:05","date_gmt":"2022-01-13T10:43:05","guid":{"rendered":"https:\/\/semmelweis.hu\/csot\/?page_id=5753"},"modified":"2025-05-17T17:23:47","modified_gmt":"2025-05-17T15:23:47","slug":"pj-praktikum-bei-einem-hausarzt-6-woche","status":"publish","type":"page","link":"https:\/\/semmelweis.hu\/csot\/de\/deutsches-studium\/pj-praktikum-bei-einem-hausarzt-6-woche\/","title":{"rendered":"PJ &#8211; Praktikum bei einem Hausarzt &#8211; 6 Woche"},"content":{"rendered":"<h1>Familienmedizin Praktisches Jahr, (6 Wochen)<\/h1>\n<p>Kreditpunkte:6<br \/>\nStundenanzahl insgesamt:240 Stunden Vorlesung:0 Praktikum: 240 Semina: 0<br \/>\nTyp des Studienfaches: <span style=\"text-decoration: underline\">Pflichtfach<\/span> Wahlpflichtfach Wahlfach<br \/>\nCodenr. des Studienfaches 2 : AOKNEM661_SN<br \/>\nLehrbeauftragte\/r des Studienfaches: Prof. Dr. Torzsa P\u00e9ter<br \/>\nArbeitsplatz, Tel.: 06-1-355-85-30<br \/>\nPosition\/Aufgabenbereich: Direktor<br \/>\nDatum und Nr. der Habilitation: 2020.07.21., 11\/2020<\/p>\n<p><strong>Zielsetzung des Studienfaches, Position im Curriculum der Medizinerausbildung<\/strong><\/p>\n<p>In zertifizierten Lehrpraxen wird die Unterricht in der Form von \u201eein Student \u2013 ein<br \/>\nTutor\u201daufgegangen. Die Ausbildung ist praktikumorientiert, die Studierenden k\u00f6nnen \u00fcber die familienartzliche Arbeit Erfahrungen sammeln, w\u00e4hrend sie nehmen in Sprechstunden, in Patientenversorgung, in Betreuung und Vorbeugung teil.<\/p>\n<p><strong>Unterrichtsort<\/strong><\/p>\n<p>Zertifizierten Lehrpraxen:<br \/>\nDr. T\u00f6r\u00f6k Katalin, 1121 Bp., Zugligeti u. 58-60.<br \/>\nDr. Reis Marianne, 1139 Bp., Szegedi u. 17.<br \/>\nDr. Szab\u00f3 Endre, 1105 Bp., Zsivaj u. 2.<br \/>\nDr. Bak Mih\u00e1ly, 1025 Bp., V\u00e9rhalom t\u00e9r 10.<br \/>\nDr. Kot\u00e1nyi P\u00e9ter, 1097 Budapest<br \/>\nDr. Horv\u00e1th Edit, 1039 Budapest, Csob\u00e1nka t\u00e9r 6.<br \/>\nDr. Becze \u00c1d\u00e1m, 1163 Budapest, Margit u. 33.<br \/>\nDr. Somos \u00c9va, 1025 Budapest, V\u00e9rhalom t\u00e9r 10.<br \/>\nDr. Szab\u00f3 Endre, 1105 Bp., Zsivaj u. 2.<br \/>\nDr. B\u00edr\u00f3 Mariann, 1065 Budapest, Bajcsy-Zsilinszky \u00fat 33.<\/p>\n<p><strong>Erworbene Kompetenzen bei erfolgreicher Ableistung des Studienfaches<\/strong><\/p>\n<p>Die Studierenden arbeiten mit dem familienarztlichen Team in dem Sprechzimmer und bei der Hausbesuchen zusammen.<\/p>\n<p>Wahrend der Zeit des Praktikums erlernen:<br \/>\n&#8211; die physische Untersuchung<br \/>\n&#8211; die Diagnostik<br \/>\n&#8211; die Differenzialdiagnostik<br \/>\n&#8211; die Zubereitung des therapeutischen Plans<br \/>\n&#8211; das Fallstudie-Schreiben<br \/>\n&#8211; die office Administration<br \/>\n&#8211; die sachverstandige Aktivit\u00e4ten<\/p>\n<p>Ihre Kommunikationsfahigkeit entwickelt sich, und erkennen die statistische Parameters, sowie die patientenfl\u00fcssliche-, Morbiditat \u2013und Mortalitatdaten von der Lehrpraxis.<\/p>\n<p><strong>F\u00fcr die Aufnahme des Studienfaches erforderliche Vorbedingung(en) \/ Studienf\u00e4cher: <\/strong>Allgemeinmedizin, Innere Medizin, Preventieve Medizin<\/p>\n<p><strong>Min. und Max. Anzahl der Kursteilnehmer, Art der Auswahl der Studierenden: <\/strong>Nach Einzeleinteilung<\/p>\n<p><strong>Art der Anmeldung f\u00fcr das Studienfach: <\/strong>Im Neptunsystem<\/p>\n<p><strong>Detaillierte Thematik des Studienfaches:<\/strong><br \/>\nThematik der Praktika:<br \/>\n6 Wochen lang in der Arbeit des familienartzlichen Team teilnehmen:<br \/>\nAdministration:<\/p>\n<p>&#8211; Registration von einem neuen Patient<br \/>\n&#8211; \u00dcberweisungsschein zu schreiben<br \/>\n&#8211; Meldung von infekti\u00f6sen Patienten<br \/>\n&#8211; Praxisgemeinschaft Verwaltung<\/p>\n<p>Sachverstandige Aktivitat:<br \/>\n&#8211; Krankengeld<br \/>\n&#8211; F\u00fchrerschein<br \/>\n&#8211; Beurteilung der Arbeitsf\u00e4higkeit<br \/>\n&#8211; Pflegegeb\u00fchr<br \/>\n&#8211; Altersheimplatzierung<br \/>\nPatientuntersuchung, Diagnose\/Therapie<\/p>\n<p>&#8211; Atemweginfektionen: Erkennen, Therapie<br \/>\n&#8211; Harnweginfektionen: Erkennen, Therapie<br \/>\n&#8211; Gastrointestinale Infektionen: Erkennen, Therapie<\/p>\n<p>Therapie\/Betreuung:<\/p>\n<p>&#8211; Kardiovaskulare Krankheiten: Behandlung, Betreuung, Rehabilitation<br \/>\n&#8211; Diabetes mellitus: Behandlung, Betreuung, Rehabilitation<br \/>\n&#8211; Onkologischer Patient: Behandlung, Betreuung, Rehabilitation<br \/>\n&#8211; Atemweg Krankheiten: Behandlung, Betreuung, Rehabilitation<br \/>\n&#8211; Erkrankungen des Bewegungsapparates: Behandlung, Betreuung, Rehabilitation<\/p>\n<p><strong>Sonstige, das gegebene Studienfach betreffende Studienf\u00e4cher (sowohl Pflicht- als auch Wahlplfichtf\u00e4cher!). M\u00f6gliche \u00dcberlappungen der Thematiken: <\/strong>Innere Medizin<\/p>\n<p><strong>Spezielle Studienanforderungen f\u00fcr ein erfolgreiches Absolvieren des Studienfaches: <\/strong>&#8211;<\/p>\n<p><strong>Teilnahmebedingungen und M\u00f6glichkeit zum Nachholen des Lehrstoffes bei Fehlstunden: <\/strong>Teilnahme an mindestens 75% der Praxispraktika ist erforderlich<\/p>\n<p><strong>Art und Weise der Wissenskontrolle w\u00e4hrend der Vorlesungszeit: <\/strong>&#8211;<\/p>\n<p><strong>Anforderungen f\u00fcr den Erhalt der Unterschrift f\u00fcr das gegebene Semester:<\/strong><br \/>\n&#8211; Teilnahme in Praktikumstagen,<br \/>\n&#8211; das vollst\u00e4ndig ausgef\u00fcllt Studentenhandbuch<br \/>\n&#8211; die Bewertung von dem Tutor<\/p>\n<p><strong>Pr\u00fcfungstyp: <\/strong>&#8211;<\/p>\n<p><strong>Pr\u00fcfungsanforderungen: <\/strong>&#8211;<\/p>\n<p><strong>Art und Typ der Benotung: <\/strong>&#8211;<\/p>\n<p><strong>Art der Pr\u00fcfungsanmeldung:<\/strong> &#8211;<br \/>\n<strong>M\u00f6glichkeit der Pr\u00fcfungswiederholung: <\/strong>&#8211;<\/p>\n<p><strong>F\u00fcr die Aneignung des Lehrstoffes zu benutzenden Notizen (gedruckt und\/oder elektronisch, online, Lehrb\u00fccher, Hilfsmaterialien und Fachliteratur (bei online-Lehrmaterialien html):<\/strong><br \/>\nEmpfohlene Fachliteratur:<br \/>\n&#8211; Kochen MM. Allgemein- und Familienmeidzin. 4. Auflage (2012)<br \/>\n&#8211; \u00d6zman M. Leitsympotme Allgemeinmedizin. 3. erweiterte Auflage, Lehmanns Media Verlag (2013)<\/p>\n","protected":false},"excerpt":{"rendered":"<p>Familienmedizin Praktisches Jahr, (6 Wochen) Kreditpunkte:6 Stundenanzahl insgesamt:240 Stunden Vorlesung:0 Praktikum: 240 Semina: 0 Typ des Studienfaches: Pflichtfach Wahlpflichtfach Wahlfach Codenr. des Studienfaches 2 : AOKNEM661_SN Lehrbeauftragte\/r des Studienfaches: Prof. Dr. Torzsa P\u00e9ter Arbeitsplatz, Tel.: 06-1-355-85-30 Position\/Aufgabenbereich: Direktor Datum und Nr. der Habilitation: 2020.07.21., 11\/2020 Zielsetzung des Studienfaches, Position im Curriculum der Medizinerausbildung In zertifizierten &hellip;<\/p>\n","protected":false},"author":101661,"featured_media":0,"parent":191,"menu_order":6,"comment_status":"closed","ping_status":"closed","template":"","meta":{"_acf_changed":false,"footnotes":""},"categories":[],"tags":[],"class_list":["post-5753","page","type-page","status-publish","hentry"],"acf":[],"publishpress_future_action":{"enabled":false,"date":"1970-01-01 01:00:00","action":"","terms":[],"taxonomy":"","browser_timezone_offset":0},"_links":{"self":[{"href":"https:\/\/semmelweis.hu\/csot\/wp-json\/wp\/v2\/pages\/5753","targetHints":{"allow":["GET"]}}],"collection":[{"href":"https:\/\/semmelweis.hu\/csot\/wp-json\/wp\/v2\/pages"}],"about":[{"href":"https:\/\/semmelweis.hu\/csot\/wp-json\/wp\/v2\/types\/page"}],"author":[{"embeddable":true,"href":"https:\/\/semmelweis.hu\/csot\/wp-json\/wp\/v2\/users\/101661"}],"replies":[{"embeddable":true,"href":"https:\/\/semmelweis.hu\/csot\/wp-json\/wp\/v2\/comments?post=5753"}],"version-history":[{"count":5,"href":"https:\/\/semmelweis.hu\/csot\/wp-json\/wp\/v2\/pages\/5753\/revisions"}],"predecessor-version":[{"id":7641,"href":"https:\/\/semmelweis.hu\/csot\/wp-json\/wp\/v2\/pages\/5753\/revisions\/7641"}],"up":[{"embeddable":true,"href":"https:\/\/semmelweis.hu\/csot\/wp-json\/wp\/v2\/pages\/191"}],"wp:attachment":[{"href":"https:\/\/semmelweis.hu\/csot\/wp-json\/wp\/v2\/media?parent=5753"}],"wp:term":[{"taxonomy":"category","embeddable":true,"href":"https:\/\/semmelweis.hu\/csot\/wp-json\/wp\/v2\/categories?post=5753"},{"taxonomy":"post_tag","embeddable":true,"href":"https:\/\/semmelweis.hu\/csot\/wp-json\/wp\/v2\/tags?post=5753"}],"curies":[{"name":"wp","href":"https:\/\/api.w.org\/{rel}","templated":true}]}}