{"id":5734,"date":"2023-11-30T15:39:30","date_gmt":"2023-11-30T14:39:30","guid":{"rendered":"https:\/\/semmelweis.hu\/csot\/?page_id=5734"},"modified":"2024-04-23T09:46:21","modified_gmt":"2024-04-23T07:46:21","slug":"fakt-teszt","status":"publish","type":"page","link":"https:\/\/semmelweis.hu\/csot\/fakt-teszt\/","title":{"rendered":"Csal\u00e1dorvosi ismeretek &#8211; teszt"},"content":{"rendered":"<p>T\u00f6ltse ki az al\u00e1bbi tesztet, minden k\u00e9rd\u00e9sre b\u00e1rmennyi v\u00e1lasz adhat\u00f3.<\/p>\n\n<div class=\"wpcf7 no-js\" id=\"wpcf7-f4797-o1\" lang=\"hu-HU\" dir=\"ltr\" data-wpcf7-id=\"4797\">\n<div class=\"screen-reader-response\"><p role=\"status\" aria-live=\"polite\" aria-atomic=\"true\"><\/p> <ul><\/ul><\/div>\n<form action=\"\/csot\/wp-json\/wp\/v2\/pages\/5734#wpcf7-f4797-o1\" method=\"post\" class=\"wpcf7-form init\" aria-label=\"Kapcsolatfelv\u00e9teli \u0171rlap\" novalidate=\"novalidate\" data-status=\"init\">\n<div style=\"display: none;\">\n<input type=\"hidden\" name=\"_wpcf7\" value=\"4797\" \/>\n<input type=\"hidden\" name=\"_wpcf7_version\" value=\"6.0.5\" \/>\n<input type=\"hidden\" name=\"_wpcf7_locale\" value=\"hu_HU\" \/>\n<input type=\"hidden\" name=\"_wpcf7_unit_tag\" value=\"wpcf7-f4797-o1\" \/>\n<input type=\"hidden\" name=\"_wpcf7_container_post\" value=\"0\" \/>\n<input type=\"hidden\" name=\"_wpcf7_posted_data_hash\" value=\"\" \/>\n<input type=\"hidden\" name=\"_wpcf7_recaptcha_response\" value=\"\" \/>\n<\/div>\n<p>N\u00e9v: <span class=\"wpcf7-form-control-wrap\" data-name=\"Nev\"><input size=\"40\" maxlength=\"400\" class=\"wpcf7-form-control wpcf7-text wpcf7-validates-as-required\" aria-required=\"true\" aria-invalid=\"false\" value=\"\" type=\"text\" name=\"Nev\" \/><\/span><br \/>\nNeptun k\u00f3d: <span class=\"wpcf7-form-control-wrap\" data-name=\"Neptunkod\"><input size=\"40\" maxlength=\"400\" class=\"wpcf7-form-control wpcf7-text wpcf7-validates-as-required\" aria-required=\"true\" aria-invalid=\"false\" value=\"\" type=\"text\" name=\"Neptunkod\" \/><\/span>\n<\/p>\n<p>Mit ker\u00fclj\u00fcnk el az orvos-beteg k\u00f6zti kommunik\u00e1ci\u00f3 sor\u00e1n?<br \/>\n<span class=\"wpcf7-form-control-wrap\" data-name=\"elkerulendo\"><span class=\"wpcf7-form-control wpcf7-checkbox\"><span class=\"wpcf7-list-item first\"><label><input type=\"checkbox\" name=\"elkerulendo[]\" value=\"1, elfogad\u00f3 v\u00e1lasz\" \/><span class=\"wpcf7-list-item-label\">1, elfogad\u00f3 v\u00e1lasz<\/span><\/label><\/span><span class=\"wpcf7-list-item\"><label><input type=\"checkbox\" name=\"elkerulendo[]\" value=\"2, idegen szavak\" \/><span class=\"wpcf7-list-item-label\">2, idegen szavak<\/span><\/label><\/span><span class=\"wpcf7-list-item\"><label><input type=\"checkbox\" name=\"elkerulendo[]\" value=\"3, euf\u00e9mizus alkalmaz\u00e1sa\" \/><span class=\"wpcf7-list-item-label\">3, euf\u00e9mizus alkalmaz\u00e1sa<\/span><\/label><\/span><span class=\"wpcf7-list-item\"><label><input type=\"checkbox\" name=\"elkerulendo[]\" value=\"4, saj\u00e1t \u00e9rzelmek szabadon enged\u00e9se\" \/><span class=\"wpcf7-list-item-label\">4, saj\u00e1t \u00e9rzelmek szabadon enged\u00e9se<\/span><\/label><\/span><span class=\"wpcf7-list-item\"><label><input type=\"checkbox\" name=\"elkerulendo[]\" value=\"1 \u00e9s 3 v\u00e1lasz\" \/><span class=\"wpcf7-list-item-label\">1 \u00e9s 3 v\u00e1lasz<\/span><\/label><\/span><span class=\"wpcf7-list-item last\"><label><input type=\"checkbox\" name=\"elkerulendo[]\" value=\"2 \u00e9s 4 v\u00e1lasz\" \/><span class=\"wpcf7-list-item-label\">2 \u00e9s 4 v\u00e1lasz<\/span><\/label><\/span><\/span><\/span>\n<\/p>\n<p>Melyek a colorect\u00e1lis carcinoma rizik\u00f3t\u00e9nyez\u0151i, KIV\u00c9VE?<br \/>\n<span class=\"wpcf7-form-control-wrap\" data-name=\"CRCriziko\"><span class=\"wpcf7-form-control wpcf7-checkbox\"><span class=\"wpcf7-list-item first\"><label><input type=\"checkbox\" name=\"CRCriziko[]\" value=\"1, pozit\u00edv csal\u00e1di anamn\u00e9zis\" \/><span class=\"wpcf7-list-item-label\">1, pozit\u00edv csal\u00e1di anamn\u00e9zis<\/span><\/label><\/span><span class=\"wpcf7-list-item\"><label><input type=\"checkbox\" name=\"CRCriziko[]\" value=\"2, hypertonia\" \/><span class=\"wpcf7-list-item-label\">2, hypertonia<\/span><\/label><\/span><span class=\"wpcf7-list-item\"><label><input type=\"checkbox\" name=\"CRCriziko[]\" value=\"3, 50 \u00e9v feletti \u00e9letkor\" \/><span class=\"wpcf7-list-item-label\">3, 50 \u00e9v feletti \u00e9letkor<\/span><\/label><\/span><span class=\"wpcf7-list-item\"><label><input type=\"checkbox\" name=\"CRCriziko[]\" value=\"4, immunhi\u00e1nyos \u00e1llapot\" \/><span class=\"wpcf7-list-item-label\">4, immunhi\u00e1nyos \u00e1llapot<\/span><\/label><\/span><span class=\"wpcf7-list-item\"><label><input type=\"checkbox\" name=\"CRCriziko[]\" value=\"1 \u00e9s 3\" \/><span class=\"wpcf7-list-item-label\">1 \u00e9s 3<\/span><\/label><\/span><span class=\"wpcf7-list-item last\"><label><input type=\"checkbox\" name=\"CRCriziko[]\" value=\"2 \u00e9s 4\" \/><span class=\"wpcf7-list-item-label\">2 \u00e9s 4<\/span><\/label><\/span><\/span><\/span>\n<\/p>\n<p>Csal\u00e1dorvosi praxisban orvosk\u00e9nt v\u00e9gzett munk\u00e1hoz sz\u00fcks\u00e9ges<br \/>\n<span class=\"wpcf7-form-control-wrap\" data-name=\"cso_szuks\"><span class=\"wpcf7-form-control wpcf7-checkbox\"><span class=\"wpcf7-list-item first\"><label><input type=\"checkbox\" name=\"cso_szuks[]\" value=\"h\u00e1ziorvosi szakvizsga\" \/><span class=\"wpcf7-list-item-label\">h\u00e1ziorvosi szakvizsga<\/span><\/label><\/span><span class=\"wpcf7-list-item\"><label><input type=\"checkbox\" name=\"cso_szuks[]\" value=\"h\u00e1ziorvosi vagy belgy\u00f3gy\u00e1szati szakvizsga\" \/><span class=\"wpcf7-list-item-label\">h\u00e1ziorvosi vagy belgy\u00f3gy\u00e1szati szakvizsga<\/span><\/label><\/span><span class=\"wpcf7-list-item\"><label><input type=\"checkbox\" name=\"cso_szuks[]\" value=\"\u00e1ltal\u00e1nos orvosi szakvizsga\" \/><span class=\"wpcf7-list-item-label\">\u00e1ltal\u00e1nos orvosi szakvizsga<\/span><\/label><\/span><span class=\"wpcf7-list-item last\"><label><input type=\"checkbox\" name=\"cso_szuks[]\" value=\"h\u00e1ziorvosi licensz vagy szakvizsga\" \/><span class=\"wpcf7-list-item-label\">h\u00e1ziorvosi licensz vagy szakvizsga<\/span><\/label><\/span><\/span><\/span>\n<\/p>\n<p>Alv\u00e1si apnoe szindr\u00f3ma t\u00fcnete<br \/>\n<span class=\"wpcf7-form-control-wrap\" data-name=\"osas\"><span class=\"wpcf7-form-control wpcf7-checkbox\"><span class=\"wpcf7-list-item first\"><label><input type=\"checkbox\" name=\"osas[]\" value=\"1, \u00e9jszakai fejf\u00e1j\u00e1s\" \/><span class=\"wpcf7-list-item-label\">1, \u00e9jszakai fejf\u00e1j\u00e1s<\/span><\/label><\/span><span class=\"wpcf7-list-item\"><label><input type=\"checkbox\" name=\"osas[]\" value=\"2, reggeli fejf\u00e1j\u00e1s\" \/><span class=\"wpcf7-list-item-label\">2, reggeli fejf\u00e1j\u00e1s<\/span><\/label><\/span><span class=\"wpcf7-list-item\"><label><input type=\"checkbox\" name=\"osas[]\" value=\"3, \u00e9jszakai bradycardia\" \/><span class=\"wpcf7-list-item-label\">3, \u00e9jszakai bradycardia<\/span><\/label><\/span><span class=\"wpcf7-list-item last\"><label><input type=\"checkbox\" name=\"osas[]\" value=\"4, \u00e9jszakai tachycardia\" \/><span class=\"wpcf7-list-item-label\">4, \u00e9jszakai tachycardia<\/span><\/label><\/span><\/span><\/span>\n<\/p>\n<p>A konzult\u00e1ci\u00f3 sor\u00e1n a betegben l\u00e9v\u0151 k\u00e9ts\u00e9gekre, felmer\u00fcl\u0151 k\u00e9rd\u00e9sekre utalhat, KIV\u00c9VE:<br \/>\n<span class=\"wpcf7-form-control-wrap\" data-name=\"ketseg\"><span class=\"wpcf7-form-control wpcf7-checkbox\"><span class=\"wpcf7-list-item first\"><label><input type=\"checkbox\" name=\"ketseg[]\" value=\"1, f\u00e9lbehagyott mondatok\" \/><span class=\"wpcf7-list-item-label\">1, f\u00e9lbehagyott mondatok<\/span><\/label><\/span><span class=\"wpcf7-list-item\"><label><input type=\"checkbox\" name=\"ketseg[]\" value=\"2, bizonytalans\u00e1g (non-verb\u00e1lis jelei)\" \/><span class=\"wpcf7-list-item-label\">2, bizonytalans\u00e1g (non-verb\u00e1lis jelei)<\/span><\/label><\/span><span class=\"wpcf7-list-item\"><label><input type=\"checkbox\" name=\"ketseg[]\" value=\"3, elfogad\u00f3 v\u00e1laszok\" \/><span class=\"wpcf7-list-item-label\">3, elfogad\u00f3 v\u00e1laszok<\/span><\/label><\/span><span class=\"wpcf7-list-item last\"><label><input type=\"checkbox\" name=\"ketseg[]\" value=\"4, \u00e9rzelmekkel tel\u00edtett kifejez\u00e9sek haszn\u00e1lata\" \/><span class=\"wpcf7-list-item-label\">4, \u00e9rzelmekkel tel\u00edtett kifejez\u00e9sek haszn\u00e1lata<\/span><\/label><\/span><\/span><\/span>\n<\/p>\n<p>A csal\u00e1dorvos beteggondoz\u00e1si tev\u00e9kenys\u00e9g\u00e9nek jellemz\u0151i, KIV\u00c9VE<br \/>\n<span class=\"wpcf7-form-control-wrap\" data-name=\"gondozas\"><span class=\"wpcf7-form-control wpcf7-checkbox\"><span class=\"wpcf7-list-item first\"><label><input type=\"checkbox\" name=\"gondozas[]\" value=\"1, Adott kr\u00f3nikus betegs\u00e9gek folyamatos sz\u0171r\u00e9se\" \/><span class=\"wpcf7-list-item-label\">1, Adott kr\u00f3nikus betegs\u00e9gek folyamatos sz\u0171r\u00e9se<\/span><\/label><\/span><span class=\"wpcf7-list-item\"><label><input type=\"checkbox\" name=\"gondozas[]\" value=\"2, Definit\u00edv diagn\u00f3zis fel\u00e1ll\u00edt\u00e1sa, saj\u00e1t kompetencia alapj\u00e1n\" \/><span class=\"wpcf7-list-item-label\">2, Definit\u00edv diagn\u00f3zis fel\u00e1ll\u00edt\u00e1sa, saj\u00e1t kompetencia alapj\u00e1n<\/span><\/label><\/span><span class=\"wpcf7-list-item\"><label><input type=\"checkbox\" name=\"gondozas[]\" value=\"3, Gondoz\u00e1si nyilv\u00e1ntart\u00e1s l\u00e9trehoz\u00e1sa\" \/><span class=\"wpcf7-list-item-label\">3, Gondoz\u00e1si nyilv\u00e1ntart\u00e1s l\u00e9trehoz\u00e1sa<\/span><\/label><\/span><span class=\"wpcf7-list-item\"><label><input type=\"checkbox\" name=\"gondozas[]\" value=\"4, J\u00e1rv\u00e1nyos megbeteged\u00e9sek hat\u00e9kony kezel\u00e9se\" \/><span class=\"wpcf7-list-item-label\">4, J\u00e1rv\u00e1nyos megbeteged\u00e9sek hat\u00e9kony kezel\u00e9se<\/span><\/label><\/span><span class=\"wpcf7-list-item last\"><label><input type=\"checkbox\" name=\"gondozas[]\" value=\"5, Folyamatos betegoktat\u00e1s\" \/><span class=\"wpcf7-list-item-label\">5, Folyamatos betegoktat\u00e1s<\/span><\/label><\/span><\/span><\/span>\n<\/p>\n<p><input class=\"wpcf7-form-control wpcf7-submit has-spinner\" type=\"submit\" value=\"K\u00fcld\u00e9s\" \/>\n<\/p><div class=\"wpcf7-response-output\" aria-hidden=\"true\"><\/div>\n<\/form>\n<\/div>\n\n","protected":false},"excerpt":{"rendered":"<p>T\u00f6ltse ki az al\u00e1bbi tesztet, minden k\u00e9rd\u00e9sre b\u00e1rmennyi v\u00e1lasz adhat\u00f3.<\/p>\n","protected":false},"author":101661,"featured_media":0,"parent":0,"menu_order":0,"comment_status":"closed","ping_status":"closed","template":"","meta":{"_acf_changed":false,"footnotes":""},"categories":[],"tags":[],"class_list":["post-5734","page","type-page","status-publish","hentry"],"acf":[],"publishpress_future_action":{"enabled":false,"date":"1970-01-01 01:00:00","action":"","terms":[],"taxonomy":"","browser_timezone_offset":0},"_links":{"self":[{"href":"https:\/\/semmelweis.hu\/csot\/wp-json\/wp\/v2\/pages\/5734","targetHints":{"allow":["GET"]}}],"collection":[{"href":"https:\/\/semmelweis.hu\/csot\/wp-json\/wp\/v2\/pages"}],"about":[{"href":"https:\/\/semmelweis.hu\/csot\/wp-json\/wp\/v2\/types\/page"}],"author":[{"embeddable":true,"href":"https:\/\/semmelweis.hu\/csot\/wp-json\/wp\/v2\/users\/101661"}],"replies":[{"embeddable":true,"href":"https:\/\/semmelweis.hu\/csot\/wp-json\/wp\/v2\/comments?post=5734"}],"version-history":[{"count":2,"href":"https:\/\/semmelweis.hu\/csot\/wp-json\/wp\/v2\/pages\/5734\/revisions"}],"predecessor-version":[{"id":6662,"href":"https:\/\/semmelweis.hu\/csot\/wp-json\/wp\/v2\/pages\/5734\/revisions\/6662"}],"wp:attachment":[{"href":"https:\/\/semmelweis.hu\/csot\/wp-json\/wp\/v2\/media?parent=5734"}],"wp:term":[{"taxonomy":"category","embeddable":true,"href":"https:\/\/semmelweis.hu\/csot\/wp-json\/wp\/v2\/categories?post=5734"},{"taxonomy":"post_tag","embeddable":true,"href":"https:\/\/semmelweis.hu\/csot\/wp-json\/wp\/v2\/tags?post=5734"}],"curies":[{"name":"wp","href":"https:\/\/api.w.org\/{rel}","templated":true}]}}