{"id":5710,"date":"2021-11-25T17:24:44","date_gmt":"2021-11-25T16:24:44","guid":{"rendered":"https:\/\/semmelweis.hu\/csot\/?page_id=5710"},"modified":"2025-06-17T13:05:44","modified_gmt":"2025-06-17T11:05:44","slug":"oktatoi-munka-hallgatoi-velemenyezese","status":"publish","type":"page","link":"https:\/\/semmelweis.hu\/csot\/a-tanszekrol\/oktatoi-munka-hallgatoi-velemenyezese\/","title":{"rendered":"Oktat\u00f3i munka hallgat\u00f3i v\u00e9lem\u00e9nyez\u00e9se"},"content":{"rendered":"<h5>OMHV &#8211; Int\u00e9zked\u00e9si tervek<\/h5>\n<ul>\n<li>\n<p><a href=\"https:\/\/semmelweis.hu\/csot\/omhv-magyar-oktatas\/\">Magyar nyelv\u0171 oktat\u00e1s<\/a><\/p>\n<\/li>\n<li>\n<p><a href=\"https:\/\/semmelweis.hu\/csot\/en\/english-program\/omhv-english-program\/\">Idegen nyelv\u0171 oktat\u00e1s<\/a><\/p>\n<\/li>\n<\/ul>\n","protected":false},"excerpt":{"rendered":"<p>OMHV &#8211; Int\u00e9zked\u00e9si tervek<\/p>\n<p><a href=\"https:\/\/semmelweis.hu\/csot\/omhv-magyar-oktatas\/\">Magyar nyelv\u0171 oktat\u00e1s<\/a><\/p>\n<p><a href=\"https:\/\/semmelweis.hu\/csot\/en\/english-program\/omhv-english-program\/\">Idegen nyelv\u0171 oktat\u00e1s<\/a><\/p>\n","protected":false},"author":101661,"featured_media":0,"parent":2,"menu_order":0,"comment_status":"closed","ping_status":"closed","template":"","meta":{"_acf_changed":false,"footnotes":""},"categories":[],"tags":[],"class_list":["post-5710","page","type-page","status-publish","hentry"],"acf":[],"publishpress_future_action":{"enabled":false,"date":"1970-01-01 01:00:00","action":"","terms":[],"taxonomy":"","browser_timezone_offset":0},"_links":{"self":[{"href":"https:\/\/semmelweis.hu\/csot\/wp-json\/wp\/v2\/pages\/5710","targetHints":{"allow":["GET"]}}],"collection":[{"href":"https:\/\/semmelweis.hu\/csot\/wp-json\/wp\/v2\/pages"}],"about":[{"href":"https:\/\/semmelweis.hu\/csot\/wp-json\/wp\/v2\/types\/page"}],"author":[{"embeddable":true,"href":"https:\/\/semmelweis.hu\/csot\/wp-json\/wp\/v2\/users\/101661"}],"replies":[{"embeddable":true,"href":"https:\/\/semmelweis.hu\/csot\/wp-json\/wp\/v2\/comments?post=5710"}],"version-history":[{"count":6,"href":"https:\/\/semmelweis.hu\/csot\/wp-json\/wp\/v2\/pages\/5710\/revisions"}],"predecessor-version":[{"id":7726,"href":"https:\/\/semmelweis.hu\/csot\/wp-json\/wp\/v2\/pages\/5710\/revisions\/7726"}],"up":[{"embeddable":true,"href":"https:\/\/semmelweis.hu\/csot\/wp-json\/wp\/v2\/pages\/2"}],"wp:attachment":[{"href":"https:\/\/semmelweis.hu\/csot\/wp-json\/wp\/v2\/media?parent=5710"}],"wp:term":[{"taxonomy":"category","embeddable":true,"href":"https:\/\/semmelweis.hu\/csot\/wp-json\/wp\/v2\/categories?post=5710"},{"taxonomy":"post_tag","embeddable":true,"href":"https:\/\/semmelweis.hu\/csot\/wp-json\/wp\/v2\/tags?post=5710"}],"curies":[{"name":"wp","href":"https:\/\/api.w.org\/{rel}","templated":true}]}}