{"id":5651,"date":"2021-11-09T15:05:48","date_gmt":"2021-11-09T14:05:48","guid":{"rendered":"https:\/\/semmelweis.hu\/csot\/?page_id=5651"},"modified":"2021-11-10T14:40:52","modified_gmt":"2021-11-10T13:40:52","slug":"adatvedelem","status":"publish","type":"page","link":"https:\/\/semmelweis.hu\/csot\/a-tanszekrol\/adatvedelem\/","title":{"rendered":"Adatv\u00e9delem"},"content":{"rendered":"<p>Csal\u00e1dorvosi Tansz\u00e9k helyi adatv\u00e9demi felel\u0151s: Dr. Zsuffa J\u00e1nos, oktat\u00e1si szak\u00e9rt\u0151<\/p>\n<p>Semmelweis Egyetem adatv\u00e9delmi tisztvisel\u0151: Dr. Tr\u00f3cs\u00e1nyi S\u00e1ra<\/p>\n<p>Egyetemi adatv\u00e9delmi inform\u00e1ci\u00f3k: <a href=\"https:\/\/semmelweis.hu\/jogigfoig\/adatvedelem-betegjog\/\">https:\/\/semmelweis.hu\/jogigfoig\/adatvedelem-betegjog\/<\/a><\/p>\n<p>Egyetemi adatkezel\u00e9si t\u00e1j\u00e9koztat\u00f3k: <a href=\"https:\/\/semmelweis.hu\/jogigfoig\/adatvedelem-betegjog\/tajekoztatas\/\">https:\/\/semmelweis.hu\/jogigfoig\/adatvedelem-betegjog\/tajekoztatas\/<\/a><\/p>\n","protected":false},"excerpt":{"rendered":"<p>Csal\u00e1dorvosi Tansz\u00e9k helyi adatv\u00e9demi felel\u0151s: Dr. Zsuffa J\u00e1nos, oktat\u00e1si szak\u00e9rt\u0151<br \/>\nSemmelweis Egyetem adatv\u00e9delmi tisztvisel\u0151: Dr. Tr\u00f3cs\u00e1nyi S\u00e1ra<br \/>\nEgyetemi adatv\u00e9delmi inform\u00e1ci\u00f3k: <a href=\"https:\/\/semmelweis.hu\/jogigfoig\/adatvedelem-betegjog\/\">https:\/\/semmelweis.hu\/jogigfoig\/adatvedelem-betegjog\/<\/a><br \/>\nEgyetemi adatkezel\u00e9si t\u00e1j\u00e9koztat\u00f3k: <a href=\"https:\/\/semmelweis.hu\/jogigfoig\/adatvedelem-betegjog\/tajekoztatas\/\">https:\/\/semmelweis.hu\/jogigfoig\/adatvedelem-betegjog\/tajekoztatas\/<\/a><\/p>\n","protected":false},"author":101661,"featured_media":0,"parent":2,"menu_order":5,"comment_status":"closed","ping_status":"closed","template":"","meta":{"_acf_changed":false,"footnotes":""},"categories":[],"tags":[],"class_list":["post-5651","page","type-page","status-publish","hentry"],"acf":[],"publishpress_future_action":{"enabled":false,"date":"1970-01-01 01:00:00","action":"","terms":[],"taxonomy":"","browser_timezone_offset":0},"_links":{"self":[{"href":"https:\/\/semmelweis.hu\/csot\/wp-json\/wp\/v2\/pages\/5651","targetHints":{"allow":["GET"]}}],"collection":[{"href":"https:\/\/semmelweis.hu\/csot\/wp-json\/wp\/v2\/pages"}],"about":[{"href":"https:\/\/semmelweis.hu\/csot\/wp-json\/wp\/v2\/types\/page"}],"author":[{"embeddable":true,"href":"https:\/\/semmelweis.hu\/csot\/wp-json\/wp\/v2\/users\/101661"}],"replies":[{"embeddable":true,"href":"https:\/\/semmelweis.hu\/csot\/wp-json\/wp\/v2\/comments?post=5651"}],"version-history":[{"count":3,"href":"https:\/\/semmelweis.hu\/csot\/wp-json\/wp\/v2\/pages\/5651\/revisions"}],"predecessor-version":[{"id":5655,"href":"https:\/\/semmelweis.hu\/csot\/wp-json\/wp\/v2\/pages\/5651\/revisions\/5655"}],"up":[{"embeddable":true,"href":"https:\/\/semmelweis.hu\/csot\/wp-json\/wp\/v2\/pages\/2"}],"wp:attachment":[{"href":"https:\/\/semmelweis.hu\/csot\/wp-json\/wp\/v2\/media?parent=5651"}],"wp:term":[{"taxonomy":"category","embeddable":true,"href":"https:\/\/semmelweis.hu\/csot\/wp-json\/wp\/v2\/categories?post=5651"},{"taxonomy":"post_tag","embeddable":true,"href":"https:\/\/semmelweis.hu\/csot\/wp-json\/wp\/v2\/tags?post=5651"}],"curies":[{"name":"wp","href":"https:\/\/api.w.org\/{rel}","templated":true}]}}