{"id":5648,"date":"2021-11-09T15:00:42","date_gmt":"2021-11-09T14:00:42","guid":{"rendered":"https:\/\/semmelweis.hu\/csot\/?page_id=5648"},"modified":"2021-11-09T15:00:42","modified_gmt":"2021-11-09T14:00:42","slug":"minosegiranyitasi-rendszer","status":"publish","type":"page","link":"https:\/\/semmelweis.hu\/csot\/a-tanszekrol\/minosegiranyitasi-rendszer\/","title":{"rendered":"Min\u0151s\u00e9gir\u00e1ny\u00edt\u00e1si rendszer"},"content":{"rendered":"<div>A Csal\u00e1dorvosi Tansz\u00e9k min\u0151s\u00e9g\u00fcgyi dokumentumai az al\u00e1bbi linken \u00e9rhet\u0151k el:<\/div>\n<div><a href=\"https:\/\/semmelweis.hu\/minoseg\/mir-dokumentacio\/aok-intezetek\/csaladorvosi-tanszek\/\">https:\/\/semmelweis.hu\/minoseg\/mir-dokumentacio\/aok-intezetek\/csaladorvosi-tanszek\/<\/a><\/div>\n","protected":false},"excerpt":{"rendered":"<p>A Csal\u00e1dorvosi Tansz\u00e9k min\u0151s\u00e9g\u00fcgyi dokumentumai az al\u00e1bbi linken \u00e9rhet\u0151k el:<br \/>\n<a href=\"https:\/\/semmelweis.hu\/minoseg\/mir-dokumentacio\/aok-intezetek\/csaladorvosi-tanszek\/\">https:\/\/semmelweis.hu\/minoseg\/mir-dokumentacio\/aok-intezetek\/csaladorvosi-tanszek\/<\/a><\/p>\n","protected":false},"author":101661,"featured_media":0,"parent":2,"menu_order":4,"comment_status":"closed","ping_status":"closed","template":"","meta":{"_acf_changed":false,"footnotes":""},"categories":[],"tags":[],"class_list":["post-5648","page","type-page","status-publish","hentry"],"acf":[],"publishpress_future_action":{"enabled":false,"date":"1970-01-01 01:00:00","action":"","terms":[],"taxonomy":"","browser_timezone_offset":0},"_links":{"self":[{"href":"https:\/\/semmelweis.hu\/csot\/wp-json\/wp\/v2\/pages\/5648","targetHints":{"allow":["GET"]}}],"collection":[{"href":"https:\/\/semmelweis.hu\/csot\/wp-json\/wp\/v2\/pages"}],"about":[{"href":"https:\/\/semmelweis.hu\/csot\/wp-json\/wp\/v2\/types\/page"}],"author":[{"embeddable":true,"href":"https:\/\/semmelweis.hu\/csot\/wp-json\/wp\/v2\/users\/101661"}],"replies":[{"embeddable":true,"href":"https:\/\/semmelweis.hu\/csot\/wp-json\/wp\/v2\/comments?post=5648"}],"version-history":[{"count":1,"href":"https:\/\/semmelweis.hu\/csot\/wp-json\/wp\/v2\/pages\/5648\/revisions"}],"predecessor-version":[{"id":5649,"href":"https:\/\/semmelweis.hu\/csot\/wp-json\/wp\/v2\/pages\/5648\/revisions\/5649"}],"up":[{"embeddable":true,"href":"https:\/\/semmelweis.hu\/csot\/wp-json\/wp\/v2\/pages\/2"}],"wp:attachment":[{"href":"https:\/\/semmelweis.hu\/csot\/wp-json\/wp\/v2\/media?parent=5648"}],"wp:term":[{"taxonomy":"category","embeddable":true,"href":"https:\/\/semmelweis.hu\/csot\/wp-json\/wp\/v2\/categories?post=5648"},{"taxonomy":"post_tag","embeddable":true,"href":"https:\/\/semmelweis.hu\/csot\/wp-json\/wp\/v2\/tags?post=5648"}],"curies":[{"name":"wp","href":"https:\/\/api.w.org\/{rel}","templated":true}]}}