{"id":5591,"date":"2021-09-05T18:49:47","date_gmt":"2021-09-05T16:49:47","guid":{"rendered":"https:\/\/semmelweis.hu\/csot\/?page_id=5591"},"modified":"2024-12-13T10:23:29","modified_gmt":"2024-12-13T09:23:29","slug":"tutor-ertekeles","status":"publish","type":"page","link":"https:\/\/semmelweis.hu\/csot\/gradualis-targyak\/csaladorvostan-negyedev\/tutor-ertekeles\/","title":{"rendered":"Csal\u00e1dorvostan &#8211; tutor \u00e9rt\u00e9kel\u00e9s"},"content":{"rendered":"<p>K\u00e9rj\u00fck \u00e9rt\u00e9kelje a csal\u00e1dorvosi gyakorlat k\u00e9t napj\u00e1t az al\u00e1bbi szempontok szerint!<\/p>\n<p>Amennyiben az oktat\u00f3r\u00f3l konkr\u00e9t \u00e9szrev\u00e9telt teszt, k\u00e9rem adja meg az oktat\u00f3 nev\u00e9t is.<\/p>\n<p>A megadott v\u00e9lem\u00e9nyt bizalmasan kezelj\u00fck, az eredm\u00e9nyeket csak az oszt\u00e1lyoz\u00e1s ut\u00e1n tekintj\u00fck \u00e1t.<\/p>\n\n<div class=\"wpcf7 no-js\" id=\"wpcf7-f5593-o1\" lang=\"hu-HU\" dir=\"ltr\" data-wpcf7-id=\"5593\">\n<div class=\"screen-reader-response\"><p role=\"status\" aria-live=\"polite\" aria-atomic=\"true\"><\/p> <ul><\/ul><\/div>\n<form action=\"\/csot\/wp-json\/wp\/v2\/pages\/5591#wpcf7-f5593-o1\" method=\"post\" class=\"wpcf7-form init\" aria-label=\"Kapcsolatfelv\u00e9teli \u0171rlap\" novalidate=\"novalidate\" data-status=\"init\">\n<div style=\"display: none;\">\n<input type=\"hidden\" name=\"_wpcf7\" value=\"5593\" \/>\n<input type=\"hidden\" name=\"_wpcf7_version\" value=\"6.0.5\" \/>\n<input type=\"hidden\" name=\"_wpcf7_locale\" value=\"hu_HU\" \/>\n<input type=\"hidden\" name=\"_wpcf7_unit_tag\" value=\"wpcf7-f5593-o1\" \/>\n<input type=\"hidden\" name=\"_wpcf7_container_post\" value=\"0\" \/>\n<input type=\"hidden\" name=\"_wpcf7_posted_data_hash\" value=\"\" \/>\n<input type=\"hidden\" name=\"_wpcf7_recaptcha_response\" value=\"\" \/>\n<\/div>\n<p><label><br \/>\nKin\u00e9l t\u00f6lt\u00f6tte a gyakorlatot? (Opcion\u00e1lis.)<br \/>\ndr. <span class=\"wpcf7-form-control-wrap\" data-name=\"tutor-nev\"><input size=\"40\" maxlength=\"400\" class=\"wpcf7-form-control wpcf7-text\" id=\"tutor-nev\" aria-invalid=\"false\" value=\"\" type=\"text\" name=\"tutor-nev\" \/><\/span><\/label>\n<\/p>\n<p><strong>Gyakorlatvezet\u0151<\/strong><br \/>\nA orvosszakmai ismeretekr\u0151l magyar\u00e1zott, k\u00e9rdezett, megbesz\u00e9lt\u00fck, k\u00e9rdezhettem.<br \/>\n(Nem \u00e9rt egyet - Nagyon egyet\u00e9rt)<br \/>\n<span class=\"wpcf7-form-control-wrap\" data-name=\"tutor-oktat\"><span class=\"wpcf7-form-control wpcf7-radio\"><span class=\"wpcf7-list-item first\"><label><input type=\"radio\" name=\"tutor-oktat\" value=\"1\" \/><span class=\"wpcf7-list-item-label\">1<\/span><\/label><\/span><span class=\"wpcf7-list-item\"><label><input type=\"radio\" name=\"tutor-oktat\" value=\"2\" \/><span class=\"wpcf7-list-item-label\">2<\/span><\/label><\/span><span class=\"wpcf7-list-item\"><label><input type=\"radio\" name=\"tutor-oktat\" value=\"3\" \/><span class=\"wpcf7-list-item-label\">3<\/span><\/label><\/span><span class=\"wpcf7-list-item\"><label><input type=\"radio\" name=\"tutor-oktat\" value=\"4\" \/><span class=\"wpcf7-list-item-label\">4<\/span><\/label><\/span><span class=\"wpcf7-list-item last\"><label><input type=\"radio\" name=\"tutor-oktat\" value=\"5\" \/><span class=\"wpcf7-list-item-label\">5<\/span><\/label><\/span><\/span><\/span>\n<\/p>\n<p><strong>Gyakorlat<\/strong><br \/>\nSok hasznos dolgot hallottam, \u00faj ismeretekre, k\u00e9szs\u00e9gekre tettem szert.<br \/>\n(Nem \u00e9rt egyet - Nagyon egyet\u00e9rt)<br \/>\n<span class=\"wpcf7-form-control-wrap\" data-name=\"gyakorlat-hasznos\"><span class=\"wpcf7-form-control wpcf7-radio\"><span class=\"wpcf7-list-item first\"><label><input type=\"radio\" name=\"gyakorlat-hasznos\" value=\"1\" \/><span class=\"wpcf7-list-item-label\">1<\/span><\/label><\/span><span class=\"wpcf7-list-item\"><label><input type=\"radio\" name=\"gyakorlat-hasznos\" value=\"2\" \/><span class=\"wpcf7-list-item-label\">2<\/span><\/label><\/span><span class=\"wpcf7-list-item\"><label><input type=\"radio\" name=\"gyakorlat-hasznos\" value=\"3\" \/><span class=\"wpcf7-list-item-label\">3<\/span><\/label><\/span><span class=\"wpcf7-list-item\"><label><input type=\"radio\" name=\"gyakorlat-hasznos\" value=\"4\" \/><span class=\"wpcf7-list-item-label\">4<\/span><\/label><\/span><span class=\"wpcf7-list-item last\"><label><input type=\"radio\" name=\"gyakorlat-hasznos\" value=\"5\" \/><span class=\"wpcf7-list-item-label\">5<\/span><\/label><\/span><\/span><\/span>\n<\/p>\n<p><label><br \/>\n<strong>\u00c9szrev\u00e9tel<\/strong><br \/>\n(v\u00e9lem\u00e9ny az oktat\u00f3r\u00f3l, gyakorlatr\u00f3l, javaslatok, stb.)<br \/>\n<span class=\"wpcf7-form-control-wrap\" data-name=\"megjegyzes\"><textarea cols=\"40\" rows=\"10\" maxlength=\"2000\" class=\"wpcf7-form-control wpcf7-textarea\" aria-invalid=\"false\" name=\"megjegyzes\"><\/textarea><\/span> <\/label>\n<\/p>\n<p><input class=\"wpcf7-form-control wpcf7-submit has-spinner\" type=\"submit\" value=\"Bek\u00fcld\u00e9s\" \/>\n<\/p><div class=\"wpcf7-response-output\" aria-hidden=\"true\"><\/div>\n<\/form>\n<\/div>\n\n","protected":false},"excerpt":{"rendered":"<p>K\u00e9rj\u00fck \u00e9rt\u00e9kelje a csal\u00e1dorvosi gyakorlat k\u00e9t napj\u00e1t az al\u00e1bbi szempontok szerint!<br \/>\nAmennyiben az oktat\u00f3r\u00f3l konkr\u00e9t \u00e9szrev\u00e9telt teszt, k\u00e9rem adja meg az oktat\u00f3 nev\u00e9t is.<br \/>\nA megadott v\u00e9lem\u00e9nyt bizalmasan kezelj\u00fck, az eredm\u00e9nyeket csak az oszt\u00e1lyoz\u00e1s ut\u00e1n tekintj\u00fck \u00e1t.<\/p>\n","protected":false},"author":101661,"featured_media":0,"parent":4462,"menu_order":0,"comment_status":"closed","ping_status":"closed","template":"","meta":{"_acf_changed":false,"footnotes":""},"categories":[],"tags":[],"class_list":["post-5591","page","type-page","status-publish","hentry"],"acf":[],"publishpress_future_action":{"enabled":false,"date":"1970-01-01 01:00:00","action":"","terms":[],"taxonomy":"","browser_timezone_offset":0},"_links":{"self":[{"href":"https:\/\/semmelweis.hu\/csot\/wp-json\/wp\/v2\/pages\/5591","targetHints":{"allow":["GET"]}}],"collection":[{"href":"https:\/\/semmelweis.hu\/csot\/wp-json\/wp\/v2\/pages"}],"about":[{"href":"https:\/\/semmelweis.hu\/csot\/wp-json\/wp\/v2\/types\/page"}],"author":[{"embeddable":true,"href":"https:\/\/semmelweis.hu\/csot\/wp-json\/wp\/v2\/users\/101661"}],"replies":[{"embeddable":true,"href":"https:\/\/semmelweis.hu\/csot\/wp-json\/wp\/v2\/comments?post=5591"}],"version-history":[{"count":3,"href":"https:\/\/semmelweis.hu\/csot\/wp-json\/wp\/v2\/pages\/5591\/revisions"}],"predecessor-version":[{"id":5595,"href":"https:\/\/semmelweis.hu\/csot\/wp-json\/wp\/v2\/pages\/5591\/revisions\/5595"}],"up":[{"embeddable":true,"href":"https:\/\/semmelweis.hu\/csot\/wp-json\/wp\/v2\/pages\/4462"}],"wp:attachment":[{"href":"https:\/\/semmelweis.hu\/csot\/wp-json\/wp\/v2\/media?parent=5591"}],"wp:term":[{"taxonomy":"category","embeddable":true,"href":"https:\/\/semmelweis.hu\/csot\/wp-json\/wp\/v2\/categories?post=5591"},{"taxonomy":"post_tag","embeddable":true,"href":"https:\/\/semmelweis.hu\/csot\/wp-json\/wp\/v2\/tags?post=5591"}],"curies":[{"name":"wp","href":"https:\/\/api.w.org\/{rel}","templated":true}]}}