{"id":5458,"date":"2020-12-03T14:08:00","date_gmt":"2020-12-03T13:08:00","guid":{"rendered":"https:\/\/semmelweis.hu\/csot\/?page_id=5458"},"modified":"2020-12-03T14:37:19","modified_gmt":"2020-12-03T13:37:19","slug":"3-reszvizsga-menete","status":"publish","type":"page","link":"https:\/\/semmelweis.hu\/csot\/rezidenskepzes\/3-reszvizsga-menete\/","title":{"rendered":"R\u00e9szvizsga menete"},"content":{"rendered":"<p>A t\u00f6rzsk\u00e9pz\u00e9si program v\u00e9g\u00e9n r\u00e9szvizsg\u00e1t kell tenni, amely \u00edr\u00e1sbeli \u00e9s sz\u00f3beli r\u00e9szekb\u0151l, valamint az esettanulm\u00e1nyok meg\u00edr\u00e1s\u00e1b\u00f3l \u00e1ll. Sikertelen r\u00e9szvizsga eset\u00e9n a k\u00e9pz\u00e9s nem folytathat\u00f3 tov\u00e1bb. <br \/>\nA Csal\u00e1dorvosi Tansz\u00e9k \u00e1ltal kijel\u00f6lt id\u0151pontban a r\u00e9szvizsga megism\u00e9telhet\u0151, p\u00f3tolhat\u00f3.<\/p>\n<h1><strong>R\u00e9szei<\/strong><\/h1>\n<h2><strong>\u00cdr\u00e1sbeli r\u00e9sz<\/strong><\/h2>\n<p>Az \u00edr\u00e1sbeli vizsga id\u0151tartama 2 \u00f3ra.<br \/>\nAz \u00edr\u00e1sbeli vizsga r\u00e9szei: teszt\u00edr\u00e1s (50 pontb\u00f3l \u00e1ll), 2 EKG elemz\u00e9se, eg\u00e9szs\u00e9gnevel\u00e9si essz\u00e9 \u00edr\u00e1sa. <br \/>\nAz EKG g\u00f6rb\u00e9k jellemz\u00e9se ut\u00e1n, k\u00e9rj\u00fck megadni a val\u00f3sz\u00edn\u0171s\u00edthet\u0151 diagn\u00f3zist. <br \/>\nAz essz\u00e9k megtal\u00e1lhat\u00f3k honlapunkon a rezidensk\u00e9pz\u00e9s men\u00fcpont alatt. <br \/>\nA 29 essz\u00e9b\u0151l egyet kell h\u00fazni \u00e9s azt kidolgozni.<br \/>\nSikeres \u00edr\u00e1sbeli vizsga ut\u00e1n lehet csak sz\u00f3beli vizsg\u00e1t tenni. <br \/>\nAmennyiben az \u00edr\u00e1sbeli vizsga valamelyik r\u00e9sze nem siker\u00fcl, jav\u00edt\u00e1si lehet\u0151s\u00e9get biztos\u00edtunk a sz\u00f3beli vizsga id\u0151pontja el\u0151tt.<\/p>\n<h2><strong>Esettanulm\u00e1nyok<\/strong><\/h2>\n<p>Fontos r\u00e9sze a vizsg\u00e1nak az esettanulm\u00e1nyok meg\u00edr\u00e1sa. Ehhez szint\u00e9n honlapunkon tal\u00e1lhat\u00f3 \u00fatmutat\u00f3.<br \/>\nA csal\u00e1dorvosi praxisgyakorlat sor\u00e1n megismert p\u00e1ciensekb\u0151l h\u00e1rmat kell kiv\u00e1lasztani (feln\u0151tt p\u00e1cienseket) \u00e9s az oktat\u00f3praxis bemutat\u00e1s\u00e1val egy\u00fctt, eset\u00fcket le\u00edrni. Az esetek le\u00edr\u00e1sa ut\u00e1n fel kell t\u00fcntetni a felhaszn\u00e1lt irodalom jegyz\u00e9k\u00e9t is. <br \/>\nA praxisbemutat\u00e1st, esetismertet\u00e9seket irodalomjegyz\u00e9kkel egy\u00fctt, spir\u00e1lozva k\u00e9rj\u00fck leadni. <br \/>\nAz esettanulm\u00e1nyok lead\u00e1si hat\u00e1rideje: a sz\u00f3beli vizsga el\u0151tt 2 h\u00f3nappal.<br \/>\nA tansz\u00e9ken a kor\u00e1bbi rezidensek \u00e1ltal \u00edrt esettanulm\u00e1nyok megtekinthet\u0151k.<\/p>\n<h2><strong>Sz\u00f3beli vizsga<\/strong><\/h2>\n<p>A sz\u00f3beli vizsga t\u00e9teleit megtal\u00e1lhat\u00f3k honlapunkon a r\u00e9szvizsga men\u00fcpont alatt. Ezekb\u0151l egyet kell kih\u00fazni \u00e9s elmondani. Egy-egy t\u00e9tel h\u00e1rom r\u00e9szb\u0151l \u00e1ll. Minden t\u00e9tel harmadik r\u00e9sze: esettanulm\u00e1ny ismertet\u00e9se. Vagyis a sz\u00f3beli vizsg\u00e1n a meg\u00edrt esetekkel kapcsolatos k\u00e9rd\u00e9sekre is kell majd v\u00e1laszolni.<\/p>\n","protected":false},"excerpt":{"rendered":"<p>A t\u00f6rzsk\u00e9pz\u00e9si program v\u00e9g\u00e9n r\u00e9szvizsg\u00e1t kell tenni, amely \u00edr\u00e1sbeli \u00e9s sz\u00f3beli r\u00e9szekb\u0151l, valamint az esettanulm\u00e1nyok meg\u00edr\u00e1s\u00e1b\u00f3l \u00e1ll. Sikertelen r\u00e9szvizsga eset\u00e9n a k\u00e9pz\u00e9s nem folytathat\u00f3 tov\u00e1bb. A Csal\u00e1dorvosi Tansz\u00e9k \u00e1ltal kijel\u00f6lt id\u0151pontban a r\u00e9szvizsga megism\u00e9telhet\u0151, p\u00f3tolhat\u00f3. R\u00e9szei \u00cdr\u00e1sbeli r\u00e9sz Az \u00edr\u00e1sbeli vizsga id\u0151tartama 2 \u00f3ra. Az \u00edr\u00e1sbeli vizsga r\u00e9szei: teszt\u00edr\u00e1s (50 pontb\u00f3l \u00e1ll), 2 EKG elemz\u00e9se, &hellip;<\/p>\n","protected":false},"author":101661,"featured_media":0,"parent":106,"menu_order":3,"comment_status":"closed","ping_status":"closed","template":"","meta":{"_acf_changed":false,"footnotes":""},"categories":[],"tags":[],"class_list":["post-5458","page","type-page","status-publish","hentry"],"acf":[],"publishpress_future_action":{"enabled":false,"date":"1970-01-01 01:00:00","action":"","terms":[],"taxonomy":"","browser_timezone_offset":0},"_links":{"self":[{"href":"https:\/\/semmelweis.hu\/csot\/wp-json\/wp\/v2\/pages\/5458","targetHints":{"allow":["GET"]}}],"collection":[{"href":"https:\/\/semmelweis.hu\/csot\/wp-json\/wp\/v2\/pages"}],"about":[{"href":"https:\/\/semmelweis.hu\/csot\/wp-json\/wp\/v2\/types\/page"}],"author":[{"embeddable":true,"href":"https:\/\/semmelweis.hu\/csot\/wp-json\/wp\/v2\/users\/101661"}],"replies":[{"embeddable":true,"href":"https:\/\/semmelweis.hu\/csot\/wp-json\/wp\/v2\/comments?post=5458"}],"version-history":[{"count":2,"href":"https:\/\/semmelweis.hu\/csot\/wp-json\/wp\/v2\/pages\/5458\/revisions"}],"predecessor-version":[{"id":5483,"href":"https:\/\/semmelweis.hu\/csot\/wp-json\/wp\/v2\/pages\/5458\/revisions\/5483"}],"up":[{"embeddable":true,"href":"https:\/\/semmelweis.hu\/csot\/wp-json\/wp\/v2\/pages\/106"}],"wp:attachment":[{"href":"https:\/\/semmelweis.hu\/csot\/wp-json\/wp\/v2\/media?parent=5458"}],"wp:term":[{"taxonomy":"category","embeddable":true,"href":"https:\/\/semmelweis.hu\/csot\/wp-json\/wp\/v2\/categories?post=5458"},{"taxonomy":"post_tag","embeddable":true,"href":"https:\/\/semmelweis.hu\/csot\/wp-json\/wp\/v2\/tags?post=5458"}],"curies":[{"name":"wp","href":"https:\/\/api.w.org\/{rel}","templated":true}]}}