{"id":5454,"date":"2020-12-03T14:02:49","date_gmt":"2020-12-03T13:02:49","guid":{"rendered":"https:\/\/semmelweis.hu\/csot\/?page_id=5454"},"modified":"2025-11-27T11:09:16","modified_gmt":"2025-11-27T10:09:16","slug":"2-rezidens-felveteli-rendszerbeveteli-eljaras","status":"publish","type":"page","link":"https:\/\/semmelweis.hu\/csot\/rezidenskepzes\/2-rezidens-felveteli-rendszerbeveteli-eljaras\/","title":{"rendered":"Rezidens felv\u00e9teli \u2013 rendszerbev\u00e9teli elj\u00e1r\u00e1s"},"content":{"rendered":"<p>Az eg\u00e9szs\u00e9g\u00fcgyi fels\u0151fok\u00fa szakir\u00e1ny\u00fa szakk\u00e9pz\u00e9si rendszerr\u0151l sz\u00f3l\u00f3 162\/2015. (IV.30) Korm\u00e1nyrendelet alapj\u00e1n a Semmelweis Egyetem r\u00e9gi\u00f3j\u00e1ban az \u00e9vente meghirdetett h\u00e1ziorvostan rezidensi \u00e1ll\u00e1shelyekre p\u00e1ly\u00e1zat ny\u00fajthat\u00f3 be.<br \/>\nA beny\u00fajtott p\u00e1ly\u00e1zatok \u00e9rt\u00e9kel\u00e9se rendszerbev\u00e9teli elj\u00e1r\u00e1s keret\u00e9ben, sz\u00f3beli meghallgat\u00e1s ut\u00e1n t\u00f6rt\u00e9nik. Az \u00e9vente t\u00f6bb alkalommal meghirdetett id\u0151pontok minden \u00e9v elej\u00e9n ki\u00edr\u00e1sra ker\u00fclnek a Csal\u00e1dorvosi Tansz\u00e9k \u00e9s Szak- \u00e9s Tov\u00e1bbk\u00e9pz\u00e9si K\u00f6zpont honlapjain is. <br \/>\nA h\u00e1ziorvostan szakk\u00e9pz\u00e9ssel kapcsolatos friss inform\u00e1ci\u00f3k, hirdetm\u00e9nyek, let\u00f6lthet\u0151 dokumentumok, jelentkez\u00e9si lap az al\u00e1bbi oldalon el\u00e9rhet\u0151k: <a href=\"https:\/\/semmelweis.hu\/szak-es-tovabbkepzes\/szakkepzes\/haziorvostan\/\" target=\"_blank\" rel=\"noopener noreferrer\">https:\/\/semmelweis.hu\/szak-es-tovabbkepzes\/szakkepzes\/haziorvostan\/<\/a><\/p>\n<p><strong>A jelentkez\u00e9si lapok lead\u00e1s\u00e1nak helye:\u00a0<\/strong><\/p>\n<p>Szab\u00f3 Ildik\u00f3 titk\u00e1rs\u00e1gi szak\u00e9rt\u0151,<br \/>\nSzak- \u00e9s Tov\u00e1bbk\u00e9pz\u00e9si K\u00f6zpont,\u00a0Akkredit\u00e1ci\u00f3s \u00e9s Rendszerbev\u00e9teli Csoport, <br \/>\n1085 Budapest, Baross utca 22.<br \/>\nTelefon: +36-1-459-1500\/ 62385 mell\u00e9k\u00a0 <br \/>\ne-mail: <a id=\"OWA11c7bba9-dd33-c590-3bae-a0d487e8e78d\" class=\"OWAAutoLink\" href=\"mailto:szabo.ildiko2@semmelweis.hu\">szabo.ildiko2@semmelweis.hu<\/a><\/p>\n<p>A leend\u0151 rezidensnek v\u00e1llalni kell, hogy a Tansz\u00e9k \u00e1ltal kijel\u00f6lt oktat\u00f3i helyeken, oktat\u00f3k mellett \u00e9s a szakk\u00e9pz\u00e9si programnak megfelel\u0151en kell f\u0151foglalkoz\u00e1s\u00fa \u00e1ll\u00e1sban teljes\u00edteni a rezidensi programban el\u0151\u00edrtakat. Ez a Semmelweis Egyetem vonatkoz\u00e1s\u00e1ban \u00e1ltal\u00e1ban Budapesten, az egyetemhez k\u00f6t\u00f6tten bonyol\u00f3dik le. Vid\u00e9ki gyakorlat, egy\u00e9ni k\u00e9pz\u00e9si terv szerint csak r\u00e9szben val\u00f3s\u00edthat\u00f3 meg.<br \/>\nA felv\u00e9teli alapj\u00e1n rangsorol\u00e1s t\u00f6rt\u00e9nik. A Tansz\u00e9ken m\u0171k\u00f6d\u0151 bizotts\u00e1g az el\u00e9rt pontok figyelembev\u00e9tel\u00e9vel tesz javaslatot arra, hogy kik vehet\u0151k fel, illetve kik azok, akik \u201ealkalmatlanok\u201d a csal\u00e1dorvosi p\u00e1ly\u00e1ra.<\/p>\n<p><strong>A pontoz\u00e1s szempontjai<\/strong><\/p>\n<ul>\n<li>Az egyetemi tanulm\u00e1nyokb\u00f3l szerezhet\u0151 pontok (szigorlatok)<\/li>\n<li>Nyelvismeret, nyelvvizsga<\/li>\n<li>Csal\u00e1dorvosl\u00e1ssal \u00f6sszef\u00fcgg\u0151 k\u00fcl\u00f6n aktivit\u00e1s (fakult\u00e1ci\u00f3, szakdolgozat, Rektori P\u00e1ly\u00e1zat, TDK, el\u0151ad\u00e1s, publik\u00e1ci\u00f3)<\/li>\n<li>Csal\u00e1dorvos oktat\u00f3 v\u00e9lem\u00e9nye<\/li>\n<li>Egy\u00e9b a gyakorlat szempontj\u00e1b\u00f3l fontos aktivit\u00e1s (n\u0151v\u00e9r munka, ment\u0151z\u00e9s)<\/li>\n<li>Motiv\u00e1ci\u00f3s lev\u00e9l<\/li>\n<li>Szem\u00e9lyes interj\u00fa<\/li>\n<\/ul>\n<p>A szakmaspecifikus interj\u00fa sor\u00e1n \u00e9rt\u00e9kelj\u00fck:<\/p>\n<ul>\n<li>A szakma ir\u00e1nti elhivatotts\u00e1got<\/li>\n<li>A csal\u00e1dorvos szerep\u00e9r\u0151l, lehet\u0151s\u00e9geir\u0151l alkotott elk\u00e9pzel\u00e9seket<\/li>\n<li>A kor\u00e1bbi csal\u00e1dorvosi vonatkoz\u00e1s\u00fa tev\u00e9kenys\u00e9geket<\/li>\n<li>A kommunik\u00e1ci\u00f3s k\u00e9pess\u00e9get<\/li>\n<li>Az \u00f6n\u00e1ll\u00f3 munk\u00e1ra val\u00f3 k\u00e9pess\u00e9get.<\/li>\n<\/ul>\n<p>A felv\u00e9teli interj\u00fa sor\u00e1n \u00e1ltal\u00e1ban az al\u00e1bbi k\u00e9rd\u00e9sekre sz\u00fcks\u00e9ges v\u00e1laszolni:<\/p>\n<ol>\n<li>Az orvosl\u00e1s mely ter\u00fclete \u00e9rdekli a legjobban?<\/li>\n<li>Hogyan szeretn\u00e9 elk\u00e9pzel\u00e9seit majdani csal\u00e1dorvosi munk\u00e1j\u00e1ban hasznos\u00edtani?<\/li>\n<li>Mikor, mi motiv\u00e1lta a p\u00e1lyav\u00e1laszt\u00e1sban?<\/li>\n<li>Mit tud a csal\u00e1dorvos munk\u00e1j\u00e1r\u00f3l?<\/li>\n<li>Hogyan k\u00e9pzeli, milyen feladatok kapn\u00e1nak munk\u00e1j\u00e1ban priorit\u00e1st?<\/li>\n<li>Hogyan dolgozna, mint csal\u00e1dorvos?<\/li>\n<li>Szeretne kutat\u00f3munk\u00e1ban r\u00e9szt v\u00e1llalni?<\/li>\n<li>Szeretne bekapcsol\u00f3dni az oktat\u00e1sba?<\/li>\n<\/ol>\n<p>A h\u00e1ziorvos rezidens \u00e1ll\u00e1sra meghirdetett p\u00e1ly\u00e1zat anyag\u00e1nak beny\u00fajt\u00e1s\u00e1hoz sz\u00fcks\u00e9ges a szakmai \u00e9rdekl\u0151d\u00e9s kifejt\u00e9s\u00e9re, \u00e9s a h\u00e1ziorvosl\u00e1sr\u00f3l val\u00f3 elk\u00e9pzel\u00e9sek megfogalmaz\u00e1s\u00e1ra, r\u00f6videbben :\u00a0<strong>motiv\u00e1ci\u00f3s lev\u00e9l<\/strong>\u00a0meg\u00edr\u00e1s\u00e1ra.<br \/>\nE lev\u00e9lnek a k\u00f6vetkez\u0151ket c\u00e9lszer\u0171 tartalmaznia:<\/p>\n<ol>\n<li>Mikor, minek kapcs\u00e1n kezdett el\u0151sz\u00f6r \u00e9rdekl\u0151dni a csal\u00e1dorvosl\u00e1s ir\u00e1nt, milyenek voltak az els\u0151 benyom\u00e1sai. Ez az \u00e9rdekl\u0151d\u00e9s az id\u0151k folyam\u00e1n hogyan v\u00e1ltozott, milyen pozit\u00edv \u00e9s negat\u00edv befoly\u00e1sok \u00e9rt\u00e9k?<\/li>\n<li>Milyen aktivit\u00e1sokat fejtett ki az orvosi egyetem el\u0151tt, alatt, ut\u00e1n, amelyek el\u0151seg\u00edtett\u00e9k a csal\u00e1dorvosl\u00e1s megismer\u00e9s\u00e9t. A k\u00e9t hetes csal\u00e1dorvosi gyakorlat, illetve csal\u00e1dorvosi fakult\u00e1ci\u00f3 (amennyiben r\u00e9szt vett) seg\u00edtett-e ebben?<\/li>\n<li>Mikor d\u00f6nt\u00f6tte el, hogy h\u00e1ziorvos rezidensi p\u00e1ly\u00e1zatot fog beny\u00fajtani, ekkor milyen elk\u00e9pzel\u00e9sei voltak a h\u00e1ziorvosl\u00e1sr\u00f3l, \u00fagymint:\n<ol>\n<li>a h\u00e1ziorvosi team<\/li>\n<li>a csal\u00e1dorvosi rendel\u0151 felszerelts\u00e9ge<\/li>\n<li>a team \u00e9s a betegek kapcsolatrendszere<\/li>\n<li>prevenci\u00f3s, akut ill. kr\u00f3nikus ell\u00e1t\u00e1si, gondoz\u00e1si feladatok, csal\u00e1dorvosi kompetencia<\/li>\n<li>a csal\u00e1dorvos helye a mai magyar eg\u00e9szs\u00e9g\u00fcgyben<\/li>\n<\/ol>\n<\/li>\n<li>A csal\u00e1dorvosl\u00e1son bel\u00fcl melyik szakter\u00fclet \u00e9rdekli legjobban?<\/li>\n<li>Milyen tervei vannak egy majdan \u00f6n\u00e1ll\u00f3 praxis m\u0171k\u00f6dtet\u00e9s\u00e9vel kapcsolatban?<\/li>\n<\/ol>\n<p><strong>P\u00e1lyaalkalmass\u00e1g<\/strong><br \/>\nEl\u0151ny\u00f6s, ha a jel\u00f6lt motiv\u00e1lts\u00e1ga pozit\u00edv, csal\u00e1di, k\u00f6rnyezeti orvos mintak\u00e9p van. Hasznos a gyakorlati tapasztalatszerz\u00e9s pl. n\u0151v\u00e9ri munka, \u00fcgyeleti tev\u00e9kenys\u00e9g, olyan, amikor az eg\u00e9szs\u00e9g\u00fcgy m\u0171k\u00f6d\u00e9s\u00e9t, a betegell\u00e1t\u00e1st alul n\u00e9zetb\u0151l lehetett megismerni. <br \/>\nPozit\u00edv motiv\u00e1lts\u00e1got jelenthet a csal\u00e1dorvosi praxisban elt\u00f6lt\u00f6tt fakultat\u00edv gyakorlat, rendszeres kapcsolat egy csal\u00e1dorvossal. Ez kieg\u00e9sz\u00fclhet \u201etudom\u00e1nyos, kutat\u00e1si\u201d aktivit\u00e1ssal, amelyet csal\u00e1dorvosi praxisban v\u00e9gzett megfigyel\u00e9sek seg\u00edtenek el\u0151 \u00e1llamvizsga dolgozat stb. \u2013 k\u00fcl\u00f6n\u00f6sen akkor, ha saj\u00e1t \u00f6tlet val\u00f3sult meg. <br \/>\nFontos, hogy a jel\u00f6lt tiszt\u00e1ban legyen a csal\u00e1dorvosi munk\u00e1val egy\u00fctt j\u00e1r\u00f3 k\u00f6telezetts\u00e9gekkel, \u201ek\u00f6tetlen munkaid\u0151vel\u201d, az \u00e1lland\u00f3 k\u00e9szenl\u00e9ttel, az egyszem\u00e9lyes felel\u0151ss\u00e9g v\u00e1llal\u00e1s\u00e1val. Ehhez t\u00e1rsul\u00f3 \u00f6n\u00e1ll\u00f3 d\u00f6nt\u00e9sk\u00e9szs\u00e9g, kreativit\u00e1s meghat\u00e1roz\u00f3 jelent\u0151s\u00e9g\u0171. Esetenk\u00e9nt a j\u00f3l k\u00f6rvonalazott p\u00e1lyak\u00e9p \u00e9s karrier, mint pl. f\u00f6lk\u00e9sz\u00fcl\u00e9s egy meghat\u00e1rozott praxisban elt\u00f6ltend\u0151 munk\u00e1ra, falusi csal\u00e1dorvoss\u00e1 v\u00e1l\u00e1s vagy \u00e9ppen csal\u00e1dorvosl\u00e1shoz kapcsol\u00f3d\u00f3 kutat\u00e1s \u00e9s oktat\u00e1s ig\u00e9nye.<\/p>\n","protected":false},"excerpt":{"rendered":"<p>Az eg\u00e9szs\u00e9g\u00fcgyi fels\u0151fok\u00fa szakir\u00e1ny\u00fa szakk\u00e9pz\u00e9si rendszerr\u0151l sz\u00f3l\u00f3 162\/2015. (IV.30) Korm\u00e1nyrendelet alapj\u00e1n a Semmelweis Egyetem r\u00e9gi\u00f3j\u00e1ban az \u00e9vente meghirdetett h\u00e1ziorvostan rezidensi \u00e1ll\u00e1shelyekre p\u00e1ly\u00e1zat ny\u00fajthat\u00f3 be. A beny\u00fajtott p\u00e1ly\u00e1zatok \u00e9rt\u00e9kel\u00e9se rendszerbev\u00e9teli elj\u00e1r\u00e1s keret\u00e9ben, sz\u00f3beli meghallgat\u00e1s ut\u00e1n t\u00f6rt\u00e9nik. Az \u00e9vente t\u00f6bb alkalommal meghirdetett id\u0151pontok minden \u00e9v elej\u00e9n ki\u00edr\u00e1sra ker\u00fclnek a Csal\u00e1dorvosi Tansz\u00e9k \u00e9s Szak- \u00e9s Tov\u00e1bbk\u00e9pz\u00e9si K\u00f6zpont honlapjain &hellip;<\/p>\n","protected":false},"author":101661,"featured_media":0,"parent":106,"menu_order":2,"comment_status":"closed","ping_status":"closed","template":"","meta":{"_acf_changed":false,"footnotes":""},"categories":[],"tags":[],"class_list":["post-5454","page","type-page","status-publish","hentry"],"acf":[],"publishpress_future_action":{"enabled":false,"date":"1970-01-01 01:00:00","action":"","terms":[],"taxonomy":"","browser_timezone_offset":0},"_links":{"self":[{"href":"https:\/\/semmelweis.hu\/csot\/wp-json\/wp\/v2\/pages\/5454","targetHints":{"allow":["GET"]}}],"collection":[{"href":"https:\/\/semmelweis.hu\/csot\/wp-json\/wp\/v2\/pages"}],"about":[{"href":"https:\/\/semmelweis.hu\/csot\/wp-json\/wp\/v2\/types\/page"}],"author":[{"embeddable":true,"href":"https:\/\/semmelweis.hu\/csot\/wp-json\/wp\/v2\/users\/101661"}],"replies":[{"embeddable":true,"href":"https:\/\/semmelweis.hu\/csot\/wp-json\/wp\/v2\/comments?post=5454"}],"version-history":[{"count":5,"href":"https:\/\/semmelweis.hu\/csot\/wp-json\/wp\/v2\/pages\/5454\/revisions"}],"predecessor-version":[{"id":8061,"href":"https:\/\/semmelweis.hu\/csot\/wp-json\/wp\/v2\/pages\/5454\/revisions\/8061"}],"up":[{"embeddable":true,"href":"https:\/\/semmelweis.hu\/csot\/wp-json\/wp\/v2\/pages\/106"}],"wp:attachment":[{"href":"https:\/\/semmelweis.hu\/csot\/wp-json\/wp\/v2\/media?parent=5454"}],"wp:term":[{"taxonomy":"category","embeddable":true,"href":"https:\/\/semmelweis.hu\/csot\/wp-json\/wp\/v2\/categories?post=5454"},{"taxonomy":"post_tag","embeddable":true,"href":"https:\/\/semmelweis.hu\/csot\/wp-json\/wp\/v2\/tags?post=5454"}],"curies":[{"name":"wp","href":"https:\/\/api.w.org\/{rel}","templated":true}]}}