{"id":5431,"date":"2020-12-01T17:29:52","date_gmt":"2020-12-01T16:29:52","guid":{"rendered":"https:\/\/semmelweis.hu\/csot\/?page_id=5431"},"modified":"2025-06-24T13:34:35","modified_gmt":"2025-06-24T11:34:35","slug":"euniwell","status":"publish","type":"page","link":"https:\/\/semmelweis.hu\/csot\/oktatas\/integrativ-medicina\/euniwell\/","title":{"rendered":"EUniWell"},"content":{"rendered":"<p><strong>Inform\u00e1ci\u00f3s lap az Egyetemen el\u00e9rhet\u0151 kontakt pontokr\u00f3l ment\u00e1lis probl\u00e9m\u00e1k eset\u00e9n<\/strong><\/p>\n<p>Kedves \u201eMATTERS\u201d r\u00e9sztvev\u0151!<\/p>\n<p>A ment\u00e1lis distresszel kapcsolatos k\u00e9rd\u00e9sek megv\u00e1laszol\u00e1sa k\u00f6zben lehet, hogy \u00fagy \u00e9rezte, akt\u00edvan kellene tegyen valamit. Az els\u0151 l\u00e9p\u00e9s az lehetne p\u00e9ld\u00e1ul, hogy maga t\u00e1j\u00e9koz\u00f3dik, vagy felveszi a kapcsolatot egy szak\u00e9rt\u0151vel, aki seg\u00edteni tudja abban, milyen l\u00e9p\u00e9sekre lehet sz\u00fcks\u00e9g. K\u00fcl\u00f6n\u00f6sk\u00e9ppen fontos ez abban az esetben, ha \u00fagy \u00e9rzi, hogy t\u00fals\u00e1gosan kimer\u00fclt lelkileg, p\u00e9ld\u00e1ul egy ideje nagyon nyomott a hangulata, kifejezetten szorong vagy stresszes, vagy hasonl\u00f3 neh\u00e9zs\u00e9gei vannak, ha elvesz\u00edtette az \u00f6r\u00f6m\u00e9t a mindennapokban vagy az \u00e9rdekl\u0151d\u00e9s\u00e9t az \u00e9let ir\u00e1nt. A Semmelweis Egyetem Magatart\u00e1studom\u00e1nyi Int\u00e9zet\u00e9ben szakemberek seg\u00edts\u00e9g\u00e9t k\u00e9rheti felmer\u00fcl\u0151 k\u00e9rd\u00e9sei megv\u00e1laszol\u00e1s\u00e1ban, illetve seg\u00edts\u00e9get kaphat probl\u00e9m\u00e1i megold\u00e1s\u00e1ban. Ezen a linken \u00e9rheti el a szolg\u00e1ltat\u00e1st: <a class=\"gmail-weblink\" href=\"https:\/\/semmelweis.hu\/magtud\/gyogyitas\/diaktanacsado\/\" target=\"_blank\" rel=\"noopener\">https:\/\/semmelweis.hu\/magtud\/gyogyitas\/diaktanacsado\/<\/a><\/p>\n<p>K\u00edv\u00e1njuk, hogy a k\u00e9rd\u0151\u00edvek kit\u00f6lt\u00e9se kapcs\u00e1n fel\u00e9bred\u0151 tudatoss\u00e1ga saj\u00e1t mag\u00e1nak \u00e9s az Egyetemen tanul\u00f3 t\u00f6bbi t\u00e1rs\u00e1nak is seg\u00edts\u00e9get jelentsen j\u00f3ll\u00e9t\u00fck fokoz\u00e1s\u00e1ban. Az EUniWell MATTERS Csapata nev\u00e9ben, Dr. E\u0151ry Aj\u00e1nd\u00e9k, vizsg\u00e1latvezet\u0151, Semmelweis Egyetem<\/p>\n<p><strong>T\u00e1j\u00e9koztat\u00f3 \u00e9s Beleegyez\u0151<\/strong><\/p>\n<p><a href=\"https:\/\/semmelweis.hu\/csot\/files\/2022\/04\/Beleegyezo.pdf\" target=\"_blank\" rel=\"noopener\">Beleegyez\u0151<\/a><br \/>\n<a href=\"https:\/\/semmelweis.hu\/csot\/files\/2022\/04\/Tajekoztato.pdf\" target=\"_blank\" rel=\"noopener\">T\u00e1j\u00e9koztat\u00f3<\/a><\/p>\n","protected":false},"excerpt":{"rendered":"<p>Inform\u00e1ci\u00f3s lap az Egyetemen el\u00e9rhet\u0151 kontakt pontokr\u00f3l ment\u00e1lis probl\u00e9m\u00e1k eset\u00e9n Kedves \u201eMATTERS\u201d r\u00e9sztvev\u0151! A ment\u00e1lis distresszel kapcsolatos k\u00e9rd\u00e9sek megv\u00e1laszol\u00e1sa k\u00f6zben lehet, hogy \u00fagy \u00e9rezte, akt\u00edvan kellene tegyen valamit. Az els\u0151 l\u00e9p\u00e9s az lehetne p\u00e9ld\u00e1ul, hogy maga t\u00e1j\u00e9koz\u00f3dik, vagy felveszi a kapcsolatot egy szak\u00e9rt\u0151vel, aki seg\u00edteni tudja abban, milyen l\u00e9p\u00e9sekre lehet sz\u00fcks\u00e9g. K\u00fcl\u00f6n\u00f6sk\u00e9ppen fontos ez abban &hellip;<\/p>\n","protected":false},"author":101661,"featured_media":0,"parent":4992,"menu_order":0,"comment_status":"closed","ping_status":"closed","template":"","meta":{"_acf_changed":false,"footnotes":""},"categories":[],"tags":[],"class_list":["post-5431","page","type-page","status-publish","hentry"],"acf":[],"publishpress_future_action":{"enabled":false,"date":"1970-01-01 01:00:00","action":"","terms":[],"taxonomy":"","browser_timezone_offset":0},"_links":{"self":[{"href":"https:\/\/semmelweis.hu\/csot\/wp-json\/wp\/v2\/pages\/5431","targetHints":{"allow":["GET"]}}],"collection":[{"href":"https:\/\/semmelweis.hu\/csot\/wp-json\/wp\/v2\/pages"}],"about":[{"href":"https:\/\/semmelweis.hu\/csot\/wp-json\/wp\/v2\/types\/page"}],"author":[{"embeddable":true,"href":"https:\/\/semmelweis.hu\/csot\/wp-json\/wp\/v2\/users\/101661"}],"replies":[{"embeddable":true,"href":"https:\/\/semmelweis.hu\/csot\/wp-json\/wp\/v2\/comments?post=5431"}],"version-history":[{"count":9,"href":"https:\/\/semmelweis.hu\/csot\/wp-json\/wp\/v2\/pages\/5431\/revisions"}],"predecessor-version":[{"id":7748,"href":"https:\/\/semmelweis.hu\/csot\/wp-json\/wp\/v2\/pages\/5431\/revisions\/7748"}],"up":[{"embeddable":true,"href":"https:\/\/semmelweis.hu\/csot\/wp-json\/wp\/v2\/pages\/4992"}],"wp:attachment":[{"href":"https:\/\/semmelweis.hu\/csot\/wp-json\/wp\/v2\/media?parent=5431"}],"wp:term":[{"taxonomy":"category","embeddable":true,"href":"https:\/\/semmelweis.hu\/csot\/wp-json\/wp\/v2\/categories?post=5431"},{"taxonomy":"post_tag","embeddable":true,"href":"https:\/\/semmelweis.hu\/csot\/wp-json\/wp\/v2\/tags?post=5431"}],"curies":[{"name":"wp","href":"https:\/\/api.w.org\/{rel}","templated":true}]}}