{"id":5393,"date":"2020-11-24T10:59:01","date_gmt":"2020-11-24T09:59:01","guid":{"rendered":"https:\/\/semmelweis.hu\/csot\/?page_id=5393"},"modified":"2026-04-28T09:08:49","modified_gmt":"2026-04-28T07:08:49","slug":"doktori-kepzes","status":"publish","type":"page","link":"https:\/\/semmelweis.hu\/csot\/kutatas\/doktori-kepzes\/","title":{"rendered":"Doktori k\u00e9pz\u00e9s"},"content":{"rendered":"<h1>PhD kutat\u00e1si t\u00e9m\u00e1k<\/h1>\n<h2>Alapell\u00e1t\u00e1si PhD program<\/h2>\n<h3>R\u00e1cz K\u00e1roly Konzervat\u00edv Orvostudom\u00e1nyi Tagozat<\/h3>\n<h3>Programvezet\u0151: Dr. Torzsa P\u00e9ter<\/h3>\n\n<table id=\"tablepress-7\" class=\"tablepress tablepress-id-7\">\n<thead>\n<tr class=\"row-1\">\n\t<th class=\"column-1\">Kutat\u00e1si t\u00e9ma<\/th><th class=\"column-2\">Doktori iskola<\/th><th class=\"column-3\">Program<\/th><th class=\"column-4\">T\u00e9mavezet\u0151<\/th><th class=\"column-5\">Hallgat\u00f3k<\/th>\n<\/tr>\n<\/thead>\n<tbody class=\"row-striping row-hover\">\n<tr class=\"row-2\">\n\t<td class=\"column-1\">Akut f\u00e1zis feh\u00e9rj\u00e9k \u00e9s hisztamin intolerancia a klinikai gyakorlatban<\/td><td class=\"column-2\">Semmelweis Egyetem R\u00e1cz K\u00e1roly Konzervat\u00edv Orvostudom\u00e1nyi Tagozat<\/td><td class=\"column-3\">Alapell\u00e1t\u00e1s<\/td><td class=\"column-4\">Prof. Dr. Kalabay L\u00e1szl\u00f3 egyetemi tan\u00e1r<\/td><td class=\"column-5\">V\u00e9gzett hallgat\u00f3k:<br \/>\nDr. M\u00e1rkus Bernadett<br \/>\nDr. Temesszentandr\u00e1si Gy\u00f6rgy<br \/>\nDr. V\u00f6r\u00f6s Kriszti\u00e1n<\/td>\n<\/tr>\n<tr class=\"row-3\">\n\t<td class=\"column-1\">Az affekt\u00edv temperamentum-t\u00edpusok felm\u00e9r\u00e9se kr\u00f3nikus betegs\u00e9gben (hypertonia, diabetes, obesitas) szenved\u0151 betegekn\u00e9l<\/td><td class=\"column-2\">Semmelweis Egyetem R\u00e1cz K\u00e1roly Konzervat\u00edv Orvostudom\u00e1nyi Tagozat<\/td><td class=\"column-3\">Alapell\u00e1t\u00e1s<\/td><td class=\"column-4\">Prof. Dr. Torzsa P\u00e9ter egyetemi tan\u00e1r<\/td><td class=\"column-5\">V\u00e9gzett hallgat\u00f3k:<br \/>\nDr. E\u0151ry Aj\u00e1nd\u00e9k<br \/>\nDr. Hargittay Csenge                                                              Dr. Mohos Andr\u00e1s<br \/>\n<br \/>\nJelenlegi hallgat\u00f3:<br \/>\nDr. Csatl\u00f3s Dalma<br \/>\nDr. Tripolszky B\u00e1lint<\/td>\n<\/tr>\n<tr class=\"row-4\">\n\t<td class=\"column-1\">\u00d6ngondoskod\u00e1s diabetesben. Als\u00f3 v\u00e9gtagi art\u00e9ri\u00e1s betegs\u00e9g, neurop\u00e1tia, cardiomiop\u00e1tia, alv\u00e1si apnoe szindr\u00f3ma diabetesben. Adherenci\u00e1t befoly\u00e1sol\u00f3 t\u00e9nyez\u0151k (\u00f6ngondoskod\u00e1s, affekt\u00edv temperamentumok).<\/td><td class=\"column-2\">Semmelweis Egyetem R\u00e1cz K\u00e1roly Konzervat\u00edv Orvostudom\u00e1nyi Tagozat<\/td><td class=\"column-3\">Alapell\u00e1t\u00e1s<\/td><td class=\"column-4\">Dr. V\u00f6r\u00f6s Kriszti\u00e1n egyetemi adjunktus<\/td><td class=\"column-5\"><\/td>\n<\/tr>\n<tr class=\"row-5\">\n\t<td class=\"column-1\">Pszichoszomatikus h\u00e1tt\u00e9rt\u00e9nyez\u0151k szerepe a kr\u00f3nikus betegs\u00e9gek kialakul\u00e1s\u00e1ban<\/td><td class=\"column-2\">Semmelweis Egyetem R\u00e1cz K\u00e1roly Konzervat\u00edv Orvostudom\u00e1nyi Tagozat<\/td><td class=\"column-3\">Alapkutat\u00e1sok klinikai alkalmaz\u00e1sa<\/td><td class=\"column-4\">Dr. E\u0151ry Aj\u00e1nd\u00e9k, egyetemi docens<\/td><td class=\"column-5\">V\u00e9gzett hallgat\u00f3:<br \/>\nDr. B\u00e9k\u00e9si D\u00f3ra<br \/>\n<br \/>\nJelenlegi hallgat\u00f3:<br \/>\nDr. F\u00e1bry Szabolcs<br \/>\nDr. Kov\u00e1csn\u00e9 Ronkay Kl\u00e1ra<\/td>\n<\/tr>\n<tr class=\"row-6\">\n\t<td class=\"column-1\">Munkahelyi tanul\u00e1s hat\u00e1sa az orvosi identit\u00e1s fejl\u0151d\u00e9s\u00e9re<\/td><td class=\"column-2\">Semmelweis Egyetem R\u00e1cz K\u00e1roly Konzervat\u00edv Orvostudom\u00e1nyi Tagozat<\/td><td class=\"column-3\">Alapkutat\u00e1sok klinikai alkalmaz\u00e1sa<\/td><td class=\"column-4\">Dr. E\u0151ry Aj\u00e1nd\u00e9k, egyetemi docens<\/td><td class=\"column-5\"><\/td>\n<\/tr>\n<tr class=\"row-7\">\n\t<td class=\"column-1\">Alapell\u00e1t\u00e1si kutat\u00e1sok<br \/>\nIsmertet\u0151: <br \/><a href=\"https:\/\/semmelweis.hu\/csot\/files\/2022\/07\/Rurik_PhD.pdf\">Rurik - PhD t\u00e9male\u00edr\u00e1s<\/a><\/td><td class=\"column-2\">Eg\u00e9szs\u00e9gtudom\u00e1nyi Tagozat<\/td><td class=\"column-3\">Klinikai \u00e9s \u00f6sszehasonl\u00edt\u00f3 eg\u00e9szs\u00e9gtudom\u00e1nyok<\/td><td class=\"column-4\">Prof. Dr. Rurik Imre, egyetemi tan\u00e1r<\/td><td class=\"column-5\"><\/td>\n<\/tr>\n<tr class=\"row-8\">\n\t<td class=\"column-1\">Az art\u00e9ri\u00e1s \u00e9rfalmerevs\u00e9g etiol\u00f3gi\u00e1ja \u00e9s gy\u00f3gyszeres vagy egy\u00e9b m\u00f3dszerekkel t\u00f6rt\u00e9n\u0151 befoly\u00e1sol\u00e1sa<\/td><td class=\"column-2\">Semmelweis Egyetem R\u00e1cz K\u00e1roly Konzervat\u00edv Orvostudom\u00e1nyi Tagozat<\/td><td class=\"column-3\">Alapell\u00e1t\u00e1s<\/td><td class=\"column-4\">Dr. Nemcsik J\u00e1nos<br \/>\negyetemi docens<\/td><td class=\"column-5\">V\u00e9gzett hallgat\u00f3:<br \/>\nDr. L\u00e1szl\u00f3 Andrea<br \/>\nDr. Batta D\u00f3ra<br \/>\nDr. Vecsey-Nagy Mil\u00e1n<br \/>\nDr. K\u0151r\u00f6si Be\u00e1ta<br \/>\n<br \/>\nJelenlegi hallgat\u00f3:<br \/>\nDr. Gy\u00f6ngy\u00f6si Helga<\/td>\n<\/tr>\n<tr class=\"row-9\">\n\t<td class=\"column-1\">Innovat\u00edv technol\u00f3gi\u00e1k implement\u00e1l\u00e1sa az eg\u00e9szs\u00e9g\u00fcgyi ell\u00e1t\u00e1sban<\/td><td class=\"column-2\">Semmelweis Egyetem R\u00e1cz K\u00e1roly Konzervat\u00edv Orvostudom\u00e1nyi Tagozat<\/td><td class=\"column-3\">Alapell\u00e1t\u00e1s<\/td><td class=\"column-4\">Dr. Pap Ren\u00e1ta Emese<\/td><td class=\"column-5\"><\/td>\n<\/tr>\n<tr class=\"row-10\">\n\t<td class=\"column-1\">A gy\u00f3gyszerfel\u00edr\u00e1sok megfelel\u0151s\u00e9g\u00e9nek vizsg\u00e1lata, az optim\u00e1lis gy\u00f3gyszerel\u00e9s meghat\u00e1roz\u00f3 t\u00e9nyez\u0151inek elemz\u00e9se<\/td><td class=\"column-2\">Semmelweis Egyetem R\u00e1cz K\u00e1roly Konzervat\u00edv Orvostudom\u00e1nyi Tagozat<\/td><td class=\"column-3\">Alapell\u00e1t\u00e1s<\/td><td class=\"column-4\">Dr. Pap Ren\u00e1ta Emese<\/td><td class=\"column-5\"><\/td>\n<\/tr>\n<tr class=\"row-11\">\n\t<td class=\"column-1\">Alapell\u00e1t\u00e1s fejleszt\u00e9s<\/td><td class=\"column-2\">Semmelweis Egyetem R\u00e1cz K\u00e1roly Konzervat\u00edv Orvostudom\u00e1nyi Tagozat<\/td><td class=\"column-3\">Alapell\u00e1t\u00e1s<\/td><td class=\"column-4\">Dr. Vajer P\u00e9ter <\/td><td class=\"column-5\"><\/td>\n<\/tr>\n<tr class=\"row-12\">\n\t<td class=\"column-1\">Telemedicina szerepe a kr\u00f3nikus betegs\u00e9gek gondoz\u00e1s\u00e1ban, az ell\u00e1t\u00e1si egyenl\u0151tlens\u00e9gek cs\u00f6kkent\u00e9s\u00e9ben<\/td><td class=\"column-2\">Semmelweis Egyetem R\u00e1cz K\u00e1roly Konzervat\u00edv Orvostudom\u00e1nyi Tagozat<\/td><td class=\"column-3\">Alapell\u00e1t\u00e1s<\/td><td class=\"column-4\">Dr. Perj\u00e9s \u00c1bel<\/td><td class=\"column-5\"><\/td>\n<\/tr>\n<tr class=\"row-13\">\n\t<td class=\"column-1\">\u00c9letm\u00f3dorvosl\u00e1s - Az \u00e9letm\u00f3dpill\u00e9rek \u00e9s a pszich\u00e9s t\u00e9nyez\u0151k vizsg\u00e1lata<\/td><td class=\"column-2\">Semmelweis Egyetem R\u00e1cz K\u00e1roly Konzervat\u00edv Orvostudom\u00e1nyi Tagozat<\/td><td class=\"column-3\">Alapell\u00e1t\u00e1s<\/td><td class=\"column-4\">Dr. Hargittay Csenge<\/td><td class=\"column-5\"><\/td>\n<\/tr>\n<tr class=\"row-14\">\n\t<td class=\"column-1\">Oszteopor\u00f3zis az alapell\u00e1t\u00e1sban<\/td><td class=\"column-2\">Semmelweis Egyetem R\u00e1cz K\u00e1roly Konzervat\u00edv Orvostudom\u00e1nyi Tagozat<\/td><td class=\"column-3\">Alapell\u00e1t\u00e1s<\/td><td class=\"column-4\">Dr. Lak\u00f3-Fut\u00f3 Zolt\u00e1n<\/td><td class=\"column-5\"><\/td>\n<\/tr>\n<tr class=\"row-15\">\n\t<td class=\"column-1\">Prevenci\u00f3 az alapell\u00e1t\u00e1sban - a praxisk\u00f6z\u00f6ss\u00e9gek szerepe<\/td><td class=\"column-2\">Semmelweis Egyetem R\u00e1cz K\u00e1roly Konzervat\u00edv Orvostudom\u00e1nyi Tagozat<\/td><td class=\"column-3\">Alapell\u00e1t\u00e1s<\/td><td class=\"column-4\">Dr. M\u00f3cz\u00e1r Csaba<\/td><td class=\"column-5\"><\/td>\n<\/tr>\n<tr class=\"row-16\">\n\t<td class=\"column-1\">Az id\u0151sek neurokognit\u00edv hanyatl\u00e1s\u00e1nak, \u00e9letmin\u0151s\u00e9g\u00e9nek \u00e9s eg\u00e9szs\u00e9gi \u00e1llapot\u00e1nak vizsg\u00e1lata az alapell\u00e1t\u00e1sban<\/td><td class=\"column-2\">Semmelweis Egyetem R\u00e1cz K\u00e1roly Konzervat\u00edv Orvostudom\u00e1nyi Tagozat<\/td><td class=\"column-3\">Alapell\u00e1t\u00e1s<\/td><td class=\"column-4\">Dr. Zsuffa J\u00e1nos Andr\u00e1s<\/td><td class=\"column-5\"><\/td>\n<\/tr>\n<\/tbody>\n<\/table>\n<!-- #tablepress-7 from cache -->\n","protected":false},"excerpt":{"rendered":"<p>PhD kutat\u00e1si t\u00e9m\u00e1k<br \/>\nAlapell\u00e1t\u00e1si PhD program<br \/>\nR\u00e1cz K\u00e1roly Konzervat\u00edv Orvostudom\u00e1nyi Tagozat<br \/>\nProgramvezet\u0151: Dr. Torzsa P\u00e9ter<\/p>\n","protected":false},"author":101661,"featured_media":0,"parent":5381,"menu_order":3,"comment_status":"closed","ping_status":"closed","template":"template-fullwidth.php","meta":{"_acf_changed":false,"footnotes":""},"categories":[],"tags":[],"class_list":["post-5393","page","type-page","status-publish","hentry"],"acf":[],"publishpress_future_action":{"enabled":false,"date":"2026-05-22 00:36:59","action":"change-status","newStatus":"draft","terms":[],"taxonomy":"category","extraData":[]},"publishpress_future_workflow_manual_trigger":{"enabledWorkflows":[]},"_links":{"self":[{"href":"https:\/\/semmelweis.hu\/csot\/wp-json\/wp\/v2\/pages\/5393","targetHints":{"allow":["GET"]}}],"collection":[{"href":"https:\/\/semmelweis.hu\/csot\/wp-json\/wp\/v2\/pages"}],"about":[{"href":"https:\/\/semmelweis.hu\/csot\/wp-json\/wp\/v2\/types\/page"}],"author":[{"embeddable":true,"href":"https:\/\/semmelweis.hu\/csot\/wp-json\/wp\/v2\/users\/101661"}],"replies":[{"embeddable":true,"href":"https:\/\/semmelweis.hu\/csot\/wp-json\/wp\/v2\/comments?post=5393"}],"version-history":[{"count":6,"href":"https:\/\/semmelweis.hu\/csot\/wp-json\/wp\/v2\/pages\/5393\/revisions"}],"predecessor-version":[{"id":8291,"href":"https:\/\/semmelweis.hu\/csot\/wp-json\/wp\/v2\/pages\/5393\/revisions\/8291"}],"up":[{"embeddable":true,"href":"https:\/\/semmelweis.hu\/csot\/wp-json\/wp\/v2\/pages\/5381"}],"wp:attachment":[{"href":"https:\/\/semmelweis.hu\/csot\/wp-json\/wp\/v2\/media?parent=5393"}],"wp:term":[{"taxonomy":"category","embeddable":true,"href":"https:\/\/semmelweis.hu\/csot\/wp-json\/wp\/v2\/categories?post=5393"},{"taxonomy":"post_tag","embeddable":true,"href":"https:\/\/semmelweis.hu\/csot\/wp-json\/wp\/v2\/tags?post=5393"}],"curies":[{"name":"wp","href":"https:\/\/api.w.org\/{rel}","templated":true}]}}