{"id":5381,"date":"2020-11-24T10:36:14","date_gmt":"2020-11-24T09:36:14","guid":{"rendered":"https:\/\/semmelweis.hu\/csot\/?page_id=5381"},"modified":"2020-11-24T10:36:14","modified_gmt":"2020-11-24T09:36:14","slug":"kutatas","status":"publish","type":"page","link":"https:\/\/semmelweis.hu\/csot\/kutatas\/","title":{"rendered":"Kutat\u00e1s"},"content":{"rendered":"<p>A Tansz\u00e9k kutat\u00e1si tev\u00e9kenys\u00e9ge az alapell\u00e1t\u00e1s sz\u00e1mos ter\u00fclet\u00e9t \u00e9rinti: betegs\u00e9gek megel\u0151z\u00e9se, eg\u00e9szs\u00e9gnevel\u00e9s, a m\u00e1r kialakult betegs\u00e9gek kezel\u00e9se, s\u00fcrg\u0151ss\u00e9gi betegell\u00e1t\u00e1s, kr\u00f3nikus betegek gondoz\u00e1sa, palliat\u00edv ell\u00e1t\u00e1s, illetve kutat\u00e1si ter\u00fcleteink k\u00f6z\u00f6tt szerepel a testi betegs\u00e9geken k\u00edv\u00fcl a lelki \u00e9s pszichoszomatikus betegs\u00e9gek vizsg\u00e1lata.<\/p>\n","protected":false},"excerpt":{"rendered":"<p>A Tansz\u00e9k kutat\u00e1si tev\u00e9kenys\u00e9ge az alapell\u00e1t\u00e1s sz\u00e1mos ter\u00fclet\u00e9t \u00e9rinti: betegs\u00e9gek megel\u0151z\u00e9se, eg\u00e9szs\u00e9gnevel\u00e9s, a m\u00e1r kialakult betegs\u00e9gek kezel\u00e9se, s\u00fcrg\u0151ss\u00e9gi betegell\u00e1t\u00e1s, kr\u00f3nikus betegek gondoz\u00e1sa, palliat\u00edv ell\u00e1t\u00e1s, illetve kutat\u00e1si ter\u00fcleteink k\u00f6z\u00f6tt szerepel a testi betegs\u00e9geken k\u00edv\u00fcl a lelki \u00e9s pszichoszomatikus betegs\u00e9gek vizsg\u00e1lata.<\/p>\n","protected":false},"author":101661,"featured_media":0,"parent":0,"menu_order":0,"comment_status":"closed","ping_status":"closed","template":"","meta":{"_acf_changed":false,"footnotes":""},"categories":[],"tags":[],"class_list":["post-5381","page","type-page","status-publish","hentry"],"acf":[],"publishpress_future_action":{"enabled":false,"date":"1970-01-01 01:00:00","action":"","terms":[],"taxonomy":"","browser_timezone_offset":0},"_links":{"self":[{"href":"https:\/\/semmelweis.hu\/csot\/wp-json\/wp\/v2\/pages\/5381","targetHints":{"allow":["GET"]}}],"collection":[{"href":"https:\/\/semmelweis.hu\/csot\/wp-json\/wp\/v2\/pages"}],"about":[{"href":"https:\/\/semmelweis.hu\/csot\/wp-json\/wp\/v2\/types\/page"}],"author":[{"embeddable":true,"href":"https:\/\/semmelweis.hu\/csot\/wp-json\/wp\/v2\/users\/101661"}],"replies":[{"embeddable":true,"href":"https:\/\/semmelweis.hu\/csot\/wp-json\/wp\/v2\/comments?post=5381"}],"version-history":[{"count":1,"href":"https:\/\/semmelweis.hu\/csot\/wp-json\/wp\/v2\/pages\/5381\/revisions"}],"predecessor-version":[{"id":5382,"href":"https:\/\/semmelweis.hu\/csot\/wp-json\/wp\/v2\/pages\/5381\/revisions\/5382"}],"wp:attachment":[{"href":"https:\/\/semmelweis.hu\/csot\/wp-json\/wp\/v2\/media?parent=5381"}],"wp:term":[{"taxonomy":"category","embeddable":true,"href":"https:\/\/semmelweis.hu\/csot\/wp-json\/wp\/v2\/categories?post=5381"},{"taxonomy":"post_tag","embeddable":true,"href":"https:\/\/semmelweis.hu\/csot\/wp-json\/wp\/v2\/tags?post=5381"}],"curies":[{"name":"wp","href":"https:\/\/api.w.org\/{rel}","templated":true}]}}