{"id":5311,"date":"2020-09-08T10:33:29","date_gmt":"2020-09-08T08:33:29","guid":{"rendered":"https:\/\/semmelweis.hu\/csot\/?page_id=5311"},"modified":"2020-09-08T10:47:09","modified_gmt":"2020-09-08T08:47:09","slug":"regisztracio-a-www-medukator-eu-oldalon","status":"publish","type":"page","link":"https:\/\/semmelweis.hu\/csot\/regisztracio-a-www-medukator-eu-oldalon\/","title":{"rendered":"Regisztr\u00e1ci\u00f3 a www.medukator.eu oldalon"},"content":{"rendered":"<p>Az al\u00e1bbi egyszer\u0171 l\u00e9p\u00e9seken sz\u00fcks\u00e9ges v\u00e9gighaladni:<\/p>\n<p>1. A b\u00f6ng\u00e9sz\u0151be (google chrome, mozilla, internet explorer, microsoft edge, safari stb.) \u00edrja be a k\u00f6vetkez\u0151t: <a href=\"http:\/\/www.medukator.eu\">medukator.eu<\/a><\/p>\n<p>2. Miut\u00e1n bet\u00f6lt\u00f6tt a fel\u00fclet, kattintson az al\u00e1bbi k\u00e9pen piros ny\u00edllal jelzett ikonra:<\/p>\n<p><img loading=\"lazy\" decoding=\"async\" class=\"alignnone wp-image-5316 size-large\" src=\"https:\/\/semmelweis.hu\/csot\/files\/2020\/09\/medu1-1024x450.png\" alt=\"\" width=\"753\" height=\"331\" \/><\/p>\n<p>3. Adja meg az adatait, fogadja el az adatv\u00e9delmet, \u00e9s a felhaszn\u00e1l\u00e1s felt\u00e9teleit, majd nyomja meg a \u201eregisztr\u00e1ci\u00f3\u201d gombot:<\/p>\n<p><img loading=\"lazy\" decoding=\"async\" class=\"alignnone wp-image-5317 size-large\" src=\"https:\/\/semmelweis.hu\/csot\/files\/2020\/09\/medu2-1024x529.png\" alt=\"\" width=\"753\" height=\"389\" \/><\/p>\n<p>4. Ezzel \u00f6n sikeresen regisztr\u00e1lt. A j\u00f6v\u0151ben a tov\u00e1bbk\u00e9pz\u00e9sekr\u0151l illetve egy\u00e9b hasznos inform\u00e1ci\u00f3kr\u00f3l is a fel\u00fcleten kereszt\u00fcl szeretn\u00e9nk \u00f6nt t\u00e1j\u00e9koztatni, illetve itt tud majd kreditpontokat szerezni. Ahhoz, hogy ez g\u00f6rd\u00fcl\u00e9kenyen menjen fontos n\u00e9h\u00e1ny tov\u00e1bbi l\u00e9p\u00e9s megt\u00e9tele. K\u00e9rj\u00fck, hogy miut\u00e1n bel\u00e9pett, kattintson az \u201eadataim\u201d gombra (piros ny\u00edl)!<\/p>\n<p><img loading=\"lazy\" decoding=\"async\" class=\"alignnone wp-image-5318 size-large\" src=\"https:\/\/semmelweis.hu\/csot\/files\/2020\/09\/medu3-1024x512.png\" alt=\"\" width=\"753\" height=\"377\" \/><\/p>\n<p>Itt tov\u00e1bbi, a kreditpontszerz\u00e9shez sz\u00fcks\u00e9ges adatokat tud megadni, illetve lehet\u0151v\u00e9 teheti, hogy h\u00edrlev\u00e9len kereszt\u00fcl t\u00e1j\u00e9koztassuk \u00f6nt.<\/p>\n<p>Ne felejtse el a \u201ek\u00e9rek h\u00edrlevelet\u201d gomb mellett elhelyezni a pip\u00e1t! (piros ny\u00edl jelzi)<\/p>\n<p><img loading=\"lazy\" decoding=\"async\" class=\"alignnone wp-image-5319 size-large\" src=\"https:\/\/semmelweis.hu\/csot\/files\/2020\/09\/medu4-1024x496.png\" alt=\"\" width=\"753\" height=\"365\" \/><\/p>\n<p>G\u00f6rd\u00edtsen lejjebb \u00e9s adja meg egy\u00e9b adatait, szakk\u00e9pzetts\u00e9g\u00e9t, pecs\u00e9tsz\u00e1m\u00e1t stb.<\/p>\n<p>A folyamat v\u00e9g\u00e9n ne felejtsen el menteni!<\/p>\n","protected":false},"excerpt":{"rendered":"<p>Az al\u00e1bbi egyszer\u0171 l\u00e9p\u00e9seken sz\u00fcks\u00e9ges v\u00e9gighaladni: 1. A b\u00f6ng\u00e9sz\u0151be (google chrome, mozilla, internet explorer, microsoft edge, safari stb.) \u00edrja be a k\u00f6vetkez\u0151t: <a href=\"http:\/\/www.medukator.eu\">medukator.eu<\/a> 2. Miut\u00e1n bet\u00f6lt\u00f6tt a fel\u00fclet, kattintson az al\u00e1bbi k\u00e9pen piros ny\u00edllal jelzett ikonra: 3. Adja meg az adatait, fogadja el az adatv\u00e9delmet, \u00e9s a felhaszn\u00e1l\u00e1s felt\u00e9teleit, majd nyomja meg a \u201eregisztr\u00e1ci\u00f3\u201d gombot: 4. &hellip;<\/p>\n","protected":false},"author":101661,"featured_media":0,"parent":0,"menu_order":0,"comment_status":"closed","ping_status":"closed","template":"","meta":{"_acf_changed":false,"footnotes":""},"categories":[],"tags":[],"class_list":["post-5311","page","type-page","status-publish","hentry"],"acf":[],"publishpress_future_action":{"enabled":false,"date":"1970-01-01 01:00:00","action":"","terms":[],"taxonomy":"","browser_timezone_offset":0},"_links":{"self":[{"href":"https:\/\/semmelweis.hu\/csot\/wp-json\/wp\/v2\/pages\/5311","targetHints":{"allow":["GET"]}}],"collection":[{"href":"https:\/\/semmelweis.hu\/csot\/wp-json\/wp\/v2\/pages"}],"about":[{"href":"https:\/\/semmelweis.hu\/csot\/wp-json\/wp\/v2\/types\/page"}],"author":[{"embeddable":true,"href":"https:\/\/semmelweis.hu\/csot\/wp-json\/wp\/v2\/users\/101661"}],"replies":[{"embeddable":true,"href":"https:\/\/semmelweis.hu\/csot\/wp-json\/wp\/v2\/comments?post=5311"}],"version-history":[{"count":3,"href":"https:\/\/semmelweis.hu\/csot\/wp-json\/wp\/v2\/pages\/5311\/revisions"}],"predecessor-version":[{"id":5322,"href":"https:\/\/semmelweis.hu\/csot\/wp-json\/wp\/v2\/pages\/5311\/revisions\/5322"}],"wp:attachment":[{"href":"https:\/\/semmelweis.hu\/csot\/wp-json\/wp\/v2\/media?parent=5311"}],"wp:term":[{"taxonomy":"category","embeddable":true,"href":"https:\/\/semmelweis.hu\/csot\/wp-json\/wp\/v2\/categories?post=5311"},{"taxonomy":"post_tag","embeddable":true,"href":"https:\/\/semmelweis.hu\/csot\/wp-json\/wp\/v2\/tags?post=5311"}],"curies":[{"name":"wp","href":"https:\/\/api.w.org\/{rel}","templated":true}]}}