{"id":5119,"date":"2020-03-03T09:32:05","date_gmt":"2020-03-03T08:32:05","guid":{"rendered":"http:\/\/semmelweis.hu\/csot\/?page_id=5119"},"modified":"2025-06-27T13:14:11","modified_gmt":"2025-06-27T11:14:11","slug":"gyermekgyogyaszat-eloadasok","status":"publish","type":"page","link":"https:\/\/semmelweis.hu\/csot\/rezidenskepzes\/egyeb\/gyermekgyogyaszat\/gyermekgyogyaszat-eloadasok\/","title":{"rendered":"Gyermekgy\u00f3gy\u00e1szat el\u0151ad\u00e1sok"},"content":{"rendered":"","protected":true},"excerpt":{"rendered":"","protected":true},"author":101661,"featured_media":0,"parent":5115,"menu_order":1,"comment_status":"closed","ping_status":"closed","template":"","meta":{"_acf_changed":false,"footnotes":""},"categories":[],"tags":[],"class_list":["post-5119","page","type-page","status-publish","post-password-required","hentry"],"acf":[],"publishpress_future_action":{"enabled":false,"date":"1970-01-01 01:00:00","action":"","terms":[],"taxonomy":"","browser_timezone_offset":0},"_links":{"self":[{"href":"https:\/\/semmelweis.hu\/csot\/wp-json\/wp\/v2\/pages\/5119","targetHints":{"allow":["GET"]}}],"collection":[{"href":"https:\/\/semmelweis.hu\/csot\/wp-json\/wp\/v2\/pages"}],"about":[{"href":"https:\/\/semmelweis.hu\/csot\/wp-json\/wp\/v2\/types\/page"}],"author":[{"embeddable":true,"href":"https:\/\/semmelweis.hu\/csot\/wp-json\/wp\/v2\/users\/101661"}],"replies":[{"embeddable":true,"href":"https:\/\/semmelweis.hu\/csot\/wp-json\/wp\/v2\/comments?post=5119"}],"version-history":[{"count":3,"href":"https:\/\/semmelweis.hu\/csot\/wp-json\/wp\/v2\/pages\/5119\/revisions"}],"predecessor-version":[{"id":7871,"href":"https:\/\/semmelweis.hu\/csot\/wp-json\/wp\/v2\/pages\/5119\/revisions\/7871"}],"up":[{"embeddable":true,"href":"https:\/\/semmelweis.hu\/csot\/wp-json\/wp\/v2\/pages\/5115"}],"wp:attachment":[{"href":"https:\/\/semmelweis.hu\/csot\/wp-json\/wp\/v2\/media?parent=5119"}],"wp:term":[{"taxonomy":"category","embeddable":true,"href":"https:\/\/semmelweis.hu\/csot\/wp-json\/wp\/v2\/categories?post=5119"},{"taxonomy":"post_tag","embeddable":true,"href":"https:\/\/semmelweis.hu\/csot\/wp-json\/wp\/v2\/tags?post=5119"}],"curies":[{"name":"wp","href":"https:\/\/api.w.org\/{rel}","templated":true}]}}