{"id":5115,"date":"2020-03-03T09:25:10","date_gmt":"2020-03-03T08:25:10","guid":{"rendered":"http:\/\/semmelweis.hu\/csot\/?page_id=5115"},"modified":"2024-09-24T11:58:21","modified_gmt":"2024-09-24T09:58:21","slug":"gyermekgyogyaszat","status":"publish","type":"page","link":"https:\/\/semmelweis.hu\/csot\/rezidenskepzes\/egyeb\/gyermekgyogyaszat\/","title":{"rendered":"Gyermekgy\u00f3gy\u00e1szat"},"content":{"rendered":"<p><strong>Gyermekgy\u00f3gy\u00e1szat szemin\u00e1rium<\/strong><\/p>\n<p>A h\u00e1ziorvos rezidensek gyermekgy\u00f3gy\u00e1szat szemin\u00e1riuma 2020-ban a SE I. sz. Gyermekklinik\u00e1j\u00e1n ker\u00fclt megrendez\u00e9sre sok lelkes, elk\u00f6telezett oktat\u00f3 k\u00f6zrem\u0171k\u00f6d\u00e9s\u00e9vel.<\/p>\n<p>Ez\u00faton is k\u00f6sz\u00f6nj\u00fck a friss szakmai inform\u00e1ci\u00f3kat \u00e9s a k\u00fcl\u00f6nleges figyelmet, amellyel a leend\u0151 csal\u00e1dorvosok sz\u00e1m\u00e1ra \u00f6ssze\u00e1ll\u00edtott\u00e1k, elmagyar\u00e1zt\u00e1k a legfontosabb tudnival\u00f3kat!<\/p>\n<p><strong>A szemin\u00e1rium el\u0151ad\u00e1sai megtekinthet\u0151k az al\u00e1bbi &#8211; jelsz\u00f3val v\u00e9dett &#8211; oldalon.<\/strong> A jelsz\u00f3t a tansz\u00e9ki munkat\u00e1rsakt\u00f3l tudhatja meg (n\u00e9v, pecs\u00e9tsz\u00e1m, munkahely megad\u00e1sa sz\u00fcks\u00e9ges).<\/p>\n<p><a href=\"https:\/\/semmelweis.hu\/csot\/oktatas\/rezidenskepzes\/gyermekgyogyaszat\/gyermekgyogyaszat-eloadasok\/\">Megtekintem &gt;&gt;<\/a><\/p>\n<p>N\u00e9h\u00e1ny hasznos oldal: <a href=\"https:\/\/semmelweis.hu\/csot\/oktatas\/rezidenskepzes\/gyermekgyogyaszat\/hasznos-oldalak\/\">Hasznos oldalak<\/a><\/p>\n<p><strong>Az elhangzott el\u0151ad\u00e1sok:<\/strong><\/p>\n<p>Dr. Altorjai P\u00e9ter: Eg\u00e9szs\u00e9ges tan\u00e1csad\u00e1s, sz\u0171r\u0151vizsg\u00e1latok; Eg\u00e9szs\u00e9ges \u00e9s k\u00f3ros fejl\u0151d\u00e9s; Esetmegbesz\u00e9l\u00e9sek<\/p>\n<p>Dr. Bense Tam\u00e1s: H\u00fagy\u00fati fert\u0151z\u00e9sek<\/p>\n<p>Dr. Cseh \u00c1ron: Hypotrophia, malnutritio; V\u00e9res sz\u00e9klet, IBD, c\u00f6liakia<\/p>\n<p>Dr. Csosz\u00e1nszki No\u00e9mi: Hasf\u00e1j\u00e1s, buk\u00e1s, GORB \u00e9s h\u00e1ny\u00e1s<\/p>\n<p>Dr. Erd\u00e9lyi D\u00e1niel: Haematol\u00f3giai betegs\u00e9gek a gyermekkorban<\/p>\n<p>Dr. Fadgyas Bal\u00e1zs: Gyermekkori seb\u00e9szeti k\u00f3rk\u00e9pek<\/p>\n<p>Dr. Gy\u0151ri J\u00f3zsef: K\u00f6telez\u0151 \u00e9s aj\u00e1nlott v\u00e9d\u0151olt\u00e1sok, olt\u00e1sok kommunik\u00e1ci\u00f3ja<\/p>\n<p>Dr. Kassai Tam\u00e1s: Gyermekkori balesetek, gyermekb\u00e1ntalmaz\u00e1s; F\u00e1jdalomcsillap\u00edt\u00e1s, helyes transzport<\/p>\n<p>Dr. K\u00e1lm\u00e1n Mih\u00e1ly: A gyermekalapell\u00e1t\u00e1s saj\u00e1toss\u00e1gai<\/p>\n<p>Dr. Kelen Kata: K\u00f3ros vizeletleletek \u00e9rt\u00e9kel\u00e9se<\/p>\n<p>Dr. Kov\u00e1cs \u00c1kos: L\u00e1zas gyermek a rendel\u0151ben; Sepsis \u00e9s meningitis; Kritikus \u00e1llapot\u00fa gyermek ell\u00e1t\u00e1sa a rendel\u0151ben<\/p>\n<p>Dr. Krikovszky D\u00f3ra: K\u00f6h\u00f6g\u0151 gyermek a rendel\u0151ben<\/p>\n<p>Dr. Kriv\u00e1csy P\u00e9ter: Gyermekkori s\u00fcrg\u0151ss\u00e9gi k\u00f3rk\u00e9pek<\/p>\n<p>Dr. Kulcs\u00e1r Andrea: Olt\u00e1st k\u00f6vet\u0151 nemk\u00edv\u00e1natos esem\u00e9nyek (Tank\u00f6nyv: ld. lentebb)<\/p>\n<p>Dr. Molitorisz D\u00e1niel: Ortop\u00e9diai rendelleness\u00e9gek<\/p>\n<p>Dr. Luczay Andrea: Endokrinol\u00f3giai k\u00f3rk\u00e9pek<\/p>\n<p>Dr. P\u00e1szthy Be\u00e1ta: Gyermekpszichi\u00e1triai k\u00f3rk\u00e9pek<\/p>\n<p>Dr. R\u00e9thy Lajos: Allergi\u00e1s k\u00f3rk\u00e9pek<\/p>\n<p>Dr. Sutka Melinda: Korasz\u00fcl\u00f6tts\u00e9g alapell\u00e1t\u00e1si vonatkoz\u00e1sai<\/p>\n<p>Dr. Szab\u00f3 L\u00e9na: Akut \u00e9s kr\u00f3nikus fejf\u00e1j\u00e1sok<\/p>\n<p>Dr. Szentannay Judit: Csecsem\u0151t\u00e1pl\u00e1l\u00e1s<\/p>\n<p>Dr. T\u00f3th-Heyn P\u00e9ter: Diabetes mellitus, elh\u00edz\u00e1s gyermekkorban<\/p>\n<p>Dr. T\u00f6lgyesi Andrea: Kardiol\u00f3giai k\u00f3rk\u00e9pek<\/p>\n<p>Dr. Zonda Igor: Asztma, zih\u00e1l\u00e1s<\/p>\n","protected":false},"excerpt":{"rendered":"<p>Gyermekgy\u00f3gy\u00e1szat szemin\u00e1rium A h\u00e1ziorvos rezidensek gyermekgy\u00f3gy\u00e1szat szemin\u00e1riuma 2020-ban a SE I. sz. Gyermekklinik\u00e1j\u00e1n ker\u00fclt megrendez\u00e9sre sok lelkes, elk\u00f6telezett oktat\u00f3 k\u00f6zrem\u0171k\u00f6d\u00e9s\u00e9vel. Ez\u00faton is k\u00f6sz\u00f6nj\u00fck a friss szakmai inform\u00e1ci\u00f3kat \u00e9s a k\u00fcl\u00f6nleges figyelmet, amellyel a leend\u0151 csal\u00e1dorvosok sz\u00e1m\u00e1ra \u00f6ssze\u00e1ll\u00edtott\u00e1k, elmagyar\u00e1zt\u00e1k a legfontosabb tudnival\u00f3kat! A szemin\u00e1rium el\u0151ad\u00e1sai megtekinthet\u0151k az al\u00e1bbi &#8211; jelsz\u00f3val v\u00e9dett &#8211; oldalon. A jelsz\u00f3t a &hellip;<\/p>\n","protected":false},"author":101661,"featured_media":0,"parent":7048,"menu_order":4,"comment_status":"closed","ping_status":"closed","template":"","meta":{"_acf_changed":false,"footnotes":""},"categories":[],"tags":[],"class_list":["post-5115","page","type-page","status-publish","hentry"],"acf":[],"publishpress_future_action":{"enabled":false,"date":"1970-01-01 01:00:00","action":"","terms":[],"taxonomy":"","browser_timezone_offset":0},"_links":{"self":[{"href":"https:\/\/semmelweis.hu\/csot\/wp-json\/wp\/v2\/pages\/5115","targetHints":{"allow":["GET"]}}],"collection":[{"href":"https:\/\/semmelweis.hu\/csot\/wp-json\/wp\/v2\/pages"}],"about":[{"href":"https:\/\/semmelweis.hu\/csot\/wp-json\/wp\/v2\/types\/page"}],"author":[{"embeddable":true,"href":"https:\/\/semmelweis.hu\/csot\/wp-json\/wp\/v2\/users\/101661"}],"replies":[{"embeddable":true,"href":"https:\/\/semmelweis.hu\/csot\/wp-json\/wp\/v2\/comments?post=5115"}],"version-history":[{"count":4,"href":"https:\/\/semmelweis.hu\/csot\/wp-json\/wp\/v2\/pages\/5115\/revisions"}],"predecessor-version":[{"id":5468,"href":"https:\/\/semmelweis.hu\/csot\/wp-json\/wp\/v2\/pages\/5115\/revisions\/5468"}],"up":[{"embeddable":true,"href":"https:\/\/semmelweis.hu\/csot\/wp-json\/wp\/v2\/pages\/7048"}],"wp:attachment":[{"href":"https:\/\/semmelweis.hu\/csot\/wp-json\/wp\/v2\/media?parent=5115"}],"wp:term":[{"taxonomy":"category","embeddable":true,"href":"https:\/\/semmelweis.hu\/csot\/wp-json\/wp\/v2\/categories?post=5115"},{"taxonomy":"post_tag","embeddable":true,"href":"https:\/\/semmelweis.hu\/csot\/wp-json\/wp\/v2\/tags?post=5115"}],"curies":[{"name":"wp","href":"https:\/\/api.w.org\/{rel}","templated":true}]}}