{"id":5087,"date":"2020-02-11T10:56:43","date_gmt":"2020-02-11T09:56:43","guid":{"rendered":"http:\/\/semmelweis.hu\/csot\/?page_id=5087"},"modified":"2020-02-11T10:56:43","modified_gmt":"2020-02-11T09:56:43","slug":"informaciok-oktatoknak","status":"publish","type":"page","link":"https:\/\/semmelweis.hu\/csot\/a-tanszekrol\/oktato-csaladorvosoknak\/informaciok-oktatoknak\/","title":{"rendered":"Inform\u00e1ci\u00f3k oktat\u00f3knak"},"content":{"rendered":"            <div class=\"qae-faqs-container qae-faqs-toggle-container\">\n\t\t\t\t<h3 class=\"qe-faqs-group-title\">Csal\u00e1dorvostan - hatod\u00e9ves t\u00e1rgy<\/h3>\t\t<div id=\"qaef-5516\" class=\"qe-faq-toggle hatodeves-targy\">\n\t\t\t<div class=\"qe-toggle-title\">\n\t\t\t\t<h4>\n\t\t\t\t\t<i class=\"fa fa-minus-circle\"><\/i> Csal\u00e1dorvostan gyakorlat 6 hetes, szabadon v\u00e1laszthat\u00f3\t\t\t\t<\/h4>\n\t\t\t<\/div>\n\t\t\t<div class=\"qe-toggle-content\">\n\t\t\t\t<p>Az \u00faj egyetemi kurrikulum szerint a VI. \u00e9ves hallgat\u00f3knak, a szigorl\u00f3\u00e9v v\u00e9g\u00e9n lehet\u0151s\u00e9g\u00fck van az \u00e9rdekl\u0151d\u00e9si ter\u00fclet\u00fcknek megfelel\u0151en szabadon v\u00e1laszthat\u00f3 form\u00e1ban felvenni a 6 hetes csal\u00e1dorvostan gyakorlatot.<\/p>\n<p><strong>A jelentkez\u00e9s menete:<\/strong> A hallgat\u00f3k felveszik a kapcsolatot az akkredit\u00e1lt oktat\u00f3val, akin\u00e9l a gyakorlatot szeretn\u00e9k v\u00e9gezni \u00e9s kit\u00f6ltik a Tansz\u00e9k honlapj\u00e1r\u00f3l let\u00f6lthet\u0151 k\u00e9relmet. A gyakorlati hely j\u00f3v\u00e1hagy\u00e1sa csak a Tansz\u00e9k \u00edr\u00e1sos enged\u00e9ly\u00e9vel lehets\u00e9ges. A j\u00f3v\u00e1hagyott enged\u00e9ly k\u00e9zhezv\u00e9tele ut\u00e1n a hallgat\u00f3nak pontos\u00edtania kell a gyakorlatot az oktat\u00f3val.<\/p>\n<p><strong>A gyakorlat c\u00e9lja,<\/strong> hogy a kurzus elv\u00e9gz\u00e9s\u00e9vel a hallgat\u00f3k elm\u00e9ly\u00edts\u00e9k tud\u00e1sukat a h\u00e1ziorvosi munka sz\u00e1mos ter\u00fclet\u00e9n.<\/p>\n<p>K\u00e9pesek legyenek:<\/p>\n<ul>\n<li>az \u00f6n\u00e1ll\u00f3 betegvizsg\u00e1latra,<\/li>\n<li>a t\u00fcnetek alapj\u00e1n a differenci\u00e1ldiagnosztiz\u00e1l\u00e1sra,<\/li>\n<li>sz\u00fcks\u00e9g eset\u00e9n kieg\u00e9sz\u00edt\u0151 vizsg\u00e1latok k\u00e9r\u00e9s\u00e9re,<\/li>\n<li>a diagn\u00f3zis fel\u00e1ll\u00edt\u00e1s\u00e1ra \u00e9s a megfelel\u0151 ter\u00e1pi\u00e1s d\u00f6nt\u00e9s meghozatal\u00e1ra.<\/li>\n<\/ul>\n<p>Elsaj\u00e1t\u00edts\u00e1k a fentieken k\u00edv\u00fcl:<\/p>\n<ul>\n<li>a rendel\u0151ben t\u00f6rt\u00e9n\u0151 adminisztr\u00e1ci\u00f3s feladatokat,<\/li>\n<li>a szak\u00e9rt\u0151i tev\u00e9kenys\u00e9geket,<\/li>\n<li>a kr\u00f3nikus betegek gondoz\u00e1si feladatait,<\/li>\n<li>\u00e9s a prevenci\u00f3s tan\u00e1csad\u00e1s folyamat\u00e1t.<\/li>\n<\/ul>\n<p><strong>A t\u00e1rgy r\u00e9szletes tematik\u00e1ja:<\/strong><\/p>\n<ul>\n<li>Adminisztr\u00e1ci\u00f3\n<ul>\n<li>\u00daj beteg regisztr\u00e1ci\u00f3ja, t\u00f6rzskarton l\u00e9trehoz\u00e1sa<\/li>\n<li>V\u00e9ny\u00edr\u00e1s k\u00e9zzel<\/li>\n<li>Beutal\u00f3 \u00edr\u00e1sa<\/li>\n<li>Ter\u00e1pi\u00e1s lap \u00f6ssze\u00e1ll\u00edt\u00e1sa, aktualiz\u00e1l\u00e1sa<\/li>\n<\/ul>\n<\/li>\n<li>Szak\u00e9rt\u0151i tev\u00e9kenys\u00e9g<\/li>\n<li>Keres\u0151k\u00e9pess\u00e9g elb\u00edr\u00e1l\u00e1sa, t\u00e1pp\u00e9nzes dokument\u00e1ci\u00f3<\/li>\n<li>Betegdokument\u00e1ci\u00f3 \u00f6ssze\u00e1ll\u00edt\u00e1sa NRSZH vizsg\u00e1lathoz<\/li>\n<li>G\u00e9pj\u00e1rm\u0171 alkalmass\u00e1gi vizsg\u00e1latok<\/li>\n<li>Betegvizsg\u00e1lat, diagn\u00f3zis\/ter\u00e1pia<\/li>\n<li>Fels\u0151- \u00e9s als\u00f3 l\u00e9g\u00fati infekci\u00f3 felismer\u00e9se, kezel\u00e9se<\/li>\n<li>Uro-genit\u00e1lis infekci\u00f3 felismer\u00e9se, kezel\u00e9se<\/li>\n<li>Gastrointestinalis infekci\u00f3 felismer\u00e9se, kezel\u00e9se<\/li>\n<li>Ter\u00e1pia\/gondoz\u00e1s<\/li>\n<li>Sz\u00edv-\u00e9rrendszeri\/hipert\u00f3ni\u00e1s beteg kezel\u00e9se, gondoz\u00e1sa, rehabilit\u00e1ci\u00f3ja<\/li>\n<li>Cukorbeteg, anyagcserebeteg kezel\u00e9se, gondoz\u00e1sa, rehabilit\u00e1ci\u00f3ja<\/li>\n<li>Daganatos beteg kezel\u00e9se, gondoz\u00e1sa, rehabilit\u00e1ci\u00f3ja<\/li>\n<li>Mozg\u00e1sszervi beteg kezel\u00e9se, gondoz\u00e1sa, rehabilit\u00e1ci\u00f3ja<\/li>\n<li>L\u00e9gz\u0151szervi beteg kezel\u00e9se, gondoz\u00e1sa, rehabilit\u00e1ci\u00f3ja<\/li>\n<li>Prevenci\u00f3<\/li>\n<li>Eg\u00e9szs\u00e9ges \u00e9letm\u00f3d tan\u00e1csad\u00e1s<\/li>\n<li>\u00c9letkori sz\u0171r\u0151vizsg\u00e1lati program \u00f6ssze\u00e1ll\u00edt\u00e1sa 40-50 \u00e9ves \u00e9letkor k\u00f6z\u00f6tt<\/li>\n<li>P\u00e1ciens \u00f6nvizsg\u00e1lat oktat\u00e1sa (eml\u0151, b\u0151r, sz\u00e1j\u00fcreg, sz\u00e9klet- \u00e9s vizelet\u00fcr\u00edt\u00e9si szok\u00e1sok, \u00e9szlel\u00e9si, \u00e9rz\u00e9kel\u00e9si funkci\u00f3k)<\/li>\n<li>Sz\u00edv-\u00e9rrendszeri\/anyagcserebeteg sz\u0171r\u00e9s (komplex sz\u00edv-\u00e9rrendszeri kock\u00e1zat meghat\u00e1roz\u00e1s)<\/li>\n<li>Daganatos betegs\u00e9gek sz\u0171r\u00e9se<\/li>\n<li>V\u00e9rcukorm\u00e9r\u00e9s a rendel\u0151ben (v\u00e9rcukorm\u00e9r\u0151 haszn\u00e1lata, technika, \u00e9rt\u00e9kel\u00e9s), egy\u00e9b gyors tesztek alkalmaz\u00e1sa<\/li>\n<li>Vizelet \u00fcled\u00e9k vizsg\u00e1lata stix-szel<\/li>\n<li>Diagn\u00f3zis fel\u00e1ll\u00edt\u00e1sa<\/li>\n<li>Preoperat\u00edv kivizsg\u00e1l\u00e1s sor\u00e1n a szakell\u00e1t\u00e1s t\u00e1j\u00e9koztat\u00e1sa a m\u0171t\u00e9ti \u00e9s posztoperat\u00edv k\u00f6r\u00fclm\u00e9nyeket befoly\u00e1sol\u00f3 anamnesztikus \u00e9s szoci\u00e1lis k\u00f6r\u00fclm\u00e9nyekr\u0151l<\/li>\n<li>T\u00e1j\u00e9koz\u00f3d\u00f3 ophthalmol\u00f3giai vizsg\u00e1lat<\/li>\n<li>T\u00e1j\u00e9koz\u00f3d\u00f3 hall\u00e1svizsg\u00e1lat (s\u00fagott besz\u00e9d, hangvilla, otoscopos vizsg\u00e1lat)<\/li>\n<li>Pulzoximetria<\/li>\n<li>Laborat\u00f3riumi vizsg\u00e1latok kezdem\u00e9nyez\u00e9se, eredm\u00e9nyek \u00e9rt\u00e9kel\u00e9se<\/li>\n<li>V\u00e9rnyom\u00e1sm\u00e9r\u00e9s (als\u00f3, fels\u0151 v\u00e9gtagokon)<\/li>\n<li>Ter\u00e1pia<\/li>\n<li>Intramuszkul\u00e1ris injekci\u00f3 bead\u00e1sa<\/li>\n<li>Korszer\u0171 f\u00e1jdalomcsillap\u00edt\u00e1s gyakorlata<\/li>\n<li>L\u00e1zcsillap\u00edt\u00e1s form\u00e1i, gyakorlata<\/li>\n<\/ul>\n<p><strong>A t\u00e1volmarad\u00e1s p\u00f3tl\u00e1s\u00e1nak lehet\u0151s\u00e9ge: <\/strong>A tanulm\u00e1nyi \u00e9s vizsgaszab\u00e1lyzatnak megfelel\u0151en a foglalkoz\u00e1sok 75%-\u00e1n k\u00f6telez\u0151 a r\u00e9szv\u00e9tel.<\/p>\n<p><strong>A f\u00e9l\u00e9v al\u00e1\u00edr\u00e1s\u00e1nak k\u00f6vetelm\u00e9nyei: <\/strong>A gyakorlaton val\u00f3 r\u00e9szv\u00e9tel, a gyakorlati napl\u00f3 kit\u00f6lt\u00e9se, a felsorolt kompetenci\u00e1k teljes\u00edt\u00e9se. A teljes\u00edtend\u0151 beavatkoz\u00e1sok \u00e9s tev\u00e9kenys\u00e9gek list\u00e1ja a Gyakorlati napl\u00f3ban tal\u00e1lhat\u00f3. Az oktat\u00f3nak r\u00f6gz\u00edtenie kell a teljes\u00edtett esetsz\u00e1mokat a napl\u00f3ban.<\/p>\n<p><strong>A Gyakorlati napl\u00f3 a t\u00e1rgy honlapj\u00e1n \u00e9rhet\u0151 le: <\/strong><a href=\"https:\/\/semmelweis.hu\/csot\/oktatas\/gradualis-targyak\/csaladorvostan-gyakorlat-hatodev\/\">https:\/\/semmelweis.hu\/csot\/oktatas\/gradualis-targyak\/csaladorvostan-gyakorlat-hatodev\/<\/a><\/p>\n<p>A hallgat\u00f3k kinyomtatj\u00e1k a napl\u00f3t \u00e9s viszik magukkal a gyakorlatra.<\/p>\n<p><strong>Vizsga t\u00edpusa: <\/strong>Gyakorlati vizsga. A megszerzett kompetenci\u00e1k gyakorlati bemutat\u00e1sa az oktat\u00f3nak. Az \u00e9rt\u00e9kel\u00e9st a gyakorlati vizsga sor\u00e1n elv\u00e9gzett anamn\u00e9zis felv\u00e9tel, betegvizsg\u00e1lat, diagn\u00f3zis fel\u00e1ll\u00edt\u00e1sa, differenci\u00e1ldiagnosztika, ter\u00e1pi\u00e1s terv k\u00e9sz\u00edt\u00e9se \u00e9s a gondoz\u00e1si feladatok ismerete alak\u00edtj\u00e1k ki.<\/p>\n<p>A hallgat\u00f3 gyakorlati munk\u00e1j\u00e1nak \u00e9rt\u00e9kel\u00e9s\u00e9t az oktat\u00f3 csal\u00e1dorvos v\u00e9gzi, egy 1-5-ig terjed\u0151 sk\u00e1l\u00e1n. Az \u00e9rt\u00e9kel\u0151 lap megtal\u00e1lhat\u00f3 a gyakorlati napl\u00f3ban.<\/p>\n\t\t\t<\/div>\n\t\t<\/div>\n\t\t\t\t<div id=\"qaef-4559\" class=\"qe-faq-toggle hatodeves-targy\">\n\t\t\t<div class=\"qe-toggle-title\">\n\t\t\t\t<h4>\n\t\t\t\t\t<i class=\"fa fa-minus-circle\"><\/i> Csal\u00e1dorvostan &#8211; hatod\u00e9ves t\u00e1rgy, 1 hetes gyakorlat, \u00e1ltal\u00e1nos t\u00e1j\u00e9koztat\u00f3\t\t\t\t<\/h4>\n\t\t\t<\/div>\n\t\t\t<div class=\"qe-toggle-content\">\n\t\t\t\t<p>A csal\u00e1dorvosi gyakorlat a belgy\u00f3gy\u00e1szati felk\u00e9sz\u00fcl\u00e9s keretei k\u00f6z\u00f6tt, kijel\u00f6lt id\u0151tartamban ker\u00fcl lebonyol\u00edt\u00e1sra.<\/p>\n<p>A hallgat\u00f3k beoszt\u00e1sa lakc\u00edm szerint t\u00f6rt\u00e9nik \u2013 teh\u00e1t egy tan\u00e9vben max. 3-5 hallgat\u00f3 menne egy hetes gyakorlatra \u00d6nh\u00f6z (egy id\u0151pontban egy hallgat\u00f3).<\/p>\n<p>\u00d6t munkanapot kell let\u00f6lteni a hallgat\u00f3knak a praxisban.<\/p>\n<p>Hi\u00e1nyz\u00e1sra nincs lehet\u0151s\u00e9g, amennyiben m\u00e9gis hi\u00e1nyozna a hallgat\u00f3, a p\u00f3tl\u00e1st meg kell k\u00f6vetelni. A gyakorlat c\u00e9lja a csal\u00e1dorvosi munka bemutat\u00e1sa, a diagnosztikus lehet\u0151s\u00e9gek haszn\u00e1lata, ter\u00e1pi\u00e1s d\u00f6nt\u00e9sek menete. C\u00e9l a hallgat\u00f3 bevon\u00e1sa a betegvizsg\u00e1latba, az el\u00e9rhet\u0151 eszk\u00f6z\u00f6k haszn\u00e1lat\u00e1ba (EKG, ABPM, labor, stb.), a k\u00f6z\u00f6s gondolkod\u00e1s. Emellett a csal\u00e1dorvosl\u00e1s \u00e1ltal\u00e1nos elveir\u0151l, t\u00f6rt\u00e9net\u00e9r\u0151l, aktualit\u00e1sair\u00f3l is ker\u00fclj\u00f6n sz\u00f3 a gyakorlaton. A hallgat\u00f3k sz\u00e1m\u00e1ra k\u00f6telez\u0151 a gyakorlati napl\u00f3 kit\u00f6lt\u00e9se. A napl\u00f3 a Tansz\u00e9k honlapj\u00e1r\u00f3l t\u00f6lthet\u0151 le, nyomtathat\u00f3 ki (<a href=\"https:\/\/semmelweis.hu\/csot\/gradualis-targyak\/csaladorvosi-gyakorlat\/\">Hatod\u00e9ves t\u00e1rgy oldala<\/a>). A hallgat\u00f3k viszik magukkal a gyakorlatra a kinyomtatott napl\u00f3t.<\/p>\n<p>A gyakorlatok ki\u00edrt ideje el\u0151tt be kell jelentkezni\u00fck oktat\u00f3ikn\u00e1l, pontos\u00edtani a gyakorlat idej\u00e9t, hely\u00e9t, menet\u00e9t.<\/p>\n\t\t\t<\/div>\n\t\t<\/div>\n\t\t<h3 class=\"qe-faqs-group-title\">P\u00e9nz\u00fcgyek<\/h3>\t\t<div id=\"qaef-4919\" class=\"qe-faq-toggle penzugyek\">\n\t\t\t<div class=\"qe-toggle-title\">\n\t\t\t\t<h4>\n\t\t\t\t\t<i class=\"fa fa-minus-circle\"><\/i> Sz\u00e1ml\u00e1z\u00e1s\t\t\t\t<\/h4>\n\t\t\t<\/div>\n\t\t\t<div class=\"qe-toggle-content\">\n\t\t\t\t<p>Sz\u00e1ml\u00e1t mindig csak a tansz\u00e9kr\u0151l \u00e9rkezett email ut\u00e1n lehet ki\u00e1ll\u00edtani!<\/p>\n<p><strong>Sz\u00e1mla ki\u00e1ll\u00edt\u00e1sa<\/strong><br \/>\nVev\u0151: Semmelweis Egyetem, 1085 Budapest, \u00dcll\u0151i \u00fat 26.<br \/>\nFizet\u00e9si m\u00f3d: \u00e1tutal\u00e1s<br \/>\nTeljes\u00edt\u00e9s ideje: a gyakorlat utols\u00f3 napja<br \/>\nSz\u00e1mla kelte: a ki\u00e1ll\u00edt\u00e1s d\u00e1tuma<br \/>\nFizet\u00e9si hat\u00e1rid\u0151: a sz\u00e1mla kelt\u00e9t\u0151l sz\u00e1m\u00edtva 30 nap<br \/>\nMegnevez\u00e9s: egyetemi oktat\u00e1s<br \/>\nMennyis\u00e9g egys\u00e9ge: \u00f3ra<br \/>\nMennyis\u00e9ge: 12 \u00f3ra<br \/>\nEgys\u00e9g\u00e1ra: 1000 Ft<br \/>\nV\u00e9g\u00f6sszege: 12 000 Ft<\/p>\n<p>A sz\u00e1ml\u00e1ra r\u00e1 kell \u00edrni, hogy &#8220;mentes az ad\u00f3 al\u00f3l&#8221;, valamint a v\u00e1llalkoz\u00e1s banksz\u00e1mla-sz\u00e1m\u00e1t is.<\/p>\n<p>Szerz\u0151d\u00e9s n\u00e9lk\u00fcl sz\u00e1ml\u00e1t befogadni az egyetem nem tud, azt visszak\u00fcldi a sz\u00e1mla ki\u00e1ll\u00edt\u00f3j\u00e1nak.<br \/>\nUgyan\u00edgy visszak\u00fcld\u00e9sre ker\u00fcl a nem a fentiek szerint ki\u00e1ll\u00edtott sz\u00e1ml\u00e1k.<\/p>\n<p>K\u00e9sedelmesen be\u00e9rkezett, vagy visszad\u00e1tumozott sz\u00e1ml\u00e1kat is visszak\u00fcldi az egyetem, k\u00e9rj\u00fck a sz\u00e1ml\u00e1t megfelel\u0151en d\u00e1tumozni \u00e9s a ki\u00e1ll\u00edt\u00e1st k\u00f6vet\u0151 napokban post\u00e1zni!<\/p>\n\t\t\t<\/div>\n\t\t<\/div>\n\t\t\t\t<div id=\"qaef-4499\" class=\"qe-faq-toggle penzugyek\">\n\t\t\t<div class=\"qe-toggle-title\">\n\t\t\t\t<h4>\n\t\t\t\t\t<i class=\"fa fa-minus-circle\"><\/i> Tiszteletd\u00edj\t\t\t\t<\/h4>\n\t\t\t<\/div>\n\t\t\t<div class=\"qe-toggle-content\">\n\t\t\t\t<p>A Csal\u00e1dorvostan negyed\u00e9ves t\u00e1rgy tiszteletd\u00edj\u00e1nak \u00f6sszege 1000 Ft\/\u00f3ra, azaz egy turnusban \u00f6sszesen 12 000 Ft.<\/p>\n<p>Az angol \u00e9s n\u00e9met nyelv\u0171 oktat\u00e1s tiszteletd\u00edj\u00e1nak meghat\u00e1roz\u00e1sa m\u00e9g folyamatban van, a d\u00edjaz\u00e1s v\u00e1rhat\u00f3an magasabb lesz, mint a magyar nyelv\u0171 oktat\u00e1s\u00e9.<\/p>\n\t\t\t<\/div>\n\t\t<\/div>\n\t\t\t\t<div id=\"qaef-4500\" class=\"qe-faq-toggle penzugyek\">\n\t\t\t<div class=\"qe-toggle-title\">\n\t\t\t\t<h4>\n\t\t\t\t\t<i class=\"fa fa-minus-circle\"><\/i> Szerz\u0151d\u00e9s\t\t\t\t<\/h4>\n\t\t\t<\/div>\n\t\t\t<div class=\"qe-toggle-content\">\n\t\t\t\t<p>A tiszteletd\u00edj kifizet\u00e9s\u00e9hez szerz\u0151d\u00e9st kell k\u00f6tni az Egyetem \u00e9s az oktat\u00f3 orvos k\u00f6z\u00f6tt, melyet minden \u00e9vben meg kell \u00faj\u00edtani. Egy szerz\u0151d\u00e9s el\u00e9g az \u00f6sszes t\u00e1rgy oktat\u00e1s\u00e1nak int\u00e9z\u00e9s\u00e9hez, de a magyar &#8211; angol &#8211; n\u00e9met oktat\u00e1sra k\u00fcl\u00f6n szerz\u0151d\u00e9seket kell k\u00f6tni. A kifizet\u00e9s a tansz\u00e9kr\u0151l emailben \u00e9rkezett \u00e9rtes\u00edt\u00e9st k\u00f6vet\u0151en, a be\u00e9rkezett sz\u00e1mla birtok\u00e1ban t\u00f6rt\u00e9nik.<\/p>\n<p>A magyar nyelv\u0171 oktat\u00e1shoz a tiszteletd\u00edj kifizet\u00e9s\u00e9hez a szerz\u0151d\u00e9sek megk\u00f6t\u00e9se elindult. A szerz\u0151d\u00e9seket h\u00e1rom eredeti p\u00e9ld\u00e1nyban fogjuk post\u00e1zni a sz\u00e1ml\u00e1z\u00e1si tudnival\u00f3kkal egy\u00fctt.<br \/>\nK\u00e9rj\u00fck, hogy a szerz\u0151d\u00e9sek k\u00e9t eredeti p\u00e9ld\u00e1ny\u00e1t al\u00e1\u00edr\u00e1s \u00e9s pecs\u00e9tel\u00e9s ut\u00e1n a tansz\u00e9k levelez\u00e9si c\u00edm\u00e9re visszak\u00fcldeni sz\u00edveskedjenek.<\/p>\n\t\t\t<\/div>\n\t\t<\/div>\n\t\t<h3 class=\"qe-faqs-group-title\">Csal\u00e1dorvostan - negyed\u00e9ves t\u00e1rgy<\/h3>\t\t<div id=\"qaef-4583\" class=\"qe-faq-toggle negyedeves-targy\">\n\t\t\t<div class=\"qe-toggle-title\">\n\t\t\t\t<h4>\n\t\t\t\t\t<i class=\"fa fa-minus-circle\"><\/i> Esettanulm\u00e1ny\t\t\t\t<\/h4>\n\t\t\t<\/div>\n\t\t\t<div class=\"qe-toggle-content\">\n\t\t\t\t<p>Az esettanulm\u00e1nyok t\u00e9m\u00e1jak\u00e9nt lehet\u0151leg olyan esetet v\u00e1lasszanak a hallgat\u00f3k, amely sor\u00e1n \u00e9rdemi diagnosztikai, ter\u00e1pi\u00e1s d\u00f6nt\u00e9s sz\u00fcletett a rendel\u00e9s sor\u00e1n. Az essz\u00e9k lead\u00e1si hat\u00e1rideje a turnus v\u00e9ge, teh\u00e1t k\u00f6vetkez\u0151 h\u00e9t h\u00e9tf\u0151 reggelig kell elk\u00fcldeni.<\/p>\n<p>A tant\u00e1rgyle\u00edr\u00e1sban olvashat\u00f3 honlapunkon az esettanulm\u00e1ny t\u00e9mav\u00e1laszt\u00e1s\u00e1nak, \u00e9rt\u00e9kel\u00e9s\u00e9nek szempontjai. <a href=\"https:\/\/semmelweis.hu\/csot\/gradualis-targyak\/csaladorvostan-negyedev\/\">T\u00e1rgyle\u00edr\u00e1s &gt;&gt;<\/a><\/p>\n<p>Kor\u00e1bban rezidenseinknek \u00f6ssze\u00e1ll\u00edtottunk egy ismertet\u0151t az esettanulm\u00e1ny \u00edr\u00e1sr\u00f3l: <a href=\"https:\/\/semmelweis.hu\/csot\/gradualis-targyak\/csaladorvostan-negyedev\/esettanulmany-gyakorlati-utmutato\/\">Esettanulm\u00e1ny elv\u00e1r\u00e1sok<\/a><\/p>\n<p><strong>R\u00e9szletek a t\u00e1rgyle\u00edr\u00e1sb\u00f3l:<\/strong><\/p>\n<p>Esettanulm\u00e1ny \u00edr\u00e1sa az al\u00e1bbi t\u00e9mak\u00f6r\u00f6k alapj\u00e1n v\u00e1lasztott betegr\u0151l:<br \/>\nSz\u0171r\u0151vizsg\u00e1lat sor\u00e1n kiemelt p\u00e1ciens<br \/>\nKomplex kardiovaszkul\u00e1ris \/ metabolikus betegs\u00e9g<br \/>\nGyakoribb, s\u00falyosabb fert\u0151z\u0151 betegs\u00e9g<br \/>\n\u00c9letvitelt jelent\u0151sen befoly\u00e1sol\u00f3 mozg\u00e1sszervi beteg<br \/>\nPszicho-szoci\u00e1lis gondokat bemutat\u00f3 eset<\/p>\n<p>Az esetismertet\u00e9s r\u00e9szei:<br \/>\n1. Anamn\u00e9zis<br \/>\n2. Jelen panaszok<br \/>\n3. Vizsg\u00e1lati terv<br \/>\n4. Vizsg\u00e1latok<br \/>\n5. Diagn\u00f3zis<br \/>\n6. Ter\u00e1pia<br \/>\n7. Gondoz\u00e1s<br \/>\n8. Irodalmi feldolgoz\u00e1s<br \/>\n9. Irodalomjegyz\u00e9k<\/p>\n<p><strong>Az oszt\u00e1lyzat kialak\u00edt\u00e1s\u00e1nak m\u00f3dja \u00e9s t\u00edpusa:<\/strong><br \/>\nA tant\u00e1rgy \u00e9rt\u00e9kel\u00e9se \u00f6tfokozat\u00fa gyakorlati jeggyel t\u00f6rt\u00e9nik.<br \/>\nA gyakorlat sor\u00e1n mutatott aktivit\u00e1s a gyakorlatvezet\u0151 \u00e1ltal \u00e9rt\u00e9kelve (40%), az essz\u00e9k\u00e9rd\u00e9s \u00e9rdemjegye (60%) alapj\u00e1n.<br \/>\nAz essz\u00e9 \u00e9rt\u00e9kel\u00e9se az al\u00e1bbiak szerint t\u00f6rt\u00e9nik:<br \/>\n1-es \u00e9rdemjegy: bead\u00e1si hat\u00e1rid\u0151 elmulaszt\u00e1sa, a karaktersz\u00e1m nem \u00e9ri el az 3000-et, nem \u00f6n\u00e1ll\u00f3 munka<br \/>\n2-es \u00e9rdemjegy: a dolgozat b\u00e1rmely r\u00e9sz\u00e9nek hi\u00e1nya, ig\u00e9nytelen fogalmaz\u00e1s, durva szakmai hiba<br \/>\n3-mas \u00e9rdemjegy: 2-3 szakmai \u00e9s\/vagy formai hiba<br \/>\n4-es \u00e9rdemjegy: 1 kisebb szakmai hiba<br \/>\n5-\u00f6s \u00e9rdemjegy: szabatos, az orvosi szaknyelvnek megfelel\u0151 fogalmaz\u00e1s, logikus k\u00f6vetkeztet\u00e9sek<\/p>\n\t\t\t<\/div>\n\t\t<\/div>\n\t\t\t\t<div id=\"qaef-4521\" class=\"qe-faq-toggle negyedeves-targy\">\n\t\t\t<div class=\"qe-toggle-title\">\n\t\t\t\t<h4>\n\t\t\t\t\t<i class=\"fa fa-minus-circle\"><\/i> Mi t\u00f6rt\u00e9nik, ha hi\u00e1nyzik a hallgat\u00f3?\t\t\t\t<\/h4>\n\t\t\t<\/div>\n\t\t\t<div class=\"qe-toggle-content\">\n\t\t\t\t<p>A gyakorlat 25%-r\u00f3l lehet hi\u00e1nyozni, \u00edgy a hallgat\u00f3nak mindk\u00e9t nap meg kell jelennie. A 25% hi\u00e1nyz\u00e1sba legfeljebb az f\u00e9rhet bele, ha a rendel\u00e9s ut\u00e1ni esetmegbesz\u00e9l\u00e9s elmarad.<\/p>\n\t\t\t<\/div>\n\t\t<\/div>\n\t\t\t\t<div id=\"qaef-4519\" class=\"qe-faq-toggle negyedeves-targy\">\n\t\t\t<div class=\"qe-toggle-title\">\n\t\t\t\t<h4>\n\t\t\t\t\t<i class=\"fa fa-minus-circle\"><\/i> F\u00e9l\u00e9vente h\u00e1ny hallgat\u00f3t jelent ez a feladat?\t\t\t\t<\/h4>\n\t\t\t<\/div>\n\t\t\t<div class=\"qe-toggle-content\">\n\t\t\t\t<p>Egy f\u00e9l\u00e9vben 8 turnus van, \u00edgy maximum ennyi hallgat\u00f3 \u00e9rkezhet egy szemeszterben. Term\u00e9szetesen enn\u00e9l v\u00e1llalhat kevesebbet, illetve v\u00e1rhat\u00f3an egy praxisra kevesebb hallgat\u00f3 jut. El\u0151zetesen egyeztet\u00fcnk minden oktat\u00f3val, hogy legfeljebb mennyi hallgat\u00f3t szeretne fogadni.<\/p>\n\t\t\t<\/div>\n\t\t<\/div>\n\t\t\t\t<div id=\"qaef-4517\" class=\"qe-faq-toggle negyedeves-targy\">\n\t\t\t<div class=\"qe-toggle-title\">\n\t\t\t\t<h4>\n\t\t\t\t\t<i class=\"fa fa-minus-circle\"><\/i> Mi t\u00f6rt\u00e9nik ha nem \u00e9rek r\u00e1, megbetegszem, szabads\u00e1gon vagyok? Halaszthat\u00f3 a gyakorlat?\t\t\t\t<\/h4>\n\t\t\t<\/div>\n\t\t\t<div class=\"qe-toggle-content\">\n\t\t\t\t<p>A h\u00e9tf\u0151 vagy kedd \u00e1trakhat\u00f3 szerd\u00e1ra, nagyobb halaszt\u00e1s a turnusok miatt nem lehet. Ilyen esetben m\u00e1sik oktat\u00f3hoz osztjuk be a hallgat\u00f3t.<\/p>\n\t\t\t<\/div>\n\t\t<\/div>\n\t\t\t\t<div id=\"qaef-4515\" class=\"qe-faq-toggle negyedeves-targy\">\n\t\t\t<div class=\"qe-toggle-title\">\n\t\t\t\t<h4>\n\t\t\t\t\t<i class=\"fa fa-minus-circle\"><\/i> Lehet-e m\u00e1s napon oktatni a h\u00e9tf\u0151, kedd helyett?\t\t\t\t<\/h4>\n\t\t\t<\/div>\n\t\t\t<div class=\"qe-toggle-content\">\n\t\t\t\t<p>Alapvet\u0151en sajnos nem.<\/p>\n<p>A h\u00e9tf\u0151 vagy kedd helyett lehet szerda, de csak a hallgat\u00f3val t\u00f6rt\u00e9nt egyeztet\u00e9st k\u00f6vet\u0151en, mivel aznap el\u0151ad\u00e1sok, TDK munka van. Cs\u00fct\u00f6rt\u00f6k\u00f6n a tansz\u00e9ki el\u0151ad\u00e1sokat tartjuk, p\u00e9ntek a vizsga napja.<\/p>\n\t\t\t<\/div>\n\t\t<\/div>\n\t\t\t\t<div id=\"qaef-4512\" class=\"qe-faq-toggle negyedeves-targy\">\n\t\t\t<div class=\"qe-toggle-title\">\n\t\t\t\t<h4>\n\t\t\t\t\t<i class=\"fa fa-minus-circle\"><\/i> Hallgat\u00f3 \u00e9rt\u00e9kel\u00e9se\t\t\t\t<\/h4>\n\t\t\t<\/div>\n\t\t\t<div class=\"qe-toggle-content\">\n\t\t\t\t<p>A hallgat\u00f3 gyakorlati munk\u00e1j\u00e1nak \u00e9rt\u00e9kel\u00e9s\u00e9t az oktat\u00f3 csal\u00e1dorvos v\u00e9gzi, egy 1-5-ig terjed\u0151 sk\u00e1l\u00e1n min\u0151s\u00edtve a hallgat\u00f3 tud\u00e1s\u00e1t, attit\u0171dj\u00e9t, \u00e9rdekl\u0151d\u00e9s\u00e9t, aktivit\u00e1s\u00e1t. A jegyet Kerekes Anik\u00f3nak kell elk\u00fcldeni emailben.<\/p>\n<p>A v\u00e9gleges jegy kialak\u00edt\u00e1s\u00e1hoz a hallgat\u00f3nak egy esettanulm\u00e1nyt is \u00edrnia kell, a v\u00e9gleges jegyet a gyakorlati \u00e9rt\u00e9kel\u00e9s \u00e9s az esettanulm\u00e1ny alapj\u00e1n alak\u00edtjuk ki. Az esettanulm\u00e1nyr\u00f3l r\u00e9szleteket a <a href=\"https:\/\/semmelweis.hu\/csot\/gradualis-targyak\/csaladorvostan-negyedev\/\">negyed\u00e9ves t\u00e1rgy oldal\u00e1n<\/a> olvashat.<\/p>\n\t\t\t<\/div>\n\t\t<\/div>\n\t\t<h3 class=\"qe-faqs-group-title\">\u00c1ltal\u00e1nos<\/h3>\t\t<div id=\"qaef-4501\" class=\"qe-faq-toggle altalanos\">\n\t\t\t<div class=\"qe-toggle-title\">\n\t\t\t\t<h4>\n\t\t\t\t\t<i class=\"fa fa-minus-circle\"><\/i> Kihez fordulhatok k\u00e9rd\u00e9seimmel?\t\t\t\t<\/h4>\n\t\t\t<\/div>\n\t\t\t<div class=\"qe-toggle-content\">\n\t\t\t\t<p>Amennyiben ebben a tud\u00e1sb\u00e1zisban nem tal\u00e1lt v\u00e1laszt a k\u00e9rd\u00e9s\u00e9re, k\u00e9rem keressen meg minket emailben.<\/p>\n<p>Csal\u00e1dorvostan (Negyed\u00e9ves t\u00e1rgy, k\u00e9t napos gyakorlat) &#8211; Oktat\u00e1sszervez\u00e9si k\u00e9rd\u00e9sek, \u00e1ltal\u00e1nos k\u00e9rd\u00e9sek: <a href=\"mailto:kerekes.aniko@semmelweis.hu\">Kerekes Anik\u00f3<\/a><\/p>\n<p>Bevezet\u00e9s a klinikumba, Bevezet\u00e9s a beteg ell\u00e1t\u00e1sba, Hatod\u00e9ves egy hetes gyakorlat &#8211; Oktat\u00e1sszervez\u00e9si k\u00e9rd\u00e9sek, \u00e1ltal\u00e1nos k\u00e9rd\u00e9sek:\u00a0 <a href=\"mailto:fekete.ilona@semmelweis.hu\">Fekete Ilona<\/a><\/p>\n<p>P\u00e9nz\u00fcgyi, jogi, szerz\u0151d\u00e9ssel kapcsolatos k\u00e9rd\u00e9sek: <a href=\"mailto:fekete.ilona@semmelweis.hu\">Fekete Ilona<\/a><\/p>\n<p>Szakmai, elvi k\u00e9rd\u00e9sek &#8211; Bevezet\u00e9s a betegell\u00e1t\u00e1sba: <a href=\"mailto:eory.ajandek@semmelweis.hu\">E\u0151ry Aj\u00e1nd\u00e9k<\/a><\/p>\n<p>Szakmai, elvi k\u00e9rd\u00e9sek negyed\u00e9ves gyakorlat: <a href=\"mailto:voros.krisztian@semmelweis.hu\">V\u00f6r\u00f6s Kriszti\u00e1n<\/a><\/p>\n<p>Szakmai, elvi k\u00e9rd\u00e9sek hatod\u00e9ves gyakorlat: <a href=\"mailto:hargittay.csenge@semmelweis.hu\">Hargittay Csenge<\/a><\/p>\n<p>A Csal\u00e1dorvostan (<strong>negyed\u00e9ves<\/strong>) tant\u00e1rgy r\u00e9szletes ismertet\u00e9s\u00e9t <a href=\"https:\/\/semmelweis.hu\/csot\/gradualis-targyak\/csaladorvostan-negyedev\/\">ezen az oldalon olvashatja<\/a>.<\/p>\n<p>A Csal\u00e1dorvostan (<strong>hatod\u00e9ves<\/strong>) tant\u00e1rgy r\u00e9szletes ismertet\u00e9s\u00e9t <a href=\"https:\/\/semmelweis.hu\/csot\/gradualis-targyak\/csaladorvosi-gyakorlat\/\">ezen az oldalon olvashatja<\/a>.<\/p>\n\t\t\t<\/div>\n\t\t<\/div>\n\t\t            <\/div>\n\t\t\n","protected":false},"excerpt":{"rendered":"","protected":false},"author":101661,"featured_media":0,"parent":4798,"menu_order":0,"comment_status":"closed","ping_status":"closed","template":"","meta":{"_acf_changed":false,"footnotes":""},"categories":[],"tags":[],"class_list":["post-5087","page","type-page","status-publish","hentry"],"acf":[],"publishpress_future_action":{"enabled":false,"date":"1970-01-01 01:00:00","action":"","terms":[],"taxonomy":"","browser_timezone_offset":0},"_links":{"self":[{"href":"https:\/\/semmelweis.hu\/csot\/wp-json\/wp\/v2\/pages\/5087","targetHints":{"allow":["GET"]}}],"collection":[{"href":"https:\/\/semmelweis.hu\/csot\/wp-json\/wp\/v2\/pages"}],"about":[{"href":"https:\/\/semmelweis.hu\/csot\/wp-json\/wp\/v2\/types\/page"}],"author":[{"embeddable":true,"href":"https:\/\/semmelweis.hu\/csot\/wp-json\/wp\/v2\/users\/101661"}],"replies":[{"embeddable":true,"href":"https:\/\/semmelweis.hu\/csot\/wp-json\/wp\/v2\/comments?post=5087"}],"version-history":[{"count":1,"href":"https:\/\/semmelweis.hu\/csot\/wp-json\/wp\/v2\/pages\/5087\/revisions"}],"predecessor-version":[{"id":5088,"href":"https:\/\/semmelweis.hu\/csot\/wp-json\/wp\/v2\/pages\/5087\/revisions\/5088"}],"up":[{"embeddable":true,"href":"https:\/\/semmelweis.hu\/csot\/wp-json\/wp\/v2\/pages\/4798"}],"wp:attachment":[{"href":"https:\/\/semmelweis.hu\/csot\/wp-json\/wp\/v2\/media?parent=5087"}],"wp:term":[{"taxonomy":"category","embeddable":true,"href":"https:\/\/semmelweis.hu\/csot\/wp-json\/wp\/v2\/categories?post=5087"},{"taxonomy":"post_tag","embeddable":true,"href":"https:\/\/semmelweis.hu\/csot\/wp-json\/wp\/v2\/tags?post=5087"}],"curies":[{"name":"wp","href":"https:\/\/api.w.org\/{rel}","templated":true}]}}