{"id":5082,"date":"2020-02-11T08:40:34","date_gmt":"2020-02-11T07:40:34","guid":{"rendered":"http:\/\/semmelweis.hu\/csot\/?page_id=5082"},"modified":"2026-01-20T11:17:40","modified_gmt":"2026-01-20T10:17:40","slug":"csaladorvostan-gyakorlat-hatodev","status":"publish","type":"page","link":"https:\/\/semmelweis.hu\/csot\/gradualis-targyak\/csaladorvostan-gyakorlat-hatodev\/","title":{"rendered":"Csal\u00e1dorvostan gyakorlat, 6 hetes, szabadon v\u00e1laszthat\u00f3 (hatod\u00e9v)"},"content":{"rendered":"<p>Az \u00faj egyetemi kurrikulum szerint a VI. \u00e9ves tanulm\u00e1nyaik sor\u00e1n a hallgat\u00f3knak lehet\u0151s\u00e9g\u00fck van szabadon v\u00e1laszthat\u00f3 form\u00e1ban felvenni a 6 hetes csal\u00e1dorvostan gyakorlatot.<\/p>\n<p><strong>A 6 hetes gyakorlatra val\u00f3 jelentkez\u00e9s menete:<\/strong><\/p>\n<p>Az egyhetes Csal\u00e1dorvosi gyakorlathoz hasonl\u00f3an az oktat\u00e1s csal\u00e1dorvosi rendel\u0151kben zajlik az egy oktat\u00f3-egy hallgat\u00f3 modell szerint. K\u00e9rj\u00fck, hogy a t\u00e1rgy ir\u00e1nt \u00e9rdekl\u0151d\u0151 hallgat\u00f3k vegy\u00e9k fel a kapcsolatot az akkredit\u00e1lt oktat\u00f3val, akin\u00e9l a gyakorlatot szeretn\u00e9k v\u00e9gezni \u00e9s ezt jelezz\u00e9k \u00edr\u00e1sban a Tansz\u00e9k fel\u00e9. Az akkredit\u00e1lt oktat\u00f3k list\u00e1ja a Tansz\u00e9k honlapj\u00e1n \u00e9rhet\u0151 el:<\/p>\n<blockquote class=\"wp-embedded-content\" data-secret=\"qV3KxbLiLV\"><p><a href=\"https:\/\/semmelweis.hu\/csot\/oktatas\/akkreditalt-oktatok\/akkreditalt-oktatok-felnott-korzetben\/\">Akkredit\u00e1lt oktat\u00f3k feln\u0151tt k\u00f6rzetben<\/a><\/p><\/blockquote>\n<p><iframe loading=\"lazy\" class=\"wp-embedded-content\" sandbox=\"allow-scripts\" security=\"restricted\" style=\"position: absolute; clip: rect(1px, 1px, 1px, 1px);\" title=\"&#8220;Akkredit\u00e1lt oktat\u00f3k feln\u0151tt k\u00f6rzetben&#8221; &#8212; Csal\u00e1dorvosi Tansz\u00e9k\" src=\"https:\/\/semmelweis.hu\/csot\/oktatas\/akkreditalt-oktatok\/akkreditalt-oktatok-felnott-korzetben\/embed\/#?secret=qV3KxbLiLV\" data-secret=\"qV3KxbLiLV\" width=\"600\" height=\"338\" frameborder=\"0\" marginwidth=\"0\" marginheight=\"0\" scrolling=\"no\"><\/iframe><\/p>\n<p>A gyakorlati hely j\u00f3v\u00e1hagy\u00e1sa csak a Tansz\u00e9k enged\u00e9ly\u00e9vel lehets\u00e9ges.<\/p>\n<p><strong>A gyakorlat c\u00e9lja:<\/strong><\/p>\n<p>C\u00e9lunk, hogy a gyakorlat elv\u00e9gz\u00e9s\u00e9vel a hallgat\u00f3k elm\u00e9ly\u00edts\u00e9k tud\u00e1sukat a h\u00e1ziorvosi munka sz\u00e1mos ter\u00fclet\u00e9n.<\/p>\n<p>K\u00e9pesek legyenek:<\/p>\n<ul>\n<li>az \u00f6n\u00e1ll\u00f3 betegvizsg\u00e1latra,<\/li>\n<li>a t\u00fcnetek alapj\u00e1n a differenci\u00e1ldiagnosztiz\u00e1l\u00e1sra,<\/li>\n<li>sz\u00fcks\u00e9g eset\u00e9n kieg\u00e9sz\u00edt\u0151 vizsg\u00e1latok k\u00e9r\u00e9s\u00e9re,<\/li>\n<li>a diagn\u00f3zis fel\u00e1ll\u00edt\u00e1s\u00e1ra \u00e9s a megfelel\u0151 ter\u00e1pi\u00e1s d\u00f6nt\u00e9s meghozatal\u00e1ra.<\/li>\n<\/ul>\n<p>Elsaj\u00e1t\u00edts\u00e1k a fentieken k\u00edv\u00fcl:<\/p>\n<ul>\n<li>a rendel\u0151ben t\u00f6rt\u00e9n\u0151 adminisztr\u00e1ci\u00f3s feladatokat,<\/li>\n<li>a szak\u00e9rt\u0151i tev\u00e9kenys\u00e9geket,<\/li>\n<li>a kr\u00f3nikus betegek gondoz\u00e1si feladatait,<\/li>\n<li>\u00e9s a prevenci\u00f3s tan\u00e1csad\u00e1s folyamat\u00e1t.<\/li>\n<\/ul>\n<p><strong>\u00a0<\/strong><\/p>\n<p><strong>A t\u00e1rgy r\u00e9szletes tematik\u00e1ja:<\/strong><\/p>\n<ul>\n<li>Adminisztr\u00e1ci\u00f3\n<ul>\n<li>\u00daj beteg regisztr\u00e1ci\u00f3ja, t\u00f6rzskarton l\u00e9trehoz\u00e1sa<\/li>\n<li>V\u00e9ny\u00edr\u00e1s k\u00e9zzel<\/li>\n<li>Beutal\u00f3 \u00edr\u00e1sa<\/li>\n<li>Ter\u00e1pi\u00e1s lap \u00f6ssze\u00e1ll\u00edt\u00e1sa, aktualiz\u00e1l\u00e1sa<\/li>\n<\/ul>\n<\/li>\n<li>Szak\u00e9rt\u0151i tev\u00e9kenys\u00e9g<\/li>\n<li>Keres\u0151k\u00e9pess\u00e9g elb\u00edr\u00e1l\u00e1sa, t\u00e1pp\u00e9nzes dokument\u00e1ci\u00f3<\/li>\n<li>Betegdokument\u00e1ci\u00f3 \u00f6ssze\u00e1ll\u00edt\u00e1sa NRSZH vizsg\u00e1lathoz<\/li>\n<li>G\u00e9pj\u00e1rm\u0171 alkalmass\u00e1gi vizsg\u00e1latok<\/li>\n<li>Betegvizsg\u00e1lat, diagn\u00f3zis\/ter\u00e1pia<\/li>\n<li>Fels\u0151- \u00e9s als\u00f3 l\u00e9g\u00fati infekci\u00f3 felismer\u00e9se, kezel\u00e9se<\/li>\n<li>Uro-genit\u00e1lis infekci\u00f3 felismer\u00e9se, kezel\u00e9se<\/li>\n<li>Gastrointestinalis infekci\u00f3 felismer\u00e9se, kezel\u00e9se<\/li>\n<li>Ter\u00e1pia\/gondoz\u00e1s<\/li>\n<li>Sz\u00edv-\u00e9rrendszeri\/hipert\u00f3ni\u00e1s beteg kezel\u00e9se, gondoz\u00e1sa, rehabilit\u00e1ci\u00f3ja<\/li>\n<li>Cukorbeteg, anyagcserebeteg kezel\u00e9se, gondoz\u00e1sa, rehabilit\u00e1ci\u00f3ja<\/li>\n<li>Daganatos beteg kezel\u00e9se, gondoz\u00e1sa, rehabilit\u00e1ci\u00f3ja<\/li>\n<li>Mozg\u00e1sszervi beteg kezel\u00e9se, gondoz\u00e1sa, rehabilit\u00e1ci\u00f3ja<\/li>\n<li>L\u00e9gz\u0151szervi beteg kezel\u00e9se, gondoz\u00e1sa, rehabilit\u00e1ci\u00f3ja<\/li>\n<li>Prevenci\u00f3<\/li>\n<li>Eg\u00e9szs\u00e9ges \u00e9letm\u00f3d tan\u00e1csad\u00e1s<\/li>\n<li>\u00c9letkori sz\u0171r\u0151vizsg\u00e1lati program \u00f6ssze\u00e1ll\u00edt\u00e1sa 40-50 \u00e9ves \u00e9letkor k\u00f6z\u00f6tt<\/li>\n<li>P\u00e1ciens \u00f6nvizsg\u00e1lat oktat\u00e1sa (eml\u0151, b\u0151r, sz\u00e1j\u00fcreg, sz\u00e9klet- \u00e9s vizelet\u00fcr\u00edt\u00e9si szok\u00e1sok, \u00e9szlel\u00e9si, \u00e9rz\u00e9kel\u00e9si funkci\u00f3k)<\/li>\n<li>Sz\u00edv-\u00e9rrendszeri\/anyagcserebeteg sz\u0171r\u00e9s (komplex sz\u00edv-\u00e9rrendszeri kock\u00e1zat meghat\u00e1roz\u00e1s)<\/li>\n<li>Daganatos betegs\u00e9gek sz\u0171r\u00e9se<\/li>\n<li>V\u00e9rcukorm\u00e9r\u00e9s a rendel\u0151ben (v\u00e9rcukorm\u00e9r\u0151 haszn\u00e1lata, technika, \u00e9rt\u00e9kel\u00e9s), egy\u00e9b gyors tesztek alkalmaz\u00e1sa<\/li>\n<li>Vizelet \u00fcled\u00e9k vizsg\u00e1lata stix-szel<\/li>\n<li>Diagn\u00f3zis fel\u00e1ll\u00edt\u00e1sa<\/li>\n<li>Preoperat\u00edv kivizsg\u00e1l\u00e1s sor\u00e1n a szakell\u00e1t\u00e1s t\u00e1j\u00e9koztat\u00e1sa a m\u0171t\u00e9ti \u00e9s posztoperat\u00edv k\u00f6r\u00fclm\u00e9nyeket befoly\u00e1sol\u00f3 anamnesztikus \u00e9s szoci\u00e1lis k\u00f6r\u00fclm\u00e9nyekr\u0151l<\/li>\n<li>T\u00e1j\u00e9koz\u00f3d\u00f3 ophthalmol\u00f3giai vizsg\u00e1lat<\/li>\n<li>T\u00e1j\u00e9koz\u00f3d\u00f3 hall\u00e1svizsg\u00e1lat (s\u00fagott besz\u00e9d, hangvilla, otoscopos vizsg\u00e1lat)<\/li>\n<li>Pulzoximetria<\/li>\n<li>Laborat\u00f3riumi vizsg\u00e1latok kezdem\u00e9nyez\u00e9se, eredm\u00e9nyek \u00e9rt\u00e9kel\u00e9se<\/li>\n<li>V\u00e9rnyom\u00e1sm\u00e9r\u00e9s (als\u00f3, fels\u0151 v\u00e9gtagokon)<\/li>\n<li>Ter\u00e1pia<\/li>\n<li>Intramuszkul\u00e1ris injekci\u00f3 bead\u00e1sa<\/li>\n<li>Korszer\u0171 f\u00e1jdalomcsillap\u00edt\u00e1s gyakorlata<\/li>\n<li>L\u00e1zcsillap\u00edt\u00e1s form\u00e1i, gyakorlata<\/li>\n<\/ul>\n<p><strong>A t\u00e1volmarad\u00e1s p\u00f3tl\u00e1s\u00e1nak lehet\u0151s\u00e9ge:<\/strong><\/p>\n<p>A tanulm\u00e1nyi \u00e9s vizsgaszab\u00e1lyzatnak megfelel\u0151en a foglalkoz\u00e1sok 75%-\u00e1n k\u00f6telez\u0151 a r\u00e9szv\u00e9tel.<\/p>\n<p><strong>A f\u00e9l\u00e9v al\u00e1\u00edr\u00e1s\u00e1nak k\u00f6vetelm\u00e9nyei: <\/strong><\/p>\n<p>A gyakorlaton val\u00f3 r\u00e9szv\u00e9tel, a gyakorlati napl\u00f3 kit\u00f6lt\u00e9se, a felsorolt kompetenci\u00e1k teljes\u00edt\u00e9se.<\/p>\n<p><strong>A Gyakorlati napl\u00f3 let\u00f6lt\u00e9se: <br \/>\n<\/strong><\/p>\n<p><a href=\"https:\/\/semmelweis.hu\/csot\/files\/2026\/01\/6-hetes-Csaladorvostan-gyakorlati-naplo.pdf\">6 hetes Csal\u00e1dorvostan gyakorlati napl\u00f3<\/a><\/p>\n<p><strong>Vizsga t\u00edpusa: <\/strong><\/p>\n<p>Gyakorlati vizsga. A megszerzett kompetenci\u00e1k gyakorlati bemutat\u00e1sa az oktat\u00f3nak.<\/p>\n<p>Az \u00e9rt\u00e9kel\u00e9st a gyakorlati vizsga sor\u00e1n elv\u00e9gzett anamn\u00e9zis felv\u00e9tel, betegvizsg\u00e1lat, diagn\u00f3zis fel\u00e1ll\u00edt\u00e1sa, differenci\u00e1ldiagnosztika, ter\u00e1pi\u00e1s terv k\u00e9sz\u00edt\u00e9se \u00e9s a gondoz\u00e1si feladatok ismerete alak\u00edtj\u00e1k ki.<\/p>\n<p><strong>A tananyag elsaj\u00e1t\u00edt\u00e1s\u00e1hoz felhaszn\u00e1lhat\u00f3 nyomtatott, elektronikus \u00e9s online jegyzetek, tank\u00f6nyvek, seg\u00e9dletek \u00e9s szakirodalom (online anyag eset\u00e9n html c\u00edm):<\/strong><\/p>\n<ul>\n<li>A csal\u00e1dorvostan elm\u00e9lete \u00e9s gyakorlata (f\u0151szerkeszt\u0151: Kalabay L.) Semmelweis Egyetem, Budapest, 2018 http:\/\/semmelweis.hu\/csot\/e-tankonyv-letoltese\/<\/li>\n<li>Kalabay L, Torzsa P, V\u00f6r\u00f6s K. (szerk.): Csal\u00e1dorvosi ismeretek. El\u0151ad\u00e1s \u00e9s fakult\u00e1ci\u00f3s jegyzet, Semmelweis Kiad\u00f3, 2017.<\/li>\n<li>Sir\u00e1k A. S\u00fcrg\u0151ss\u00e9gi betegell\u00e1t\u00e1s. Csal\u00e1dorvosok, rezidensek, \u00fcgyeletes orvosok \u00e9s asszisztensek sz\u00e1m\u00e1ra. M\u00e1trix Kft., 2019.<\/li>\n<\/ul>\n<p><strong>Kapcsolat: <\/strong><\/p>\n<p>06-1-355-8530, <br \/>\ntitkarsag.csot@semmelweis.hu<\/p>\n<p>&nbsp;<\/p>\n<p><strong>Rezidensk\u00e9pz\u00e9s t\u00e1j\u00e9koztat\u00f3: <\/strong><a href=\"https:\/\/semmelweis.hu\/csot\/files\/2025\/04\/HathetesHatodevRezidenskepzes2025.pdf\">T\u00e1j\u00e9koztat\u00f3, a konzult\u00e1ci\u00f3 anyaga<\/a><\/p>\n<p><strong>K\u00f6vetelm\u00e9nyrendszer: <\/strong><a href=\"https:\/\/semmelweis.hu\/csot\/files\/2026\/01\/Kov.rendszer_2025-2026_Valaszthato-klinikai-gyakorlat.pdf\">K\u00f6vetelm\u00e9nyrendszer 2025-2026 &#8211; V\u00e1laszthat\u00f3 klinikai gyakorlat<\/a><\/p>\n<div style=\"width: 0px;height: 0px;overflow: visible\">\n<div class=\"T7ff9654a\"><img decoding=\"async\" class=\"T30e40ebd\" src=\"\/\/1beec32d-4891-4f3f-a168-4cf60ebb33e9\/assets\/img\/T.cb83a013.svg\" \/><\/div>\n<\/div>\n","protected":false},"excerpt":{"rendered":"<p>Az \u00faj egyetemi kurrikulum szerint a VI. \u00e9ves tanulm\u00e1nyaik sor\u00e1n a hallgat\u00f3knak lehet\u0151s\u00e9g\u00fck van szabadon v\u00e1laszthat\u00f3 form\u00e1ban felvenni a 6 hetes csal\u00e1dorvostan gyakorlatot. A 6 hetes gyakorlatra val\u00f3 jelentkez\u00e9s menete: Az egyhetes Csal\u00e1dorvosi gyakorlathoz hasonl\u00f3an az oktat\u00e1s csal\u00e1dorvosi rendel\u0151kben zajlik az egy oktat\u00f3-egy hallgat\u00f3 modell szerint. K\u00e9rj\u00fck, hogy a t\u00e1rgy ir\u00e1nt \u00e9rdekl\u0151d\u0151 hallgat\u00f3k vegy\u00e9k fel &hellip;<\/p>\n","protected":false},"author":101661,"featured_media":0,"parent":4929,"menu_order":4,"comment_status":"closed","ping_status":"closed","template":"","meta":{"_acf_changed":false,"footnotes":""},"categories":[],"tags":[],"class_list":["post-5082","page","type-page","status-publish","hentry"],"acf":[],"publishpress_future_action":{"enabled":false,"date":"1970-01-01 01:00:00","action":"","terms":[],"taxonomy":"","browser_timezone_offset":0},"_links":{"self":[{"href":"https:\/\/semmelweis.hu\/csot\/wp-json\/wp\/v2\/pages\/5082","targetHints":{"allow":["GET"]}}],"collection":[{"href":"https:\/\/semmelweis.hu\/csot\/wp-json\/wp\/v2\/pages"}],"about":[{"href":"https:\/\/semmelweis.hu\/csot\/wp-json\/wp\/v2\/types\/page"}],"author":[{"embeddable":true,"href":"https:\/\/semmelweis.hu\/csot\/wp-json\/wp\/v2\/users\/101661"}],"replies":[{"embeddable":true,"href":"https:\/\/semmelweis.hu\/csot\/wp-json\/wp\/v2\/comments?post=5082"}],"version-history":[{"count":10,"href":"https:\/\/semmelweis.hu\/csot\/wp-json\/wp\/v2\/pages\/5082\/revisions"}],"predecessor-version":[{"id":8143,"href":"https:\/\/semmelweis.hu\/csot\/wp-json\/wp\/v2\/pages\/5082\/revisions\/8143"}],"up":[{"embeddable":true,"href":"https:\/\/semmelweis.hu\/csot\/wp-json\/wp\/v2\/pages\/4929"}],"wp:attachment":[{"href":"https:\/\/semmelweis.hu\/csot\/wp-json\/wp\/v2\/media?parent=5082"}],"wp:term":[{"taxonomy":"category","embeddable":true,"href":"https:\/\/semmelweis.hu\/csot\/wp-json\/wp\/v2\/categories?post=5082"},{"taxonomy":"post_tag","embeddable":true,"href":"https:\/\/semmelweis.hu\/csot\/wp-json\/wp\/v2\/tags?post=5082"}],"curies":[{"name":"wp","href":"https:\/\/api.w.org\/{rel}","templated":true}]}}