{"id":5017,"date":"2020-01-16T15:27:39","date_gmt":"2020-01-16T14:27:39","guid":{"rendered":"http:\/\/semmelweis.hu\/csot\/?page_id=5017"},"modified":"2022-09-20T15:25:36","modified_gmt":"2022-09-20T13:25:36","slug":"oktatok","status":"publish","type":"page","link":"https:\/\/semmelweis.hu\/csot\/oktatas\/integrativ-medicina\/oktatok\/","title":{"rendered":"Oktat\u00f3k"},"content":{"rendered":"<p><strong>Dr. E\u0151ry Aj\u00e1nd\u00e9k<\/strong><\/p>\n<p><img loading=\"lazy\" decoding=\"async\" class=\"alignleft wp-image-4995 size-thumbnail\" src=\"https:\/\/semmelweis.hu\/csot\/files\/2020\/01\/E\u0151ry-Aj\u00e1nd\u00e9k-150x150.jpg\" alt=\"\" width=\"150\" height=\"150\" \/>H\u00e1ziorvos, akupunkt\u00far\u00e1s orvos, a Semmelweis Egyetem Csal\u00e1dorvosi Tansz\u00e9k\u00e9n m\u0171k\u00f6d\u0151 Integrat\u00edv Medicina tansz\u00e9ki csoport vezet\u0151je. 1999-ben szerzett \u00e1ltal\u00e1nos orvos diplom\u00e1t, 2004-ben szakvizsg\u00e1zott h\u00e1ziorvostanb\u00f3l, 2005-ben a Szegedi Egyetemen v\u00e9gezte el a Hagyom\u00e1nyos K\u00ednai Orvosl\u00e1s r\u00e1\u00e9p\u00edthet\u0151 k\u00e9pz\u00e9st, 2015-ben szerzett PhD fokozatot. Kutat\u00e1si ter\u00fclete a pszichoszoci\u00e1lis t\u00e9nyez\u0151k szerep\u00e9nek vizsg\u00e1lata kr\u00f3nikus testi betegs\u00e9gek h\u00e1tter\u00e9ben. 2001 \u00f3ta a Csal\u00e1dorvosi Tansz\u00e9k munkat\u00e1rsa, 2008 \u00f3ta a Bevezet\u00e9s a betegell\u00e1t\u00e1sba t\u00e1rgy tant\u00e1rgyfelel\u0151se.<\/p>\n<p><strong>Dr. Csik Ivett<\/strong><\/p>\n<p><img loading=\"lazy\" decoding=\"async\" class=\"wp-image-5018 size-thumbnail alignleft\" src=\"https:\/\/semmelweis.hu\/csot\/files\/2020\/01\/Csik-Ivett-150x150.jpg\" alt=\"\" width=\"150\" height=\"150\" \/><\/p>\n<p>Mozg\u00e1sterapeuta.<br \/>\nOrvosi diplom\u00e1j\u00e1t a Semmelweis Egyetemen &#8216;summa cum laude&#8217; min\u0151s\u00edt\u00e9ssel 1999-ben szerezte. 2000-2002 k\u00f6z\u00f6tt reumatol\u00f3gus rezidensk\u00e9nt r\u00e9szt vett a Semmelweis Egyetem \u00e1ltal akkredit\u00e1lt mozg\u00e1sszervi orvosok \u00e9s gy\u00f3gytorn\u00e1szok r\u00e9sz\u00e9re tartott &#8216;manu\u00e1lis ter\u00e1pia&#8217; posztgradu\u00e1lis k\u00e9pz\u00e9sen. 2006-t\u00f3l a kanadai sz\u00e9khely\u0171 Stott Pilates m\u00f3dszer oktat\u00f3ja. Tanulm\u00e1nyait Budapesten, Toront\u00f3ban, Essenben \u00e9s K\u00f6lnben folytatta. A m\u00f3dszer az eredeti Pilates gyakorlatok orvosok, gy\u00f3gytorn\u00e1szok \u00e9s m\u00e1s mozg\u00e1sszervi szakemberek \u00e1ltal tov\u00e1bbfejlesztett met\u00f3dusa, melynek gyakorlatai prevent\u00edv \u00e9s rehabilit\u00e1ci\u00f3s c\u00e9llal holisztikus mozg\u00e1ster\u00e1piak\u00e9nt hat\u00e9konyan alkalkalmazhat\u00f3k. 2016 \u00f3ta hatha j\u00f3ga oktat\u00f3. A Pilates \u00e9s j\u00f3ga-gyakorlatokkal nemcsak &#8216;karbantart&#8217;, hanem mozg\u00e1sszervi anat\u00f3mi\u00e1t is oktat.<br \/>\nF\u0151 \u00e9rdekl\u0151d\u00e9si ter\u00fclete:\u00a0A testmozg\u00e1s \u00e9s a testtart\u00e1s szerepe a testi\/lelki eg\u00e9szs\u00e9g fenntart\u00e1s\u00e1ban. A gy\u00f3gyulni v\u00e1gy\u00f3 akt\u00edv szerepe a gy\u00f3gyul\u00e1s folyamat\u00e1ban. A betegs\u00e9gek pszichoszoci\u00e1lis h\u00e1ttere. A &#8216;mind-body&#8217; kapcsolat. Az emberi test fel\u00e9p\u00edt\u00e9se \u00e9s m\u0171k\u00f6d\u00e9se.<\/p>\n<p><strong>Dr. Kov\u00e1cs Krisztina PhD, DSc<\/strong><\/p>\n<p><img loading=\"lazy\" decoding=\"async\" class=\"wp-image-5021 size-thumbnail alignleft\" src=\"https:\/\/semmelweis.hu\/csot\/files\/2020\/01\/Kov\u00e1cs-Krisztina-150x150.jpg\" alt=\"\" width=\"150\" height=\"150\" \/><\/p>\n<p>Biol\u00f3gus, a K\u00eds\u00e9rleti Orvostudom\u00e1nyi Kutat\u00f3int\u00e9zet Molekul\u00e1ris Neuroendokrinol\u00f3giai kutat\u00f3csoportj\u00e1nak vezet\u0151je. Kutat\u00e1si ter\u00fclete a stressz neurobiol\u00f3gi\u00e1ja. A stressz k\u00f6zponti idegrendszeri molekul\u00e1ris mechanizmusainak meg\u00e9rt\u00e9se mellett vizsg\u00e1lja a komplementer medicin\u00e1ban haszn\u00e1latos egyes stressz-cs\u00f6kkent\u0151 technik\u00e1k hat\u00e1smechanizmus\u00e1t.\u00a0<\/p>\n<p><strong>Dr. Kov\u00e1cs Gell\u00e9rt<\/strong><\/p>\n<p><img loading=\"lazy\" decoding=\"async\" class=\"wp-image-5020 size-thumbnail alignleft\" src=\"https:\/\/semmelweis.hu\/csot\/files\/2020\/01\/Kov\u00e1cs-Gell\u00e9rt-150x150.jpg\" alt=\"\" width=\"150\" height=\"150\" \/>1997-ben szerzett \u00e1ltal\u00e1nos orvosi diplom\u00e1t a Semmelweis Egyetemen summa cum laude min\u0151s\u00edt\u00e9ssel. 2002-ben sportorvosi szakvizsg\u00e1t, 2004-ben fizioter\u00e1pi\u00e1s szakvizsg\u00e1t tett. 2006-ban manu\u00e1lter\u00e1pi\u00e1s bizony\u00edtv\u00e1nyt szerzett (Zertifikat In Manuelle Medizin\/Chirotherapie Deutsche Gesellschaft f\u00f6r Manuelle Medizin DGMM e. V FAC Aerzteseminar Ham-Boppard). 2014-ben diplom\u00e1zott oszteop\u00e1ti\u00e1b\u00f3l (Diploma of Osteopathic Medicine, Deutsche-Amerikanische Academy f\u00fcr Osteopathie (DAAO), 88260 Argenb\u00fchl, Germany). EROP (European Register for Osteopathic Physicians)). \u00d6t \u00e9vig dolgozott az Orsz\u00e1gos Sporteg\u00e9szs\u00e9g\u00fcgyi Int\u00e9zet Fizioter\u00e1pi\u00e1s \u00e9s Rehabilit\u00e1ci\u00f3s Oszt\u00e1ly\u00e1n, 2004 \u00f3ta a Medicina-Osteopathica Kft tulajdonosa \u00e9s szakmai vezet\u0151je.<\/p>\n<p><strong>Dr. S\u0151ti Csaba PhD, DSc<\/strong><\/p>\n<p><img loading=\"lazy\" decoding=\"async\" class=\"alignleft wp-image-5030 size-thumbnail\" src=\"https:\/\/semmelweis.hu\/csot\/files\/2020\/01\/SotiCsaba-150x150.jpg\" alt=\"\" width=\"150\" height=\"150\" \/><\/p>\n<p>Orvosi diplom\u00e1j\u00e1t 1994-ben a Semmelweis Egyetemen szerezte. Az Egyetem Orvosi Vegytani Int\u00e9zet\u00e9ben a vezet\u00e9s\u00e9vel m\u0171k\u00f6d\u0151 Stressz Csoport a stresszadapt\u00e1ci\u00f3 \u00f6reged\u00e9ssel \u00e9s tanul\u00e1ssal kapcsolatos vonatkoz\u00e1sait kutatja. 2003 \u00f3ta foglalkozik \u00f6nismereti munk\u00e1val. Hipnoterapeuta (Magyar Hipn\u00f3zis Egyes\u00fclet), pszichodr\u00e1ma vezet\u0151 (Magyar Pszichodr\u00e1ma Egyes\u00fclet) \u00e9s holotrop l\u00e9gz\u00e9s facilit\u00e1tor ( Grof Transpersonal Training , USA) k\u00e9pes\u00edt\u00e9seket szerzett. Ezekre a m\u00f3dszerekre egyar\u00e1nt jellemz\u0151 a kit\u00e1gult tudatoss\u00e1g\u00fa \u00e1llapotok egy\u00e9nk\u00f6zpont\u00fa alkalmaz\u00e1sa.<\/p>\n<p><strong>Dr. Csupor Dezs\u0151 DPharm PhD<\/strong><\/p>\n<p><img loading=\"lazy\" decoding=\"async\" class=\"alignleft wp-image-5029 size-thumbnail\" src=\"https:\/\/semmelweis.hu\/csot\/files\/2020\/01\/Csupor-Dezs\u0151-150x150.jpg\" alt=\"\" width=\"150\" height=\"150\" \/>Csupor Dezs\u0151 gy\u00f3gyszer\u00e9sz, a Szegedi Tudom\u00e1nyegyetem Gy\u00f3gyszer\u00e9sztudom\u00e1nyi Kar\u00e1nak docense. Kutat\u00e1si ter\u00fclete a fitok\u00e9mia \u00e9s a fitoter\u00e1pia. Orvos- \u00e9s gy\u00f3gyszer\u00e9szhallgat\u00f3knak fitoter\u00e1pi\u00e1st oktat, sz\u00e1mos tudom\u00e1nyos t\u00e1rsas\u00e1g tagja, szakk\u00f6nyvek \u00e9s ismeretterjeszt\u0151 \u00edr\u00e1sok szerz\u0151je.<\/p>\n<p><strong>Vars\u00e1nyi P\u00e9ter<\/strong><\/p>\n<p><img loading=\"lazy\" decoding=\"async\" class=\"alignleft wp-image-5031 size-thumbnail\" src=\"https:\/\/semmelweis.hu\/csot\/files\/2020\/01\/Vars\u00e1nyi-P\u00e9ter-150x150.jpg\" alt=\"\" width=\"150\" height=\"150\" \/>Vars\u00e1nyi P\u00e9ter 1969 szeptember 28-\u00e1n sz\u00fcletett Budapesten. 1995-ben v\u00e9gzett az ELTE BTK t\u00f6rt\u00e9nelem szak\u00e1n. 2006-ban a Debreceni Egyetem Pszichol\u00f3giai Int\u00e9zet\u00e9ben pszichol\u00f3gus diplom\u00e1t szerzett. 1998-ban fitoterapeuta, 1999-ben alternat\u00edv mozg\u00e1s- \u00e9s massz\u00e1zsterapeuta, 2000-ben f\u00fclakupunkt\u00far\u00e1s addiktol\u00f3giai, 2010-ben pedig \u00e9letm\u00f3dtan\u00e1csad\u00f3- \u00e9s terapeuta k\u00e9pes\u00edt\u00e9st szerzett. 2003. febru\u00e1rj\u00e1t\u00f3l az Institut f\u00fcr Bach- Bl\u00fctentherapie, Forschung und Lehre, Mechthild Scheffer (IMS, Member of the Bach Foundation Network, Dr. Edward Bach Centre, England) z\u00e1r\u00f3vizsg\u00e1t tett Bach-terapeut\u00e1inak k\u00f6r\u00e9be tartozik. 2005 \u00f3ta szerepel az \u00c1EEK vizsgaeln\u00f6ki \u00e9s szak\u00e9rt\u0151i n\u00e9vjegyz\u00e9k\u00e9ben fitoter\u00e1pia, alternat\u00edv mozg\u00e1s- \u00e9s massz\u00e1zster\u00e1pia, valamint f\u00fclakupunkt\u00far\u00e1s addiktol\u00f3gia t\u00e1rgyakb\u00f3l.<\/p>\n<p><strong>Komsa Ildik\u00f3<\/strong><\/p>\n<p><img loading=\"lazy\" decoding=\"async\" class=\"alignleft wp-image-5112 size-thumbnail\" src=\"https:\/\/semmelweis.hu\/csot\/files\/2020\/02\/komsa_ildiko-150x150.jpg\" alt=\"Komsa Ildik\u00f3\" width=\"150\" height=\"150\" \/>Komsa Ildik\u00f3 eg\u00e9szs\u00e9gtan-tan\u00e1r (Semmelweis Egyetem Testnevel\u00e9si- \u00e9s Sporttudom\u00e1nyi Kar, 2009), dietetikus (Semmelweis Egyetem Eg\u00e9szs\u00e9g\u00fcgyi F\u0151iskolai Kar, 2004), f\u00fclakupunkt\u00far\u00e1s addiktol\u00f3gus (Eg\u00e9szs\u00e9g\u00fcgyi Tov\u00e1bbk\u00e9pz\u0151 Int\u00e9zet, 1999), fitoterapeuta (Eg\u00e9szs\u00e9g\u00fcgyi Tov\u00e1bbk\u00e9pz\u0151 Int\u00e9zet, 1997). Tanulm\u00e1nyaim sor\u00e1n mindig fontosnak tartottam, hogy a term\u00e9szetgy\u00f3gy\u00e1szat \u00e9s az akad\u00e9mikus orvosl\u00e1s oldal\u00e1r\u00f3l is v\u00e9gezzek tanulm\u00e1nyokat, hogy az eg\u00e9szs\u00e9gr\u0151l \u00e9s a betegs\u00e9gekr\u0151l oktat\u00f3k\u00e9nt \u00e9s terapeutak\u00e9nt teljesebb k\u00e9pet kaphassak. 1995 \u00f3ta rendszeresen oktatok sz\u00e1mos helysz\u00ednen t\u00f6bbek k\u00f6z\u00f6tt az ELTE PPK Eg\u00e9szs\u00e9gfejleszt\u00e9si \u00e9s Sporttudom\u00e1nyi Int\u00e9zet Rekre\u00e1ci\u00f3 szak\u00e1n (2008), Fitness Akad\u00e9mi\u00e1n (2012), term\u00e9szetgy\u00f3gy\u00e1szati t\u00e9m\u00e1j\u00fa tanfolyamokon (1995), els\u0151sorban t\u00e1pl\u00e1lkoz\u00e1ssal kapcsolatos t\u00e1rgyakat, eg\u00e9szs\u00e9gnevel\u00e9st- \u00e9s eg\u00e9szs\u00e9gfejleszt\u00e9st, anat\u00f3miai- \u00e9s \u00e9lettani, valamint els\u0151seg\u00e9ly ny\u00fajt\u00e1si ismereteket, fitoter\u00e1pi\u00e1t, Bach-ter\u00e1pi\u00e1t tan\u00edtok.<\/p>\n","protected":false},"excerpt":{"rendered":"<p>Dr. E\u0151ry Aj\u00e1nd\u00e9k H\u00e1ziorvos, akupunkt\u00far\u00e1s orvos, a Semmelweis Egyetem Csal\u00e1dorvosi Tansz\u00e9k\u00e9n m\u0171k\u00f6d\u0151 Integrat\u00edv Medicina tansz\u00e9ki csoport vezet\u0151je. 1999-ben szerzett \u00e1ltal\u00e1nos orvos diplom\u00e1t, 2004-ben szakvizsg\u00e1zott h\u00e1ziorvostanb\u00f3l, 2005-ben a Szegedi Egyetemen v\u00e9gezte el a Hagyom\u00e1nyos K\u00ednai Orvosl\u00e1s r\u00e1\u00e9p\u00edthet\u0151 k\u00e9pz\u00e9st, 2015-ben szerzett PhD fokozatot. Kutat\u00e1si ter\u00fclete a pszichoszoci\u00e1lis t\u00e9nyez\u0151k szerep\u00e9nek vizsg\u00e1lata kr\u00f3nikus testi betegs\u00e9gek h\u00e1tter\u00e9ben. 2001 \u00f3ta a &hellip;<\/p>\n","protected":false},"author":101661,"featured_media":0,"parent":4992,"menu_order":4,"comment_status":"closed","ping_status":"closed","template":"","meta":{"_acf_changed":false,"footnotes":""},"categories":[],"tags":[],"class_list":["post-5017","page","type-page","status-publish","hentry"],"acf":[],"publishpress_future_action":{"enabled":false,"date":"1970-01-01 01:00:00","action":"","terms":[],"taxonomy":"","browser_timezone_offset":0},"_links":{"self":[{"href":"https:\/\/semmelweis.hu\/csot\/wp-json\/wp\/v2\/pages\/5017","targetHints":{"allow":["GET"]}}],"collection":[{"href":"https:\/\/semmelweis.hu\/csot\/wp-json\/wp\/v2\/pages"}],"about":[{"href":"https:\/\/semmelweis.hu\/csot\/wp-json\/wp\/v2\/types\/page"}],"author":[{"embeddable":true,"href":"https:\/\/semmelweis.hu\/csot\/wp-json\/wp\/v2\/users\/101661"}],"replies":[{"embeddable":true,"href":"https:\/\/semmelweis.hu\/csot\/wp-json\/wp\/v2\/comments?post=5017"}],"version-history":[{"count":10,"href":"https:\/\/semmelweis.hu\/csot\/wp-json\/wp\/v2\/pages\/5017\/revisions"}],"predecessor-version":[{"id":6146,"href":"https:\/\/semmelweis.hu\/csot\/wp-json\/wp\/v2\/pages\/5017\/revisions\/6146"}],"up":[{"embeddable":true,"href":"https:\/\/semmelweis.hu\/csot\/wp-json\/wp\/v2\/pages\/4992"}],"wp:attachment":[{"href":"https:\/\/semmelweis.hu\/csot\/wp-json\/wp\/v2\/media?parent=5017"}],"wp:term":[{"taxonomy":"category","embeddable":true,"href":"https:\/\/semmelweis.hu\/csot\/wp-json\/wp\/v2\/categories?post=5017"},{"taxonomy":"post_tag","embeddable":true,"href":"https:\/\/semmelweis.hu\/csot\/wp-json\/wp\/v2\/tags?post=5017"}],"curies":[{"name":"wp","href":"https:\/\/api.w.org\/{rel}","templated":true}]}}