{"id":4998,"date":"2020-01-09T09:50:39","date_gmt":"2020-01-09T08:50:39","guid":{"rendered":"http:\/\/semmelweis.hu\/csot\/?page_id=4998"},"modified":"2022-04-26T14:20:30","modified_gmt":"2022-04-26T12:20:30","slug":"gradualis-oktatas","status":"publish","type":"page","link":"https:\/\/semmelweis.hu\/csot\/oktatas\/integrativ-medicina\/gradualis-oktatas\/","title":{"rendered":"Tant\u00e1rgyi k\u00f6vetelm\u00e9ny"},"content":{"rendered":"<p><strong>KOMPLEMENTER ELJ\u00c1R\u00c1SOK AZ EVIDENCI\u00c1K T\u00dcKR\u00c9BEN<\/strong><\/p>\n<p><a href=\"https:\/\/semmelweis.hu\/csot\/oktatas\/integrativ-medicina\/komplementer-eljarasok-tantargyleiras\/\">Tant\u00e1rgyle\u00edr\u00e1s<\/a><\/p>\n<p><strong>OKTAT\u00d3K<\/strong><\/p>\n<p><a href=\"https:\/\/semmelweis.hu\/csot\/oktatas\/integrativ-medicina\/oktatok\/\">Oktat\u00f3ink<\/a><\/p>\n","protected":false},"excerpt":{"rendered":"<p>KOMPLEMENTER ELJ\u00c1R\u00c1SOK AZ EVIDENCI\u00c1K T\u00dcKR\u00c9BEN<br \/>\n<a href=\"https:\/\/semmelweis.hu\/csot\/oktatas\/integrativ-medicina\/komplementer-eljarasok-tantargyleiras\/\">Tant\u00e1rgyle\u00edr\u00e1s<\/a><br \/>\nOKTAT\u00d3K<br \/>\n<a href=\"https:\/\/semmelweis.hu\/csot\/oktatas\/integrativ-medicina\/oktatok\/\">Oktat\u00f3ink<\/a><\/p>\n","protected":false},"author":101661,"featured_media":0,"parent":4992,"menu_order":8,"comment_status":"closed","ping_status":"closed","template":"","meta":{"_acf_changed":false,"footnotes":""},"categories":[],"tags":[],"class_list":["post-4998","page","type-page","status-publish","hentry"],"acf":[],"publishpress_future_action":{"enabled":false,"date":"1970-01-01 01:00:00","action":"","terms":[],"taxonomy":"","browser_timezone_offset":0},"_links":{"self":[{"href":"https:\/\/semmelweis.hu\/csot\/wp-json\/wp\/v2\/pages\/4998","targetHints":{"allow":["GET"]}}],"collection":[{"href":"https:\/\/semmelweis.hu\/csot\/wp-json\/wp\/v2\/pages"}],"about":[{"href":"https:\/\/semmelweis.hu\/csot\/wp-json\/wp\/v2\/types\/page"}],"author":[{"embeddable":true,"href":"https:\/\/semmelweis.hu\/csot\/wp-json\/wp\/v2\/users\/101661"}],"replies":[{"embeddable":true,"href":"https:\/\/semmelweis.hu\/csot\/wp-json\/wp\/v2\/comments?post=4998"}],"version-history":[{"count":8,"href":"https:\/\/semmelweis.hu\/csot\/wp-json\/wp\/v2\/pages\/4998\/revisions"}],"predecessor-version":[{"id":5983,"href":"https:\/\/semmelweis.hu\/csot\/wp-json\/wp\/v2\/pages\/4998\/revisions\/5983"}],"up":[{"embeddable":true,"href":"https:\/\/semmelweis.hu\/csot\/wp-json\/wp\/v2\/pages\/4992"}],"wp:attachment":[{"href":"https:\/\/semmelweis.hu\/csot\/wp-json\/wp\/v2\/media?parent=4998"}],"wp:term":[{"taxonomy":"category","embeddable":true,"href":"https:\/\/semmelweis.hu\/csot\/wp-json\/wp\/v2\/categories?post=4998"},{"taxonomy":"post_tag","embeddable":true,"href":"https:\/\/semmelweis.hu\/csot\/wp-json\/wp\/v2\/tags?post=4998"}],"curies":[{"name":"wp","href":"https:\/\/api.w.org\/{rel}","templated":true}]}}