{"id":4994,"date":"2020-01-09T09:34:38","date_gmt":"2020-01-09T08:34:38","guid":{"rendered":"http:\/\/semmelweis.hu\/csot\/?page_id=4994"},"modified":"2025-07-03T16:13:42","modified_gmt":"2025-07-03T14:13:42","slug":"munkatarsak","status":"publish","type":"page","link":"https:\/\/semmelweis.hu\/csot\/oktatas\/integrativ-medicina\/munkatarsak\/","title":{"rendered":"Munkat\u00e1rsak"},"content":{"rendered":"<p><img loading=\"lazy\" decoding=\"async\" class=\"alignright wp-image-4995 size-thumbnail\" src=\"https:\/\/semmelweis.hu\/csot\/files\/2020\/01\/E\u0151ry-Aj\u00e1nd\u00e9k-150x150.jpg\" alt=\"\" width=\"150\" height=\"150\" \/><\/p>\n<p><strong>Dr. E\u0151ry Aj\u00e1nd\u00e9k<\/strong><\/p>\n<p>H\u00e1ziorvos, akupunkt\u00far\u00e1s orvos, a Semmelweis Egyetem Csal\u00e1dorvosi Tansz\u00e9k\u00e9n m\u0171k\u00f6d\u0151 Integrat\u00edv Medicina tansz\u00e9ki csoport vezet\u0151je, egyetemi docens. 1999-ben szerzett \u00e1ltal\u00e1nos orvos diplom\u00e1t, 2004-ben szakvizsg\u00e1zott h\u00e1ziorvostanb\u00f3l, 2005-ben a Szegedi Egyetemen v\u00e9gezte el a Hagyom\u00e1nyos K\u00ednai Orvosl\u00e1s r\u00e1\u00e9p\u00edthet\u0151 k\u00e9pz\u00e9st, 2015-ben szerzett PhD fokozatot. Kutat\u00e1si ter\u00fclete a pszichoszoci\u00e1lis t\u00e9nyez\u0151k szerep\u00e9nek vizsg\u00e1lata kr\u00f3nikus testi betegs\u00e9gek h\u00e1tter\u00e9ben. 2001 \u00f3ta a Csal\u00e1dorvosi Tansz\u00e9k munkat\u00e1rsa, 2008 \u00f3ta a Bevezet\u00e9s a betegell\u00e1t\u00e1sba t\u00e1rgy tant\u00e1rgyfelel\u0151se.<\/p>\n<p><strong>Dr. J\u00f3na Imola Margit<\/strong><img loading=\"lazy\" decoding=\"async\" class=\"alignright\" style=\"font-size: 1rem\" src=\"https:\/\/semmelweis.hu\/csot\/files\/2025\/05\/JonaImolaMargit-scaled.jpg\" alt=\"\" width=\"137\" height=\"168\" \/><br \/>\n\u00dcgyviv\u0151 szak\u00e9rt\u0151 az Integrat\u00edv Medicina tansz\u00e9ki csoportban.<br \/>\nEmail: jona.imola.margit KUKAC semmelweis.hu<\/p>\n<p>&nbsp;<\/p>\n<p>&nbsp;<\/p>\n<p><img loading=\"lazy\" decoding=\"async\" class=\"alignright wp-image-6343 size-thumbnail\" src=\"https:\/\/semmelweis.hu\/csot\/files\/2022\/12\/Eory-Ramona-3-150x150.jpg\" alt=\"\" width=\"150\" height=\"150\" srcset=\"https:\/\/semmelweis.hu\/csot\/files\/2022\/12\/Eory-Ramona-3-150x150.jpg 150w, https:\/\/semmelweis.hu\/csot\/files\/2022\/12\/Eory-Ramona-3-400x400.jpg 400w, https:\/\/semmelweis.hu\/csot\/files\/2022\/12\/Eory-Ramona-3.jpg 622w\" sizes=\"auto, (max-width: 150px) 100vw, 150px\" \/><\/p>\n<p><strong>E\u0151ry Ram\u00f3na<\/strong><br \/>\n\u00dcgyviv\u0151 szak\u00e9rt\u0151. <br \/>\nEmail: eory.ramona KUKAC semmelweis.hu<\/p>\n<p>&nbsp;<\/p>\n<p>&nbsp;<\/p>\n<p><img loading=\"lazy\" decoding=\"async\" class=\"alignright\" src=\"https:\/\/semmelweis.hu\/csot\/files\/2025\/05\/UdvarhelyiAndrea.jpg\" alt=\"\" width=\"150\" height=\"192\" \/><\/p>\n<p><strong>Dr. Udvarhelyi Andrea<br \/>\n<\/strong>\u00dcgyviv\u0151 szak\u00e9rt\u0151 &#8211; Tart\u00f3san t\u00e1vol.<br \/>\nEmail: andrea.udvarhelyi KUKAC semmelweis.hu\u00a0<\/p>\n<p>&nbsp;<\/p>\n","protected":false},"excerpt":{"rendered":"<p>Dr. E\u0151ry Aj\u00e1nd\u00e9k H\u00e1ziorvos, akupunkt\u00far\u00e1s orvos, a Semmelweis Egyetem Csal\u00e1dorvosi Tansz\u00e9k\u00e9n m\u0171k\u00f6d\u0151 Integrat\u00edv Medicina tansz\u00e9ki csoport vezet\u0151je, egyetemi docens. 1999-ben szerzett \u00e1ltal\u00e1nos orvos diplom\u00e1t, 2004-ben szakvizsg\u00e1zott h\u00e1ziorvostanb\u00f3l, 2005-ben a Szegedi Egyetemen v\u00e9gezte el a Hagyom\u00e1nyos K\u00ednai Orvosl\u00e1s r\u00e1\u00e9p\u00edthet\u0151 k\u00e9pz\u00e9st, 2015-ben szerzett PhD fokozatot. Kutat\u00e1si ter\u00fclete a pszichoszoci\u00e1lis t\u00e9nyez\u0151k szerep\u00e9nek vizsg\u00e1lata kr\u00f3nikus testi betegs\u00e9gek h\u00e1tter\u00e9ben. 2001 &hellip;<\/p>\n","protected":false},"author":101661,"featured_media":0,"parent":4992,"menu_order":3,"comment_status":"closed","ping_status":"closed","template":"","meta":{"_acf_changed":false,"footnotes":""},"categories":[],"tags":[],"class_list":["post-4994","page","type-page","status-publish","hentry"],"acf":[],"publishpress_future_action":{"enabled":false,"date":"1970-01-01 01:00:00","action":"","terms":[],"taxonomy":"","browser_timezone_offset":0},"_links":{"self":[{"href":"https:\/\/semmelweis.hu\/csot\/wp-json\/wp\/v2\/pages\/4994","targetHints":{"allow":["GET"]}}],"collection":[{"href":"https:\/\/semmelweis.hu\/csot\/wp-json\/wp\/v2\/pages"}],"about":[{"href":"https:\/\/semmelweis.hu\/csot\/wp-json\/wp\/v2\/types\/page"}],"author":[{"embeddable":true,"href":"https:\/\/semmelweis.hu\/csot\/wp-json\/wp\/v2\/users\/101661"}],"replies":[{"embeddable":true,"href":"https:\/\/semmelweis.hu\/csot\/wp-json\/wp\/v2\/comments?post=4994"}],"version-history":[{"count":9,"href":"https:\/\/semmelweis.hu\/csot\/wp-json\/wp\/v2\/pages\/4994\/revisions"}],"predecessor-version":[{"id":7891,"href":"https:\/\/semmelweis.hu\/csot\/wp-json\/wp\/v2\/pages\/4994\/revisions\/7891"}],"up":[{"embeddable":true,"href":"https:\/\/semmelweis.hu\/csot\/wp-json\/wp\/v2\/pages\/4992"}],"wp:attachment":[{"href":"https:\/\/semmelweis.hu\/csot\/wp-json\/wp\/v2\/media?parent=4994"}],"wp:term":[{"taxonomy":"category","embeddable":true,"href":"https:\/\/semmelweis.hu\/csot\/wp-json\/wp\/v2\/categories?post=4994"},{"taxonomy":"post_tag","embeddable":true,"href":"https:\/\/semmelweis.hu\/csot\/wp-json\/wp\/v2\/tags?post=4994"}],"curies":[{"name":"wp","href":"https:\/\/api.w.org\/{rel}","templated":true}]}}