{"id":4624,"date":"2019-10-01T09:40:17","date_gmt":"2019-10-01T07:40:17","guid":{"rendered":"http:\/\/csot.semmelweis.hu\/?page_id=4624"},"modified":"2025-05-17T16:29:45","modified_gmt":"2025-05-17T14:29:45","slug":"viertes-jahr-blockunterricht","status":"publish","type":"page","link":"https:\/\/semmelweis.hu\/csot\/de\/deutsches-studium\/viertes-jahr-blockunterricht\/","title":{"rendered":"Viertes Jahr Blockunterricht"},"content":{"rendered":"<h1>Allgemeinmedizin<\/h1>\n<p>ANFORDERUNGSDATENBLATT<\/p>\n<p>Kreditpunkte: 2<\/p>\n<p>Semester: 1-2.<\/p>\n<p>Semesterwochenstunde: 20<\/p>\n<p>Vorlesung: &#8211;<\/p>\n<p>Praktikum: 12<\/p>\n<p>Seminar: 8<\/p>\n<p><strong>Typ des Kurses:<\/strong> Pflichtfach <\/p>\n<p>Studienjahr: 4<\/p>\n<p><strong>Unterrichtssprache des Studienfaches im Falle von Wahlpflicht- und Wahlf\u00e4chern:<\/strong><\/p>\n<p>Code des Studienfaches: AOKCSA1133_1N<\/p>\n<p>Name der\/des Studienfachverantwortlichen: Prof. Dr. Torzsa P\u00e9ter<\/p>\n<p>Arbeitsstelle und Kontaktdaten der\/des Studienverantwortlichen:<\/p>\n<p>Lehrstuhl f\u00fcr Familienmedizin, +36-1-355-8530<\/p>\n<p>Position der\/des Studienverantwortlichen: Direktor<\/p>\n<p>Datum und Nummer der Habilitationsurkunde: 2020.07.21., 11\/2020<\/p>\n<p><strong>Lernzielsetzung des Faches und dessen Stellenwert im medizinischen Curriculum:<\/strong><\/p>\n<p>Die Basis des Gesundheitssystems ist die familienmedizinische Versorgung. F\u00fcr die zuk\u00fcnftige \u00c4rzte ist unentbehrlich Familienmedicine als integrierendes, vielseitiges Fach und die spezielle Lotse und Torw\u00e4cherfunctionen kennenzulernen. Wir unterrichten in zertifizierten Lehrpraxen in der Form von \u201eein Student &#8211; ein Tutor\u201c.<\/p>\n<p>W\u00e4hrend der T\u00e4tigkeit in der Ordinationen die Studenten erkennen die pr\u00e4ventive Anschauung, die problemorientierte, holistische Diagnostik unter Ber\u00fccksichtigung somatischer, psychosozialer, sozio-kultureller und \u00f6kologischer Aspekte und die Differentialdiagnostik der h\u00e4ufigsten Erkrankungen.<\/p>\n<p>Zielsetzung ist die Benutzung der grundsetzlichen diagnostischen Massnahmen und therapeutische Mittel und Verfahren beizubringen, die h\u00e4ufingsten gesetzlichen Regeln und Verfahren durchzuschauen, die Kommunikationsentwicklung der Studenten in der Praxis und die \u00dcbung der Applikation der kurzen Interventionen.<\/p>\n<p><strong>Dem Studienfach zugeordneter Unterrichtsort (Adresse des Vorlesungssaals, Seminarraums, usw.)<\/strong><\/p>\n<p>Seminarraum:<br \/>\nH\u00f6rsaal des Lehrstuls f\u00fcr Familienmedizin<br \/>\n1085 Budapest, utca 7-9<br \/>\nDr. Sz\u00e9lv\u00e1ri \u00c1gnes<br \/>\nDr. M\u00e1rkus Bernadett<\/p>\n<p>und in zertifizierten Lehrpraxen in Budapest und Umgebung:<\/p>\n<ul>\n<li>Dr. T\u00f6r\u00f6k Katalin, 1121 Bp., Zugligeti u. 58-60.<\/li>\n<li>Dr. Reis Marianne, 1139 Bp., Szegedi u. 17.<\/li>\n<li>Dr. Szab\u00f3 Endre, 1105 Bp., Zsivaj u. 2.<\/li>\n<li>Dr. Bak Mih\u00e1ly, 1025 Bp., V\u00e9rhalom t\u00e9r 10.<\/li>\n<li>Dr. Kot\u00e1nyi P\u00e9ter, 1097 Budapest,<\/li>\n<li>Dr. Horv\u00e1th Edit, 1039 Budapest, Csob\u00e1nka t\u00e9r 6.<\/li>\n<li>Dr. Becze \u00c1d\u00e1m, 1163 Budapest, Margit u. 33.<\/li>\n<li>Dr. Somos \u00c9va, 1025 Budapest, V\u00e9rhalom t\u00e9r 10.<\/li>\n<li>Dr. Szab\u00f3 Endre, 1105 Bp., Zsivaj u. 2.<\/li>\n<li>Dr. B\u00edr\u00f3 Mariann, 1065 Budapest, Bajcsy-Zsilinszky \u00fat 33.<\/li>\n<li>Dr. B\u00e1nhidi Eszter, 1172 Budapest, Diadal u. 40.<\/li>\n<li>Dr. Csatl\u00f3s Dalma, 1131 Budapest, T\u00e1tra utca 11.<\/li>\n<li>Dr. Dani Vilmos, 1116 Bp., Albertfalva u. 3.<\/li>\n<\/ul>\n<p><strong>Bei erfolgreichem Abschluss des Studienfachs erworbene Kompetenzen:<\/strong><\/p>\n<p>Pr\u00e4ventieve Anschauung, Siebfunktionen des Familienarztes<br \/>\nHolistische Beratungsanl\u00e4sse<br \/>\nManagement von komplexen (somatischer, psychosozialer, sozio-kultureller, \u00f6kologischer) Gesundheitsproblemen<br \/>\nLangzeitbetreuung \u2013 Versorgung von Menschen mit den h\u00e4ufigsten chronischen Erkrankungen<br \/>\nDifferentialdiagnose \u2013 Diagnose stellen und ausschliessen<br \/>\nDie Studierende k\u00f6nnen die diagnostische Massnahmen, die in der Familienarztpaxis m\u00f6glich sind kennelernen, durchf\u00fchren und bewerten<br \/>\nKenntnisse der grundsetzlichen gesundheitsrechtlicher Bestimmungen.<\/p>\n<p><strong>Vorherige Studienvoraussetzung\/en f\u00fcr die Belegung bzw. das Absolvieren des gegebenen Studienfaches:<\/strong><\/p>\n<p>Innere Medizin, Pharmakologie I., Labormedizin<\/p>\n<p><strong>Im Falle eines mehrsemestrigen Studienfachs die Meinung der Organisationseinheit f\u00fcr Bildung und Forschung bez\u00fcglich M\u00f6glichkeiten einer parallelen Einschreibung bzw. der Bedingungen ihrer Genehmigung: <\/strong>&#8211;<\/p>\n<p><strong>Mindest- und H\u00f6chstzahl von Studierenden, die f\u00fcr das Zustandekommen des Kurses erforderlich ist sowie die Kriterien f\u00fcr die Auswahl der Studierenden:<\/strong><\/p>\n<p>Der Praktikumstermin ist abh\u00e4ngig von der Gruppeneinteilung des Blockunterrichtes<\/p>\n<p><strong>Detaillierte Thematik des Studienfaches:<\/strong><\/p>\n<p><strong>Blockpraktikum Allgemeinmedizin (1 Woche):<\/strong><\/p>\n<p>1. Tag: Vorlesungen im Seminarraum (6 Stunden) <br \/>\n2. und 3.Tage: Praxispraktikum und Fallbesprechung in zertifizierten Lehrpraxen in der Form von \u201eein Student &#8211; ein Tutor\u201c in Budapest und Umgebung<br \/>\n4. Tag: Pr\u00fcfungsvorbereitung<br \/>\n5. Tag: Konsultation (2 Stunden) &#8211; Pr\u00fcfung \u2013 Auswertung des Kurses<\/p>\n<p><strong>Seminaren:<br \/>\n<\/strong>09.15 \u2013 10.45 Dr. Sz\u00e9lv\u00e1ri \u00c1gnes: Kursus \u2013 Einf\u00fchrung, Die Hypertoniekrankheit in der Familien\u00e4rztlichen Praxis<br \/>\n10.55 \u2013 11.40 Dr. B\u00edr\u00f3 Mariann: Grundversorgung und Familienbetreuung in Ungarn<br \/>\n11.55 \u2013 12.40 Dr. Sz\u00e9lv\u00e1ri \u00c1gnes: Palliative Therapie<br \/>\n12.50 \u2013 14.20 Dr. Perj\u00e9s \u00c1bel: Diabetes Mellitus in der Familienartzlichen Praxis<\/p>\n<p><strong>Praxispraktikum<br \/>\n<\/strong>Die Studierende haben die Gelegenheit eine Vielzahl verschiedener Patientinnen und Patienten mit unterschiedlichsten Beratungsanl\u00e4ssen kennenzulernen.<\/p>\n<p>W\u00e4hrend dem Blockpraktikum in der familienmedizinischen Ordinationen sie k\u00f6nnen die folgenden Kennnisse und Fertigkeiten erwerben:<\/p>\n<ul>\n<li>Die Gelegenhetien der Pr\u00e4ventionen<\/li>\n<li>Behandlung von akuten Notf\u00e4llen, einschlie\u00dflich lebensrettender Ma\u00dfnahmen, Schmerztherapie und Palliativmedizin<\/li>\n<li>Versorgung von Menschen mit den h\u00e4ufigsten chronischen Erkrankungen<\/li>\n<li>Basiswissen zu komplement\u00e4r-therapeutischen Verfahren<\/li>\n<li>Management von komplexen (somatischer, psychosozialer, sozio-kultureller, \u00f6kologischer) Gesundheitsproblemen<\/li>\n<li>Die diagnostische und therapeutische Massnahmen, die in der Familienarztpaxis m\u00f6glich sind kennelernen und durchf\u00fchren<\/li>\n<li>Sie k\u00f6nnen an Haus- und Heimbesuchen teilnehmen<\/li>\n<\/ul>\n<p><strong>Fallbesprechung<br \/>\n<\/strong>Die Studierende k\u00f6nnen die wichtigste und h\u00e4ufigste Aufgaben und Problemen in der Grundversorgung mit dem Tutor besprechen. Das is ein interaktives Forum \u00fcber Diagnostik, Differentialdiagnose, Wahl der Therapie, verschiedene M\u00f6glichkeiten in der Betreuung und \u00fcber die Koordination station\u00e4rer Behandlungen mittels Einweisungen unter Abw\u00e4gung der medizinischen und sozialen Notwendigkeit einer station\u00e4ren Betreuung, Koordination bei h\u00e4uslichen Pflegema\u00dfnahmen mittels Verordnungen, Koordination der ambulanten Rehabilitation, Verordnung von Physiotherapie.<\/p>\n<p>Die empfohlende Themen:<br \/>\nSiebfunktionen des Familienarztes<br \/>\nKomplex kardiovaskul\u00e4re\/ metabolische Krankheiten<br \/>\n\u00dcbertragung von Infektionskrankheiten<br \/>\nAuswirkung von Krankheit des Bewegungsapparates auf das Leben der Patienten und Familien<br \/>\nPatienten mit mentalen\/psychosozialen Gesundheitsproblemen<\/p>\n<p><strong>Konsultationen im Seminarraum von den folgenden Themen:<\/strong><\/p>\n<ul>\n<li>Spezielle Hinsichten in der Allgemeinmedizin. Die Hausbesucht\u00e4tigkeit des Hausarztes<\/li>\n<li>Die pr\u00e4ventive Betreuung und die Langzeitbetreuung von Familien<\/li>\n<li>Die h\u00e4ufigste Infektionskrankheiten<\/li>\n<li>Kardiovascul\u00e4re Erkrankungen, Hoher Blutdruck<\/li>\n<li>Diabetes in der Grundversorgung \u2013 sieben und verfolgen<\/li>\n<li>Krankheiten des Bewegungsapparates<br \/>\nPsychosoziale Probleme in der Familienpraxis<\/li>\n<li>Lungenkrankheiten in der Familienpraxis<\/li>\n<li>Adipositas und \u00dcbergewichtkeit<\/li>\n<li>Palliative Therapie<\/li>\n<\/ul>\n<p><strong>Weitere Themen, die im Zusammenhang mit Randgebieten des Studienfaches stehen (sowohl bei Pflicht- als auch bei Wahlf\u00e4chern). M\u00f6gliche \u00dcberschneidungen von Thematiken: <\/strong>Innere Medizin<\/p>\n<p><strong>Teilnahmevoraussetzungen f\u00fcr die Lehrveranstaltungen, Nachholm\u00f6glichkeiten, Art und Weise einer Entschuldigung im Abwesenheitsfall.<\/strong><\/p>\n<p>Teilnahme an mindestens 75% der Praxispraktika und der Seminaren ist erforderlich.<\/p>\n<p>Das Praxispraktikum kann in Absprache mit den Tutoren ganzj\u00e4hrig an den medizinischen Nachmittagsterminen (16.00-20.00 Uhr) nachgeholt werden. Seminare k\u00f6nnen durch einen Blockkurs zu einem anderen Termin ersetzt werden.<\/p>\n<p><strong>Art von Leistungskontrollen w\u00e4hrend der Vorlesungszeit:<\/strong><\/p>\n<p>Kontrolliert vom Tutor in dem Lehrpraxen durch Bespechungen und Zusammenarbeit.<\/p>\n<p>Keine m\u00fcndliche oder schriftliche formulierte Kontrolle.<\/p>\n<p><strong>Anzahl, Art und Abgabefrist von Aufgaben, die Studierende individuell zu erledigen haben:<\/strong><\/p>\n<p><strong>Bedingungen f\u00fcr den Erwerb der Unterschrift:<\/strong><\/p>\n<p>Zur Unterschrift ist die Teilnahme an mindestens 75% der Praktika und der Vorlesungen des Faches Allgemeinmedizin notwendig.<\/p>\n<p><strong>Formen des Leistungsnachweises: <br \/>\n<\/strong><strong>Praktische Note<br \/>\n<\/strong>Praktikumsnote nach der Aktivit\u00e4t im Lehrpraxis (1-5)<br \/>\nSchriftliche Pr\u00fcfung: Fallstudie schreiben von einem epfohlenden, interssanten Fall von der Lehrpraxis (3-4000 Charakter) Note 1-5<br \/>\nF\u00fcr die Endnote z\u00e4hlt die praktische Note zu 40% und die Aufsatznote zu 60%.<\/p>\n<p><strong>Pr\u00fcfungsanforderungen:<br \/>\n<\/strong>Fallstudie schreiben von einem\/er Patient\/in von Lehrpraxis<\/p>\n<p>Teile der Fallstudie:<\/p>\n<ul>\n<li>Anamnese<\/li>\n<li>Aktuelle Beschwerde\/Probleme<\/li>\n<li>Plan der Untersuchung<\/li>\n<li>Untersuchungen<\/li>\n<li>Diagnostik<\/li>\n<li>Therapie<\/li>\n<li>Pflege\/Verfolgung<\/li>\n<li>Literatur<\/li>\n<\/ul>\n<p><strong>Zusammensetzung der Benotung (TVSZ 2022 die Art der Festlegung der Note):<\/strong><\/p>\n<p>Die Bewertung vom Blockpraktikum Allgemeinmedizin erfolgt mit der 5-stufigen Benotung. Das besteht aus die Praktikumsnote (40%) und die Note der Fallstudie (60%). Die Bewertung der Fallstudie:<\/p>\n<p>Note 1: Pr\u00fcfungstermin zu verpassen, Charakterzahl &lt;3000, nicht selbst\u00e4ndiger Arbeit<br \/>\nNote 2: fehlende Teil der Fallstudie, anspruchloser Aufsatz, schwerer fachlicher Fehler<br \/>\nNote 3: 2-3 fachlicher und\/oder formativer Fehler<br \/>\nNote 4: 1 kleiner fachlicher Fehler<br \/>\nNote 5: pr\u00e4ziser medizinischer Aufsatz, logische Folgerungen, Konklusionen<\/p>\n<p><strong>Liste von \u00dcbungsmaterialien, Lehrb\u00fcchern, Lernhilfen sowie Fachliteratur, die zur Aneignung des Lernstoffes bzw. der f\u00fcr die Leistungskontrollen notwendigen Kenntnisse verwendet werden k\u00f6nnen. Dabei ist genau zuzuordnen, welche Kenntnisse notwendig sind, um welche Anforderungen erf\u00fcllen zu k\u00f6nnen (beispielsweise sortiert nach Pr\u00fcfungsaufgaben). Auch die wichtigsten verwendbaren technischen und sonstigen Hilfsmittel und Studienhilfen sind anzugeben:<\/strong><\/p>\n<p>Familienmedizin. http:\/\/csot.semmelweis.hu\/e-buch-herunterladen\/<\/p>\n<p>Michael M. Kochen: Allgemeinmedizin und Familienmedizin Duale Reihe, 4. Auflage, 2012<\/p>\n<p>RN. Braun, FH. Maeder, H. Danninger: Programmierte Diagnostik in der Allgemeinmedizin. Springer Verlag, Berlin<\/p>\n","protected":false},"excerpt":{"rendered":"<p>Allgemeinmedizin ANFORDERUNGSDATENBLATT Kreditpunkte: 2 Semester: 1-2. Semesterwochenstunde: 20 Vorlesung: &#8211; Praktikum: 12 Seminar: 8 Typ des Kurses: Pflichtfach Studienjahr: 4 Unterrichtssprache des Studienfaches im Falle von Wahlpflicht- und Wahlf\u00e4chern: Code des Studienfaches: AOKCSA1133_1N Name der\/des Studienfachverantwortlichen: Prof. Dr. Torzsa P\u00e9ter Arbeitsstelle und Kontaktdaten der\/des Studienverantwortlichen: Lehrstuhl f\u00fcr Familienmedizin, +36-1-355-8530 Position der\/des Studienverantwortlichen: Direktor Datum und &hellip;<\/p>\n","protected":false},"author":158,"featured_media":0,"parent":191,"menu_order":3,"comment_status":"closed","ping_status":"closed","template":"","meta":{"_acf_changed":false,"footnotes":""},"categories":[],"tags":[],"class_list":["post-4624","page","type-page","status-publish","hentry"],"acf":[],"publishpress_future_action":{"enabled":false,"date":"1970-01-01 01:00:00","action":"","terms":[],"taxonomy":"","browser_timezone_offset":0},"_links":{"self":[{"href":"https:\/\/semmelweis.hu\/csot\/wp-json\/wp\/v2\/pages\/4624","targetHints":{"allow":["GET"]}}],"collection":[{"href":"https:\/\/semmelweis.hu\/csot\/wp-json\/wp\/v2\/pages"}],"about":[{"href":"https:\/\/semmelweis.hu\/csot\/wp-json\/wp\/v2\/types\/page"}],"author":[{"embeddable":true,"href":"https:\/\/semmelweis.hu\/csot\/wp-json\/wp\/v2\/users\/158"}],"replies":[{"embeddable":true,"href":"https:\/\/semmelweis.hu\/csot\/wp-json\/wp\/v2\/comments?post=4624"}],"version-history":[{"count":7,"href":"https:\/\/semmelweis.hu\/csot\/wp-json\/wp\/v2\/pages\/4624\/revisions"}],"predecessor-version":[{"id":7639,"href":"https:\/\/semmelweis.hu\/csot\/wp-json\/wp\/v2\/pages\/4624\/revisions\/7639"}],"up":[{"embeddable":true,"href":"https:\/\/semmelweis.hu\/csot\/wp-json\/wp\/v2\/pages\/191"}],"wp:attachment":[{"href":"https:\/\/semmelweis.hu\/csot\/wp-json\/wp\/v2\/media?parent=4624"}],"wp:term":[{"taxonomy":"category","embeddable":true,"href":"https:\/\/semmelweis.hu\/csot\/wp-json\/wp\/v2\/categories?post=4624"},{"taxonomy":"post_tag","embeddable":true,"href":"https:\/\/semmelweis.hu\/csot\/wp-json\/wp\/v2\/tags?post=4624"}],"curies":[{"name":"wp","href":"https:\/\/api.w.org\/{rel}","templated":true}]}}