{"id":4325,"date":"2019-06-18T10:48:39","date_gmt":"2019-06-18T08:48:39","guid":{"rendered":"http:\/\/csot.semmelweis.hu\/?page_id=4325"},"modified":"2021-11-11T14:21:44","modified_gmt":"2021-11-11T13:21:44","slug":"hasznalati-utmutato-a-prezi-s-prezentaciohoz","status":"publish","type":"page","link":"https:\/\/semmelweis.hu\/csot\/gradualis-targyak\/bevezetes-a-klinikumba\/oktatoi-oldal\/hasznalati-utmutato-a-prezi-s-prezentaciohoz\/","title":{"rendered":"Haszn\u00e1lati \u00fatmutat\u00f3 a prezi-s prezent\u00e1ci\u00f3hoz"},"content":{"rendered":"<p>Az el\u0151ad\u00e1s <a href=\"http:\/\/prezi.com\/59nvplh2fqca\/bevezetes-a-klinikumba-oktatoi-tovabbkepzes-2011-jan-4\/\" target=\"_blank\" rel=\"noopener noreferrer\">megtekint\u00e9se<\/a>.<\/p>\n<p>\nAz ablak alj\u00e1n, k\u00f6z\u00e9pen egy jobbra mutat\u00f3 ny\u00edl, a jobb sz\u00e9len a \u201emore\u201d felirat l\u00e1tszik.<br \/>\nA prezent\u00e1ci\u00f3t a ny\u00edllal lehet elind\u00edtani \u00e9s v\u00e9gigj\u00e1tszani.<br \/>\nA \u201emore\u201d feliratra kattintva megjelenik a \u201efullscreen\u201d opci\u00f3. Ezt v\u00e1lasztva (r\u00e1kattintva) a prezent\u00e1ci\u00f3 a teljes k\u00e9perny\u0151n (nagyobban) lesz l\u00e1that\u00f3, ez\u00e1ltal k\u00e9nyelmesebben olvashat\u00f3.<br \/>\nHa a vet\u00edt\u00e9s k\u00f6zben szeretn\u00e9nk l\u00e1tni az egyes sz\u00f6vegr\u00e9szek kontextus\u00e1t, akkor a k\u00e9perny\u0151 valamelyik sark\u00e1ra kattintva elt\u00e1volodunk az \u00e9ppen olvasott feliratt\u00f3l, megl\u00e1tjuk, mi minden van az adott kereten bel\u00fcl (zoom out). Ha az eg\u00e9sz prezent\u00e1ci\u00f3t l\u00e1tni akarjuk, akkor olyan helyre kell kattintanunk, ami a kereteken k\u00edv\u00fcl helyezkedik el.<br \/>\nHa a prezent\u00e1ci\u00f3 egy kisebb r\u00e9szlet\u00e9t szeretn\u00e9nk k\u00f6zelebbr\u0151l szem\u00fcgyre benni, akkor egyszer\u0171en belekattintunk az adott sz\u00f6vegr\u00e9szbe, vagy \u00e1br\u00e1ba, \u00e9s az maxim\u00e1lis nagys\u00e1gban lesz olvashat\u00f3 (zoom in).<br \/>\nA prezent\u00e1ci\u00f3 olvas\u00e1s\u00e1t b\u00e1rmikor megszak\u00edthatjuk azzal, hogy k\u00f6zel\u00edtj\u00fck (zoom in) vagy t\u00e1vol\u00edtjuk (zoom out) a r\u00e9szleteket, ha az alul k\u00f6z\u00e9pen l\u00e1that\u00f3 ny\u00edlra kattintunk, a vet\u00edt\u00e9s onnan folytat\u00f3dik, ahol abbahagytuk.<\/p>\n","protected":false},"excerpt":{"rendered":"<p>Az el\u0151ad\u00e1s <a href=\"http:\/\/prezi.com\/59nvplh2fqca\/bevezetes-a-klinikumba-oktatoi-tovabbkepzes-2011-jan-4\/\" target=\"_blank\" rel=\"noopener noreferrer\">megtekint\u00e9se<\/a> . Az ablak alj\u00e1n, k\u00f6z\u00e9pen egy jobbra mutat\u00f3 ny\u00edl, a jobb sz\u00e9len a \u201emore\u201d felirat l\u00e1tszik. A prezent\u00e1ci\u00f3t a ny\u00edllal lehet elind\u00edtani \u00e9s v\u00e9gigj\u00e1tszani. A \u201emore\u201d feliratra kattintva megjelenik a \u201efullscreen\u201d opci\u00f3. Ezt v\u00e1lasztva (r\u00e1kattintva) a prezent\u00e1ci\u00f3 a teljes k\u00e9perny\u0151n (nagyobban) lesz l\u00e1that\u00f3, ez\u00e1ltal k\u00e9nyelmesebben olvashat\u00f3. Ha a vet\u00edt\u00e9s k\u00f6zben szeretn\u00e9nk l\u00e1tni az &hellip;<\/p>\n","protected":false},"author":158,"featured_media":0,"parent":155,"menu_order":0,"comment_status":"closed","ping_status":"closed","template":"","meta":{"_acf_changed":false,"footnotes":""},"categories":[],"tags":[],"class_list":["post-4325","page","type-page","status-publish","hentry"],"acf":[],"publishpress_future_action":{"enabled":false,"date":"1970-01-01 01:00:00","action":"","terms":[],"taxonomy":"","browser_timezone_offset":0},"_links":{"self":[{"href":"https:\/\/semmelweis.hu\/csot\/wp-json\/wp\/v2\/pages\/4325","targetHints":{"allow":["GET"]}}],"collection":[{"href":"https:\/\/semmelweis.hu\/csot\/wp-json\/wp\/v2\/pages"}],"about":[{"href":"https:\/\/semmelweis.hu\/csot\/wp-json\/wp\/v2\/types\/page"}],"author":[{"embeddable":true,"href":"https:\/\/semmelweis.hu\/csot\/wp-json\/wp\/v2\/users\/158"}],"replies":[{"embeddable":true,"href":"https:\/\/semmelweis.hu\/csot\/wp-json\/wp\/v2\/comments?post=4325"}],"version-history":[{"count":7,"href":"https:\/\/semmelweis.hu\/csot\/wp-json\/wp\/v2\/pages\/4325\/revisions"}],"predecessor-version":[{"id":5689,"href":"https:\/\/semmelweis.hu\/csot\/wp-json\/wp\/v2\/pages\/4325\/revisions\/5689"}],"up":[{"embeddable":true,"href":"https:\/\/semmelweis.hu\/csot\/wp-json\/wp\/v2\/pages\/155"}],"wp:attachment":[{"href":"https:\/\/semmelweis.hu\/csot\/wp-json\/wp\/v2\/media?parent=4325"}],"wp:term":[{"taxonomy":"category","embeddable":true,"href":"https:\/\/semmelweis.hu\/csot\/wp-json\/wp\/v2\/categories?post=4325"},{"taxonomy":"post_tag","embeddable":true,"href":"https:\/\/semmelweis.hu\/csot\/wp-json\/wp\/v2\/tags?post=4325"}],"curies":[{"name":"wp","href":"https:\/\/api.w.org\/{rel}","templated":true}]}}