{"id":43,"date":"2014-09-11T08:10:33","date_gmt":"2014-09-11T06:10:33","guid":{"rendered":"http:\/\/csot.semmelweis.hu\/?page_id=43"},"modified":"2025-03-20T14:42:09","modified_gmt":"2025-03-20T13:42:09","slug":"bevezetes-a-klinikumba-ertekeles","status":"publish","type":"page","link":"https:\/\/semmelweis.hu\/csot\/gradualis-targyak\/bevezetes-a-klinikumba\/bevezetes-a-klinikumba-ertekeles\/","title":{"rendered":"A t\u00e1rgy \u00e9rt\u00e9kel\u00e9se"},"content":{"rendered":"<p><strong>A bevezet\u00e9s a betegell\u00e1t\u00e1sba t\u00e1rgy \u00e9rt\u00e9kel\u00e9se<\/strong><\/p>\n<p><strong>A f\u00e9l\u00e9v v\u00e9gi \u00e9rdemjegy k\u00e9t r\u00e9szjegyb\u0151l tev\u0151dik \u00f6ssze<\/strong>:<\/p>\n<p><strong>\u00a0<\/strong><strong><em><u>Gyakorlati jegy<\/u><\/em><\/strong><strong><u>:<\/u><\/strong> A hallgat\u00f3 k\u00e9rd\u00e9sekkel seg\u00edti az anamnesis-felv\u00e9telt, a rendelkez\u00e9s\u00e9re bocs\u00e1tott \u00edr\u00e1sos anyagok alapj\u00e1n, illetve a csoport t\u00f6bbi tagj\u00e1val \u00e9s a gyakorlatvezet\u0151vel folytatott beteg-kik\u00e9rdez\u00e9s alapj\u00e1n, melynek szempontrendszer\u00e9t a f\u00e9l\u00e9v sor\u00e1n saj\u00e1t anamnesis-felv\u00e9teli reperto\u00e1rj\u00e1ba \u00e9p\u00edti. A gyakorlati jegyet a gyakorlatvezet\u0151t\u0151l a gyakorlati aktivit\u00e1s\u00e1\u00e9rt kapja a hallgat\u00f3. Ez azt jelenti, hogy oszt\u00e1lyoz\u00e1sra ker\u00fcl, hogy milyen rendszeress\u00e9ggel \u00e9s milyen akt\u00edvan vett r\u00e9szt a gyakorlatokon. Ebbe a jegybe beletartozik a Gyakorlati napl\u00f3 vezet\u00e9se is, hiszen a hallgat\u00f3 azzal dokument\u00e1lja r\u00e9szv\u00e9tel\u00e9t, odafigyel\u00e9s\u00e9t, igyekezet\u00e9t. A Gyakorlati \u00e9rt\u00e9kel\u0151lap alapj\u00e1n t\u00e1j\u00e9koz\u00f3dhatnak arr\u00f3l, hogy milyen szempontok alapj\u00e1n oszt\u00e1lyoznak az oktat\u00f3k. A Gyakorlati napl\u00f3t k\u00e9rj\u00fck t\u00f6lts\u00e9k le \u00e9s kinyomtatva vigy\u00e9k magukkal a gyakorlatokra. A Gyakorlati napl\u00f3k \u00d6n\u00f6kn\u00e9l maradnak a szemeszter v\u00e9g\u00e9n, nem kell leadniuk a tansz\u00e9ken.<\/p>\n<p><strong><em><u>Essz\u00e9 jegy<\/u><\/em><\/strong><strong><u>:<\/u><\/strong> 800-1500 szavas essz\u00e9 egy olyan szem\u00e9lyes tapasztalatr\u00f3l, ami a hallgat\u00f3t a Bevezet\u00e9s a betegell\u00e1t\u00e1sba t\u00e1rgy gyakorlatai kapcs\u00e1n meg\u00e9rintette. Az esem\u00e9ny le\u00edr\u00e1s\u00e1t k\u00f6vet\u0151en a hallgat\u00f3 megfogalmazza, hogy mi volt az a szem\u00e9lyes tapasztalat, ami hat\u00e1st gyakorolt r\u00e1 a beteg kik\u00e9rdez\u00e9se (\u00e9lett\u00f6rt\u00e9nete) kapcs\u00e1n (probl\u00e9mafelvet\u00e9s), \u00e9s hogy milyen megold\u00e1sok sz\u00fclettek a probl\u00e9m\u00e1ra a gyakorlatvezet\u0151vel, a csoporttagokkal, vagy saj\u00e1t szem\u00e9lyes megold\u00e1skeres\u00e9se kapcs\u00e1n. Az essz\u00e9 f\u00f3kusz\u00e1ban az \u00e1ll, hogy hogyan \u00e9rlelte ez a tapasztalat a hallgat\u00f3t az orvoss\u00e1 v\u00e1l\u00e1s folyamat\u00e1ban.<\/p>\n<p>Amennyiben az essz\u00e9 a formai k\u00f6vetelm\u00e9nyeknek nem felel meg, az oktat\u00f3 nem fogadhatja el. A formai k\u00f6vetelm\u00e9nyeknek megfelel\u0151 essz\u00e9 \u00f6nmag\u00e1ban nem jelent jeles \u00e9rdemjegyet. Az essz\u00e9t a gyakorlatvezet\u0151 jav\u00edtja ki \u00e9s oszt\u00e1lyozza le a szorgalmi id\u0151szakban az utols\u00f3 gyakorlatig.<br \/>\nAz essz\u00e9 \u00e9rt\u00e9kel\u0151lapja alapj\u00e1n t\u00e1j\u00e9koz\u00f3dhatnak arr\u00f3l, hogy milyen szempontok alapj\u00e1n \u00e9rt\u00e9kelik az oktat\u00f3k a beadott essz\u00e9j\u00fcket!<\/p>\n<p><strong>Az \u00e9rdemjegy a gyakorlati aktivit\u00e1sra adott r\u00e9szjegy \u00e9s az essz\u00e9 r\u00e9szjegy\u00e9nek sz\u00e1mtani \u00e1tlaga<\/strong>. Amennyiben az \u00e9rdemjegy nem egy\u00e9rtelm\u0171 (pl. j\u00f3 \u00e9s jeles r\u00e9szjegyek eset\u00e9n 4,5), akkor a v\u00e9gs\u0151 \u00e9rdemjegy a gyakorlati aktivit\u00e1s r\u00e9szjegye alapj\u00e1n ker\u00fcl meghat\u00e1roz\u00e1sra.<\/p>\n<p><strong><u>A vizsga r\u00e9szjegyeinek jav\u00edt\u00e1si lehet\u0151s\u00e9gei:<\/u><\/strong><\/p>\n<p><strong><em><u>Gyakorlati jegy<\/u><\/em><\/strong>: a gyakorlat megism\u00e9tl\u00e9s\u00e9vel a hallgat\u00f3 bizony\u00edtja aktivit\u00e1s\u00e1t \u00e9s \u00e9rdekl\u0151d\u00e9s\u00e9t<br \/>\n<strong><em><u>Essz\u00e9 jegy<\/u><\/em><\/strong>: a leadott essz\u00e9t a gyakorlatvezet\u0151 kijav\u00edtja \u00e9s a sz\u00fcks\u00e9ges korrekci\u00f3k m\u00e9g elv\u00e9gezhet\u0151ek a szemeszter v\u00e9g\u00e9ig.<\/p>\n","protected":false},"excerpt":{"rendered":"<p>A bevezet\u00e9s a betegell\u00e1t\u00e1sba t\u00e1rgy \u00e9rt\u00e9kel\u00e9se A f\u00e9l\u00e9v v\u00e9gi \u00e9rdemjegy k\u00e9t r\u00e9szjegyb\u0151l tev\u0151dik \u00f6ssze: \u00a0Gyakorlati jegy: A hallgat\u00f3 k\u00e9rd\u00e9sekkel seg\u00edti az anamnesis-felv\u00e9telt, a rendelkez\u00e9s\u00e9re bocs\u00e1tott \u00edr\u00e1sos anyagok alapj\u00e1n, illetve a csoport t\u00f6bbi tagj\u00e1val \u00e9s a gyakorlatvezet\u0151vel folytatott beteg-kik\u00e9rdez\u00e9s alapj\u00e1n, melynek szempontrendszer\u00e9t a f\u00e9l\u00e9v sor\u00e1n saj\u00e1t anamnesis-felv\u00e9teli reperto\u00e1rj\u00e1ba \u00e9p\u00edti. A gyakorlati jegyet a gyakorlatvezet\u0151t\u0151l a gyakorlati &hellip;<\/p>\n","protected":false},"author":158,"featured_media":0,"parent":40,"menu_order":1,"comment_status":"closed","ping_status":"closed","template":"","meta":{"_acf_changed":false,"footnotes":""},"categories":[],"tags":[],"class_list":["post-43","page","type-page","status-publish","hentry"],"acf":[],"publishpress_future_action":{"enabled":false,"date":"1970-01-01 01:00:00","action":"","terms":[],"taxonomy":"","browser_timezone_offset":0},"_links":{"self":[{"href":"https:\/\/semmelweis.hu\/csot\/wp-json\/wp\/v2\/pages\/43","targetHints":{"allow":["GET"]}}],"collection":[{"href":"https:\/\/semmelweis.hu\/csot\/wp-json\/wp\/v2\/pages"}],"about":[{"href":"https:\/\/semmelweis.hu\/csot\/wp-json\/wp\/v2\/types\/page"}],"author":[{"embeddable":true,"href":"https:\/\/semmelweis.hu\/csot\/wp-json\/wp\/v2\/users\/158"}],"replies":[{"embeddable":true,"href":"https:\/\/semmelweis.hu\/csot\/wp-json\/wp\/v2\/comments?post=43"}],"version-history":[{"count":8,"href":"https:\/\/semmelweis.hu\/csot\/wp-json\/wp\/v2\/pages\/43\/revisions"}],"predecessor-version":[{"id":7458,"href":"https:\/\/semmelweis.hu\/csot\/wp-json\/wp\/v2\/pages\/43\/revisions\/7458"}],"up":[{"embeddable":true,"href":"https:\/\/semmelweis.hu\/csot\/wp-json\/wp\/v2\/pages\/40"}],"wp:attachment":[{"href":"https:\/\/semmelweis.hu\/csot\/wp-json\/wp\/v2\/media?parent=43"}],"wp:term":[{"taxonomy":"category","embeddable":true,"href":"https:\/\/semmelweis.hu\/csot\/wp-json\/wp\/v2\/categories?post=43"},{"taxonomy":"post_tag","embeddable":true,"href":"https:\/\/semmelweis.hu\/csot\/wp-json\/wp\/v2\/tags?post=43"}],"curies":[{"name":"wp","href":"https:\/\/api.w.org\/{rel}","templated":true}]}}