{"id":4237,"date":"2019-06-11T13:42:13","date_gmt":"2019-06-11T11:42:13","guid":{"rendered":"http:\/\/csot.semmelweis.hu\/?page_id=4237"},"modified":"2025-03-24T17:40:10","modified_gmt":"2025-03-24T16:40:10","slug":"jelentkezesi-lap-gradualis-oktatonak","status":"publish","type":"page","link":"https:\/\/semmelweis.hu\/csot\/a-tanszekrol\/oktato-csaladorvosoknak\/gradualis-oktatonak-jelentkezes\/jelentkezesi-lap-gradualis-oktatonak\/","title":{"rendered":"Jelentkez\u00e9si lap gradu\u00e1lis oktat\u00f3nak"},"content":{"rendered":"\n<div class=\"wpcf7 no-js\" id=\"wpcf7-f4804-o1\" lang=\"hu-HU\" dir=\"ltr\" data-wpcf7-id=\"4804\">\n<div class=\"screen-reader-response\"><p role=\"status\" aria-live=\"polite\" aria-atomic=\"true\"><\/p> <ul><\/ul><\/div>\n<form action=\"\/csot\/wp-json\/wp\/v2\/pages\/4237#wpcf7-f4804-o1\" method=\"post\" class=\"wpcf7-form init\" aria-label=\"Kapcsolatfelv\u00e9teli \u0171rlap\" novalidate=\"novalidate\" data-status=\"init\">\n<div style=\"display: none;\">\n<input type=\"hidden\" name=\"_wpcf7\" value=\"4804\" \/>\n<input type=\"hidden\" name=\"_wpcf7_version\" value=\"6.0.5\" \/>\n<input type=\"hidden\" name=\"_wpcf7_locale\" value=\"hu_HU\" \/>\n<input type=\"hidden\" name=\"_wpcf7_unit_tag\" value=\"wpcf7-f4804-o1\" \/>\n<input type=\"hidden\" name=\"_wpcf7_container_post\" value=\"0\" \/>\n<input type=\"hidden\" name=\"_wpcf7_posted_data_hash\" value=\"\" \/>\n<input type=\"hidden\" name=\"_wpcf7_recaptcha_response\" value=\"\" \/>\n<\/div>\n<p>N\u00e9v\n<\/p>\n<p><span class=\"wpcf7-form-control-wrap\" data-name=\"your-name\"><input size=\"40\" maxlength=\"400\" class=\"wpcf7-form-control wpcf7-text wpcf7-validates-as-required\" aria-required=\"true\" aria-invalid=\"false\" value=\"\" type=\"text\" name=\"your-name\" \/><\/span>\n<\/p>\n<p>Pecs\u00e9tsz\u00e1m\n<\/p>\n<p><span class=\"wpcf7-form-control-wrap\" data-name=\"pecsetszam\"><input size=\"40\" maxlength=\"400\" class=\"wpcf7-form-control wpcf7-text wpcf7-validates-as-required\" aria-required=\"true\" aria-invalid=\"false\" value=\"\" type=\"text\" name=\"pecsetszam\" \/><\/span>\n<\/p>\n<p>Mobilsz\u00e1m\n<\/p>\n<p><span class=\"wpcf7-form-control-wrap\" data-name=\"mobilszam\"><input size=\"40\" maxlength=\"400\" class=\"wpcf7-form-control wpcf7-tel wpcf7-validates-as-required wpcf7-text wpcf7-validates-as-tel\" aria-required=\"true\" aria-invalid=\"false\" value=\"\" type=\"tel\" name=\"mobilszam\" \/><\/span>\n<\/p>\n<p>Email c\u00edm\n<\/p>\n<p><span class=\"wpcf7-form-control-wrap\" data-name=\"your-email\"><input size=\"40\" maxlength=\"400\" class=\"wpcf7-form-control wpcf7-email wpcf7-validates-as-required wpcf7-text wpcf7-validates-as-email\" aria-required=\"true\" aria-invalid=\"false\" value=\"\" type=\"email\" name=\"your-email\" \/><\/span>\n<\/p>\n<p>Idegen nyelv\u0171 oktat\u00e1st v\u00e1llal?\n<\/p>\n<p>Nem <span class=\"wpcf7-form-control-wrap\" data-name=\"nyelvnem\"><span class=\"wpcf7-form-control wpcf7-checkbox\"><span class=\"wpcf7-list-item first last\"><input type=\"checkbox\" name=\"nyelvnem[]\" value=\"Nem\" \/><span class=\"wpcf7-list-item-label\">Nem<\/span><\/span><\/span><\/span>\n<\/p>\n<p>Igen, angol <span class=\"wpcf7-form-control-wrap\" data-name=\"nyelvangol\"><span class=\"wpcf7-form-control wpcf7-checkbox\"><span class=\"wpcf7-list-item first last\"><input type=\"checkbox\" name=\"nyelvangol[]\" value=\"Igen\" \/><span class=\"wpcf7-list-item-label\">Igen<\/span><\/span><\/span><\/span>\n<\/p>\n<p>Igen, n\u00e9met <span class=\"wpcf7-form-control-wrap\" data-name=\"nyelvnemet\"><span class=\"wpcf7-form-control wpcf7-checkbox\"><span class=\"wpcf7-list-item first last\"><input type=\"checkbox\" name=\"nyelvnemet[]\" value=\"Igen\" \/><span class=\"wpcf7-list-item-label\">Igen<\/span><\/span><\/span><\/span>\n<\/p>\n<p><strong>Rendel\u0151 adatai<\/strong>\n<\/p>\n<p><strong><em>Rendel\u00e9si id\u0151<\/em><\/strong>\n<\/p>\n<p>H\u00e9tf\u0151: <span class=\"wpcf7-form-control-wrap\" data-name=\"hetfo\"><input size=\"40\" maxlength=\"400\" class=\"wpcf7-form-control wpcf7-text wpcf7-validates-as-required\" aria-required=\"true\" aria-invalid=\"false\" value=\"\" type=\"text\" name=\"hetfo\" \/><\/span>\n<\/p>\n<p>Kedd: <span class=\"wpcf7-form-control-wrap\" data-name=\"kedd\"><input size=\"40\" maxlength=\"400\" class=\"wpcf7-form-control wpcf7-text wpcf7-validates-as-required\" aria-required=\"true\" aria-invalid=\"false\" value=\"\" type=\"text\" name=\"kedd\" \/><\/span>\n<\/p>\n<p>Szerda: <span class=\"wpcf7-form-control-wrap\" data-name=\"szerda\"><input size=\"40\" maxlength=\"400\" class=\"wpcf7-form-control wpcf7-text wpcf7-validates-as-required\" aria-required=\"true\" aria-invalid=\"false\" value=\"\" type=\"text\" name=\"szerda\" \/><\/span>\n<\/p>\n<p>Cs\u00fct\u00f6rt\u00f6k: <span class=\"wpcf7-form-control-wrap\" data-name=\"csutortok\"><input size=\"40\" maxlength=\"400\" class=\"wpcf7-form-control wpcf7-text wpcf7-validates-as-required\" aria-required=\"true\" aria-invalid=\"false\" value=\"\" type=\"text\" name=\"csutortok\" \/><\/span>\n<\/p>\n<p>P\u00e9ntek: <span class=\"wpcf7-form-control-wrap\" data-name=\"pentek\"><input size=\"40\" maxlength=\"400\" class=\"wpcf7-form-control wpcf7-text wpcf7-validates-as-required\" aria-required=\"true\" aria-invalid=\"false\" value=\"\" type=\"text\" name=\"pentek\" \/><\/span>\n<\/p>\n<p><strong><em>Rendel\u00e9si helye<\/em><\/strong>\n<\/p>\n<p>Ir\u00e1ny\u00edt\u00f3sz\u00e1m:\n<\/p>\n<p><span class=\"wpcf7-form-control-wrap\" data-name=\"iranyitoszam\"><input class=\"wpcf7-form-control wpcf7-number wpcf7-validates-as-required wpcf7-validates-as-number\" min=\"1000\" aria-required=\"true\" aria-invalid=\"false\" value=\"\" type=\"number\" name=\"iranyitoszam\" \/><\/span>\n<\/p>\n<p>V\u00e1ros\n<\/p>\n<p><span class=\"wpcf7-form-control-wrap\" data-name=\"varos\"><input size=\"40\" maxlength=\"400\" class=\"wpcf7-form-control wpcf7-text wpcf7-validates-as-required\" aria-required=\"true\" aria-invalid=\"false\" value=\"\" type=\"text\" name=\"varos\" \/><\/span>\n<\/p>\n<p>Utca, h\u00e1zsz\u00e1m\n<\/p>\n<p><span class=\"wpcf7-form-control-wrap\" data-name=\"cim\"><input size=\"40\" maxlength=\"400\" class=\"wpcf7-form-control wpcf7-text wpcf7-validates-as-required\" aria-required=\"true\" aria-invalid=\"false\" value=\"\" type=\"text\" name=\"cim\" \/><\/span>\n<\/p>\n<p>Rendel\u0151 telefonsz\u00e1ma\n<\/p>\n<p><span class=\"wpcf7-form-control-wrap\" data-name=\"rendelotelo\"><input size=\"40\" maxlength=\"400\" class=\"wpcf7-form-control wpcf7-text wpcf7-validates-as-required\" aria-required=\"true\" aria-invalid=\"false\" value=\"\" type=\"text\" name=\"rendelotelo\" \/><\/span>\n<\/p>\n<p><strong>V\u00e1llalkoz\u00e1s adatai<\/strong>\n<\/p>\n<p>V\u00e1llalkoz\u00e1s neve\n<\/p>\n<p><span class=\"wpcf7-form-control-wrap\" data-name=\"vallalkozasneve\"><textarea cols=\"40\" rows=\"10\" maxlength=\"2000\" class=\"wpcf7-form-control wpcf7-textarea wpcf7-validates-as-required\" aria-required=\"true\" aria-invalid=\"false\" name=\"vallalkozasneve\"><\/textarea><\/span>\n<\/p>\n<p>Ir\u00e1ny\u00edt\u00f3sz\u00e1m:\n<\/p>\n<p><span class=\"wpcf7-form-control-wrap\" data-name=\"vallalkozasiranyitoszam\"><input class=\"wpcf7-form-control wpcf7-number wpcf7-validates-as-required wpcf7-validates-as-number\" min=\"1000\" aria-required=\"true\" aria-invalid=\"false\" value=\"\" type=\"number\" name=\"vallalkozasiranyitoszam\" \/><\/span>\n<\/p>\n<p>V\u00e1ros:\n<\/p>\n<p><span class=\"wpcf7-form-control-wrap\" data-name=\"city\"><input size=\"40\" maxlength=\"400\" class=\"wpcf7-form-control wpcf7-text wpcf7-validates-as-required\" aria-required=\"true\" aria-invalid=\"false\" value=\"\" type=\"text\" name=\"city\" \/><\/span>\n<\/p>\n<p>Utca, h\u00e1zsz\u00e1m\n<\/p>\n<p><span class=\"wpcf7-form-control-wrap\" data-name=\"vallalkozascim\"><input size=\"40\" maxlength=\"400\" class=\"wpcf7-form-control wpcf7-text wpcf7-validates-as-required\" aria-required=\"true\" aria-invalid=\"false\" value=\"\" type=\"text\" name=\"vallalkozascim\" \/><\/span>\n<\/p>\n<p>Ad\u00f3sz\u00e1m\n<\/p>\n<p><span class=\"wpcf7-form-control-wrap\" data-name=\"adoszam\"><input size=\"40\" maxlength=\"400\" class=\"wpcf7-form-control wpcf7-text wpcf7-validates-as-required\" aria-required=\"true\" aria-invalid=\"false\" value=\"\" type=\"text\" name=\"adoszam\" \/><\/span>\n<\/p>\n<p><input class=\"wpcf7-form-control wpcf7-submit has-spinner\" type=\"submit\" value=\"K\u00fcld\u00e9s\" \/>\n<\/p><div class=\"wpcf7-response-output\" aria-hidden=\"true\"><\/div>\n<\/form>\n<\/div>\n\n","protected":false},"excerpt":{"rendered":"","protected":false},"author":158,"featured_media":0,"parent":4223,"menu_order":2,"comment_status":"closed","ping_status":"closed","template":"","meta":{"_acf_changed":false,"footnotes":""},"categories":[],"tags":[],"class_list":["post-4237","page","type-page","status-publish","hentry"],"acf":[],"publishpress_future_action":{"enabled":false,"date":"1970-01-01 01:00:00","action":"","terms":[],"taxonomy":"","browser_timezone_offset":0},"_links":{"self":[{"href":"https:\/\/semmelweis.hu\/csot\/wp-json\/wp\/v2\/pages\/4237","targetHints":{"allow":["GET"]}}],"collection":[{"href":"https:\/\/semmelweis.hu\/csot\/wp-json\/wp\/v2\/pages"}],"about":[{"href":"https:\/\/semmelweis.hu\/csot\/wp-json\/wp\/v2\/types\/page"}],"author":[{"embeddable":true,"href":"https:\/\/semmelweis.hu\/csot\/wp-json\/wp\/v2\/users\/158"}],"replies":[{"embeddable":true,"href":"https:\/\/semmelweis.hu\/csot\/wp-json\/wp\/v2\/comments?post=4237"}],"version-history":[{"count":3,"href":"https:\/\/semmelweis.hu\/csot\/wp-json\/wp\/v2\/pages\/4237\/revisions"}],"predecessor-version":[{"id":7489,"href":"https:\/\/semmelweis.hu\/csot\/wp-json\/wp\/v2\/pages\/4237\/revisions\/7489"}],"up":[{"embeddable":true,"href":"https:\/\/semmelweis.hu\/csot\/wp-json\/wp\/v2\/pages\/4223"}],"wp:attachment":[{"href":"https:\/\/semmelweis.hu\/csot\/wp-json\/wp\/v2\/media?parent=4237"}],"wp:term":[{"taxonomy":"category","embeddable":true,"href":"https:\/\/semmelweis.hu\/csot\/wp-json\/wp\/v2\/categories?post=4237"},{"taxonomy":"post_tag","embeddable":true,"href":"https:\/\/semmelweis.hu\/csot\/wp-json\/wp\/v2\/tags?post=4237"}],"curies":[{"name":"wp","href":"https:\/\/api.w.org\/{rel}","templated":true}]}}