{"id":4223,"date":"2019-06-11T10:41:28","date_gmt":"2019-06-11T08:41:28","guid":{"rendered":"http:\/\/csot.semmelweis.hu\/?page_id=4223"},"modified":"2024-11-12T09:47:56","modified_gmt":"2024-11-12T08:47:56","slug":"gradualis-oktatonak-jelentkezes","status":"publish","type":"page","link":"https:\/\/semmelweis.hu\/csot\/a-tanszekrol\/oktato-csaladorvosoknak\/gradualis-oktatonak-jelentkezes\/","title":{"rendered":"Gradu\u00e1lis oktat\u00f3nak jelentkez\u00e9s"},"content":{"rendered":"<p>A gradu\u00e1lis oktat\u00e1sban val\u00f3 r\u00e9szv\u00e9telhez nem sz\u00fcks\u00e9ges t\u00f6bb \u00e9v gyakorlat a szakvizsga ut\u00e1n, de felt\u00e9tele az oktat\u00e1snak a\u00a0 <u>saj\u00e1t praxis (negyed \u00e9s hatod\u00e9v eset\u00e9n)<\/u>\u00a0 vagy legal\u00e1bbis <u>oktat\u00e1sra alkalmas helyis\u00e9g (els\u0151 \u00e9vfolyam eset\u00e9n)<\/u>.<\/p>\n<p>A Csal\u00e1dorvosi Tansz\u00e9k az\u00a0 al\u00e1bbi gradu\u00e1lis t\u00e1rgyakat oktatja:<\/p>\n<ol>\n<li><u><b>Bevezet\u00e9s a betegell\u00e1t\u00e1sba tant\u00e1rgy<\/b><\/u>: <u>els\u0151\u00e9ves<\/u> t\u00e1rgy, mindig <i><b>a tan\u00e9v tavaszi szemeszter\u00e9ben, kiscsoportos oktat\u00e1s<\/b><\/i>, a f\u00e9l\u00e9v sor\u00e1n \u00f6sszesen 10 alkalommal, hetente egyszer 2 tan\u00f3ra (90 perc), f\u0151k\u00e9nt Budapesten \u00e9s k\u00f6rny\u00e9k\u00e9n. Anamn\u00e9zisfelv\u00e9tel megtan\u00edt\u00e1sa, gyakorl\u00e1sa val\u00f3s p\u00e1cienseken.<\/li>\n<li><u><b>Csal\u00e1dorvostan tant\u00e1rgy<\/b><\/u>: 2019 szeptember\u00e9t\u0151l indul\u00f3 \u00faj tant\u00e1rgy <u>negyed\u00e9ves<\/u>eknek, eg\u00e9sz tan\u00e9vben, blokkos\u00edtott tanrendben, heti bont\u00e1sokban, 1 hallgat\u00f3 &#8211; 1 oktat\u00f3 fel\u00e1ll\u00e1sban az orsz\u00e1g eg\u00e9sz ter\u00fclet\u00e9n. <i><b>H\u00e9tf\u0151-keddi napon rendel\u00e9si id\u0151ben a praxisban, 1-2 havonta 1-2 alkalommal.<\/b><\/i><\/li>\n<li><u><b>Csal\u00e1dorvostan szigorl\u00f3\u00e9vi gyakorlat<\/b><\/u>: <u>hatod\u00e9ves<\/u> egyetemist\u00e1k egy hetes gyakorlata, 1 hallgat\u00f3 &#8211; 1 oktat\u00f3 fel\u00e1ll\u00e1sban az orsz\u00e1g eg\u00e9sz ter\u00fclet\u00e9n. <i><b>Egy teljes h\u00e9t egy hallgat\u00f3val rendel\u00e9si id\u0151ben a praxisban, \u00e9ves szinten 2-4 alkalommal.<\/b><\/i><\/li>\n<\/ol>\n<p>Tant\u00e1rgyainkat <u>n\u00e9met \u00e9s angol nyelven is<\/u> oktatjuk k\u00fclf\u00f6ldi hallgat\u00f3k r\u00e9sz\u00e9re. Idegen nyelv\u0171 oktat\u00e1sunk <u>kiemelt d\u00edjaz\u00e1s<\/u>ban r\u00e9szes\u00fcl! K\u00e9rj\u00fck jelezze jelentkez\u00e9si lapj\u00e1n, ha v\u00e1llalna idegen nyelv\u0171\u00a0 hallgat\u00f3kat is (term\u00e9szetesen a praxis betegeinek nem kell angolul\/n\u00e9met\u00fcl besz\u00e9lni\u00fck)<\/p>\n<h2>Jelentkez\u00e9s<\/h2>\n<p>A jelentkez\u00e9shez k\u00e9rem t\u00f6ltse ki az al\u00e1bbi oldalon l\u00e9v\u0151 <strong>jelentkez\u00e9si lap<\/strong>ot \u00e9s t\u00f6ltse fel <strong>szakmai \u00f6n\u00e9letrajz<\/strong>\u00e1t is.<\/p>\n<p><a href=\"https:\/\/semmelweis.hu\/csot\/jelentkezesi-lap-gradualis-oktatonak\/\">Jelentkez\u00e9si lap kit\u00f6lt\u00e9se<\/a><\/p>\n<h2>Az akkredit\u00e1ci\u00f3 felt\u00e9telei<\/h2>\n<p>Amennyiben az akkredit\u00e1ci\u00f3 sor\u00e1n megadott adatokban v\u00e1ltoz\u00e1s \u00e1ll be, k\u00e9rem halad\u00e9ktalanul \u00e9rtes\u00edtse a tansz\u00e9ket!<\/p>\n<h3>Az akkredit\u00e1lni k\u00edv\u00e1nt k\u00e9pz\u0151hely (oktat\u00f3 praxis):<\/h3>\n<ul>\n<li>Kiscsoportos oktat\u00e1sra alkalmas helyis\u00e9g<\/li>\n<li>Saj\u00e1t praxis, vagy alkalmazottk\u00e9nt egy praxisban (kiv\u00e9ve Bevezet\u00e9s a betegell\u00e1t\u00e1sba t\u00e1rgy, melyhez el\u00e9g oktat\u00f3helyis\u00e9g)<\/li>\n<\/ul>\n<h3>Az akkredit\u00e1lni k\u00edv\u00e1nt oktat\u00f3<\/h3>\n<ul>\n<li>Csal\u00e1dorvosi rezidens, vagy csal\u00e1dorvosi v\u00e9gzetts\u00e9g<\/li>\n<li>\u00c9rv\u00e9nyes m\u0171k\u00f6d\u00e9si enged\u00e9ly<\/li>\n<li>Az oktat\u00f3 \u00e9s a fels\u0151oktat\u00e1si int\u00e9zm\u00e9ny k\u00f6z\u00f6tti rendszeres szakmai kapcsolat fenntart\u00e1s\u00e1t v\u00e1llalja<\/li>\n<\/ul>\n<h3>Az oktat\u00e1s megkezd\u00e9s\u00e9hez sz\u00fcks\u00e9ges felt\u00e9telek<\/h3>\n<ul>\n<li>Elfogadott akkredit\u00e1ci\u00f3<\/li>\n<li>Az Oktat\u00f3 Csal\u00e1dorvosok Magyarorsz\u00e1gi Koll\u00e9giuma \u00e1ltal szervezett konferencia keret\u00e9ben tartott oktat\u00f3i felk\u00e9sz\u00edt\u0151 tanfolyam elv\u00e9gz\u00e9se (ha az adott \u00e9vben m\u00e1r lement a konferencia, akkor a k\u00f6vetkez\u0151 \u00e9vin t\u00f6rt\u00e9n\u0151 r\u00e9szv\u00e9tellel)<\/li>\n<\/ul>\n","protected":false},"excerpt":{"rendered":"<p>A gradu\u00e1lis oktat\u00e1sban val\u00f3 r\u00e9szv\u00e9telhez nem sz\u00fcks\u00e9ges t\u00f6bb \u00e9v gyakorlat a szakvizsga ut\u00e1n, de felt\u00e9tele az oktat\u00e1snak a\u00a0 saj\u00e1t praxis (negyed \u00e9s hatod\u00e9v eset\u00e9n)\u00a0 vagy legal\u00e1bbis oktat\u00e1sra alkalmas helyis\u00e9g (els\u0151 \u00e9vfolyam eset\u00e9n). A Csal\u00e1dorvosi Tansz\u00e9k az\u00a0 al\u00e1bbi gradu\u00e1lis t\u00e1rgyakat oktatja: Bevezet\u00e9s a betegell\u00e1t\u00e1sba tant\u00e1rgy: els\u0151\u00e9ves t\u00e1rgy, mindig a tan\u00e9v tavaszi szemeszter\u00e9ben, kiscsoportos oktat\u00e1s, a f\u00e9l\u00e9v &hellip;<\/p>\n","protected":false},"author":158,"featured_media":0,"parent":4798,"menu_order":1,"comment_status":"closed","ping_status":"closed","template":"","meta":{"_acf_changed":false,"footnotes":""},"categories":[],"tags":[],"class_list":["post-4223","page","type-page","status-publish","hentry"],"acf":[],"publishpress_future_action":{"enabled":false,"date":"1970-01-01 01:00:00","action":"","terms":[],"taxonomy":"","browser_timezone_offset":0},"_links":{"self":[{"href":"https:\/\/semmelweis.hu\/csot\/wp-json\/wp\/v2\/pages\/4223","targetHints":{"allow":["GET"]}}],"collection":[{"href":"https:\/\/semmelweis.hu\/csot\/wp-json\/wp\/v2\/pages"}],"about":[{"href":"https:\/\/semmelweis.hu\/csot\/wp-json\/wp\/v2\/types\/page"}],"author":[{"embeddable":true,"href":"https:\/\/semmelweis.hu\/csot\/wp-json\/wp\/v2\/users\/158"}],"replies":[{"embeddable":true,"href":"https:\/\/semmelweis.hu\/csot\/wp-json\/wp\/v2\/comments?post=4223"}],"version-history":[{"count":8,"href":"https:\/\/semmelweis.hu\/csot\/wp-json\/wp\/v2\/pages\/4223\/revisions"}],"predecessor-version":[{"id":7176,"href":"https:\/\/semmelweis.hu\/csot\/wp-json\/wp\/v2\/pages\/4223\/revisions\/7176"}],"up":[{"embeddable":true,"href":"https:\/\/semmelweis.hu\/csot\/wp-json\/wp\/v2\/pages\/4798"}],"wp:attachment":[{"href":"https:\/\/semmelweis.hu\/csot\/wp-json\/wp\/v2\/media?parent=4223"}],"wp:term":[{"taxonomy":"category","embeddable":true,"href":"https:\/\/semmelweis.hu\/csot\/wp-json\/wp\/v2\/categories?post=4223"},{"taxonomy":"post_tag","embeddable":true,"href":"https:\/\/semmelweis.hu\/csot\/wp-json\/wp\/v2\/tags?post=4223"}],"curies":[{"name":"wp","href":"https:\/\/api.w.org\/{rel}","templated":true}]}}