{"id":4221,"date":"2019-06-11T10:32:22","date_gmt":"2019-06-11T08:32:22","guid":{"rendered":"http:\/\/csot.semmelweis.hu\/?page_id=4221"},"modified":"2025-11-27T11:10:24","modified_gmt":"2025-11-27T10:10:24","slug":"posztgradualis-oktatas","status":"publish","type":"page","link":"https:\/\/semmelweis.hu\/csot\/a-tanszekrol\/oktato-csaladorvosoknak\/posztgradualis-oktatas\/","title":{"rendered":"Jelentkez\u00e9s akkredit\u00e1lt oktat\u00f3nak"},"content":{"rendered":"<p><strong>A Csal\u00e1dorvosi Tansz\u00e9k akkredit\u00e1lt oktat\u00f3nak v\u00e1rja olyan h\u00e1ziorvos <\/strong>(feln\u0151tt vagy vegyes praxisokban dolgoz\u00f3kat egyar\u00e1nt)\u00a0<strong>\u00e9s h\u00e1zi gyermekorvos koll\u00e9gan\u0151k \u00e9s\u00a0 koll\u00e9g\u00e1k jelentkez\u00e9s\u00e9t, akik legal\u00e1bb 5 \u00e9ves szakvizsg\u00e1val rendelkeznek h\u00e1ziorvostanb\u00f3l, illetve csecsem\u0151- \u00e9s gyermekgy\u00f3gy\u00e1szatb\u00f3l.<\/strong><\/p>\n<p>Az oktat\u00f3i felk\u00e9sz\u00edt\u0151 tanfolyamra az \u00e9ves si\u00f3foki konferencia keret\u00e9ben ker\u00fcl sor.<\/p>\n<p>\u00daj akkredit\u00e1lt oktat\u00f3nak jelentkez\u00e9s a Rezidens Akkredit\u00e1lt K\u00e9pz\u0151hely Nyilv\u00e1ntart\u00e1s oldalon t\u00f6rt\u00e9nik, \u00edgy az akkredit\u00e1ci\u00f3 felt\u00e9tele a reny.hu port\u00e1lon t\u00f6rt\u00e9n\u0151 regisztr\u00e1ci\u00f3.\u00a0<\/p>\n<p><a href=\"https:\/\/semmelweis.hu\/csot\/files\/2024\/11\/Akkreditacio-feltetelei.pdf\"><strong>Az akkredit\u00e1ci\u00f3 tov\u00e1bbi felt\u00e9telei<\/strong><\/a><\/p>\n<p>K\u00e9sz\u00edtett\u00fcnk egy r\u00e9szletes t\u00e1j\u00e9koztat\u00f3t, ami l\u00e9p\u00e9sr\u0151l l\u00e9p\u00e9sre bemutatja az online regisztr\u00e1ci\u00f3 \u00e9s akkredit\u00e1ci\u00f3 menet\u00e9t:\u00a0<\/p>\n<p><strong><a href=\"https:\/\/semmelweis.hu\/csot\/files\/2023\/04\/SECSOT_MarkusB_Jelentkezes_AkkreditaltOktatonak_2023.pdf\">Jelentkez\u00e9s Akkredit\u00e1lt oktat\u00f3nak 2023<\/a><\/strong><\/p>\n<p>Amennyiben tov\u00e1bbi k\u00e9rd\u00e9se van az akkredit\u00e1ci\u00f3 menet\u00e9vel kapcsolatban, k\u00e9rj\u00fck forduljon a Szak- \u00e9s Tov\u00e1bbk\u00e9pz\u00e9si K\u00f6zpont \u2013 Akkredit\u00e1ci\u00f3s \u00e9s Rendszerbev\u00e9teli Csoporthoz:<\/p>\n<blockquote class=\"wp-embedded-content\" data-secret=\"UECGyIZAQO\"><p><a href=\"https:\/\/semmelweis.hu\/szak-es-tovabbkepzes\/aok\/akkreditacio\/\">Akkredit\u00e1ci\u00f3<\/a><\/p><\/blockquote>\n<p><iframe loading=\"lazy\" class=\"wp-embedded-content\" sandbox=\"allow-scripts\" security=\"restricted\" style=\"position: absolute; visibility: hidden;\" title=\"&#8220;Akkredit\u00e1ci\u00f3&#8221; &#8212; Szak- \u00e9s Tov\u00e1bbk\u00e9pz\u00e9si K\u00f6zpont\" src=\"https:\/\/semmelweis.hu\/szak-es-tovabbkepzes\/aok\/akkreditacio\/embed\/#?secret=BNSRPxsJzT#?secret=UECGyIZAQO\" data-secret=\"UECGyIZAQO\" width=\"600\" height=\"338\" frameborder=\"0\" marginwidth=\"0\" marginheight=\"0\" scrolling=\"no\"><\/iframe><\/p>\n<p>Szab\u00f3 Ildik\u00f3 <br \/>\ne-mail: <a id=\"OWA11c7bba9-dd33-c590-3bae-a0d487e8e78d\" class=\"OWAAutoLink\" href=\"mailto:szabo.ildiko2@semmelweis.hu\">szabo.ildiko2@semmelweis.hu<\/a><br \/>\ntelefon: +36-1-459-1500\/ 62385<\/p>\n<p>Szab\u00f3 Vir\u00e1g Bernadett<br \/>\ne-mail: <a href=\"mailto:szabo.virag@semmelweis.hu\">szabo.virag@semmelweis.hu<\/a><br \/>\ntelefon: +36-1-459-1500\/62245<\/p>\n<p>&nbsp;<\/p>\n<p><strong>AKKREDIT\u00c1CI\u00d3 MEG\u00daJ\u00cdT\u00c1SA<\/strong><\/p>\n<p>A k\u00e9pz\u0151helyek, oktat\u00f3 praxisok akkredit\u00e1ci\u00f3j\u00e1t 4 \u00e9vente, illetve rendeletv\u00e1ltoz\u00e1skor sz\u00fcks\u00e9ges meg\u00faj\u00edtani.<\/p>\n<p>K\u00e9sz\u00edtett\u00fcnk egy r\u00e9szletes t\u00e1j\u00e9koztat\u00f3t, ami l\u00e9p\u00e9sr\u0151l l\u00e9p\u00e9sre bemutatja az akkredit\u00e1ci\u00f3 meg\u00faj\u00edt\u00e1s\u00e1nak menet\u00e9t:\u00a0<\/p>\n<p><strong><a href=\"https:\/\/semmelweis.hu\/csot\/files\/2023\/04\/SECSOT_MarkusB_AkkreditacioMegujitasa_2023.pdf\">Akkreditaci\u00f3 Meg\u00faj\u00edt\u00e1sa 2023<\/a><\/strong><\/p>\n<p>2022. szeptember 1-t\u0151l megv\u00e1ltozott a h\u00e1ziorvostan szakorvosk\u00e9pz\u00e9s programja (28\/2022. (VIII.25.) BM rendelet), ennek megfelel\u0151en \u00faj akkredit\u00e1ci\u00f3s p\u00e1ly\u00e1zatok beny\u00fajt\u00e1sa sz\u00fcks\u00e9ges. Az \u00faj k\u00e9pz\u00e9si program hossza maradt 36 h\u00f3nap, de v\u00e1ltoztak a k\u00e9pz\u00e9si elemek. 2022.09.01. ut\u00e1n a rezidensek m\u00e1r csak az \u00faj szakk\u00e9pz\u00e9si tematika szerinti k\u00e9pz\u00e9sbe l\u00e9phetnek be. A 2022.09.01. el\u0151tti bel\u00e9p\u0151k v\u00e1laszthattak, hogy melyik tematika szerint folytatj\u00e1k a szakorvosk\u00e9pz\u00e9st.<\/p>\n<p>Az oktat\u00f3 praxisok akkredit\u00e1ci\u00f3j\u00e1nak meg\u00faj\u00edt\u00e1sa n\u00e9lk\u00fcl nem lehets\u00e9ges az \u00faj rezidensek oktat\u00e1sa.<\/p>\n<p>A reny.hu oldalon kialak\u00edt\u00e1sra ker\u00fcltek az \u00faj p\u00e1ly\u00e1zati adatlapok \u00e9s kik\u00fcldt\u00e9k t\u00e1j\u00e9koztat\u00f3 level\u00fcket minden oktat\u00f3 csal\u00e1dorvosi praxis r\u00e9sz\u00e9re, a kor\u00e1bbi akkredit\u00e1ci\u00f3kor megadott email c\u00edmre.<\/p>\n<p>A reny.hu port\u00e1lra t\u00f6rt\u00e9n\u0151 bel\u00e9p\u00e9shez a K\u00e9pz\u0151helyhez tartoz\u00f3 bel\u00e9p\u00e9si n\u00e9v \u00e9s jelsz\u00f3 sz\u00fcks\u00e9ges, amit a rendszer m\u00e9g az els\u0151 akkredit\u00e1ci\u00f3kor adott meg \u00e9s k\u00fcld\u00f6tt el a fenti e-mail c\u00edmre. Amennyiben erre nem eml\u00e9kszik, vagy nem tal\u00e1lja, k\u00e9rj\u00fck vegye fel a kapcsolatot a Szak- \u00e9s Tov\u00e1bbk\u00e9pz\u00e9si K\u00f6zpont fent megadott \u00fcgyint\u00e9z\u0151ivel, \u0151k tudj\u00e1k kik\u00fcldeni a bel\u00e9p\u00e9shez sz\u00fcks\u00e9ges azonos\u00edt\u00f3kat.<\/p>\n<p>A Csal\u00e1dorvosi Tansz\u00e9k \u00e9s a j\u00f6v\u0151 h\u00e1ziorvos rezidensei sz\u00e1m\u00e1ra nagyon fontos, hogy a h\u00e1ziorvosi, h\u00e1zi gyermekorvosi praxisok, mint k\u00e9pz\u0151helyek meg\u00faj\u00edts\u00e1k akkredit\u00e1ci\u00f3jukat, \u00e9s ezzel biztos\u00edts\u00e1k a szakorvosk\u00e9pz\u00e9s folyamatoss\u00e1g\u00e1nak h\u00e1tter\u00e9t.<\/p>\n<p>K\u00f6sz\u00f6nj\u00fck oktat\u00f3i munk\u00e1jukat \u00e9s az akkredit\u00e1ci\u00f3hoz sz\u00fcks\u00e9ges adminisztr\u00e1ci\u00f3s feladatok elv\u00e9gz\u00e9s\u00e9t!<\/p>\n","protected":false},"excerpt":{"rendered":"<p>A Csal\u00e1dorvosi Tansz\u00e9k akkredit\u00e1lt oktat\u00f3nak v\u00e1rja olyan h\u00e1ziorvos (feln\u0151tt vagy vegyes praxisokban dolgoz\u00f3kat egyar\u00e1nt)\u00a0\u00e9s h\u00e1zi gyermekorvos koll\u00e9gan\u0151k \u00e9s\u00a0 koll\u00e9g\u00e1k jelentkez\u00e9s\u00e9t, akik legal\u00e1bb 5 \u00e9ves szakvizsg\u00e1val rendelkeznek h\u00e1ziorvostanb\u00f3l, illetve csecsem\u0151- \u00e9s gyermekgy\u00f3gy\u00e1szatb\u00f3l. Az oktat\u00f3i felk\u00e9sz\u00edt\u0151 tanfolyamra az \u00e9ves si\u00f3foki konferencia keret\u00e9ben ker\u00fcl sor. \u00daj akkredit\u00e1lt oktat\u00f3nak jelentkez\u00e9s a Rezidens Akkredit\u00e1lt K\u00e9pz\u0151hely Nyilv\u00e1ntart\u00e1s oldalon t\u00f6rt\u00e9nik, \u00edgy az &hellip;<\/p>\n","protected":false},"author":158,"featured_media":0,"parent":4798,"menu_order":0,"comment_status":"closed","ping_status":"closed","template":"","meta":{"_acf_changed":false,"footnotes":""},"categories":[],"tags":[],"class_list":["post-4221","page","type-page","status-publish","hentry"],"acf":[],"publishpress_future_action":{"enabled":false,"date":"1970-01-01 01:00:00","action":"","terms":[],"taxonomy":"","browser_timezone_offset":0},"_links":{"self":[{"href":"https:\/\/semmelweis.hu\/csot\/wp-json\/wp\/v2\/pages\/4221","targetHints":{"allow":["GET"]}}],"collection":[{"href":"https:\/\/semmelweis.hu\/csot\/wp-json\/wp\/v2\/pages"}],"about":[{"href":"https:\/\/semmelweis.hu\/csot\/wp-json\/wp\/v2\/types\/page"}],"author":[{"embeddable":true,"href":"https:\/\/semmelweis.hu\/csot\/wp-json\/wp\/v2\/users\/158"}],"replies":[{"embeddable":true,"href":"https:\/\/semmelweis.hu\/csot\/wp-json\/wp\/v2\/comments?post=4221"}],"version-history":[{"count":10,"href":"https:\/\/semmelweis.hu\/csot\/wp-json\/wp\/v2\/pages\/4221\/revisions"}],"predecessor-version":[{"id":8062,"href":"https:\/\/semmelweis.hu\/csot\/wp-json\/wp\/v2\/pages\/4221\/revisions\/8062"}],"up":[{"embeddable":true,"href":"https:\/\/semmelweis.hu\/csot\/wp-json\/wp\/v2\/pages\/4798"}],"wp:attachment":[{"href":"https:\/\/semmelweis.hu\/csot\/wp-json\/wp\/v2\/media?parent=4221"}],"wp:term":[{"taxonomy":"category","embeddable":true,"href":"https:\/\/semmelweis.hu\/csot\/wp-json\/wp\/v2\/categories?post=4221"},{"taxonomy":"post_tag","embeddable":true,"href":"https:\/\/semmelweis.hu\/csot\/wp-json\/wp\/v2\/tags?post=4221"}],"curies":[{"name":"wp","href":"https:\/\/api.w.org\/{rel}","templated":true}]}}