{"id":40,"date":"2014-09-11T07:38:25","date_gmt":"2014-09-11T05:38:25","guid":{"rendered":"http:\/\/csot.semmelweis.hu\/?page_id=40"},"modified":"2025-03-20T14:38:34","modified_gmt":"2025-03-20T13:38:34","slug":"bevezetes-a-klinikumba","status":"publish","type":"page","link":"https:\/\/semmelweis.hu\/csot\/gradualis-targyak\/bevezetes-a-klinikumba\/","title":{"rendered":"Bevezet\u00e9s a betegell\u00e1t\u00e1sba"},"content":{"rendered":"<p>A t\u00e1rgy keret\u00e9n bel\u00fcl az els\u0151 \u00e9vfolyamos hallgat\u00f3k kiscsoportos oktat\u00e1s (max. 9 f\u0151) sor\u00e1n heti 2 \u00f3ra gyakorlati klinikai oktat\u00e1sban r\u00e9szes\u00fclnek, melynek c\u00e9lja, hogy a leend\u0151 orvosok \u00e9s a beteg k\u00f6z\u00f6tti kapcsolatot megalapozza \u00e9s megismertesse az orvosi gondolkod\u00e1s menet\u00e9t egy beteg-orient\u00e1lt eg\u00e9szs\u00e9g\u00fcgyi ell\u00e1t\u00e1sban. Az oktat\u00e1s budapesti oktat\u00f3 h\u00e1ziorvosok praxis\u00e1ban zajlik.<\/p>\n<ul>\n<li>Rendszeres medikus-beteg tal\u00e1lkoz\u00e1sok \u2013 a gyakorlat tematik\u00e1j\u00e1nak megfelel\u0151en.<\/li>\n<li>A medikusok k\u00e9rdeznek a betegt\u0151l, a k\u00e9rd\u00e9sek a gyakorlat t\u00e9m\u00e1ja k\u00f6r\u00fcl forognak, a h\u00e1ziorvos jelenl\u00e9t\u00e9ben.<\/li>\n<li>A diszkusszi\u00f3 v\u00e9g\u00e9n a h\u00e1ziorvos ismerteti az orvosi gondolkod\u00e1s menet\u00e9t az adott t\u00e9mak\u00f6rrel kapcsolatban.<\/li>\n<li>A medikusok szem\u00e9lyes tal\u00e1lkoz\u00e1s \u00e9s szerepj\u00e1t\u00e9k keret\u00e9ben belehelyezkednek a beteg, a csal\u00e1dtagok, vagy az eg\u00e9szs\u00e9g\u00fcgyi szem\u00e9lyzet helyzet\u00e9be.<\/li>\n<li>A hallgat\u00f3k akt\u00edv r\u00e9szv\u00e9tel\u00e9t biztos\u00edtja a gyakorlati napl\u00f3, amelyet minden \u00f3r\u00e1n meghat\u00e1rozott k\u00e9rd\u00e9sekkel kit\u00f6ltenek.<\/li>\n<\/ul>\n<p>A Bevezet\u00e9s a betegell\u00e1t\u00e1sba t\u00e1rgy tant\u00e1rgyi k\u00f6vetelm\u00e9nyrendszere: <a href=\"https:\/\/semmelweis.hu\/csot\/files\/2025\/03\/Bevbet-tantargyi-kovetelmenyrendszer-2024.pdf\">Tant\u00e1rgyi k\u00f6vetelm\u00e9nyrendszer<\/a><\/p>\n<p>A szemeszter folyam\u00e1n a t\u00e1rggyal kapcsolatos aktu\u00e1lis gyakorlati inform\u00e1ci\u00f3kr\u00f3l \u00e9s a gyakorlatokhoz kapcsol\u00f3d\u00f3 legfrissebb j\u00e1rv\u00e1ny\u00fcgyi int\u00e9zked\u00e9sekr\u0151l a Bevezet\u00e9s a betegell\u00e1t\u00e1sba t\u00e1rgy Moodle fel\u00fclet\u00e9n olvashatnak!<\/p>\n","protected":false},"excerpt":{"rendered":"<p>A t\u00e1rgy keret\u00e9n bel\u00fcl az els\u0151 \u00e9vfolyamos hallgat\u00f3k kiscsoportos oktat\u00e1s (max. 9 f\u0151) sor\u00e1n heti 2 \u00f3ra gyakorlati klinikai oktat\u00e1sban r\u00e9szes\u00fclnek, melynek c\u00e9lja, hogy a leend\u0151 orvosok \u00e9s a beteg k\u00f6z\u00f6tti kapcsolatot megalapozza \u00e9s megismertesse az orvosi gondolkod\u00e1s menet\u00e9t egy beteg-orient\u00e1lt eg\u00e9szs\u00e9g\u00fcgyi ell\u00e1t\u00e1sban. Az oktat\u00e1s budapesti oktat\u00f3 h\u00e1ziorvosok praxis\u00e1ban zajlik. Rendszeres medikus-beteg tal\u00e1lkoz\u00e1sok \u2013 a &hellip;<\/p>\n","protected":false},"author":158,"featured_media":0,"parent":4929,"menu_order":1,"comment_status":"closed","ping_status":"closed","template":"","meta":{"_acf_changed":false,"footnotes":""},"categories":[],"tags":[],"class_list":["post-40","page","type-page","status-publish","hentry"],"acf":[],"publishpress_future_action":{"enabled":false,"date":"1970-01-01 01:00:00","action":"","terms":[],"taxonomy":"","browser_timezone_offset":0},"_links":{"self":[{"href":"https:\/\/semmelweis.hu\/csot\/wp-json\/wp\/v2\/pages\/40","targetHints":{"allow":["GET"]}}],"collection":[{"href":"https:\/\/semmelweis.hu\/csot\/wp-json\/wp\/v2\/pages"}],"about":[{"href":"https:\/\/semmelweis.hu\/csot\/wp-json\/wp\/v2\/types\/page"}],"author":[{"embeddable":true,"href":"https:\/\/semmelweis.hu\/csot\/wp-json\/wp\/v2\/users\/158"}],"replies":[{"embeddable":true,"href":"https:\/\/semmelweis.hu\/csot\/wp-json\/wp\/v2\/comments?post=40"}],"version-history":[{"count":10,"href":"https:\/\/semmelweis.hu\/csot\/wp-json\/wp\/v2\/pages\/40\/revisions"}],"predecessor-version":[{"id":7456,"href":"https:\/\/semmelweis.hu\/csot\/wp-json\/wp\/v2\/pages\/40\/revisions\/7456"}],"up":[{"embeddable":true,"href":"https:\/\/semmelweis.hu\/csot\/wp-json\/wp\/v2\/pages\/4929"}],"wp:attachment":[{"href":"https:\/\/semmelweis.hu\/csot\/wp-json\/wp\/v2\/media?parent=40"}],"wp:term":[{"taxonomy":"category","embeddable":true,"href":"https:\/\/semmelweis.hu\/csot\/wp-json\/wp\/v2\/categories?post=40"},{"taxonomy":"post_tag","embeddable":true,"href":"https:\/\/semmelweis.hu\/csot\/wp-json\/wp\/v2\/tags?post=40"}],"curies":[{"name":"wp","href":"https:\/\/api.w.org\/{rel}","templated":true}]}}