{"id":3574,"date":"2019-02-07T14:13:58","date_gmt":"2019-02-07T12:13:58","guid":{"rendered":"http:\/\/csot.semmelweis.hu\/?page_id=3574"},"modified":"2026-01-06T18:00:27","modified_gmt":"2026-01-06T17:00:27","slug":"e-tankonyv-letoltese","status":"publish","type":"page","link":"https:\/\/semmelweis.hu\/csot\/e-tankonyv-letoltese\/","title":{"rendered":"E-tank\u00f6nyv let\u00f6lt\u00e9se"},"content":{"rendered":"","protected":true},"excerpt":{"rendered":"","protected":true},"author":158,"featured_media":0,"parent":0,"menu_order":0,"comment_status":"closed","ping_status":"closed","template":"","meta":{"_acf_changed":false,"footnotes":""},"categories":[],"tags":[],"class_list":["post-3574","page","type-page","status-publish","post-password-required","hentry"],"acf":[],"publishpress_future_action":{"enabled":false,"date":"1970-01-01 01:00:00","action":"","terms":[],"taxonomy":"","browser_timezone_offset":0},"_links":{"self":[{"href":"https:\/\/semmelweis.hu\/csot\/wp-json\/wp\/v2\/pages\/3574","targetHints":{"allow":["GET"]}}],"collection":[{"href":"https:\/\/semmelweis.hu\/csot\/wp-json\/wp\/v2\/pages"}],"about":[{"href":"https:\/\/semmelweis.hu\/csot\/wp-json\/wp\/v2\/types\/page"}],"author":[{"embeddable":true,"href":"https:\/\/semmelweis.hu\/csot\/wp-json\/wp\/v2\/users\/158"}],"replies":[{"embeddable":true,"href":"https:\/\/semmelweis.hu\/csot\/wp-json\/wp\/v2\/comments?post=3574"}],"version-history":[{"count":4,"href":"https:\/\/semmelweis.hu\/csot\/wp-json\/wp\/v2\/pages\/3574\/revisions"}],"predecessor-version":[{"id":8108,"href":"https:\/\/semmelweis.hu\/csot\/wp-json\/wp\/v2\/pages\/3574\/revisions\/8108"}],"wp:attachment":[{"href":"https:\/\/semmelweis.hu\/csot\/wp-json\/wp\/v2\/media?parent=3574"}],"wp:term":[{"taxonomy":"category","embeddable":true,"href":"https:\/\/semmelweis.hu\/csot\/wp-json\/wp\/v2\/categories?post=3574"},{"taxonomy":"post_tag","embeddable":true,"href":"https:\/\/semmelweis.hu\/csot\/wp-json\/wp\/v2\/tags?post=3574"}],"curies":[{"name":"wp","href":"https:\/\/api.w.org\/{rel}","templated":true}]}}