{"id":275,"date":"2014-09-19T09:44:06","date_gmt":"2014-09-19T07:44:06","guid":{"rendered":"http:\/\/csot.semmelweis.hu\/?page_id=275"},"modified":"2025-06-24T16:13:08","modified_gmt":"2025-06-24T14:13:08","slug":"praxisvasarlas","status":"publish","type":"page","link":"https:\/\/semmelweis.hu\/csot\/rezidenskepzes\/egyeb\/praxisvasarlas\/","title":{"rendered":"Praxisv\u00e1s\u00e1rl\u00e1s"},"content":{"rendered":"<p>A <strong>praxisv\u00e1s\u00e1rl\u00e1s<\/strong> proced\u00far\u00e1j\u00e1nak k\u00f6nny\u00edt\u00e9se c\u00e9lj\u00e1b\u00f3l egy lelkes koll\u00e9ga \u00e1ltal \u00f6ssze\u00e1ll\u00edtott seg\u00e9dlet \u00e9s szerz\u0151d\u00e9s minta let\u00f6lthet\u0151. Az esetleges jav\u00edt\u00f3 \u00e9szrev\u00e9teleket v\u00e1rjuk, a dokumentumok tartalm\u00e1\u00e9rt felel\u0151ss\u00e9get nem v\u00e1llalunk.<br \/>\n<strong>Dokumentumok<\/strong><\/p>\n<p><a href=\"https:\/\/semmelweis.hu\/csot\/files\/2019\/06\/utikalauz.praxisvasarlashoz.pdf\" target=\"_blank\" rel=\"noopener\">Utikalauz praxisv\u00e1s\u00e1rl\u00e1shoz<\/a><br \/>\n<a href=\"https:\/\/semmelweis.hu\/csot\/files\/2019\/06\/szerzodes.minta_.praxisvasarlashoz.pdf\" target=\"_blank\" rel=\"noopener\">Szerz\u0151d\u00e9s minta praxisv\u00e1s\u00e1rl\u00e1shoz<\/a><\/p>\n","protected":false},"excerpt":{"rendered":"<p>A praxisv\u00e1s\u00e1rl\u00e1s proced\u00far\u00e1j\u00e1nak k\u00f6nny\u00edt\u00e9se c\u00e9lj\u00e1b\u00f3l egy lelkes koll\u00e9ga \u00e1ltal \u00f6ssze\u00e1ll\u00edtott seg\u00e9dlet \u00e9s szerz\u0151d\u00e9s minta let\u00f6lthet\u0151. Az esetleges jav\u00edt\u00f3 \u00e9szrev\u00e9teleket v\u00e1rjuk, a dokumentumok tartalm\u00e1\u00e9rt felel\u0151ss\u00e9get nem v\u00e1llalunk.<br \/>\nDokumentumok<br \/>\n<a href=\"https:\/\/semmelweis.hu\/csot\/files\/2019\/06\/utikalauz.praxisvasarlashoz.pdf\" target=\"_blank\" rel=\"noopener\">Utikalauz praxisv\u00e1s\u00e1rl\u00e1shoz<\/a><br \/>\n<a href=\"https:\/\/semmelweis.hu\/csot\/files\/2019\/06\/szerzodes.minta_.praxisvasarlashoz.pdf\" target=\"_blank\" rel=\"noopener\">Szerz\u0151d\u00e9s minta praxisv\u00e1s\u00e1rl\u00e1shoz<\/a><\/p>\n","protected":false},"author":158,"featured_media":0,"parent":7048,"menu_order":4,"comment_status":"closed","ping_status":"closed","template":"","meta":{"_acf_changed":false,"footnotes":""},"categories":[],"tags":[],"class_list":["post-275","page","type-page","status-publish","hentry"],"acf":[],"publishpress_future_action":{"enabled":false,"date":"1970-01-01 01:00:00","action":"","terms":[],"taxonomy":"","browser_timezone_offset":0},"_links":{"self":[{"href":"https:\/\/semmelweis.hu\/csot\/wp-json\/wp\/v2\/pages\/275","targetHints":{"allow":["GET"]}}],"collection":[{"href":"https:\/\/semmelweis.hu\/csot\/wp-json\/wp\/v2\/pages"}],"about":[{"href":"https:\/\/semmelweis.hu\/csot\/wp-json\/wp\/v2\/types\/page"}],"author":[{"embeddable":true,"href":"https:\/\/semmelweis.hu\/csot\/wp-json\/wp\/v2\/users\/158"}],"replies":[{"embeddable":true,"href":"https:\/\/semmelweis.hu\/csot\/wp-json\/wp\/v2\/comments?post=275"}],"version-history":[{"count":2,"href":"https:\/\/semmelweis.hu\/csot\/wp-json\/wp\/v2\/pages\/275\/revisions"}],"predecessor-version":[{"id":7774,"href":"https:\/\/semmelweis.hu\/csot\/wp-json\/wp\/v2\/pages\/275\/revisions\/7774"}],"up":[{"embeddable":true,"href":"https:\/\/semmelweis.hu\/csot\/wp-json\/wp\/v2\/pages\/7048"}],"wp:attachment":[{"href":"https:\/\/semmelweis.hu\/csot\/wp-json\/wp\/v2\/media?parent=275"}],"wp:term":[{"taxonomy":"category","embeddable":true,"href":"https:\/\/semmelweis.hu\/csot\/wp-json\/wp\/v2\/categories?post=275"},{"taxonomy":"post_tag","embeddable":true,"href":"https:\/\/semmelweis.hu\/csot\/wp-json\/wp\/v2\/tags?post=275"}],"curies":[{"name":"wp","href":"https:\/\/api.w.org\/{rel}","templated":true}]}}