{"id":271,"date":"2014-09-19T09:38:25","date_gmt":"2014-09-19T09:38:25","guid":{"rendered":"http:\/\/csot.semmelweis.hu\/?page_id=271"},"modified":"2022-08-16T17:43:38","modified_gmt":"2022-08-16T15:43:38","slug":"akkreditalt-oktato-jelentkezes-megujitas","status":"publish","type":"page","link":"https:\/\/semmelweis.hu\/csot\/a-tanszekrol\/oktato-csaladorvosoknak\/akkreditalt-oktato-jelentkezes-megujitas\/","title":{"rendered":"Oktat\u00f3i jelentkez\u00e9s, meg\u00faj\u00edt\u00e1s"},"content":{"rendered":"<p>A Csal\u00e1dorvosi Tansz\u00e9k v\u00e1rja oktat\u00e1sra kedvet \u00e9rz\u0151 koll\u00e9g\u00e1k jelentkez\u00e9s\u00e9t.<\/p>\n<p>I, Ha \u00f6n,<br \/>\n&#8211; m\u00e1r akkredit\u00e1lt oktat\u00f3 \u00e9s szeretn\u00e9 meg\u00faj\u00edtani jelentkez\u00e9s\u00e9t<br \/>\nVAGY<br \/>\n&#8211; saj\u00e1t praxisban dolgozik \u00e9s legal\u00e1bb \u00f6t \u00e9ve szakvizsg\u00e1zott<br \/>\nakkor \u00f6nnek az akkredit\u00e1lt oktat\u00f3i jelentkez\u00e9s, meg\u00faj\u00edt\u00e1s oldalra kell l\u00e9pnie.<br \/>\n<a href=\"https:\/\/semmelweis.hu\/csot\/akkreditalt-oktato-jelentkezes-megujitas\/posztgradualis-oktatas\/\" rel=\"noopener noreferrer\">Akkredit\u00e1lt oktat\u00f3nak jelentkez\u00e9s<\/a><\/p>\n<p>II, Ha \u00f6n,<br \/>\n&#8211; szeretne oktatni, de m\u00e9g nincs \u00f6t \u00e9ves a szakvizsg\u00e1ja.<br \/>\nVAGY<br \/>\n&#8211; szeretne orvostanhallgat\u00f3kat oktatni, de nem akar bonyolult regisztr\u00e1ci\u00f3s folyamaton \u00e1tverg\u0151dni<\/p>\n<p>Akkor a gradu\u00e1lis oktat\u00e1sban v\u00e1rjuk szeretettel.<br \/>\n<a href=\"https:\/\/semmelweis.hu\/csot\/akkreditalt-oktato-jelentkezes-megujitas\/gradualis-oktatonak-jelentkezes\/\" rel=\"noopener noreferrer\">Oktat\u00f3nak jelentkez\u00e9s a gradu\u00e1lis oktat\u00e1sban<\/a><\/p>\n","protected":false},"excerpt":{"rendered":"<p>A Csal\u00e1dorvosi Tansz\u00e9k v\u00e1rja oktat\u00e1sra kedvet \u00e9rz\u0151 koll\u00e9g\u00e1k jelentkez\u00e9s\u00e9t. I, Ha \u00f6n, &#8211; m\u00e1r akkredit\u00e1lt oktat\u00f3 \u00e9s szeretn\u00e9 meg\u00faj\u00edtani jelentkez\u00e9s\u00e9t VAGY &#8211; saj\u00e1t praxisban dolgozik \u00e9s legal\u00e1bb \u00f6t \u00e9ve szakvizsg\u00e1zott akkor \u00f6nnek az akkredit\u00e1lt oktat\u00f3i jelentkez\u00e9s, meg\u00faj\u00edt\u00e1s oldalra kell l\u00e9pnie. <a href=\"https:\/\/semmelweis.hu\/csot\/akkreditalt-oktato-jelentkezes-megujitas\/posztgradualis-oktatas\/\" rel=\"noopener noreferrer\">Akkredit\u00e1lt oktat\u00f3nak jelentkez\u00e9s<\/a> II, Ha \u00f6n, &#8211; szeretne oktatni, de m\u00e9g nincs \u00f6t \u00e9ves a szakvizsg\u00e1ja. VAGY &#8211; &hellip;<\/p>\n","protected":false},"author":158,"featured_media":0,"parent":4798,"menu_order":0,"comment_status":"closed","ping_status":"open","template":"","meta":{"_acf_changed":false,"footnotes":""},"categories":[],"tags":[],"class_list":["post-271","page","type-page","status-publish","hentry"],"acf":[],"publishpress_future_action":{"enabled":false,"date":"1970-01-01 01:00:00","action":"","terms":[],"taxonomy":"","browser_timezone_offset":0},"_links":{"self":[{"href":"https:\/\/semmelweis.hu\/csot\/wp-json\/wp\/v2\/pages\/271","targetHints":{"allow":["GET"]}}],"collection":[{"href":"https:\/\/semmelweis.hu\/csot\/wp-json\/wp\/v2\/pages"}],"about":[{"href":"https:\/\/semmelweis.hu\/csot\/wp-json\/wp\/v2\/types\/page"}],"author":[{"embeddable":true,"href":"https:\/\/semmelweis.hu\/csot\/wp-json\/wp\/v2\/users\/158"}],"replies":[{"embeddable":true,"href":"https:\/\/semmelweis.hu\/csot\/wp-json\/wp\/v2\/comments?post=271"}],"version-history":[{"count":5,"href":"https:\/\/semmelweis.hu\/csot\/wp-json\/wp\/v2\/pages\/271\/revisions"}],"predecessor-version":[{"id":6060,"href":"https:\/\/semmelweis.hu\/csot\/wp-json\/wp\/v2\/pages\/271\/revisions\/6060"}],"up":[{"embeddable":true,"href":"https:\/\/semmelweis.hu\/csot\/wp-json\/wp\/v2\/pages\/4798"}],"wp:attachment":[{"href":"https:\/\/semmelweis.hu\/csot\/wp-json\/wp\/v2\/media?parent=271"}],"wp:term":[{"taxonomy":"category","embeddable":true,"href":"https:\/\/semmelweis.hu\/csot\/wp-json\/wp\/v2\/categories?post=271"},{"taxonomy":"post_tag","embeddable":true,"href":"https:\/\/semmelweis.hu\/csot\/wp-json\/wp\/v2\/tags?post=271"}],"curies":[{"name":"wp","href":"https:\/\/api.w.org\/{rel}","templated":true}]}}