{"id":236,"date":"2014-09-19T08:25:06","date_gmt":"2014-09-19T06:25:06","guid":{"rendered":"http:\/\/csot.semmelweis.hu\/?page_id=236"},"modified":"2019-10-24T20:42:26","modified_gmt":"2019-10-24T18:42:26","slug":"palliativ-orvoslas-licensz-oktatasi-anyagok","status":"publish","type":"page","link":"https:\/\/semmelweis.hu\/csot\/palliativ-orvoslas-licensz-oktatasi-anyagok\/","title":{"rendered":"Palliat\u00edv orvosl\u00e1s licensz &#8211; oktat\u00e1si anyagok"},"content":{"rendered":"<p><strong>Aj\u00e1nlott irodalom<\/strong><br \/>\ndr. Heged\u0171s Katalin (szerk): A palliat\u00edv ell\u00e1t\u00e1s alapjai. Semmelweis Kiad\u00f3 2009<br \/>\nCsik\u00f3s \u00c1gnes (szerk.): Palliat\u00edv ell\u00e1t\u00e1s. Egyetemi jegyzet. P\u00e9cs, 2015.<br \/>\n<a href=\"https:\/\/hospice.hu\/docu\/Palliativ-ellatas_egyetemi-jegyzet.pdf\">Let\u00f6lt\u00e9s<\/a><br \/>\nHeged\u0171s Katalin dr., Luk\u00e1cs Mikl\u00f3s, Schaffer Judit, Csik\u00f3s \u00c1gnes dr. &#8211; A hazai hospice- \u00e9s palliat\u00edv ell\u00e1t\u00e1s helyzete, lehet\u0151s\u00e9gei, neh\u00e9zs\u00e9gei. Orv. Hetil., 2014, 155(38), 1504\u20131509.<br \/>\n<a href=\"https:\/\/semmelweis.hu\/csot\/files\/2019\/10\/Hegedus.A.hazai_.hospice.es_.palliativ.ellatas.pdf\">Let\u00f6lt\u00e9s<\/a><br \/>\nOrsz\u00e1gos Betegjogi, Ell\u00e1tottjogi, Gyermekjogi \u00e9s Dokument\u00e1ci\u00f3s K\u00f6zpont &#8211; Hospice ell\u00e1t\u00e1s Magyarorsz\u00e1gon<br \/>\n<a href=\"https:\/\/semmelweis.hu\/csot\/files\/2019\/10\/hospice.ellatas.magyarorszagon.pdf\">Let\u00f6lt\u00e9s<\/a><br \/>\nAz Emberi Er\u0151forr\u00e1sok Miniszt\u00e9riuma szakmai ir\u00e1nyelve a daganatos feln\u0151tt betegek teljes k\u00f6r\u0171 hospice \u00e9s palliat\u00edv ell\u00e1t\u00e1s\u00e1r\u00f3l<br \/>\n2017. E\u00fcK. 15. sz\u00e1m EMMI szakmai ir\u00e1nyelv<br \/>\n<a href=\"http:\/\/www.hbcs.hu\/uploads\/jogszabaly\/2578\/fajlok\/EEMI_szakmai_iranyelve_daganatos.pdf\">Let\u00f6lt\u00e9s<\/a><\/p>\n","protected":false},"excerpt":{"rendered":"<p>Aj\u00e1nlott irodalom dr. Heged\u0171s Katalin (szerk): A palliat\u00edv ell\u00e1t\u00e1s alapjai. Semmelweis Kiad\u00f3 2009 Csik\u00f3s \u00c1gnes (szerk.): Palliat\u00edv ell\u00e1t\u00e1s. Egyetemi jegyzet. P\u00e9cs, 2015. <a href=\"https:\/\/hospice.hu\/docu\/Palliativ-ellatas_egyetemi-jegyzet.pdf\">Let\u00f6lt\u00e9s<\/a> Heged\u0171s Katalin dr., Luk\u00e1cs Mikl\u00f3s, Schaffer Judit, Csik\u00f3s \u00c1gnes dr. &#8211; A hazai hospice- \u00e9s palliat\u00edv ell\u00e1t\u00e1s helyzete, lehet\u0151s\u00e9gei, neh\u00e9zs\u00e9gei. Orv. Hetil., 2014, 155(38), 1504\u20131509. <a href=\"https:\/\/semmelweis.hu\/csot\/files\/2019\/10\/Hegedus.A.hazai_.hospice.es_.palliativ.ellatas.pdf\">Let\u00f6lt\u00e9s<\/a> Orsz\u00e1gos Betegjogi, Ell\u00e1tottjogi, Gyermekjogi \u00e9s Dokument\u00e1ci\u00f3s K\u00f6zpont &#8211; &hellip;<\/p>\n","protected":false},"author":158,"featured_media":0,"parent":0,"menu_order":0,"comment_status":"closed","ping_status":"closed","template":"","meta":{"_acf_changed":false,"footnotes":""},"categories":[],"tags":[],"class_list":["post-236","page","type-page","status-publish","hentry"],"acf":[],"publishpress_future_action":{"enabled":false,"date":"1970-01-01 01:00:00","action":"","terms":[],"taxonomy":"","browser_timezone_offset":0},"_links":{"self":[{"href":"https:\/\/semmelweis.hu\/csot\/wp-json\/wp\/v2\/pages\/236","targetHints":{"allow":["GET"]}}],"collection":[{"href":"https:\/\/semmelweis.hu\/csot\/wp-json\/wp\/v2\/pages"}],"about":[{"href":"https:\/\/semmelweis.hu\/csot\/wp-json\/wp\/v2\/types\/page"}],"author":[{"embeddable":true,"href":"https:\/\/semmelweis.hu\/csot\/wp-json\/wp\/v2\/users\/158"}],"replies":[{"embeddable":true,"href":"https:\/\/semmelweis.hu\/csot\/wp-json\/wp\/v2\/comments?post=236"}],"version-history":[{"count":3,"href":"https:\/\/semmelweis.hu\/csot\/wp-json\/wp\/v2\/pages\/236\/revisions"}],"predecessor-version":[{"id":4869,"href":"https:\/\/semmelweis.hu\/csot\/wp-json\/wp\/v2\/pages\/236\/revisions\/4869"}],"wp:attachment":[{"href":"https:\/\/semmelweis.hu\/csot\/wp-json\/wp\/v2\/media?parent=236"}],"wp:term":[{"taxonomy":"category","embeddable":true,"href":"https:\/\/semmelweis.hu\/csot\/wp-json\/wp\/v2\/categories?post=236"},{"taxonomy":"post_tag","embeddable":true,"href":"https:\/\/semmelweis.hu\/csot\/wp-json\/wp\/v2\/tags?post=236"}],"curies":[{"name":"wp","href":"https:\/\/api.w.org\/{rel}","templated":true}]}}