{"id":234,"date":"2014-09-19T08:24:30","date_gmt":"2014-09-19T08:24:30","guid":{"rendered":"http:\/\/csot.semmelweis.hu\/?page_id=234"},"modified":"2019-10-24T14:33:35","modified_gmt":"2019-10-24T12:33:35","slug":"palliativ-orvoslas-licenszvizzsga-kerdesek","status":"publish","type":"page","link":"https:\/\/semmelweis.hu\/csot\/palliativ-orvoslas-licenszvizzsga-kerdesek\/","title":{"rendered":"Palliat\u00edv orvosl\u00e1s licenszvizzsga k\u00e9rd\u00e9sek"},"content":{"rendered":"<ol>\n<li>Ismertesse a palliat\u00edv \u00e9s hospice ell\u00e1t\u00e1s fogalm\u00e1t, a hospice mozgalom t\u00f6rt\u00e9net\u00e9t, filoz\u00f3fi\u00e1j\u00e1t, a hospice alapelveket!<\/li>\n<li>Ismertesse a haz\u00e1nkban m\u0171k\u00f6d\u0151 palliat\u00edv ell\u00e1t\u00e1si form\u00e1kat, a palliat\u00edv ell\u00e1t\u00e1si form\u00e1k ig\u00e9nybev\u00e9tel\u00e9nek m\u00f3dj\u00e1t, krit\u00e9riumrendszer\u00e9t \u00e9s dokument\u00e1ci\u00f3s k\u00f6telezetts\u00e9geit!<\/li>\n<li>Ismertesse a palliat\u00edv ell\u00e1t\u00e1s hazai finansz\u00edroz\u00e1si rendszer\u00e9t \u00e9s a civil er\u0151forr\u00e1sok, \u00f6nk\u00e9ntesek szerep\u00e9t a palliat\u00edv ell\u00e1t\u00e1sban!<\/li>\n<li>Ismertesse a hospice \u00e9s palliat\u00edv ell\u00e1t\u00e1s hazai t\u00f6rv\u00e9nyi \u00e9s rendeleti h\u00e1tter\u00e9t!<\/li>\n<li>Mutassa be a team munka jelent\u0151s\u00e9g\u00e9t a palliat\u00edv ell\u00e1t\u00e1sban, ismertesse a hospice team tagjait \u00e9s feladatk\u00f6r\u00fcket, kompetenci\u00e1jukat!<\/li>\n<li>Foglalja \u00f6ssze a s\u00falyos betegekkel foglalkoz\u00f3 eg\u00e9szs\u00e9g\u00fcgyi dolgoz\u00f3k pszichoszoci\u00e1lis terhel\u00e9s\u00e9nek \u00f6sszetev\u0151it, a ki\u00e9g\u00e9s t\u00fcneteit \u00e9s a megel\u0151z\u00e9s, t\u00e1mogat\u00e1s m\u00f3dszereit!<\/li>\n<li>Ismertesse a s\u00falyos \u00e1llapot\u00fa beteggel \u00e9s csal\u00e1dj\u00e1val, valamint a haldokl\u00f3 beteggel val\u00f3 kommunik\u00e1ci\u00f3 szempontjait \u00e9s alapvet\u0151 m\u00f3dszereit!<\/li>\n<li>Ismertesse a rossz h\u00edrek k\u00f6zl\u00e9s\u00e9nek l\u00e9p\u00e9seit, lehets\u00e9ges hib\u00e1kat \u00e9s elker\u00fcl\u00e9si lehet\u0151s\u00e9geit!<\/li>\n<li>Ismertesse a csal\u00e1di megbesz\u00e9l\u00e9sek jelent\u0151s\u00e9g\u00e9t, c\u00e9lj\u00e1t \u00e9s levezet\u00e9s\u00e9nek l\u00e9p\u00e9seit!<\/li>\n<li>Ismertesse a f\u0151bb betegjogokat az Eg\u00e9szs\u00e9g\u00fcgyi T\u00f6rv\u00e9ny alapj\u00e1n, a beteg auton\u00f3mi\u00e1j\u00e1nak elv\u00e9t, a beteg \u00e9s hozz\u00e1tartoz\u00f3k felvil\u00e1gos\u00edt\u00e1s\u00e1nak f\u0151bb elveit, a t\u00e1j\u00e9koztat\u00e1son alapul\u00f3 beleegyez\u00e9st \u00e9s a kezel\u00e9s visszautas\u00edt\u00e1s\u00e1nak jog\u00e1t!<\/li>\n<li>Mutassa be az eutan\u00e1zia, a palliat\u00edv szed\u00e1l\u00e1s \u00e9s a hospice\/palliat\u00edv ell\u00e1t\u00e1s k\u00f6z\u00f6tti k\u00fcl\u00f6nbs\u00e9geket!<\/li>\n<li>Ismertesse a haldokl\u00e1s pszichol\u00f3giai st\u00e1diumait \u00e9s az ennek megfelel\u0151 pszich\u00e9s t\u00e1mogat\u00e1s f\u0151bb elemeit!<\/li>\n<li>Ismertesse a hal\u00e1llal kapcsolatos attit\u0171d\u00f6ket, r\u00edtusokat \u00e9s ismertesse ezek jelent\u0151s\u00e9g\u00e9t!<\/li>\n<li>Ismertesse a beteg \u00e9s csal\u00e1d sz\u00fcks\u00e9glet \u00e9s \u00e1llapot felm\u00e9r\u00e9s\u00e9nek fontoss\u00e1g\u00e1t, eszk\u00f6zeit!<\/li>\n<li>Ismertesse a progn\u00f3zis problematik\u00e1j\u00e1t, a prognosztikai t\u00e9nyez\u0151ket \u00e9s azok interpret\u00e1l\u00e1s\u00e1t!<\/li>\n<li>Ismertesse a f\u00e1jdalom t\u00edpusait, komplexit\u00e1s\u00e1t, m\u00e9r\u00e9si lehet\u0151s\u00e9geit \u00e9s a f\u00e1jdalom anamn\u00e9zis felv\u00e9tel\u00e9nek m\u00f3dszer\u00e9t!<\/li>\n<li>Ismertesse a neuropathi\u00e1s f\u00e1jdalom legf\u0151bb ism\u00e9rveit, patomechanizmus\u00e1t, feloszt\u00e1s\u00e1t \u00e9s felismer\u00e9s\u00e9nek diagnosztikus lehet\u0151s\u00e9geit!<\/li>\n<li>Ismertesse az egyes antineuropathi\u00e1s szerek hat\u00e1smechanizmus\u00e1t, mell\u00e9khat\u00e1sprofilj\u00e1t \u00e9s fontosabb interakci\u00f3it!<\/li>\n<li>Ismertesse a f\u00e1jdalom kezel\u00e9s\u00e9ben alkalmazott adjuv\u00e1ns gy\u00f3gyszerek hat\u00e1sait, szerep\u00e9t!<\/li>\n<li>Ismertesse az opi\u00e1t rezisztens f\u00e1jdalomt\u00edpusokat \u00e9s az opioid rot\u00e1ci\u00f3 indik\u00e1ci\u00f3j\u00e1t \u00e9s gyakorlat\u00e1t egy konkr\u00e9t p\u00e9ld\u00e1n kereszt\u00fcl!<\/li>\n<li>Ismertesse az \u00e1tt\u00f6r\u00e9ses f\u00e1jdalomform\u00e1kat \u00e9s ezek kezel\u00e9si lehet\u0151s\u00e9geit!<\/li>\n<li>Ismertesse a f\u00e1jdalomcsillap\u00edt\u00e1s WHO l\u00e9pcs\u0151j\u00e9t, annak v\u00e1ltoz\u00e1sait.<\/li>\n<li>Ismertess az egyszer\u0171 analgeticumok, NSAID-ok \u00e9s gyenge opi\u00e1tok hely\u00e9t, hat\u00e1sait, mell\u00e9khat\u00e1sait, alkalmaz\u00e1suk m\u00f3djait a daganatos f\u00e1jdalom csillap\u00edt\u00e1s\u00e1ban!<\/li>\n<li>Ismertesse az er\u0151s opi\u00e1tok farmakokinetik\u00e1j\u00e1t, hat\u00e1smechanizmus\u00e1t \u00e9s mell\u00e9khat\u00e1sprofilj\u00e1t!<\/li>\n<li>Ismertesse az opi\u00e1t tolerancia, addikci\u00f3 fogalm\u00e1t! Ismertesse az er\u0151s hat\u00e1s\u00fa szerek fel\u00edr\u00e1s\u00e1nak alapvet\u0151 szab\u00e1lyait \u00e9s \u00edrjon fel morphin cseppet!<\/li>\n<li>Ismertesse a csont\u00e1tt\u00e9tek jelent\u0151s\u00e9g\u00e9t, diagn\u00f3zis\u00e1t, ter\u00e1pi\u00e1j\u00e1t!<\/li>\n<li>Ismertesse a palliat\u00edv ell\u00e1t\u00e1s sor\u00e1n gyakrabban alkalmazott invaz\u00edv f\u00e1jdalomcsillap\u00edt\u00f3 elj\u00e1r\u00e1sokat!<\/li>\n<li>Ismertesse a h\u00e1nyinger-h\u00e1ny\u00e1s okait, jelent\u0151s\u00e9g\u00e9t \u00e9s kezel\u00e9si lehet\u0151s\u00e9geit a palliat\u00edv ell\u00e1t\u00e1s sor\u00e1n!<\/li>\n<li>Ismertesse a sz\u00e9kreked\u00e9s okait \u00e9s kezel\u00e9si lehet\u0151s\u00e9geit a palliat\u00edv ell\u00e1t\u00e1s sor\u00e1n!<\/li>\n<li>Ismertesse a b\u00e9lelz\u00e1r\u00f3d\u00e1s okait \u00e9s kezel\u00e9si lehet\u0151s\u00e9geit a palliat\u00edv ell\u00e1t\u00e1s sor\u00e1n!<\/li>\n<li>Ismertesse a csukl\u00e1s, \u00edz\u00e9rz\u00e9s zavarok, sz\u00e1jsz\u00e1razs\u00e1g \u00e9s viszket\u00e9s okait \u00e9s kezel\u00e9si lehet\u0151s\u00e9geit a palliat\u00edv ell\u00e1t\u00e1s sor\u00e1n!<\/li>\n<li>Ismertesse az ascites \u00e9s oedem\u00e1k okait \u00e9s kezel\u00e9si lehet\u0151s\u00e9geit a palliat\u00edv ell\u00e1t\u00e1s sor\u00e1n!<\/li>\n<li>Ismertesse az \u00e9tv\u00e1gytalans\u00e1g, cachexia-anorexia szindr\u00f3mai okait \u00e9s kezel\u00e9si lehet\u0151s\u00e9geit a palliat\u00edv ell\u00e1t\u00e1s sor\u00e1n!<\/li>\n<li>Ismertesse a t\u00e1pl\u00e1l\u00e9kfelv\u00e9tel organikus zavarainak okait \u00e9s a mesters\u00e9ges t\u00e1pl\u00e1l\u00e1s lehets\u00e9ges indik\u00e1ci\u00f3it a palliat\u00edv ell\u00e1t\u00e1s sor\u00e1n!<\/li>\n<li>Ismertesse a s\u00f3- \u00e9s folyad\u00e9kh\u00e1ztart\u00e1s zavarainak \u00e9s kialakul\u00e1s\u00e1nak okait, t\u00fcneteit \u00e9s kezel\u00e9si lehet\u0151s\u00e9geit a palliat\u00edv ell\u00e1t\u00e1s sor\u00e1n!<\/li>\n<li>Ismertesse a daganatos hypercalcaemia okait, progn\u00f3zis\u00e1t \u00e9s kezel\u00e9si lehet\u0151s\u00e9geit a palliat\u00edv ell\u00e1t\u00e1s sor\u00e1n!<\/li>\n<li>Ismertesse a k\u00f6h\u00f6g\u00e9s, fullad\u00e1s, fels\u0151l\u00e9g\u00fati obstructio okait \u00e9s kezel\u00e9si lehet\u0151s\u00e9geit a palliat\u00edv ell\u00e1t\u00e1s sor\u00e1n!<\/li>\n<li>Ismertesse a palliat\u00edv s\u00fcrg\u0151ss\u00e9gi \u00e1llapotokat, azok ell\u00e1t\u00e1s\u00e1nak lehet\u0151s\u00e9geit!<\/li>\n<li>Ismertesse a haemoptoe, haemoptysis \u00e9s mellkasi folyad\u00e9kgy\u00fclem okait, kezel\u00e9si lehet\u0151s\u00e9geit a palliat\u00edv ell\u00e1t\u00e1s sor\u00e1n!<\/li>\n<li>Ismertesse a vizelet\u00fcr\u00edt\u00e9si zavarok, haematuria \u00e9s veseel\u00e9gtelens\u00e9g okait, kezel\u00e9si lehet\u0151s\u00e9geit a palliat\u00edv ell\u00e1t\u00e1s sor\u00e1n!<\/li>\n<li>Ismertesse a palliat\u00edv ell\u00e1t\u00e1s sor\u00e1n gyakrabban el\u0151fordul\u00f3 infecti\u00f3kat \u00e9s ezek diagnosztik\u00e1j\u00e1t, kezel\u00e9si lehet\u0151s\u00e9geit!<\/li>\n<li>Ismertesse a steroid kezel\u00e9s szerep\u00e9t, lehets\u00e9ges j\u00f3t\u00e9kony hat\u00e1sait, mell\u00e9khat\u00e1sait a palliat\u00edv ell\u00e1t\u00e1s sor\u00e1n!<\/li>\n<li>Ismertesse a thrombosis \u00e9s v\u00e9ralvad\u00e1s g\u00e1tl\u00e1s probl\u00e9mak\u00f6r\u00e9t a palliat\u00edv ell\u00e1t\u00e1sban!<\/li>\n<li>Ismertesse a tumoros sebek kezel\u00e9s\u00e9nek lehet\u0151s\u00e9geit!<\/li>\n<li>Ismertesse az agyi \u00e1tt\u00e9tek t\u00fcneteit, felismer\u00e9s\u00e9nek \u00e9s kezel\u00e9s\u00e9nek lehet\u0151s\u00e9geit, az agytumorokhoz t\u00e1rsul\u00f3 epilepszia kezel\u00e9si lehet\u0151s\u00e9geit!<\/li>\n<li>Ismertesse a daganatos betegs\u00e9gek \u00e9s csont\u00e1tt\u00e9tek neurol\u00f3giai komplik\u00e1ci\u00f3it, a gerincvel\u0151 compressio t\u00fcneteit, felismer\u00e9si \u00e9s ter\u00e1pi\u00e1s lehet\u0151s\u00e9geit!<\/li>\n<li>Ismertesse a termin\u00e1lis \u00e1llapot\u00fa neurol\u00f3giai (Amyotrophi\u00e1s lateralsclerosis, Parkinson syndroma) \u00e9s neurodegenerat\u00edv betegek palliat\u00edv ell\u00e1t\u00e1s\u00e1nak szempontjait!<\/li>\n<li>Ismertesse a termin\u00e1lis \u00e1llapot\u00fa m\u00e1j-, vese-, t\u00fcd\u0151- \u00e9s sz\u00edvbetegek palliat\u00edv ell\u00e1t\u00e1s\u00e1nak szempontjait!<\/li>\n<li>Ismertesse a szorong\u00e1s, p\u00e1nik roham problematik\u00e1j\u00e1t \u00e9s kezel\u00e9si lehet\u0151s\u00e9geit a palliat\u00edv ell\u00e1t\u00e1s sor\u00e1n!<\/li>\n<li>Ismertesse a depresszi\u00f3, suicidum problematik\u00e1j\u00e1t \u00e9s kezel\u00e9si lehet\u0151s\u00e9geit a palliat\u00edv ell\u00e1t\u00e1s sor\u00e1n!<\/li>\n<li>Ismertesse a delirium, zavarts\u00e1g okait \u00e9s kezel\u00e9si lehet\u0151s\u00e9geit az \u00e9letv\u00e9gi gondoz\u00e1s sor\u00e1n!<\/li>\n<li>Ismertesse a palliat\u00edv szed\u00e1ci\u00f3 fogalm\u00e1t, alkalmaz\u00e1s\u00e1nak indik\u00e1ci\u00f3j\u00e1t \u00e9s m\u00f3dj\u00e1t a palliat\u00edv ell\u00e1t\u00e1s sor\u00e1n!<\/li>\n<li>Ismertesse az agon\u00e1lis id\u0151szak ell\u00e1t\u00e1si szempontjait, a minim\u00e1l-ter\u00e1pi\u00e1t!<\/li>\n<li>Ismertesse csal\u00e1d t\u00e1mogat\u00e1s\u00e1t az agon\u00e1lis id\u0151szakban (gyakorlati \u00e9s pszich\u00e9s)!<\/li>\n<li>Ismertesse az alternat\u00edv gy\u00f3gyszerbeviteli m\u00f3dok lehet\u0151s\u00e9geit, nyel\u00e9si k\u00e9ptelens\u00e9g, h\u00e1ny\u00e1s \u00e9s agoniz\u00e1l\u00f3 betegek eset\u00e9ben!<\/li>\n<li>Ismertesse a paraneoplasticus syndrom\u00e1kat \u00e9s jelent\u0151s\u00e9g\u00fcket a palliat\u00edv ell\u00e1t\u00e1s sor\u00e1n!<\/li>\n<li>Ismertesse a palliat\u00edv ell\u00e1t\u00e1s sor\u00e1n felmer\u00fcl\u0151 etikai dilemm\u00e1kat ( infekci\u00f3k kezel\u00e9se, transzf\u00fazi\u00f3, parenteralis t\u00e1pl\u00e1l\u00e1s, az agyi dehydratio felf\u00fcggeszt\u00e9se, a t\u00e1pszonda k\u00e9rd\u00e9se, termin\u00e1lis sedatio)!<\/li>\n<li>Ismertesse a palliat\u00edv onkol\u00f3gia kezel\u00e9sek lehet\u0151s\u00e9geit!<\/li>\n<li>Ismertesse a vall\u00e1s, spiritualit\u00e1s \u00e9s kultur\u00e1lis szempontok jelent\u0151s\u00e9g\u00e9t a palliat\u00edv ell\u00e1t\u00e1s sor\u00e1n!<\/li>\n<li>Ismertesse a norm\u00e1l gy\u00e1sz pszichol\u00f3giai folyamat\u00e1t, a depresszi\u00f3 \u00e9s norm\u00e1l gy\u00e1sz k\u00f6zti f\u0151bb k\u00fcl\u00f6nbs\u00e9geket!<\/li>\n<li>Ismertesse a komplik\u00e1lt gy\u00e1sz t\u00edpusait, erre hajlamos\u00edt\u00f3 t\u00e9nyez\u0151ket, valamint a pszich\u00e9s t\u00e1mogat\u00e1s \u00e9s kezel\u00e9s m\u00f3dszereit!<\/li>\n<li>Ismertesse \u00e9s kritikusan \u00e9rt\u00e9kelje a komplementer \u00e9s alternat\u00edv kezel\u00e9si lehet\u0151s\u00e9geket!<\/li>\n<li>Mutassa be a hospice t\u00e1rsadalmi szeml\u00e9letform\u00e1l\u00e1sra ir\u00e1nyul\u00f3 k\u00fcldet\u00e9s\u00e9t, ismertesse ennek lehet\u0151s\u00e9geit!<\/li>\n<li>Ismertesse a pszichoszoci\u00e1lis t\u00e1mogat\u00e1s defin\u00edci\u00f3j\u00e1t, alapelveit \u00e9s c\u00e9ljait a palliat\u00edv ell\u00e1t\u00e1s sor\u00e1n!<\/li>\n<li>Mutassa be a gyermek- \u00e9s kamaszkor\u00fa csal\u00e1dtagok pszichoszoci\u00e1lis t\u00e1mogat\u00e1s\u00e1nak speci\u00e1lis vonatkoz\u00e1sait!<\/li>\n<\/ol>\n","protected":false},"excerpt":{"rendered":"<p>Ismertesse a palliat\u00edv \u00e9s hospice ell\u00e1t\u00e1s fogalm\u00e1t, a hospice mozgalom t\u00f6rt\u00e9net\u00e9t, filoz\u00f3fi\u00e1j\u00e1t, a hospice alapelveket! Ismertesse a haz\u00e1nkban m\u0171k\u00f6d\u0151 palliat\u00edv ell\u00e1t\u00e1si form\u00e1kat, a palliat\u00edv ell\u00e1t\u00e1si form\u00e1k ig\u00e9nybev\u00e9tel\u00e9nek m\u00f3dj\u00e1t, krit\u00e9riumrendszer\u00e9t \u00e9s dokument\u00e1ci\u00f3s k\u00f6telezetts\u00e9geit! Ismertesse a palliat\u00edv ell\u00e1t\u00e1s hazai finansz\u00edroz\u00e1si rendszer\u00e9t \u00e9s a civil er\u0151forr\u00e1sok, \u00f6nk\u00e9ntesek szerep\u00e9t a palliat\u00edv ell\u00e1t\u00e1sban! Ismertesse a hospice \u00e9s palliat\u00edv ell\u00e1t\u00e1s hazai &hellip;<\/p>\n","protected":false},"author":158,"featured_media":0,"parent":0,"menu_order":0,"comment_status":"closed","ping_status":"open","template":"","meta":{"_acf_changed":false,"footnotes":""},"categories":[],"tags":[],"class_list":["post-234","page","type-page","status-publish","hentry"],"acf":[],"publishpress_future_action":{"enabled":false,"date":"1970-01-01 01:00:00","action":"","terms":[],"taxonomy":"","browser_timezone_offset":0},"_links":{"self":[{"href":"https:\/\/semmelweis.hu\/csot\/wp-json\/wp\/v2\/pages\/234","targetHints":{"allow":["GET"]}}],"collection":[{"href":"https:\/\/semmelweis.hu\/csot\/wp-json\/wp\/v2\/pages"}],"about":[{"href":"https:\/\/semmelweis.hu\/csot\/wp-json\/wp\/v2\/types\/page"}],"author":[{"embeddable":true,"href":"https:\/\/semmelweis.hu\/csot\/wp-json\/wp\/v2\/users\/158"}],"replies":[{"embeddable":true,"href":"https:\/\/semmelweis.hu\/csot\/wp-json\/wp\/v2\/comments?post=234"}],"version-history":[{"count":2,"href":"https:\/\/semmelweis.hu\/csot\/wp-json\/wp\/v2\/pages\/234\/revisions"}],"predecessor-version":[{"id":4837,"href":"https:\/\/semmelweis.hu\/csot\/wp-json\/wp\/v2\/pages\/234\/revisions\/4837"}],"wp:attachment":[{"href":"https:\/\/semmelweis.hu\/csot\/wp-json\/wp\/v2\/media?parent=234"}],"wp:term":[{"taxonomy":"category","embeddable":true,"href":"https:\/\/semmelweis.hu\/csot\/wp-json\/wp\/v2\/categories?post=234"},{"taxonomy":"post_tag","embeddable":true,"href":"https:\/\/semmelweis.hu\/csot\/wp-json\/wp\/v2\/tags?post=234"}],"curies":[{"name":"wp","href":"https:\/\/api.w.org\/{rel}","templated":true}]}}