{"id":218,"date":"2014-09-18T11:55:23","date_gmt":"2014-09-18T09:55:23","guid":{"rendered":"http:\/\/csot.semmelweis.hu\/?page_id=218"},"modified":"2024-04-05T10:46:28","modified_gmt":"2024-04-05T08:46:28","slug":"hirdetes-feladasa","status":"publish","type":"page","link":"https:\/\/semmelweis.hu\/csot\/hirdetes\/hirdetes-feladasa\/","title":{"rendered":"Hirdet\u00e9s felad\u00e1sa"},"content":{"rendered":"<p>A honlapon csak csal\u00e1dorvosi praxissal, munkav\u00e1llal\u00e1ssal kapcsolatos mag\u00e1nhirdet\u00e9sek k\u00f6z\u00f6lhet\u0151k.<br \/>\nA hirdet\u00e9seket moder\u00e1ljuk, a nem megfelel\u0151 tartalmakat elt\u00e1vol\u00edtjuk.<br \/>\nA hirdet\u00e9sek\u00e9rt felel\u0151ss\u00e9get nem v\u00e1llalunk.<br \/>\nK\u00f6r\u00fclbel\u00fcl 2 h\u00f3nap m\u00falva a feladott hirdet\u00e9seket t\u00f6rl\u00f6m, ha el\u0151bb v\u00e1lik t\u00e1rgytalann\u00e1, k\u00e9rem \u00e9rtes\u00edtsen emailben.<br \/>\nK\u00e9rd\u00e9s, \u00e9szrev\u00e9tel eset\u00e9n k\u00e9rem \u00edrjon emailt: <a href=\"mailto:voros.krisztian@semmelweis.hu\">V\u00f6r\u00f6s Kriszti\u00e1n<\/a><br \/>\n\n<div class=\"wpcf7 no-js\" id=\"wpcf7-f4802-o1\" lang=\"hu-HU\" dir=\"ltr\" data-wpcf7-id=\"4802\">\n<div class=\"screen-reader-response\"><p role=\"status\" aria-live=\"polite\" aria-atomic=\"true\"><\/p> <ul><\/ul><\/div>\n<form action=\"\/csot\/wp-json\/wp\/v2\/pages\/218#wpcf7-f4802-o1\" method=\"post\" class=\"wpcf7-form init\" aria-label=\"Kapcsolatfelv\u00e9teli \u0171rlap\" novalidate=\"novalidate\" data-status=\"init\">\n<div style=\"display: none;\">\n<input type=\"hidden\" name=\"_wpcf7\" value=\"4802\" \/>\n<input type=\"hidden\" name=\"_wpcf7_version\" value=\"6.0.5\" \/>\n<input type=\"hidden\" name=\"_wpcf7_locale\" value=\"hu_HU\" \/>\n<input type=\"hidden\" name=\"_wpcf7_unit_tag\" value=\"wpcf7-f4802-o1\" \/>\n<input type=\"hidden\" name=\"_wpcf7_container_post\" value=\"0\" \/>\n<input type=\"hidden\" name=\"_wpcf7_posted_data_hash\" value=\"\" \/>\n<input type=\"hidden\" name=\"_wpcf7_recaptcha_response\" value=\"\" \/>\n<\/div>\n<p>N\u00e9v\n<\/p>\n<p><span class=\"wpcf7-form-control-wrap\" data-name=\"your-name\"><input size=\"40\" maxlength=\"400\" class=\"wpcf7-form-control wpcf7-text\" aria-invalid=\"false\" value=\"\" type=\"text\" name=\"your-name\" \/><\/span>\n<\/p>\n<p>Email\n<\/p>\n<p><span class=\"wpcf7-form-control-wrap\" data-name=\"your-email\"><input size=\"40\" maxlength=\"400\" class=\"wpcf7-form-control wpcf7-email wpcf7-text wpcf7-validates-as-email\" aria-invalid=\"false\" value=\"\" type=\"email\" name=\"your-email\" \/><\/span>\n<\/p>\n<p>Telefonsz\u00e1m\n<\/p>\n<p><span class=\"wpcf7-form-control-wrap\" data-name=\"tel-95\"><input size=\"40\" maxlength=\"400\" class=\"wpcf7-form-control wpcf7-tel wpcf7-text wpcf7-validates-as-tel\" aria-invalid=\"false\" value=\"\" type=\"tel\" name=\"tel-95\" \/><\/span>\n<\/p>\n<p>Hirdet\u00e9s\n<\/p>\n<p><span class=\"wpcf7-form-control-wrap\" data-name=\"your-message\"><textarea cols=\"40\" rows=\"10\" maxlength=\"5000\" class=\"wpcf7-form-control wpcf7-textarea wpcf7-validates-as-required\" aria-required=\"true\" aria-invalid=\"false\" name=\"your-message\"><\/textarea><\/span>\n<\/p>\n<p>Az <a href=\"https:\/\/semmelweis.hu\/csot\/a-tanszekrol\/adatvedelem\/adatkezelesi-tajekoztato-hirdetesek-feladasa\/\" target=\"_blank\">adatv\u00e9delmi t\u00e1j\u00e9koztat\u00f3t<\/a> elolvastam \u00e9s elfogadom. <span class=\"wpcf7-form-control-wrap\" data-name=\"acceptance-312\"><span class=\"wpcf7-form-control wpcf7-acceptance\"><span class=\"wpcf7-list-item\"><input type=\"checkbox\" name=\"acceptance-312\" value=\"1\" aria-invalid=\"false\" \/><\/span><\/span><\/span>\n<\/p>\n<p><input class=\"wpcf7-form-control wpcf7-submit has-spinner\" type=\"submit\" value=\"K\u00fcld\u00e9s\" \/>\n<\/p><div class=\"wpcf7-response-output\" aria-hidden=\"true\"><\/div>\n<\/form>\n<\/div>\n<\/p>\n","protected":false},"excerpt":{"rendered":"<p>A honlapon csak csal\u00e1dorvosi praxissal, munkav\u00e1llal\u00e1ssal kapcsolatos mag\u00e1nhirdet\u00e9sek k\u00f6z\u00f6lhet\u0151k.<br \/>\nA hirdet\u00e9seket moder\u00e1ljuk, a nem megfelel\u0151 tartalmakat elt\u00e1vol\u00edtjuk.<br \/>\nA hirdet\u00e9sek\u00e9rt felel\u0151ss\u00e9get nem v\u00e1llalunk.<br \/>\nK\u00f6r\u00fclbel\u00fcl 2 h\u00f3nap m\u00falva a feladott hirdet\u00e9seket t\u00f6rl\u00f6m, ha el\u0151bb v\u00e1lik t\u00e1rgytalann\u00e1, k\u00e9rem \u00e9rtes\u00edtsen emailben.<br \/>\nK\u00e9rd\u00e9s, \u00e9szrev\u00e9tel eset\u00e9n k\u00e9rem \u00edrjon emailt: <a href=\"mailto:voros.krisztian@semmelweis.hu\">V\u00f6r\u00f6s Kriszti\u00e1n<\/a><\/p>\n","protected":false},"author":158,"featured_media":0,"parent":4945,"menu_order":0,"comment_status":"closed","ping_status":"closed","template":"","meta":{"_acf_changed":false,"footnotes":""},"categories":[],"tags":[],"class_list":["post-218","page","type-page","status-publish","hentry"],"acf":[],"publishpress_future_action":{"enabled":false,"date":"1970-01-01 01:00:00","action":"","terms":[],"taxonomy":"","browser_timezone_offset":0},"_links":{"self":[{"href":"https:\/\/semmelweis.hu\/csot\/wp-json\/wp\/v2\/pages\/218","targetHints":{"allow":["GET"]}}],"collection":[{"href":"https:\/\/semmelweis.hu\/csot\/wp-json\/wp\/v2\/pages"}],"about":[{"href":"https:\/\/semmelweis.hu\/csot\/wp-json\/wp\/v2\/types\/page"}],"author":[{"embeddable":true,"href":"https:\/\/semmelweis.hu\/csot\/wp-json\/wp\/v2\/users\/158"}],"replies":[{"embeddable":true,"href":"https:\/\/semmelweis.hu\/csot\/wp-json\/wp\/v2\/comments?post=218"}],"version-history":[{"count":5,"href":"https:\/\/semmelweis.hu\/csot\/wp-json\/wp\/v2\/pages\/218\/revisions"}],"predecessor-version":[{"id":6785,"href":"https:\/\/semmelweis.hu\/csot\/wp-json\/wp\/v2\/pages\/218\/revisions\/6785"}],"up":[{"embeddable":true,"href":"https:\/\/semmelweis.hu\/csot\/wp-json\/wp\/v2\/pages\/4945"}],"wp:attachment":[{"href":"https:\/\/semmelweis.hu\/csot\/wp-json\/wp\/v2\/media?parent=218"}],"wp:term":[{"taxonomy":"category","embeddable":true,"href":"https:\/\/semmelweis.hu\/csot\/wp-json\/wp\/v2\/categories?post=218"},{"taxonomy":"post_tag","embeddable":true,"href":"https:\/\/semmelweis.hu\/csot\/wp-json\/wp\/v2\/tags?post=218"}],"curies":[{"name":"wp","href":"https:\/\/api.w.org\/{rel}","templated":true}]}}