{"id":197,"date":"2014-09-18T11:33:02","date_gmt":"2014-09-18T11:33:02","guid":{"rendered":"http:\/\/csot.semmelweis.hu\/?page_id=197"},"modified":"2025-06-26T09:22:46","modified_gmt":"2025-06-26T07:22:46","slug":"deutsches-studium-sechtes-jahr","status":"publish","type":"page","link":"https:\/\/semmelweis.hu\/csot\/de\/deutsches-studium\/deutsches-studium-sechtes-jahr\/","title":{"rendered":"PJ &#8211; Praktikum bei einem Hausarzt &#8211; 1 Woche"},"content":{"rendered":"<h1>Familienmedizin Praktisches Jahr (1 Woche)<\/h1>\n<p>Kreditpunkte:0<\/p>\n<p>Stundenanzahl insgesamt:40 Stunden Vorlesung:0 Praktikum:5&#215;8 Seminar: 0<\/p>\n<p>Typ des Studienfaches: <span style=\"text-decoration: underline\">Pflichtfach<\/span> Wahlpflichtfach Wahlfach<\/p>\n<p>Codenr. des Studienfaches2: AOKCSA645_SN<\/p>\n<p>Lehrbeauftragte\/r des Studienfaches: Prof. Dr. Torzsa P\u00e9ter<\/p>\n<p>Arbeitsplatz, Tel.: 06-1-355-85-30<\/p>\n<p>Position\/Aufgabenbereich: Direktor<\/p>\n<p>Datum und Nr. der Habilitation: 2020.07.21., 11\/2020<\/p>\n<p><strong>Zielsetzung des Studienfaches, Position im Curriculum der Medizinerausbildung: <\/strong>In zertifizierten Lehrpraxen wird die Unterricht in der Form von \u201eein Student \u2013 ein Tutor\u201daufgegangen. Die Ausbildung ist praktikumorientiert, die Studierenden k\u00f6nnen \u00fcber die familienartzliche Arbeit Erfahrungen sammeln, wahrend sie nehmen in Sprechstunden, in Patientenversorgung, in Betreuung und Vorbeugung teil.<\/p>\n<p><strong>Unterrichtsort:<\/strong><\/p>\n<p>Zertifizierten Lehrpraxen:<\/p>\n<p>Dr. T\u00f6r\u00f6k Katalin, 1121 Bp., Zugligeti u. 58-60.<\/p>\n<p>Dr. Reis Marianne, 1139 Bp., Szegedi u. 17.<\/p>\n<p>Dr. Szab\u00f3 Endre, 1105 Bp., Zsivaj u. 2.<\/p>\n<p>Dr. Bak Mih\u00e1ly, 1025 Bp., V\u00e9rhalom t\u00e9r 10.<\/p>\n<p>Dr. Kot\u00e1nyi P\u00e9ter, 1097 Budapest,<\/p>\n<p>Dr. Horv\u00e1th Edit, 1039 Budapest, Csob\u00e1nka t\u00e9r 6.<\/p>\n<p>Dr. Becze \u00c1d\u00e1m, 1163 Budapest, Margit u. 33.<\/p>\n<p>Dr. Somos \u00c9va, 1025 Budapest, V\u00e9rhalom t\u00e9r 10.<\/p>\n<p>Dr. Szab\u00f3 Endre, 1105 Bp., Zsivaj u. 2.<\/p>\n<p>Dr. B\u00edr\u00f3 Mariann, 1065 Budapest, Bajcsy-Zsilinszky \u00fat 33.<\/p>\n<p><strong>Erworbene Kompetenzen bei erfolgreicher Ableistung des Studienfaches: <\/strong>Die Studierenden arbeiten mit dem familienarztlichen Team in dem Sprechzimmer und bei der Hausbesuchen zusammen.<\/p>\n<p>Wahrend der Zeit des Praktikums erlernen:<\/p>\n<p>die physische Untersuchung<br \/>\ndie Diagnostik<br \/>\ndie Differenzialdiagnostik<br \/>\ndie Zubereitung des therapeutischen Plans<br \/>\ndas Fallstudie-Schreiben<br \/>\ndie office Administration<br \/>\ndie sachverstandige Aktivit\u00e4ten<br \/>\nIhre Kommunikationsfahigkeit entwickelt sich, und erkennen die statistische Parameters, sowie die patientenfl\u00fcssliche-, Morbiditat \u2013und Mortalitatdaten von der Lehrpraxis.<\/p>\n<p><strong>F\u00fcr die Aufnahme des Studienfaches erforderliche Vorbedingung(en) \/ Studienf\u00e4cher: <\/strong>Allgemeinmedizin, Innere Medizin, Preventieve Medizin<\/p>\n<p><strong>Min. und Max. Anzahl der Kursteilnehmer, Art der Auswahl der Studierenden: <\/strong>Nach Einzeleinteilung<\/p>\n<p><strong>Art der Anmeldung f\u00fcr das Studienfach: <\/strong>Im Neptunsystem<\/p>\n<p><strong>Detaillierte Thematik des Studienfaches:<\/strong><\/p>\n<p>Thematik der Praktika:<\/p>\n<p>F\u00fcnf Tagen lang in der Arbeit des familienartzlichen Team teilnehmen:<\/p>\n<p>Administration:<\/p>\n<p>Registration von einem neuen Patient<br \/>\n\u00dcberweisungsschein zu schreiben<br \/>\nSachverstandige Aktivitat:<\/p>\n<p>Krankengeld<br \/>\nF\u00fchrerschein<br \/>\nPatientuntersuchung, Diagnose\/Therapie<\/p>\n<p>Atemweginfektionen: Erkennen, Therapie<br \/>\nHarnweginfektionen: Erkennen, Therapie<br \/>\nGastrointestinale Infektionen: Erkennen, Therapie<br \/>\nTherapie\/Betreuung:<\/p>\n<p>Kardiovaskulare Krankheiten: Behandlung, Betreuung, Rehabilitation<br \/>\nDiabetes mellitus: Behandlung, Betreuung, Rehabilitation<br \/>\nOnkologischer Patient: Behandlung, Betreuung, Rehabilitation<br \/>\nAtemweg Krankheiten: Behandlung, Betreuung, Rehabilitation<\/p>\n<p><strong>Sonstige, das gegebene Studienfach betreffende Studienf\u00e4cher (sowohl Pflicht- als auch Wahlplfichtf\u00e4cher!). M\u00f6gliche \u00dcberlappungen der Thematiken: <\/strong>Innere Medizin<\/p>\n<p><strong>Spezielle Studienanforderungen f\u00fcr ein erfolgreiches Absolvieren des Studienfaches: <\/strong>&#8211;<\/p>\n<p><strong>Teilnahmebedingungen und M\u00f6glichkeit zum Nachholen des Lehrstoffes bei Fehlstunden: <\/strong>Teilnahme an mindestens 75% der Praxispraktika ist erforderlich.<\/p>\n<p><strong>Nach Vereinbarung, w\u00e4hrend des Semesters Art und Weise der Wissenskontrolle w\u00e4hrend der Vorlesungszeit: <\/strong>&#8211;<\/p>\n<p><strong>Anforderungen f\u00fcr den Erhalt der Unterschrift f\u00fcr das gegebene Semester: <\/strong>Teilnahme in Praktikumstagen, das vollst\u00e4ndig ausgef\u00fcllt Studentenhandbuch die Bewertung von dem Tutor<\/p>\n<p><strong>Pr\u00fcfungstyp: <\/strong>&#8211;<\/p>\n<p><strong>Pr\u00fcfungsanforderungen: <\/strong>&#8211;<\/p>\n<p><strong>Art und Typ der Benotung: <\/strong>&#8211;<\/p>\n<p><strong>Art der Pr\u00fcfungsanmeldung: <\/strong>&#8211;<\/p>\n<p><strong>M\u00f6glichkeit der Pr\u00fcfungswiederholung: <\/strong>&#8211;<\/p>\n<p><strong>F\u00fcr die Aneignung des Lehrstoffes zu benutzenden Notizen (gedruckt und\/oder elektronisch, online, Lehrb\u00fccher, Hilfsmaterialien und Fachliteratur (bei online-Lehrmaterialien html):<\/strong><\/p>\n<p>Empfohlene Fachliteratur:<\/p>\n<p>Kochen MM. Allgemein- und Familienmeidzin. 4. Auflage (2012)<br \/>\n\u00d6zman M. Leitsympotme Allgemeinmedizin. 3. erweiterte Auflage, Lehmanns Media Verlag (2013)<\/p>\n<p><strong>Handbuch herunterladen<\/strong><\/p>\n<p><a href=\"https:\/\/semmelweis.hu\/csot\/files\/2021\/09\/SE-CSOT-BA-08.-Studentenhandbuch-v2.docx\" target=\"_blank\" rel=\"noopener\">SE-CSOT-BA-08. Studentenhandbuch<\/a><\/p>\n","protected":false},"excerpt":{"rendered":"<p>Familienmedizin Praktisches Jahr (1 Woche) Kreditpunkte:0 Stundenanzahl insgesamt:40 Stunden Vorlesung:0 Praktikum:5&#215;8 Seminar: 0 Typ des Studienfaches: Pflichtfach Wahlpflichtfach Wahlfach Codenr. des Studienfaches2: AOKCSA645_SN Lehrbeauftragte\/r des Studienfaches: Prof. Dr. Torzsa P\u00e9ter Arbeitsplatz, Tel.: 06-1-355-85-30 Position\/Aufgabenbereich: Direktor Datum und Nr. der Habilitation: 2020.07.21., 11\/2020 Zielsetzung des Studienfaches, Position im Curriculum der Medizinerausbildung: In zertifizierten Lehrpraxen wird die &hellip;<\/p>\n","protected":false},"author":158,"featured_media":0,"parent":191,"menu_order":5,"comment_status":"closed","ping_status":"closed","template":"","meta":{"_acf_changed":false,"footnotes":""},"categories":[],"tags":[],"class_list":["post-197","page","type-page","status-publish","hentry"],"acf":[],"publishpress_future_action":{"enabled":false,"date":"1970-01-01 01:00:00","action":"","terms":[],"taxonomy":"","browser_timezone_offset":0},"_links":{"self":[{"href":"https:\/\/semmelweis.hu\/csot\/wp-json\/wp\/v2\/pages\/197","targetHints":{"allow":["GET"]}}],"collection":[{"href":"https:\/\/semmelweis.hu\/csot\/wp-json\/wp\/v2\/pages"}],"about":[{"href":"https:\/\/semmelweis.hu\/csot\/wp-json\/wp\/v2\/types\/page"}],"author":[{"embeddable":true,"href":"https:\/\/semmelweis.hu\/csot\/wp-json\/wp\/v2\/users\/158"}],"replies":[{"embeddable":true,"href":"https:\/\/semmelweis.hu\/csot\/wp-json\/wp\/v2\/comments?post=197"}],"version-history":[{"count":10,"href":"https:\/\/semmelweis.hu\/csot\/wp-json\/wp\/v2\/pages\/197\/revisions"}],"predecessor-version":[{"id":7781,"href":"https:\/\/semmelweis.hu\/csot\/wp-json\/wp\/v2\/pages\/197\/revisions\/7781"}],"up":[{"embeddable":true,"href":"https:\/\/semmelweis.hu\/csot\/wp-json\/wp\/v2\/pages\/191"}],"wp:attachment":[{"href":"https:\/\/semmelweis.hu\/csot\/wp-json\/wp\/v2\/media?parent=197"}],"wp:term":[{"taxonomy":"category","embeddable":true,"href":"https:\/\/semmelweis.hu\/csot\/wp-json\/wp\/v2\/categories?post=197"},{"taxonomy":"post_tag","embeddable":true,"href":"https:\/\/semmelweis.hu\/csot\/wp-json\/wp\/v2\/tags?post=197"}],"curies":[{"name":"wp","href":"https:\/\/api.w.org\/{rel}","templated":true}]}}